{"id":3065,"date":"2026-03-25T15:56:07","date_gmt":"2026-03-25T14:56:07","guid":{"rendered":"https:\/\/braindegeek.shop\/?post_type=product&#038;p=3065"},"modified":"2026-05-10T06:03:58","modified_gmt":"2026-05-10T04:03:58","slug":"dji-osmo-360-test-avis-et-code-promo","status":"publish","type":"product","link":"https:\/\/braindegeek.shop\/index.php\/produit\/dji-osmo-360-test-avis-et-code-promo\/","title":{"rendered":"DJI Osmo 360, test, avis et code promo"},"content":{"rendered":"<h2 data-section-id=\"72jitq\" data-start=\"292\" data-end=\"335\">Pr\u00e9sentation g\u00e9n\u00e9rale \u2013 environ 300 mots<\/h2>\n<p data-start=\"337\" data-end=\"601\">La <strong data-start=\"340\" data-end=\"356\">DJI Osmo 360<\/strong> est une cam\u00e9ra 360\u00b0 haut de gamme con\u00e7ue pour capturer des images immersives en ultra haute d\u00e9finition. Gr\u00e2ce \u00e0 son <strong data-start=\"473\" data-end=\"492\">capteur 1 pouce<\/strong>, elle offre une qualit\u00e9 d\u2019image nettement sup\u00e9rieure aux cam\u00e9ras 360 classiques, notamment en basse lumi\u00e8re.<\/p>\n<p data-start=\"603\" data-end=\"869\">Capable de filmer en <strong data-start=\"624\" data-end=\"654\">8K \u00e0 30 images par seconde<\/strong>, elle permet de capturer chaque d\u00e9tail avec une grande pr\u00e9cision. Que ce soit pour le sport, le vlog, les voyages ou les contenus immersifs, la Osmo 360 transforme chaque sc\u00e8ne en exp\u00e9rience visuelle spectaculaire.<\/p>\n<p data-start=\"871\" data-end=\"1111\">L\u2019un de ses points forts est son effet <strong data-start=\"910\" data-end=\"938\">\u201cinvisible selfie stick\u201d<\/strong>, qui permet de filmer comme si vous \u00e9tiez suivi par un cam\u00e9raman. Cela ouvre la porte \u00e0 des angles de vue cr\u00e9atifs, notamment pour le ski, le v\u00e9lo ou les activit\u00e9s outdoor.<\/p>\n<p data-start=\"1113\" data-end=\"1336\">La cam\u00e9ra permet \u00e9galement de capturer des <strong data-start=\"1156\" data-end=\"1181\">photos 360\u00b0 de 120 MP<\/strong>, offrant un niveau de d\u00e9tail impressionnant. Son syst\u00e8me audio \u00e0 <strong data-start=\"1247\" data-end=\"1264\">4 microphones<\/strong> enregistre le son dans toutes les directions pour une immersion totale.<\/p>\n<p data-start=\"1338\" data-end=\"1614\">Pens\u00e9e pour l\u2019action, elle est <strong data-start=\"1369\" data-end=\"1391\">r\u00e9sistante \u00e0 l\u2019eau<\/strong> et dispose d\u2019un stockage interne int\u00e9gr\u00e9, \u00e9vitant l\u2019utilisation de carte m\u00e9moire. Avec une autonomie optimis\u00e9e pour les longues sessions, elle s\u2019adresse aux cr\u00e9ateurs de contenu, sportifs et passionn\u00e9s d\u2019images immersives.<\/p>\n<p data-start=\"1616\" data-end=\"1759\">La DJI Osmo 360 s\u2019impose comme une cam\u00e9ra 360 compl\u00e8te, puissante et cr\u00e9ative, id\u00e9ale pour capturer des souvenirs uniques sous tous les angles.<\/p>\n<hr data-start=\"1761\" data-end=\"1764\" \/>\n<h1 data-section-id=\"1d4zeuz\" data-start=\"1766\" data-end=\"1783\">Fiche technique<\/h1>\n<ul data-start=\"1785\" data-end=\"2248\">\n<li data-section-id=\"11020bf\" data-start=\"1785\" data-end=\"1824\">Mod\u00e8le : DJI Osmo 360 Standard Pack<\/li>\n<li data-section-id=\"qyv3fe\" data-start=\"1825\" data-end=\"1847\">Type : cam\u00e9ra 360\u00b0<\/li>\n<li data-section-id=\"1iws3or\" data-start=\"1848\" data-end=\"1869\">Capteur : 1 pouce<\/li>\n<li data-section-id=\"w9m3v4\" data-start=\"1870\" data-end=\"1898\">Vid\u00e9o : 360\u00b0 8K \/ 30 fps<\/li>\n<li data-section-id=\"v6v9l\" data-start=\"1899\" data-end=\"1929\">Mode action : 4K \/ 120 fps<\/li>\n<li data-section-id=\"fws390\" data-start=\"1930\" data-end=\"1955\">Photo : 120 MP (360\u00b0)<\/li>\n<li data-section-id=\"1yjwkl0\" data-start=\"1956\" data-end=\"1995\">Audio : 4 microphones directionnels<\/li>\n<li data-section-id=\"1eid9e\" data-start=\"1996\" data-end=\"2025\">Stockage : 105 Go interne<\/li>\n<li data-section-id=\"1diccrt\" data-start=\"2026\" data-end=\"2061\">Autonomie : jusqu\u2019\u00e0 190 minutes<\/li>\n<li data-section-id=\"1ggkncb\" data-start=\"2062\" data-end=\"2096\">\u00c9tanch\u00e9it\u00e9 : oui (submersible)<\/li>\n<li data-section-id=\"140zc8w\" data-start=\"2097\" data-end=\"2142\">Connectivit\u00e9 : compatible accessoires DJI<\/li>\n<li data-section-id=\"138sqnr\" data-start=\"2143\" data-end=\"2192\">Fixation : syst\u00e8me magn\u00e9tique + filetage 1\/4&Prime;<\/li>\n<li data-section-id=\"1th8bii\" data-start=\"2193\" data-end=\"2248\">Accessoire : selfie stick invisible (jusqu\u2019\u00e0 1,2 m)<\/li>\n<\/ul>\n<hr data-start=\"2250\" data-end=\"2253\" \/>\n<h1 data-section-id=\"1ck78cp\" data-start=\"2255\" data-end=\"2293\">Vulgarisation des d\u00e9tails techniques<\/h1>\n<p data-start=\"2295\" data-end=\"2391\">Le <strong data-start=\"2298\" data-end=\"2317\">capteur 1 pouce<\/strong> capte plus de lumi\u00e8re, ce qui am\u00e9liore la qualit\u00e9 vid\u00e9o, surtout la nuit.<\/p>\n<p data-start=\"2393\" data-end=\"2504\">La <strong data-start=\"2396\" data-end=\"2408\">vid\u00e9o 8K<\/strong> permet de recadrer les images sans perdre en qualit\u00e9, ce qui est essentiel pour les vid\u00e9os 360.<\/p>\n<p data-start=\"2506\" data-end=\"2622\">Le <strong data-start=\"2509\" data-end=\"2535\">selfie stick invisible<\/strong> dispara\u00eet automatiquement de l\u2019image, donnant l\u2019impression qu\u2019une personne vous filme.<\/p>\n<p data-start=\"2624\" data-end=\"2708\">Les <strong data-start=\"2628\" data-end=\"2640\">4 micros<\/strong> enregistrent le son tout autour de vous, pour une immersion totale.<\/p>\n<p data-start=\"2710\" data-end=\"2764\">Le stockage int\u00e9gr\u00e9 \u00e9vite d\u2019acheter une carte m\u00e9moire.<\/p>\n<hr data-start=\"2766\" data-end=\"2769\" \/>\n<h1 data-section-id=\"12vpu8v\" data-start=\"2771\" data-end=\"2813\">Questions que les utilisateurs se posent<\/h1>\n<h3 data-section-id=\"1f8sjav\" data-start=\"2815\" data-end=\"2868\">La DJI Osmo 360 est-elle meilleure qu\u2019une GoPro ?<\/h3>\n<p data-start=\"2870\" data-end=\"2958\">Elle est diff\u00e9rente : elle capture en 360\u00b0, ce qui permet de choisir l\u2019angle apr\u00e8s coup.<\/p>\n<h3 data-section-id=\"1iucxwc\" data-start=\"2960\" data-end=\"3006\">Peut-on filmer sans r\u00e9fl\u00e9chir au cadrage ?<\/h3>\n<p data-start=\"3008\" data-end=\"3060\">Oui, c\u2019est l\u2019un des principaux avantages de la 360\u00b0.<\/p>\n<h3 data-section-id=\"jwyohb\" data-start=\"3062\" data-end=\"3095\">Est-elle adapt\u00e9e aux sports ?<\/h3>\n<p data-start=\"3097\" data-end=\"3159\">Oui, elle est con\u00e7ue pour les activit\u00e9s outdoor et les sports.<\/p>\n<h3 data-section-id=\"opv1eb\" data-start=\"3161\" data-end=\"3189\">Peut-on filmer la nuit ?<\/h3>\n<p data-start=\"3191\" data-end=\"3258\">Oui, le capteur 1 pouce am\u00e9liore les performances en basse lumi\u00e8re.<\/p>\n<h3 data-section-id=\"1je6v2i\" data-start=\"3260\" data-end=\"3311\">Faut-il un logiciel pour exploiter les vid\u00e9os ?<\/h3>\n<p data-start=\"3313\" data-end=\"3382\">Oui, les vid\u00e9os 360 n\u00e9cessitent un recadrage pour un rendu classique.<\/p>\n<hr data-start=\"3384\" data-end=\"3387\" \/>\n<h1 data-section-id=\"1ckskmi\" data-start=\"3389\" data-end=\"3411\">Avantages du produit<\/h1>\n<ul data-start=\"3413\" data-end=\"3671\">\n<li data-section-id=\"10abqmj\" data-start=\"3413\" data-end=\"3449\">Vid\u00e9o 360\u00b0 en 8K ultra d\u00e9taill\u00e9e<\/li>\n<li data-section-id=\"ir1gvv\" data-start=\"3450\" data-end=\"3480\">Capteur 1 pouce performant<\/li>\n<li data-section-id=\"175g6yn\" data-start=\"3481\" data-end=\"3521\">Effet cam\u00e9ra invisible tr\u00e8s immersif<\/li>\n<li data-section-id=\"ze4jw1\" data-start=\"3522\" data-end=\"3556\">Photos 120 MP impressionnantes<\/li>\n<li data-section-id=\"1g3janr\" data-start=\"3557\" data-end=\"3585\">Audio 360\u00b0 avec 4 micros<\/li>\n<li data-section-id=\"14ba72a\" data-start=\"3586\" data-end=\"3614\">Stockage interne int\u00e9gr\u00e9<\/li>\n<li data-section-id=\"122l44m\" data-start=\"3615\" data-end=\"3648\">Adapt\u00e9e aux sports et au vlog<\/li>\n<li data-section-id=\"12d9ab1\" data-start=\"3649\" data-end=\"3671\">\u00c9tanche et robuste<\/li>\n<\/ul>\n","protected":false},"excerpt":{"rendered":"<p data-start=\"3719\" data-end=\"4010\">La <strong data-start=\"3722\" data-end=\"3738\">DJI Osmo 360<\/strong> marque une \u00e9volution importante dans le domaine des cam\u00e9ras 360\u00b0. Contrairement aux mod\u00e8les classiques, elle int\u00e8gre un <strong data-start=\"3859\" data-end=\"3878\">capteur 1 pouce<\/strong>, permettant de capturer davantage de lumi\u00e8re et d\u2019obtenir une meilleure qualit\u00e9 d\u2019image, notamment dans les environnements sombres.<\/p>\n<p data-start=\"4012\" data-end=\"4285\">La capacit\u00e9 \u00e0 filmer en <strong data-start=\"4036\" data-end=\"4047\">8K 360\u00b0<\/strong> ouvre de nouvelles possibilit\u00e9s en cr\u00e9ation de contenu. Les vid\u00e9os peuvent \u00eatre recadr\u00e9es apr\u00e8s tournage pour choisir les meilleurs angles. Cela signifie que l\u2019utilisateur n\u2019a plus besoin de cadrer au moment de filmer : tout est captur\u00e9.<\/p>\n<p data-start=\"4287\" data-end=\"4423\">Le mode <strong data-start=\"4295\" data-end=\"4311\">4K \u00e0 120 fps<\/strong> permet de r\u00e9aliser des ralentis fluides, particuli\u00e8rement adapt\u00e9s aux sports comme le ski, le v\u00e9lo ou le skate.<\/p>\n<p data-start=\"4425\" data-end=\"4670\">L\u2019effet <strong data-start=\"4433\" data-end=\"4459\">selfie stick invisible<\/strong> est l\u2019une des fonctionnalit\u00e9s les plus populaires. Il permet de cr\u00e9er des plans spectaculaires en donnant l\u2019impression qu\u2019une cam\u00e9ra vous suit. Cela rend les vid\u00e9os beaucoup plus dynamiques et professionnelles.<\/p>\n<p data-start=\"4672\" data-end=\"4795\">La cam\u00e9ra permet \u00e9galement de capturer des <strong data-start=\"4715\" data-end=\"4740\">photos 360\u00b0 en 120 MP<\/strong>, id\u00e9ales pour les paysages ou les souvenirs immersifs.<\/p>\n<p data-start=\"4797\" data-end=\"4930\">C\u00f4t\u00e9 audio, les <strong data-start=\"4813\" data-end=\"4839\">4 microphones int\u00e9gr\u00e9s<\/strong> capturent le son dans toutes les directions, ce qui am\u00e9liore consid\u00e9rablement l\u2019immersion.<\/p>\n<p data-start=\"4932\" data-end=\"5122\">Le stockage interne de <strong data-start=\"4955\" data-end=\"4965\">105 Go<\/strong> est un avantage important, car il permet de filmer sans carte m\u00e9moire. L\u2019autonomie, pouvant atteindre environ 190 minutes, est adapt\u00e9e aux longues sessions.<\/p>\n<p data-start=\"5124\" data-end=\"5272\">La cam\u00e9ra est \u00e9galement con\u00e7ue pour r\u00e9sister aux conditions ext\u00e9rieures, avec une <strong data-start=\"5206\" data-end=\"5220\">\u00e9tanch\u00e9it\u00e9<\/strong> permettant une utilisation en environnement humide.<\/p>\n<p data-start=\"5274\" data-end=\"5393\">La compatibilit\u00e9 avec les accessoires DJI et le syst\u00e8me de fixation magn\u00e9tique facilitent son utilisation au quotidien.<\/p>\n<p data-start=\"5395\" data-end=\"5552\">La DJI Osmo 360 s\u2019adresse aux cr\u00e9ateurs de contenu, vloggers, sportifs et passionn\u00e9s de vid\u00e9o qui souhaitent capturer des images immersives de haute qualit\u00e9.<\/p>\n<p data-start=\"5554\" data-end=\"5673\">Elle permet de filmer sans contrainte, de capturer tous les angles et de produire des vid\u00e9os dynamiques et engageantes.<\/p>\n","protected":false},"featured_media":3066,"comment_status":"open","ping_status":"closed","template":"","meta":{"_gspb_post_css":""},"store":[341],"product_brand":[],"product_cat":[80],"product_tag":[],"class_list":{"0":"post-3065","1":"product","2":"type-product","3":"status-publish","4":"has-post-thumbnail","6":"store-dji","7":"product_cat-camera-photo","9":"first","10":"instock","11":"shipping-taxable","12":"product-type-external"},"yoast_head":"<!-- This site is optimized with the Yoast SEO plugin v27.5 - https:\/\/yoast.com\/product\/yoast-seo-wordpress\/ -->\n<title>DJI Osmo 360, test, avis et code promo - Braindegeek<\/title>\n<meta name=\"description\" content=\"La DJI Osmo 360 est une cam\u00e9ra 360\u00b0 haut de gamme con\u00e7ue pour capturer des images immersives en ultra haute d\u00e9finition. Gr\u00e2ce \u00e0 son capteur 1 pouce\" \/>\n<meta name=\"robots\" content=\"index, follow, max-snippet:-1, max-image-preview:large, max-video-preview:-1\" \/>\n<link rel=\"canonical\" href=\"https:\/\/braindegeek.shop\/index.php\/produit\/dji-osmo-360-test-avis-et-code-promo\/\" \/>\n<meta property=\"og:locale\" content=\"fr_FR\" \/>\n<meta property=\"og:type\" content=\"article\" \/>\n<meta property=\"og:title\" content=\"DJI Osmo 360, test, avis et code promo - Braindegeek\" \/>\n<meta property=\"og:description\" content=\"La DJI Osmo 360 est une cam\u00e9ra 360\u00b0 haut de gamme con\u00e7ue pour capturer des images immersives en ultra haute d\u00e9finition. Gr\u00e2ce \u00e0 son capteur 1 pouce\" \/>\n<meta property=\"og:url\" content=\"https:\/\/braindegeek.shop\/index.php\/produit\/dji-osmo-360-test-avis-et-code-promo\/\" \/>\n<meta property=\"og:site_name\" content=\"Braindegeek\" \/>\n<meta property=\"article:publisher\" content=\"https:\/\/www.facebook.com\/BrainDeGeek\/\" \/>\n<meta property=\"article:modified_time\" content=\"2026-05-10T04:03:58+00:00\" \/>\n<meta property=\"og:image\" content=\"https:\/\/braindegeek.shop\/wp-content\/uploads\/2026\/03\/DJI-Osmo-360-test-avis-et-code-promo.png\" \/>\n\t<meta property=\"og:image:width\" content=\"500\" \/>\n\t<meta property=\"og:image:height\" content=\"500\" \/>\n\t<meta property=\"og:image:type\" content=\"image\/png\" \/>\n<meta name=\"twitter:card\" content=\"summary_large_image\" \/>\n<meta name=\"twitter:site\" content=\"@braindegeek\" \/>\n<meta name=\"twitter:label1\" content=\"Dur\u00e9e de lecture estim\u00e9e\" \/>\n\t<meta name=\"twitter:data1\" content=\"3 minutes\" \/>\n<script type=\"application\/ld+json\" class=\"yoast-schema-graph\">{\"@context\":\"https:\\\/\\\/schema.org\",\"@graph\":[{\"@type\":\"WebPage\",\"@id\":\"https:\\\/\\\/braindegeek.shop\\\/index.php\\\/produit\\\/dji-osmo-360-test-avis-et-code-promo\\\/\",\"url\":\"https:\\\/\\\/braindegeek.shop\\\/index.php\\\/produit\\\/dji-osmo-360-test-avis-et-code-promo\\\/\",\"name\":\"DJI Osmo 360, test, avis et code promo - Braindegeek\",\"isPartOf\":{\"@id\":\"https:\\\/\\\/braindegeek.shop\\\/#website\"},\"primaryImageOfPage\":{\"@id\":\"https:\\\/\\\/braindegeek.shop\\\/index.php\\\/produit\\\/dji-osmo-360-test-avis-et-code-promo\\\/#primaryimage\"},\"image\":{\"@id\":\"https:\\\/\\\/braindegeek.shop\\\/index.php\\\/produit\\\/dji-osmo-360-test-avis-et-code-promo\\\/#primaryimage\"},\"thumbnailUrl\":\"https:\\\/\\\/braindegeek.shop\\\/wp-content\\\/uploads\\\/2026\\\/03\\\/DJI-Osmo-360-test-avis-et-code-promo.png\",\"datePublished\":\"2026-03-25T14:56:07+00:00\",\"dateModified\":\"2026-05-10T04:03:58+00:00\",\"description\":\"La DJI Osmo 360 est une cam\u00e9ra 360\u00b0 haut de gamme con\u00e7ue pour capturer des images immersives en ultra haute d\u00e9finition. Gr\u00e2ce \u00e0 son capteur 1 pouce\",\"breadcrumb\":{\"@id\":\"https:\\\/\\\/braindegeek.shop\\\/index.php\\\/produit\\\/dji-osmo-360-test-avis-et-code-promo\\\/#breadcrumb\"},\"inLanguage\":\"fr-FR\",\"potentialAction\":[{\"@type\":\"ReadAction\",\"target\":[\"https:\\\/\\\/braindegeek.shop\\\/index.php\\\/produit\\\/dji-osmo-360-test-avis-et-code-promo\\\/\"]}]},{\"@type\":\"ImageObject\",\"inLanguage\":\"fr-FR\",\"@id\":\"https:\\\/\\\/braindegeek.shop\\\/index.php\\\/produit\\\/dji-osmo-360-test-avis-et-code-promo\\\/#primaryimage\",\"url\":\"https:\\\/\\\/braindegeek.shop\\\/wp-content\\\/uploads\\\/2026\\\/03\\\/DJI-Osmo-360-test-avis-et-code-promo.png\",\"contentUrl\":\"https:\\\/\\\/braindegeek.shop\\\/wp-content\\\/uploads\\\/2026\\\/03\\\/DJI-Osmo-360-test-avis-et-code-promo.png\",\"width\":500,\"height\":500,\"caption\":\"DJI Osmo 360, test, avis et code promo\"},{\"@type\":\"BreadcrumbList\",\"@id\":\"https:\\\/\\\/braindegeek.shop\\\/index.php\\\/produit\\\/dji-osmo-360-test-avis-et-code-promo\\\/#breadcrumb\",\"itemListElement\":[{\"@type\":\"ListItem\",\"position\":1,\"name\":\"Accueil\",\"item\":\"https:\\\/\\\/braindegeek.shop\\\/\"},{\"@type\":\"ListItem\",\"position\":2,\"name\":\"Boutique\",\"item\":\"http:\\\/\\\/braindegeek.shop\\\/index.php\\\/boutique\\\/\"},{\"@type\":\"ListItem\",\"position\":3,\"name\":\"DJI Osmo 360, test, avis et code promo\"}]},{\"@type\":\"WebSite\",\"@id\":\"https:\\\/\\\/braindegeek.shop\\\/#website\",\"url\":\"https:\\\/\\\/braindegeek.shop\\\/\",\"name\":\"Braindegeek, votre guide d'achat pour les produits high-tech\",\"description\":\"Votre guide d&#039;achat pour vos produits high-tech : robots aspirateurs, tondeuse, piscine et autres nouvelles technologies\",\"publisher\":{\"@id\":\"https:\\\/\\\/braindegeek.shop\\\/#organization\"},\"potentialAction\":[{\"@type\":\"SearchAction\",\"target\":{\"@type\":\"EntryPoint\",\"urlTemplate\":\"https:\\\/\\\/braindegeek.shop\\\/?s={search_term_string}\"},\"query-input\":{\"@type\":\"PropertyValueSpecification\",\"valueRequired\":true,\"valueName\":\"search_term_string\"}}],\"inLanguage\":\"fr-FR\"},{\"@type\":\"Organization\",\"@id\":\"https:\\\/\\\/braindegeek.shop\\\/#organization\",\"name\":\"Braindegeek, votre guide d'achat pour les produits high-tech\",\"url\":\"https:\\\/\\\/braindegeek.shop\\\/\",\"logo\":{\"@type\":\"ImageObject\",\"inLanguage\":\"fr-FR\",\"@id\":\"https:\\\/\\\/braindegeek.shop\\\/#\\\/schema\\\/logo\\\/image\\\/\",\"url\":\"https:\\\/\\\/braindegeek.shop\\\/wp-content\\\/uploads\\\/2024\\\/05\\\/bdg-1.png\",\"contentUrl\":\"https:\\\/\\\/braindegeek.shop\\\/wp-content\\\/uploads\\\/2024\\\/05\\\/bdg-1.png\",\"width\":150,\"height\":150,\"caption\":\"Braindegeek, votre guide d'achat pour les produits high-tech\"},\"image\":{\"@id\":\"https:\\\/\\\/braindegeek.shop\\\/#\\\/schema\\\/logo\\\/image\\\/\"},\"sameAs\":[\"https:\\\/\\\/www.facebook.com\\\/BrainDeGeek\\\/\",\"https:\\\/\\\/x.com\\\/braindegeek\",\"https:\\\/\\\/www.tiktok.com\\\/@braindegeek\",\"https:\\\/\\\/www.youtube.com\\\/braindegeek\"]}]}<\/script>\n<!-- \/ Yoast SEO plugin. -->","yoast_head_json":{"title":"DJI Osmo 360, test, avis et code promo - Braindegeek","description":"La DJI Osmo 360 est une cam\u00e9ra 360\u00b0 haut de gamme con\u00e7ue pour capturer des images immersives en ultra haute d\u00e9finition. Gr\u00e2ce \u00e0 son capteur 1 pouce","robots":{"index":"index","follow":"follow","max-snippet":"max-snippet:-1","max-image-preview":"max-image-preview:large","max-video-preview":"max-video-preview:-1"},"canonical":"https:\/\/braindegeek.shop\/index.php\/produit\/dji-osmo-360-test-avis-et-code-promo\/","og_locale":"fr_FR","og_type":"article","og_title":"DJI Osmo 360, test, avis et code promo - Braindegeek","og_description":"La DJI Osmo 360 est une cam\u00e9ra 360\u00b0 haut de gamme con\u00e7ue pour capturer des images immersives en ultra haute d\u00e9finition. Gr\u00e2ce \u00e0 son capteur 1 pouce","og_url":"https:\/\/braindegeek.shop\/index.php\/produit\/dji-osmo-360-test-avis-et-code-promo\/","og_site_name":"Braindegeek","article_publisher":"https:\/\/www.facebook.com\/BrainDeGeek\/","article_modified_time":"2026-05-10T04:03:58+00:00","og_image":[{"width":500,"height":500,"url":"https:\/\/braindegeek.shop\/wp-content\/uploads\/2026\/03\/DJI-Osmo-360-test-avis-et-code-promo.png","type":"image\/png"}],"twitter_card":"summary_large_image","twitter_site":"@braindegeek","twitter_misc":{"Dur\u00e9e de lecture estim\u00e9e":"3 minutes"},"schema":{"@context":"https:\/\/schema.org","@graph":[{"@type":"WebPage","@id":"https:\/\/braindegeek.shop\/index.php\/produit\/dji-osmo-360-test-avis-et-code-promo\/","url":"https:\/\/braindegeek.shop\/index.php\/produit\/dji-osmo-360-test-avis-et-code-promo\/","name":"DJI Osmo 360, test, avis et code promo - Braindegeek","isPartOf":{"@id":"https:\/\/braindegeek.shop\/#website"},"primaryImageOfPage":{"@id":"https:\/\/braindegeek.shop\/index.php\/produit\/dji-osmo-360-test-avis-et-code-promo\/#primaryimage"},"image":{"@id":"https:\/\/braindegeek.shop\/index.php\/produit\/dji-osmo-360-test-avis-et-code-promo\/#primaryimage"},"thumbnailUrl":"https:\/\/braindegeek.shop\/wp-content\/uploads\/2026\/03\/DJI-Osmo-360-test-avis-et-code-promo.png","datePublished":"2026-03-25T14:56:07+00:00","dateModified":"2026-05-10T04:03:58+00:00","description":"La DJI Osmo 360 est une cam\u00e9ra 360\u00b0 haut de gamme con\u00e7ue pour capturer des images immersives en ultra haute d\u00e9finition. Gr\u00e2ce \u00e0 son capteur 1 pouce","breadcrumb":{"@id":"https:\/\/braindegeek.shop\/index.php\/produit\/dji-osmo-360-test-avis-et-code-promo\/#breadcrumb"},"inLanguage":"fr-FR","potentialAction":[{"@type":"ReadAction","target":["https:\/\/braindegeek.shop\/index.php\/produit\/dji-osmo-360-test-avis-et-code-promo\/"]}]},{"@type":"ImageObject","inLanguage":"fr-FR","@id":"https:\/\/braindegeek.shop\/index.php\/produit\/dji-osmo-360-test-avis-et-code-promo\/#primaryimage","url":"https:\/\/braindegeek.shop\/wp-content\/uploads\/2026\/03\/DJI-Osmo-360-test-avis-et-code-promo.png","contentUrl":"https:\/\/braindegeek.shop\/wp-content\/uploads\/2026\/03\/DJI-Osmo-360-test-avis-et-code-promo.png","width":500,"height":500,"caption":"DJI Osmo 360, test, avis et code promo"},{"@type":"BreadcrumbList","@id":"https:\/\/braindegeek.shop\/index.php\/produit\/dji-osmo-360-test-avis-et-code-promo\/#breadcrumb","itemListElement":[{"@type":"ListItem","position":1,"name":"Accueil","item":"https:\/\/braindegeek.shop\/"},{"@type":"ListItem","position":2,"name":"Boutique","item":"http:\/\/braindegeek.shop\/index.php\/boutique\/"},{"@type":"ListItem","position":3,"name":"DJI Osmo 360, test, avis et code promo"}]},{"@type":"WebSite","@id":"https:\/\/braindegeek.shop\/#website","url":"https:\/\/braindegeek.shop\/","name":"Braindegeek, votre guide d'achat pour les produits high-tech","description":"Votre guide d&#039;achat pour vos produits high-tech : robots aspirateurs, tondeuse, piscine et autres nouvelles technologies","publisher":{"@id":"https:\/\/braindegeek.shop\/#organization"},"potentialAction":[{"@type":"SearchAction","target":{"@type":"EntryPoint","urlTemplate":"https:\/\/braindegeek.shop\/?s={search_term_string}"},"query-input":{"@type":"PropertyValueSpecification","valueRequired":true,"valueName":"search_term_string"}}],"inLanguage":"fr-FR"},{"@type":"Organization","@id":"https:\/\/braindegeek.shop\/#organization","name":"Braindegeek, votre guide d'achat pour les produits high-tech","url":"https:\/\/braindegeek.shop\/","logo":{"@type":"ImageObject","inLanguage":"fr-FR","@id":"https:\/\/braindegeek.shop\/#\/schema\/logo\/image\/","url":"https:\/\/braindegeek.shop\/wp-content\/uploads\/2024\/05\/bdg-1.png","contentUrl":"https:\/\/braindegeek.shop\/wp-content\/uploads\/2024\/05\/bdg-1.png","width":150,"height":150,"caption":"Braindegeek, votre guide d'achat pour les produits high-tech"},"image":{"@id":"https:\/\/braindegeek.shop\/#\/schema\/logo\/image\/"},"sameAs":["https:\/\/www.facebook.com\/BrainDeGeek\/","https:\/\/x.com\/braindegeek","https:\/\/www.tiktok.com\/@braindegeek","https:\/\/www.youtube.com\/braindegeek"]}]}},"jetpack_sharing_enabled":true,"_links":{"self":[{"href":"https:\/\/braindegeek.shop\/index.php\/wp-json\/wp\/v2\/product\/3065","targetHints":{"allow":["GET"]}}],"collection":[{"href":"https:\/\/braindegeek.shop\/index.php\/wp-json\/wp\/v2\/product"}],"about":[{"href":"https:\/\/braindegeek.shop\/index.php\/wp-json\/wp\/v2\/types\/product"}],"replies":[{"embeddable":true,"href":"https:\/\/braindegeek.shop\/index.php\/wp-json\/wp\/v2\/comments?post=3065"}],"wp:featuredmedia":[{"embeddable":true,"href":"https:\/\/braindegeek.shop\/index.php\/wp-json\/wp\/v2\/media\/3066"}],"wp:attachment":[{"href":"https:\/\/braindegeek.shop\/index.php\/wp-json\/wp\/v2\/media?parent=3065"}],"wp:term":[{"taxonomy":"store","embeddable":true,"href":"https:\/\/braindegeek.shop\/index.php\/wp-json\/wp\/v2\/store?post=3065"},{"taxonomy":"product_brand","embeddable":true,"href":"https:\/\/braindegeek.shop\/index.php\/wp-json\/wp\/v2\/product_brand?post=3065"},{"taxonomy":"product_cat","embeddable":true,"href":"https:\/\/braindegeek.shop\/index.php\/wp-json\/wp\/v2\/product_cat?post=3065"},{"taxonomy":"product_tag","embeddable":true,"href":"https:\/\/braindegeek.shop\/index.php\/wp-json\/wp\/v2\/product_tag?post=3065"}],"curies":[{"name":"wp","href":"https:\/\/api.w.org\/{rel}","templated":true}]}}