{"id":3014,"date":"2026-02-17T09:30:50","date_gmt":"2026-02-17T08:30:50","guid":{"rendered":"https:\/\/braindegeek.shop\/?post_type=product&#038;p=3014"},"modified":"2026-02-17T09:33:08","modified_gmt":"2026-02-17T08:33:08","slug":"batterie-externe-anker-25-000-mah-test-avis-et-code-promo","status":"publish","type":"product","link":"https:\/\/braindegeek.shop\/index.php\/produit\/batterie-externe-anker-25-000-mah-test-avis-et-code-promo\/","title":{"rendered":"Batterie externe Anker 25 000 mAh, test, avis et code promo"},"content":{"rendered":"<p data-start=\"312\" data-end=\"669\">La <strong data-start=\"315\" data-end=\"357\">batterie externe Anker 25 000 mAh 100W<\/strong> est con\u00e7ue pour les utilisateurs exigeants qui souhaitent alimenter leurs appareils puissants en d\u00e9placement. Que ce soit pour un <strong data-start=\"488\" data-end=\"560\">MacBook, un PC portable, une tablette ou un smartphone haut de gamme<\/strong>, cette power bank offre une puissance suffisante pour remplacer un chargeur secteur, tout en restant mobile.<\/p>\n<p data-start=\"671\" data-end=\"1003\">Dot\u00e9e de <strong data-start=\"680\" data-end=\"732\">trois ports USB-C d\u00e9livrant jusqu\u2019\u00e0 100 W chacun<\/strong>, elle permet d\u2019alimenter plusieurs appareils simultan\u00e9ment sans perte notable de vitesse. Elle s\u2019adresse particuli\u00e8rement aux cr\u00e9ateurs de contenu, professionnels nomades, \u00e9tudiants ou voyageurs qui ont besoin d\u2019une solution fiable pour travailler sans prise \u00e9lectrique.<\/p>\n<p data-start=\"1005\" data-end=\"1368\">Sa capacit\u00e9 de <strong data-start=\"1020\" data-end=\"1034\">25 000 mAh<\/strong> assure une autonomie confortable : un ordinateur portable peut \u00eatre recharg\u00e9 au moins une fois, tandis qu\u2019un smartphone peut \u00eatre aliment\u00e9 plusieurs cycles complets. Et lorsqu\u2019il est temps de recharger la batterie elle-m\u00eame, l\u2019entr\u00e9e 100 W permet de r\u00e9cup\u00e9rer rapidement de l\u2019\u00e9nergie, atteignant environ 30 % en seulement 20 minutes.<\/p>\n<p data-start=\"1370\" data-end=\"1633\">L\u2019un des \u00e9l\u00e9ments diff\u00e9renciants de ce mod\u00e8le est la pr\u00e9sence de <strong data-start=\"1435\" data-end=\"1465\">deux c\u00e2bles USB-C int\u00e9gr\u00e9s<\/strong>, dont un c\u00e2ble r\u00e9tractable de 70 cm con\u00e7u pour durer dans le temps, test\u00e9 pour des milliers de r\u00e9tractations. Cela \u00e9vite d\u2019oublier ou d\u2019endommager ses c\u00e2bles externes.<\/p>\n<p data-start=\"1635\" data-end=\"1841\">Pens\u00e9e pour le multit\u00e2che et la mobilit\u00e9, la batterie externe Anker 25K combine puissance, autonomie, praticit\u00e9 et fiabilit\u00e9, en faisant une solution id\u00e9ale pour recharger plusieurs appareils \u00e0 tout moment.<\/p>\n<hr data-start=\"1843\" data-end=\"1846\" \/>\n<h2 data-start=\"1848\" data-end=\"1866\">Fiche technique<\/h2>\n<ul data-start=\"1868\" data-end=\"2422\">\n<li data-start=\"1868\" data-end=\"1901\">\n<p data-start=\"1870\" data-end=\"1901\">Mod\u00e8le : Anker Power Bank 25K<\/p>\n<\/li>\n<li data-start=\"1902\" data-end=\"1945\">\n<p data-start=\"1904\" data-end=\"1945\">Type : Batterie externe haute puissance<\/p>\n<\/li>\n<li data-start=\"1946\" data-end=\"1971\">\n<p data-start=\"1948\" data-end=\"1971\">Capacit\u00e9 : 25 000 mAh<\/p>\n<\/li>\n<li data-start=\"1972\" data-end=\"2017\">\n<p data-start=\"1974\" data-end=\"2017\">Puissance maximale USB-C : 100 W par port<\/p>\n<\/li>\n<li data-start=\"2018\" data-end=\"2071\">\n<p data-start=\"2020\" data-end=\"2039\">Nombre de ports :<\/p>\n<ul data-start=\"2042\" data-end=\"2071\">\n<li data-start=\"2042\" data-end=\"2055\">\n<p data-start=\"2044\" data-end=\"2055\">3 \u00d7 USB-C<\/p>\n<\/li>\n<li data-start=\"2058\" data-end=\"2071\">\n<p data-start=\"2060\" data-end=\"2071\">1 \u00d7 USB-A<\/p>\n<\/li>\n<\/ul>\n<\/li>\n<li data-start=\"2072\" data-end=\"2117\">\n<p data-start=\"2074\" data-end=\"2117\">Recharge simultan\u00e9e : jusqu\u2019\u00e0 4 appareils<\/p>\n<\/li>\n<li data-start=\"2118\" data-end=\"2215\">\n<p data-start=\"2120\" data-end=\"2139\">C\u00e2bles int\u00e9gr\u00e9s :<\/p>\n<ul data-start=\"2142\" data-end=\"2215\">\n<li data-start=\"2142\" data-end=\"2179\">\n<p data-start=\"2144\" data-end=\"2179\">1 c\u00e2ble USB-C r\u00e9tractable (70 cm)<\/p>\n<\/li>\n<li data-start=\"2182\" data-end=\"2215\">\n<p data-start=\"2184\" data-end=\"2215\">1 c\u00e2ble USB-C int\u00e9gr\u00e9 (30 cm)<\/p>\n<\/li>\n<\/ul>\n<\/li>\n<li data-start=\"2216\" data-end=\"2254\">\n<p data-start=\"2218\" data-end=\"2254\">Puissance d\u2019entr\u00e9e : jusqu\u2019\u00e0 100 W<\/p>\n<\/li>\n<li data-start=\"2255\" data-end=\"2305\">\n<p data-start=\"2257\" data-end=\"2305\">Temps de recharge : environ 30 % en 20 minutes<\/p>\n<\/li>\n<li data-start=\"2306\" data-end=\"2371\">\n<p data-start=\"2308\" data-end=\"2371\">Compatibilit\u00e9 : ordinateurs portables, smartphones, tablettes<\/p>\n<\/li>\n<li data-start=\"2372\" data-end=\"2422\">\n<p data-start=\"2374\" data-end=\"2422\">Utilisation : mobilit\u00e9, travail nomade, voyage<\/p>\n<\/li>\n<\/ul>\n<hr data-start=\"2424\" data-end=\"2427\" \/>\n<h2 data-start=\"2429\" data-end=\"2468\">Vulgarisation des d\u00e9tails techniques<\/h2>\n<p data-start=\"2470\" data-end=\"2678\">Les <strong data-start=\"2474\" data-end=\"2498\">100 W par port USB-C<\/strong> signifient que cette batterie peut recharger un ordinateur portable aussi rapidement qu\u2019un chargeur classique. C\u2019est un point crucial pour les utilisateurs de MacBook ou PC USB-C.<\/p>\n<p data-start=\"2680\" data-end=\"2882\">La capacit\u00e9 de <strong data-start=\"2695\" data-end=\"2709\">25 000 mAh<\/strong> repr\u00e9sente une grande r\u00e9serve d\u2019\u00e9nergie. Concr\u00e8tement, cela permet de recharger plusieurs fois un smartphone ou d\u2019alimenter un ordinateur portable pendant plusieurs heures.<\/p>\n<p data-start=\"2884\" data-end=\"3067\">Les <strong data-start=\"2888\" data-end=\"2907\">c\u00e2bles int\u00e9gr\u00e9s<\/strong> simplifient l\u2019usage : inutile de chercher un c\u00e2ble dans un sac. Le mod\u00e8le r\u00e9tractable de 70 cm est particuli\u00e8rement pratique pour un bureau mobile ou un train.<\/p>\n<p data-start=\"3069\" data-end=\"3206\">La recharge rapide de la batterie elle-m\u00eame permet de limiter les temps d\u2019attente, un avantage important pour les d\u00e9placements fr\u00e9quents.<\/p>\n<hr data-start=\"3208\" data-end=\"3211\" \/>\n<h2 data-start=\"3213\" data-end=\"3264\">Questions que les utilisateurs se posent souvent<\/h2>\n<p data-start=\"3266\" data-end=\"3399\"><strong data-start=\"3266\" data-end=\"3318\">Peut-elle charger un MacBook ou un PC portable ?<\/strong><br data-start=\"3318\" data-end=\"3321\" \/>Oui, les ports USB-C 100 W sont adapt\u00e9s aux ordinateurs portables compatibles.<\/p>\n<p data-start=\"3401\" data-end=\"3503\"><strong data-start=\"3401\" data-end=\"3456\">Peut-on charger plusieurs appareils en m\u00eame temps ?<\/strong><br data-start=\"3456\" data-end=\"3459\" \/>Oui, jusqu\u2019\u00e0 quatre appareils simultan\u00e9ment.<\/p>\n<p data-start=\"3505\" data-end=\"3628\"><strong data-start=\"3505\" data-end=\"3547\">Les c\u00e2bles int\u00e9gr\u00e9s sont-ils solides ?<\/strong><br data-start=\"3547\" data-end=\"3550\" \/>Oui, le c\u00e2ble r\u00e9tractable est con\u00e7u pour supporter de nombreuses utilisations.<\/p>\n<p data-start=\"3630\" data-end=\"3742\"><strong data-start=\"3630\" data-end=\"3664\">Est-elle adapt\u00e9e aux voyages ?<\/strong><br data-start=\"3664\" data-end=\"3667\" \/>Oui, sa capacit\u00e9 et sa puissance en font un compagnon id\u00e9al en d\u00e9placement.<\/p>\n<p data-start=\"3744\" data-end=\"3834\"><strong data-start=\"3744\" data-end=\"3779\">Se recharge-t-elle rapidement ?<\/strong><br data-start=\"3779\" data-end=\"3782\" \/>Oui, elle peut r\u00e9cup\u00e9rer environ 30 % en 20 minutes.<\/p>\n<hr data-start=\"3836\" data-end=\"3839\" \/>\n<h2 data-start=\"3841\" data-end=\"3864\">Avantages du produit<\/h2>\n<ul data-start=\"3866\" data-end=\"4143\">\n<li data-start=\"3866\" data-end=\"3903\">\n<p data-start=\"3868\" data-end=\"3903\">Trois ports USB-C puissants 100 W<\/p>\n<\/li>\n<li data-start=\"3904\" data-end=\"3940\">\n<p data-start=\"3906\" data-end=\"3940\">Recharge d\u2019ordinateurs portables<\/p>\n<\/li>\n<li data-start=\"3941\" data-end=\"3971\">\n<p data-start=\"3943\" data-end=\"3971\">Grande capacit\u00e9 25 000 mAh<\/p>\n<\/li>\n<li data-start=\"3972\" data-end=\"4002\">\n<p data-start=\"3974\" data-end=\"4002\">Deux c\u00e2bles USB-C int\u00e9gr\u00e9s<\/p>\n<\/li>\n<li data-start=\"4003\" data-end=\"4049\">\n<p data-start=\"4005\" data-end=\"4049\">Recharge jusqu\u2019\u00e0 4 appareils simultan\u00e9ment<\/p>\n<\/li>\n<li data-start=\"4050\" data-end=\"4094\">\n<p data-start=\"4052\" data-end=\"4094\">Recharge rapide de la batterie elle-m\u00eame<\/p>\n<\/li>\n<li data-start=\"4095\" data-end=\"4143\">\n<p data-start=\"4097\" data-end=\"4143\">Id\u00e9ale pour le travail nomade et les voyages<\/p>\n<\/li>\n<\/ul>\n","protected":false},"excerpt":{"rendered":"<p data-start=\"4192\" data-end=\"4553\">La <strong data-start=\"4195\" data-end=\"4237\">batterie externe Anker 25 000 mAh 100W<\/strong> est pens\u00e9e pour r\u00e9pondre aux besoins \u00e9nerg\u00e9tiques modernes. Aujourd\u2019hui, les utilisateurs transportent souvent plusieurs appareils : smartphone, tablette, ordinateur portable, \u00e9couteurs sans fil. Cette power bank permet de centraliser l\u2019alimentation de tous ces \u00e9quipements dans un seul appareil puissant et fiable.<\/p>\n<p data-start=\"4555\" data-end=\"4899\">Gr\u00e2ce \u00e0 ses <strong data-start=\"4567\" data-end=\"4630\">trois ports USB-C capables de d\u00e9livrer jusqu\u2019\u00e0 100 W chacun<\/strong>, elle peut alimenter un ordinateur portable comme un MacBook, tout en rechargeant simultan\u00e9ment un smartphone et une tablette. Cette polyvalence en fait une solution id\u00e9ale pour les professionnels, les \u00e9tudiants ou les cr\u00e9ateurs de contenu qui travaillent en mobilit\u00e9.<\/p>\n<p data-start=\"4901\" data-end=\"5197\">Sa capacit\u00e9 de <strong data-start=\"4916\" data-end=\"4930\">25 000 mAh<\/strong> offre une r\u00e9serve d\u2019\u00e9nergie importante. Elle permet de recharger un ordinateur portable au moins une fois ou plusieurs fois un smartphone haut de gamme. Cette autonomie garantit de pouvoir travailler ou se divertir sans d\u00e9pendre imm\u00e9diatement d\u2019une prise \u00e9lectrique.<\/p>\n<p data-start=\"5199\" data-end=\"5526\">L\u2019un des atouts majeurs de ce mod\u00e8le est la pr\u00e9sence de <strong data-start=\"5255\" data-end=\"5285\">deux c\u00e2bles USB-C int\u00e9gr\u00e9s<\/strong>. Le c\u00e2ble r\u00e9tractable de 70 cm est con\u00e7u pour durer, avec une grande r\u00e9sistance m\u00e9canique. Le second c\u00e2ble de 30 cm, int\u00e9gr\u00e9 au design, peut \u00e9galement servir de poign\u00e9e. Cette conception r\u00e9duit les risques d\u2019oubli et simplifie le quotidien.<\/p>\n<p data-start=\"5528\" data-end=\"5723\">La batterie elle-m\u00eame se recharge rapidement gr\u00e2ce \u00e0 une <strong data-start=\"5585\" data-end=\"5601\">entr\u00e9e 100 W<\/strong>, permettant de r\u00e9cup\u00e9rer environ 30 % de capacit\u00e9 en 20 minutes. Cela r\u00e9duit consid\u00e9rablement les temps d\u2019immobilisation.<\/p>\n<p data-start=\"5725\" data-end=\"5944\">La possibilit\u00e9 de charger jusqu\u2019\u00e0 <strong data-start=\"5759\" data-end=\"5793\">quatre appareils simultan\u00e9ment<\/strong> apporte une vraie flexibilit\u00e9. Elle peut alimenter un setup complet lors d\u2019un d\u00e9placement ou servir de station d\u2019\u00e9nergie portable lors d\u2019un \u00e9v\u00e9nement.<\/p>\n<p data-start=\"5946\" data-end=\"6212\">En r\u00e9sum\u00e9, la <strong data-start=\"5960\" data-end=\"5995\">batterie externe Anker 25K 100W<\/strong> est une solution performante et polyvalente pour ceux qui recherchent puissance, autonomie et praticit\u00e9. Elle combine recharge rapide, ports multiples et c\u00e2bles int\u00e9gr\u00e9s dans un format pens\u00e9 pour la mobilit\u00e9 moderne.<\/p>\n","protected":false},"featured_media":3015,"comment_status":"open","ping_status":"closed","template":"","meta":{"_gspb_post_css":""},"store":[253],"product_brand":[],"product_cat":[290],"product_tag":[],"class_list":{"0":"post-3014","1":"product","2":"type-product","3":"status-publish","4":"has-post-thumbnail","6":"store-anker","7":"product_cat-batterie","9":"first","10":"instock","11":"sale","12":"shipping-taxable","13":"product-type-external"},"yoast_head":"<!-- This site is optimized with the Yoast SEO plugin v27.3 - https:\/\/yoast.com\/product\/yoast-seo-wordpress\/ -->\n<title>Batterie externe Anker 25 000 mAh, test, avis et code promo - Braindegeek<\/title>\n<meta name=\"description\" content=\"La batterie externe Anker 25 000 mAh 100W est con\u00e7ue pour les utilisateurs exigeants qui souhaitent alimenter leurs appareils puissants en d\u00e9placement.\" \/>\n<meta name=\"robots\" content=\"index, follow, max-snippet:-1, max-image-preview:large, max-video-preview:-1\" \/>\n<link rel=\"canonical\" href=\"https:\/\/braindegeek.shop\/index.php\/produit\/batterie-externe-anker-25-000-mah-test-avis-et-code-promo\/\" \/>\n<meta property=\"og:locale\" content=\"fr_FR\" \/>\n<meta property=\"og:type\" content=\"article\" \/>\n<meta property=\"og:title\" content=\"Batterie externe Anker 25 000 mAh, test, avis et code promo - Braindegeek\" \/>\n<meta property=\"og:description\" content=\"La batterie externe Anker 25 000 mAh 100W est con\u00e7ue pour les utilisateurs exigeants qui souhaitent alimenter leurs appareils puissants en d\u00e9placement.\" \/>\n<meta property=\"og:url\" content=\"https:\/\/braindegeek.shop\/index.php\/produit\/batterie-externe-anker-25-000-mah-test-avis-et-code-promo\/\" \/>\n<meta property=\"og:site_name\" content=\"Braindegeek\" \/>\n<meta property=\"article:publisher\" content=\"https:\/\/www.facebook.com\/BrainDeGeek\/\" \/>\n<meta property=\"article:modified_time\" content=\"2026-02-17T08:33:08+00:00\" \/>\n<meta property=\"og:image\" content=\"https:\/\/braindegeek.shop\/wp-content\/uploads\/2026\/02\/Batterie-externe-Anker-25-000-mAh-test-avis-et-code-promo.png\" \/>\n\t<meta property=\"og:image:width\" content=\"500\" \/>\n\t<meta property=\"og:image:height\" content=\"500\" \/>\n\t<meta property=\"og:image:type\" content=\"image\/png\" \/>\n<meta name=\"twitter:card\" content=\"summary_large_image\" \/>\n<meta name=\"twitter:site\" content=\"@braindegeek\" \/>\n<meta name=\"twitter:label1\" content=\"Dur\u00e9e de lecture estim\u00e9e\" \/>\n\t<meta name=\"twitter:data1\" content=\"3 minutes\" \/>\n<script type=\"application\/ld+json\" class=\"yoast-schema-graph\">{\"@context\":\"https:\\\/\\\/schema.org\",\"@graph\":[{\"@type\":\"WebPage\",\"@id\":\"https:\\\/\\\/braindegeek.shop\\\/index.php\\\/produit\\\/batterie-externe-anker-25-000-mah-test-avis-et-code-promo\\\/\",\"url\":\"https:\\\/\\\/braindegeek.shop\\\/index.php\\\/produit\\\/batterie-externe-anker-25-000-mah-test-avis-et-code-promo\\\/\",\"name\":\"Batterie externe Anker 25 000 mAh, test, avis et code promo - Braindegeek\",\"isPartOf\":{\"@id\":\"https:\\\/\\\/braindegeek.shop\\\/#website\"},\"primaryImageOfPage\":{\"@id\":\"https:\\\/\\\/braindegeek.shop\\\/index.php\\\/produit\\\/batterie-externe-anker-25-000-mah-test-avis-et-code-promo\\\/#primaryimage\"},\"image\":{\"@id\":\"https:\\\/\\\/braindegeek.shop\\\/index.php\\\/produit\\\/batterie-externe-anker-25-000-mah-test-avis-et-code-promo\\\/#primaryimage\"},\"thumbnailUrl\":\"https:\\\/\\\/braindegeek.shop\\\/wp-content\\\/uploads\\\/2026\\\/02\\\/Batterie-externe-Anker-25-000-mAh-test-avis-et-code-promo.png\",\"datePublished\":\"2026-02-17T08:30:50+00:00\",\"dateModified\":\"2026-02-17T08:33:08+00:00\",\"description\":\"La batterie externe Anker 25 000 mAh 100W est con\u00e7ue pour les utilisateurs exigeants qui souhaitent alimenter leurs appareils puissants en d\u00e9placement.\",\"breadcrumb\":{\"@id\":\"https:\\\/\\\/braindegeek.shop\\\/index.php\\\/produit\\\/batterie-externe-anker-25-000-mah-test-avis-et-code-promo\\\/#breadcrumb\"},\"inLanguage\":\"fr-FR\",\"potentialAction\":[{\"@type\":\"ReadAction\",\"target\":[\"https:\\\/\\\/braindegeek.shop\\\/index.php\\\/produit\\\/batterie-externe-anker-25-000-mah-test-avis-et-code-promo\\\/\"]}]},{\"@type\":\"ImageObject\",\"inLanguage\":\"fr-FR\",\"@id\":\"https:\\\/\\\/braindegeek.shop\\\/index.php\\\/produit\\\/batterie-externe-anker-25-000-mah-test-avis-et-code-promo\\\/#primaryimage\",\"url\":\"https:\\\/\\\/braindegeek.shop\\\/wp-content\\\/uploads\\\/2026\\\/02\\\/Batterie-externe-Anker-25-000-mAh-test-avis-et-code-promo.png\",\"contentUrl\":\"https:\\\/\\\/braindegeek.shop\\\/wp-content\\\/uploads\\\/2026\\\/02\\\/Batterie-externe-Anker-25-000-mAh-test-avis-et-code-promo.png\",\"width\":500,\"height\":500,\"caption\":\"Batterie externe Anker 25 000 mAh, test, avis et code promo\"},{\"@type\":\"BreadcrumbList\",\"@id\":\"https:\\\/\\\/braindegeek.shop\\\/index.php\\\/produit\\\/batterie-externe-anker-25-000-mah-test-avis-et-code-promo\\\/#breadcrumb\",\"itemListElement\":[{\"@type\":\"ListItem\",\"position\":1,\"name\":\"Accueil\",\"item\":\"https:\\\/\\\/braindegeek.shop\\\/\"},{\"@type\":\"ListItem\",\"position\":2,\"name\":\"Boutique\",\"item\":\"https:\\\/\\\/braindegeek.shop\\\/index.php\\\/boutique\\\/\"},{\"@type\":\"ListItem\",\"position\":3,\"name\":\"Batterie externe Anker 25 000 mAh, test, avis et code promo\"}]},{\"@type\":\"WebSite\",\"@id\":\"https:\\\/\\\/braindegeek.shop\\\/#website\",\"url\":\"https:\\\/\\\/braindegeek.shop\\\/\",\"name\":\"Braindegeek, votre guide d'achat pour les produits high-tech\",\"description\":\"Votre guide d&#039;achat pour vos produits high-tech : robots aspirateurs, tondeuse, piscine et autres nouvelles technologies\",\"publisher\":{\"@id\":\"https:\\\/\\\/braindegeek.shop\\\/#organization\"},\"potentialAction\":[{\"@type\":\"SearchAction\",\"target\":{\"@type\":\"EntryPoint\",\"urlTemplate\":\"https:\\\/\\\/braindegeek.shop\\\/?s={search_term_string}\"},\"query-input\":{\"@type\":\"PropertyValueSpecification\",\"valueRequired\":true,\"valueName\":\"search_term_string\"}}],\"inLanguage\":\"fr-FR\"},{\"@type\":\"Organization\",\"@id\":\"https:\\\/\\\/braindegeek.shop\\\/#organization\",\"name\":\"Braindegeek, votre guide d'achat pour les produits high-tech\",\"url\":\"https:\\\/\\\/braindegeek.shop\\\/\",\"logo\":{\"@type\":\"ImageObject\",\"inLanguage\":\"fr-FR\",\"@id\":\"https:\\\/\\\/braindegeek.shop\\\/#\\\/schema\\\/logo\\\/image\\\/\",\"url\":\"https:\\\/\\\/braindegeek.shop\\\/wp-content\\\/uploads\\\/2024\\\/05\\\/bdg-1.png\",\"contentUrl\":\"https:\\\/\\\/braindegeek.shop\\\/wp-content\\\/uploads\\\/2024\\\/05\\\/bdg-1.png\",\"width\":150,\"height\":150,\"caption\":\"Braindegeek, votre guide d'achat pour les produits high-tech\"},\"image\":{\"@id\":\"https:\\\/\\\/braindegeek.shop\\\/#\\\/schema\\\/logo\\\/image\\\/\"},\"sameAs\":[\"https:\\\/\\\/www.facebook.com\\\/BrainDeGeek\\\/\",\"https:\\\/\\\/x.com\\\/braindegeek\",\"https:\\\/\\\/www.tiktok.com\\\/@braindegeek\",\"https:\\\/\\\/www.youtube.com\\\/braindegeek\"]}]}<\/script>\n<!-- \/ Yoast SEO plugin. -->","yoast_head_json":{"title":"Batterie externe Anker 25 000 mAh, test, avis et code promo - Braindegeek","description":"La batterie externe Anker 25 000 mAh 100W est con\u00e7ue pour les utilisateurs exigeants qui souhaitent alimenter leurs appareils puissants en d\u00e9placement.","robots":{"index":"index","follow":"follow","max-snippet":"max-snippet:-1","max-image-preview":"max-image-preview:large","max-video-preview":"max-video-preview:-1"},"canonical":"https:\/\/braindegeek.shop\/index.php\/produit\/batterie-externe-anker-25-000-mah-test-avis-et-code-promo\/","og_locale":"fr_FR","og_type":"article","og_title":"Batterie externe Anker 25 000 mAh, test, avis et code promo - Braindegeek","og_description":"La batterie externe Anker 25 000 mAh 100W est con\u00e7ue pour les utilisateurs exigeants qui souhaitent alimenter leurs appareils puissants en d\u00e9placement.","og_url":"https:\/\/braindegeek.shop\/index.php\/produit\/batterie-externe-anker-25-000-mah-test-avis-et-code-promo\/","og_site_name":"Braindegeek","article_publisher":"https:\/\/www.facebook.com\/BrainDeGeek\/","article_modified_time":"2026-02-17T08:33:08+00:00","og_image":[{"width":500,"height":500,"url":"https:\/\/braindegeek.shop\/wp-content\/uploads\/2026\/02\/Batterie-externe-Anker-25-000-mAh-test-avis-et-code-promo.png","type":"image\/png"}],"twitter_card":"summary_large_image","twitter_site":"@braindegeek","twitter_misc":{"Dur\u00e9e de lecture estim\u00e9e":"3 minutes"},"schema":{"@context":"https:\/\/schema.org","@graph":[{"@type":"WebPage","@id":"https:\/\/braindegeek.shop\/index.php\/produit\/batterie-externe-anker-25-000-mah-test-avis-et-code-promo\/","url":"https:\/\/braindegeek.shop\/index.php\/produit\/batterie-externe-anker-25-000-mah-test-avis-et-code-promo\/","name":"Batterie externe Anker 25 000 mAh, test, avis et code promo - Braindegeek","isPartOf":{"@id":"https:\/\/braindegeek.shop\/#website"},"primaryImageOfPage":{"@id":"https:\/\/braindegeek.shop\/index.php\/produit\/batterie-externe-anker-25-000-mah-test-avis-et-code-promo\/#primaryimage"},"image":{"@id":"https:\/\/braindegeek.shop\/index.php\/produit\/batterie-externe-anker-25-000-mah-test-avis-et-code-promo\/#primaryimage"},"thumbnailUrl":"https:\/\/braindegeek.shop\/wp-content\/uploads\/2026\/02\/Batterie-externe-Anker-25-000-mAh-test-avis-et-code-promo.png","datePublished":"2026-02-17T08:30:50+00:00","dateModified":"2026-02-17T08:33:08+00:00","description":"La batterie externe Anker 25 000 mAh 100W est con\u00e7ue pour les utilisateurs exigeants qui souhaitent alimenter leurs appareils puissants en d\u00e9placement.","breadcrumb":{"@id":"https:\/\/braindegeek.shop\/index.php\/produit\/batterie-externe-anker-25-000-mah-test-avis-et-code-promo\/#breadcrumb"},"inLanguage":"fr-FR","potentialAction":[{"@type":"ReadAction","target":["https:\/\/braindegeek.shop\/index.php\/produit\/batterie-externe-anker-25-000-mah-test-avis-et-code-promo\/"]}]},{"@type":"ImageObject","inLanguage":"fr-FR","@id":"https:\/\/braindegeek.shop\/index.php\/produit\/batterie-externe-anker-25-000-mah-test-avis-et-code-promo\/#primaryimage","url":"https:\/\/braindegeek.shop\/wp-content\/uploads\/2026\/02\/Batterie-externe-Anker-25-000-mAh-test-avis-et-code-promo.png","contentUrl":"https:\/\/braindegeek.shop\/wp-content\/uploads\/2026\/02\/Batterie-externe-Anker-25-000-mAh-test-avis-et-code-promo.png","width":500,"height":500,"caption":"Batterie externe Anker 25 000 mAh, test, avis et code promo"},{"@type":"BreadcrumbList","@id":"https:\/\/braindegeek.shop\/index.php\/produit\/batterie-externe-anker-25-000-mah-test-avis-et-code-promo\/#breadcrumb","itemListElement":[{"@type":"ListItem","position":1,"name":"Accueil","item":"https:\/\/braindegeek.shop\/"},{"@type":"ListItem","position":2,"name":"Boutique","item":"https:\/\/braindegeek.shop\/index.php\/boutique\/"},{"@type":"ListItem","position":3,"name":"Batterie externe Anker 25 000 mAh, test, avis et code promo"}]},{"@type":"WebSite","@id":"https:\/\/braindegeek.shop\/#website","url":"https:\/\/braindegeek.shop\/","name":"Braindegeek, votre guide d'achat pour les produits high-tech","description":"Votre guide d&#039;achat pour vos produits high-tech : robots aspirateurs, tondeuse, piscine et autres nouvelles technologies","publisher":{"@id":"https:\/\/braindegeek.shop\/#organization"},"potentialAction":[{"@type":"SearchAction","target":{"@type":"EntryPoint","urlTemplate":"https:\/\/braindegeek.shop\/?s={search_term_string}"},"query-input":{"@type":"PropertyValueSpecification","valueRequired":true,"valueName":"search_term_string"}}],"inLanguage":"fr-FR"},{"@type":"Organization","@id":"https:\/\/braindegeek.shop\/#organization","name":"Braindegeek, votre guide d'achat pour les produits high-tech","url":"https:\/\/braindegeek.shop\/","logo":{"@type":"ImageObject","inLanguage":"fr-FR","@id":"https:\/\/braindegeek.shop\/#\/schema\/logo\/image\/","url":"https:\/\/braindegeek.shop\/wp-content\/uploads\/2024\/05\/bdg-1.png","contentUrl":"https:\/\/braindegeek.shop\/wp-content\/uploads\/2024\/05\/bdg-1.png","width":150,"height":150,"caption":"Braindegeek, votre guide d'achat pour les produits high-tech"},"image":{"@id":"https:\/\/braindegeek.shop\/#\/schema\/logo\/image\/"},"sameAs":["https:\/\/www.facebook.com\/BrainDeGeek\/","https:\/\/x.com\/braindegeek","https:\/\/www.tiktok.com\/@braindegeek","https:\/\/www.youtube.com\/braindegeek"]}]}},"jetpack_sharing_enabled":true,"_links":{"self":[{"href":"https:\/\/braindegeek.shop\/index.php\/wp-json\/wp\/v2\/product\/3014","targetHints":{"allow":["GET"]}}],"collection":[{"href":"https:\/\/braindegeek.shop\/index.php\/wp-json\/wp\/v2\/product"}],"about":[{"href":"https:\/\/braindegeek.shop\/index.php\/wp-json\/wp\/v2\/types\/product"}],"replies":[{"embeddable":true,"href":"https:\/\/braindegeek.shop\/index.php\/wp-json\/wp\/v2\/comments?post=3014"}],"wp:featuredmedia":[{"embeddable":true,"href":"https:\/\/braindegeek.shop\/index.php\/wp-json\/wp\/v2\/media\/3015"}],"wp:attachment":[{"href":"https:\/\/braindegeek.shop\/index.php\/wp-json\/wp\/v2\/media?parent=3014"}],"wp:term":[{"taxonomy":"store","embeddable":true,"href":"https:\/\/braindegeek.shop\/index.php\/wp-json\/wp\/v2\/store?post=3014"},{"taxonomy":"product_brand","embeddable":true,"href":"https:\/\/braindegeek.shop\/index.php\/wp-json\/wp\/v2\/product_brand?post=3014"},{"taxonomy":"product_cat","embeddable":true,"href":"https:\/\/braindegeek.shop\/index.php\/wp-json\/wp\/v2\/product_cat?post=3014"},{"taxonomy":"product_tag","embeddable":true,"href":"https:\/\/braindegeek.shop\/index.php\/wp-json\/wp\/v2\/product_tag?post=3014"}],"curies":[{"name":"wp","href":"https:\/\/api.w.org\/{rel}","templated":true}]}}