{"id":2978,"date":"2026-02-02T11:19:19","date_gmt":"2026-02-02T10:19:19","guid":{"rendered":"https:\/\/braindegeek.shop\/?post_type=product&#038;p=2978"},"modified":"2026-02-27T20:29:07","modified_gmt":"2026-02-27T19:29:07","slug":"honor-magic-8-pro-test-avis-et-code-promo","status":"publish","type":"product","link":"https:\/\/braindegeek.shop\/index.php\/produit\/honor-magic-8-pro-test-avis-et-code-promo\/","title":{"rendered":"Honor Magic 8 Pro, test, avis et code promo"},"content":{"rendered":"<p data-start=\"292\" data-end=\"693\">Le <strong data-start=\"295\" data-end=\"318\">HONOR Magic8 Pro 5G<\/strong> est un smartphone <strong data-start=\"337\" data-end=\"354\">ultra premium<\/strong> qui repousse les limites de la photographie mobile, de l\u2019autonomie et des performances. Pens\u00e9 pour les utilisateurs exigeants, les cr\u00e9ateurs de contenu et les passionn\u00e9s de technologie, il combine un <strong data-start=\"555\" data-end=\"595\">capteur photo t\u00e9l\u00e9objectif de 200 MP<\/strong>, une <strong data-start=\"601\" data-end=\"634\">batterie massive de 6 270 mAh<\/strong> et une plateforme mat\u00e9rielle de toute derni\u00e8re g\u00e9n\u00e9ration.<\/p>\n<p data-start=\"695\" data-end=\"1107\">Au c\u0153ur de l\u2019exp\u00e9rience photo, le Magic8 Pro mise sur une <strong data-start=\"753\" data-end=\"801\">cam\u00e9ra t\u00e9l\u00e9objectif Ultra Night AI de 200 MP<\/strong>, capable de capturer des d\u00e9tails invisibles \u00e0 l\u2019\u0153il nu, m\u00eame en tr\u00e8s basse lumi\u00e8re. Gr\u00e2ce \u00e0 l\u2019intelligence artificielle avanc\u00e9e, au super zoom optimis\u00e9 et \u00e0 un nouveau mode nuit avec contr\u00f4le de l\u2019exposition, chaque clich\u00e9 gagne en profondeur, en nettet\u00e9 et en ambiance, que ce soit de jour comme de nuit.<\/p>\n<p data-start=\"1109\" data-end=\"1497\">C\u00f4t\u00e9 autonomie, HONOR franchit un nouveau cap avec sa <strong data-start=\"1163\" data-end=\"1215\">batterie silicium-carbone de nouvelle g\u00e9n\u00e9ration<\/strong>. Avec 6 270 mAh, le Magic8 Pro est con\u00e7u pour tenir une journ\u00e9e compl\u00e8te d\u2019utilisation intensive sans compromis. Et lorsqu\u2019il faut recharger, la <strong data-start=\"1361\" data-end=\"1385\">charge filaire 100 W<\/strong> et la <strong data-start=\"1392\" data-end=\"1416\">charge sans fil 80 W<\/strong> permettent de r\u00e9cup\u00e9rer rapidement de l\u2019\u00e9nergie, minimisant les temps d\u2019attente.<\/p>\n<p data-start=\"1499\" data-end=\"1857\">Le smartphone embarque \u00e9galement une interface enrichie par l\u2019IA avec le concept <strong data-start=\"1580\" data-end=\"1605\">AI Magic in One Touch<\/strong>, offrant des raccourcis intelligents, des gestes personnalisables et un acc\u00e8s rapide aux fonctions cl\u00e9s. Le tout est port\u00e9 par le <strong data-start=\"1736\" data-end=\"1764\">Snapdragon 8 Elite Gen 5<\/strong>, garantissant des performances de tr\u00e8s haut niveau en multit\u00e2che, gaming et usage quotidien.<\/p>\n<p data-start=\"1859\" data-end=\"1990\">Robuste, \u00e9l\u00e9gant et extr\u00eamement complet, le HONOR Magic8 Pro s\u2019impose comme l\u2019un des smartphones les plus avanc\u00e9s de sa g\u00e9n\u00e9ration.<\/p>\n<hr data-start=\"1992\" data-end=\"1995\" \/>\n<h2 data-start=\"1997\" data-end=\"2015\">Fiche technique<\/h2>\n<ul data-start=\"2017\" data-end=\"2602\">\n<li data-start=\"2017\" data-end=\"2049\">\n<p data-start=\"2019\" data-end=\"2049\">Mod\u00e8le : HONOR Magic8 Pro 5G<\/p>\n<\/li>\n<li data-start=\"2050\" data-end=\"2085\">\n<p data-start=\"2052\" data-end=\"2085\">Type : Smartphone haut de gamme<\/p>\n<\/li>\n<li data-start=\"2086\" data-end=\"2127\">\n<p data-start=\"2088\" data-end=\"2127\">Processeur : Snapdragon 8 Elite Gen 5<\/p>\n<\/li>\n<li data-start=\"2128\" data-end=\"2160\">\n<p data-start=\"2130\" data-end=\"2160\">M\u00e9moire vive : jusqu\u2019\u00e0 12 Go<\/p>\n<\/li>\n<li data-start=\"2161\" data-end=\"2190\">\n<p data-start=\"2163\" data-end=\"2190\">Stockage : jusqu\u2019\u00e0 512 Go<\/p>\n<\/li>\n<li data-start=\"2191\" data-end=\"2219\">\n<p data-start=\"2193\" data-end=\"2219\">\u00c9cran : OLED 6,71 pouces<\/p>\n<\/li>\n<li data-start=\"2220\" data-end=\"2294\">\n<p data-start=\"2222\" data-end=\"2294\">Appareil photo principal : t\u00e9l\u00e9objectif Ultra Night AI 200 MP avec OIS<\/p>\n<\/li>\n<li data-start=\"2295\" data-end=\"2338\">\n<p data-start=\"2297\" data-end=\"2338\">Batterie : 6 270 mAh (silicium-carbone)<\/p>\n<\/li>\n<li data-start=\"2339\" data-end=\"2377\">\n<p data-start=\"2341\" data-end=\"2377\">Charge filaire : 100 W SuperCharge<\/p>\n<\/li>\n<li data-start=\"2378\" data-end=\"2416\">\n<p data-start=\"2380\" data-end=\"2416\">Charge sans fil : 80 W SuperCharge<\/p>\n<\/li>\n<li data-start=\"2417\" data-end=\"2443\">\n<p data-start=\"2419\" data-end=\"2443\">Connectivit\u00e9 : 5G, NFC<\/p>\n<\/li>\n<li data-start=\"2444\" data-end=\"2480\">\n<p data-start=\"2446\" data-end=\"2480\">R\u00e9sistance : IP68 \/ IP69 \/ IP69K<\/p>\n<\/li>\n<li data-start=\"2481\" data-end=\"2559\">\n<p data-start=\"2483\" data-end=\"2559\">S\u00e9curit\u00e9 et robustesse : certification SGS 5 \u00e9toiles r\u00e9sistance aux chutes<\/p>\n<\/li>\n<li data-start=\"2560\" data-end=\"2602\">\n<p data-start=\"2562\" data-end=\"2602\">Syst\u00e8me : Android avec interface HONOR<\/p>\n<\/li>\n<\/ul>\n<hr data-start=\"2604\" data-end=\"2607\" \/>\n<h2 data-start=\"2609\" data-end=\"2648\">Vulgarisation des d\u00e9tails techniques<\/h2>\n<p data-start=\"2650\" data-end=\"2925\">Le <strong data-start=\"2653\" data-end=\"2680\">capteur photo de 200 MP<\/strong> permet de capturer \u00e9norm\u00e9ment de d\u00e9tails. M\u00eame en zoomant fortement dans une image, la qualit\u00e9 reste \u00e9lev\u00e9e. L\u2019intelligence artificielle analyse la sc\u00e8ne en temps r\u00e9el pour ajuster la lumi\u00e8re, les couleurs et la nettet\u00e9, notamment en mode nuit.<\/p>\n<p data-start=\"2927\" data-end=\"3170\">La <strong data-start=\"2930\" data-end=\"2959\">batterie silicium-carbone<\/strong> est plus dense qu\u2019une batterie classique. Cela signifie plus d\u2019autonomie dans un volume similaire. Avec 6 270 mAh, le smartphone peut tenir une journ\u00e9e compl\u00e8te, voire plus, m\u00eame avec une utilisation intensive.<\/p>\n<p data-start=\"3172\" data-end=\"3351\">La <strong data-start=\"3175\" data-end=\"3198\">charge rapide 100 W<\/strong> permet de recharger le t\u00e9l\u00e9phone en tr\u00e8s peu de temps. La charge sans fil 80 W offre \u00e9galement une vitesse exceptionnelle, bien sup\u00e9rieure \u00e0 la moyenne.<\/p>\n<p data-start=\"3353\" data-end=\"3500\">Le <strong data-start=\"3356\" data-end=\"3384\">Snapdragon 8 Elite Gen 5<\/strong> assure une exp\u00e9rience fluide dans toutes les situations : jeux gourmands, multit\u00e2che, vid\u00e9o, photo et IA embarqu\u00e9e.<\/p>\n<hr data-start=\"3502\" data-end=\"3505\" \/>\n<h2 data-start=\"3507\" data-end=\"3558\">Questions que les utilisateurs se posent souvent<\/h2>\n<p data-start=\"3560\" data-end=\"3712\"><strong data-start=\"3560\" data-end=\"3612\">Ce smartphone est-il bon pour la photo de nuit ?<\/strong><br data-start=\"3612\" data-end=\"3615\" \/>Oui, c\u2019est l\u2019un de ses points forts gr\u00e2ce \u00e0 la cam\u00e9ra 200 MP et \u00e0 l\u2019IA d\u00e9di\u00e9e \u00e0 la basse lumi\u00e8re.<\/p>\n<p data-start=\"3714\" data-end=\"3836\"><strong data-start=\"3714\" data-end=\"3759\">L\u2019autonomie est-elle vraiment meilleure ?<\/strong><br data-start=\"3759\" data-end=\"3762\" \/>Oui, la batterie de 6 270 mAh offre une endurance sup\u00e9rieure \u00e0 la moyenne.<\/p>\n<p data-start=\"3838\" data-end=\"3946\"><strong data-start=\"3838\" data-end=\"3869\">La charge est-elle rapide ?<\/strong><br data-start=\"3869\" data-end=\"3872\" \/>Oui, aussi bien en filaire qu\u2019en sans fil, avec des vitesses tr\u00e8s \u00e9lev\u00e9es.<\/p>\n<p data-start=\"3948\" data-end=\"4070\"><strong data-start=\"3948\" data-end=\"3978\">Est-il r\u00e9sistant \u00e0 l\u2019eau ?<\/strong><br data-start=\"3978\" data-end=\"3981\" \/>Oui, il est certifi\u00e9 IP68, IP69 et IP69K, y compris contre les jets d\u2019eau haute pression.<\/p>\n<p data-start=\"4072\" data-end=\"4197\"><strong data-start=\"4072\" data-end=\"4104\">Convient-il pour le gaming ?<\/strong><br data-start=\"4104\" data-end=\"4107\" \/>Oui, le processeur haut de gamme et l\u2019\u00e9cran OLED offrent une excellente exp\u00e9rience de jeu.<\/p>\n<hr data-start=\"4199\" data-end=\"4202\" \/>\n<h2 data-start=\"4204\" data-end=\"4227\">Avantages du produit<\/h2>\n<ul data-start=\"4229\" data-end=\"4557\">\n<li data-start=\"4229\" data-end=\"4283\">\n<p data-start=\"4231\" data-end=\"4283\">Cam\u00e9ra t\u00e9l\u00e9objectif AI de 200 MP ultra performante<\/p>\n<\/li>\n<li data-start=\"4284\" data-end=\"4319\">\n<p data-start=\"4286\" data-end=\"4319\">Excellente photographie de nuit<\/p>\n<\/li>\n<li data-start=\"4320\" data-end=\"4348\">\n<p data-start=\"4322\" data-end=\"4348\">Autonomie exceptionnelle<\/p>\n<\/li>\n<li data-start=\"4349\" data-end=\"4392\">\n<p data-start=\"4351\" data-end=\"4392\">Charge filaire et sans fil ultra rapide<\/p>\n<\/li>\n<li data-start=\"4393\" data-end=\"4428\">\n<p data-start=\"4395\" data-end=\"4428\">Performances tr\u00e8s haut de gamme<\/p>\n<\/li>\n<li data-start=\"4429\" data-end=\"4460\">\n<p data-start=\"4431\" data-end=\"4460\">Interface enrichie par l\u2019IA<\/p>\n<\/li>\n<li data-start=\"4461\" data-end=\"4520\">\n<p data-start=\"4463\" data-end=\"4520\">R\u00e9sistance extr\u00eame \u00e0 l\u2019eau, \u00e0 la poussi\u00e8re et aux chocs<\/p>\n<\/li>\n<li data-start=\"4521\" data-end=\"4557\">\n<p data-start=\"4523\" data-end=\"4557\">Smartphone premium et polyvalent<\/p>\n<\/li>\n<\/ul>\n","protected":false},"excerpt":{"rendered":"<p data-start=\"4606\" data-end=\"4887\">Le <strong data-start=\"4609\" data-end=\"4632\">HONOR Magic8 Pro 5G<\/strong> repr\u00e9sente l\u2019aboutissement de la vision haut de gamme de HONOR en mati\u00e8re de smartphone. Con\u00e7u pour repousser les limites de la photographie mobile, de l\u2019autonomie et de la robustesse, il s\u2019adresse aux utilisateurs qui veulent le meilleur sans compromis.<\/p>\n<p data-start=\"4889\" data-end=\"5304\">Son atout majeur r\u00e9side dans sa <strong data-start=\"4921\" data-end=\"4969\">cam\u00e9ra t\u00e9l\u00e9objectif Ultra Night AI de 200 MP<\/strong>. Gr\u00e2ce \u00e0 un capteur de tr\u00e8s haute r\u00e9solution et \u00e0 un traitement IA avanc\u00e9, le Magic8 Pro capture des images riches en d\u00e9tails, m\u00eame dans des conditions de faible luminosit\u00e9. Le nouveau mode nuit permet d\u2019ajuster pr\u00e9cis\u00e9ment l\u2019exposition et de restituer des sc\u00e8nes r\u00e9alistes, avec une excellente gestion des couleurs et des contrastes.<\/p>\n<p data-start=\"5306\" data-end=\"5617\">La puissance du <strong data-start=\"5322\" data-end=\"5350\">Snapdragon 8 Elite Gen 5<\/strong> garantit une exp\u00e9rience fluide et r\u00e9active. Que ce soit pour le multit\u00e2che, le montage vid\u00e9o mobile, la retouche photo ou le gaming, le smartphone r\u00e9pond instantan\u00e9ment. Associ\u00e9 \u00e0 une grande quantit\u00e9 de m\u00e9moire et de stockage, il est taill\u00e9 pour durer dans le temps.<\/p>\n<p data-start=\"5619\" data-end=\"5958\">L\u2019autonomie est un autre point fort. La <strong data-start=\"5659\" data-end=\"5701\">batterie silicium-carbone de 6 270 mAh<\/strong> permet de tenir toute une journ\u00e9e, m\u00eame avec un usage intensif m\u00ealant photo, vid\u00e9o, navigation et jeux. Et lorsque la batterie est faible, la charge rapide HONOR SuperCharge permet de r\u00e9cup\u00e9rer rapidement plusieurs heures d\u2019utilisation en quelques minutes.<\/p>\n<p data-start=\"5960\" data-end=\"6220\">L\u2019exp\u00e9rience utilisateur est enrichie par <strong data-start=\"6002\" data-end=\"6027\">AI Magic in One Touch<\/strong>, qui simplifie l\u2019acc\u00e8s aux fonctions cl\u00e9s. Les gestes intelligents, les raccourcis personnalisables et l\u2019int\u00e9gration de l\u2019IA rendent l\u2019utilisation plus intuitive et plus efficace au quotidien.<\/p>\n<p data-start=\"6222\" data-end=\"6623\">C\u00f4t\u00e9 \u00e9cran, la dalle <strong data-start=\"6243\" data-end=\"6266\">OLED de 6,71 pouces<\/strong> offre un affichage immersif, lumineux et pr\u00e9cis, id\u00e9al pour le multim\u00e9dia, la lecture ou les jeux. La robustesse n\u2019est pas en reste gr\u00e2ce aux certifications <strong data-start=\"6424\" data-end=\"6447\">IP68, IP69 et IP69K<\/strong>, qui garantissent une r\u00e9sistance exceptionnelle \u00e0 l\u2019eau, \u00e0 la poussi\u00e8re et aux conditions extr\u00eames. La certification SGS 5 \u00e9toiles renforce encore la durabilit\u00e9 de l\u2019appareil.<\/p>\n<p data-start=\"6625\" data-end=\"6945\">En r\u00e9sum\u00e9, le <strong data-start=\"6639\" data-end=\"6662\">HONOR Magic8 Pro 5G<\/strong> est un smartphone ultra complet, pens\u00e9 pour ceux qui recherchent une <strong data-start=\"6732\" data-end=\"6768\">photographie mobile de r\u00e9f\u00e9rence<\/strong>, une autonomie hors norme, des performances de pointe et une r\u00e9sistance exemplaire. Un mod\u00e8le taill\u00e9 pour durer et accompagner tous les usages, du quotidien aux plus exigeants.<\/p>\n","protected":false},"featured_media":2979,"comment_status":"open","ping_status":"closed","template":"","meta":{"_gspb_post_css":""},"store":[349],"product_brand":[],"product_cat":[403],"product_tag":[],"class_list":{"0":"post-2978","1":"product","2":"type-product","3":"status-publish","4":"has-post-thumbnail","6":"store-honor","7":"product_cat-smartphone","9":"first","10":"instock","11":"shipping-taxable","12":"product-type-external"},"yoast_head":"<!-- This site is optimized with the Yoast SEO plugin v27.5 - https:\/\/yoast.com\/product\/yoast-seo-wordpress\/ -->\n<title>Honor Magic 8 Pro, test, avis et code promo - Braindegeek<\/title>\n<meta name=\"description\" content=\"Le HONOR Magic8 Pro 5G est un smartphone ultra premium qui repousse les limites de la photographie mobile, de l\u2019autonomie et des performances.\" \/>\n<meta name=\"robots\" content=\"index, follow, max-snippet:-1, max-image-preview:large, max-video-preview:-1\" \/>\n<link rel=\"canonical\" href=\"http:\/\/braindegeek.shop\/index.php\/produit\/honor-magic-8-pro-test-avis-et-code-promo\/\" \/>\n<meta property=\"og:locale\" content=\"fr_FR\" \/>\n<meta property=\"og:type\" content=\"article\" \/>\n<meta property=\"og:title\" content=\"Honor Magic 8 Pro, test, avis et code promo - Braindegeek\" \/>\n<meta property=\"og:description\" content=\"Le HONOR Magic8 Pro 5G est un smartphone ultra premium qui repousse les limites de la photographie mobile, de l\u2019autonomie et des performances.\" \/>\n<meta property=\"og:url\" content=\"http:\/\/braindegeek.shop\/index.php\/produit\/honor-magic-8-pro-test-avis-et-code-promo\/\" \/>\n<meta property=\"og:site_name\" content=\"Braindegeek\" \/>\n<meta property=\"article:publisher\" content=\"https:\/\/www.facebook.com\/BrainDeGeek\/\" \/>\n<meta property=\"article:modified_time\" content=\"2026-02-27T19:29:07+00:00\" \/>\n<meta property=\"og:image\" content=\"http:\/\/braindegeek.shop\/wp-content\/uploads\/2026\/02\/Honor-Magic-8-Pro-test-avis-et-code-promo.png\" \/>\n\t<meta property=\"og:image:width\" content=\"500\" \/>\n\t<meta property=\"og:image:height\" content=\"500\" \/>\n\t<meta property=\"og:image:type\" content=\"image\/png\" \/>\n<meta name=\"twitter:card\" content=\"summary_large_image\" \/>\n<meta name=\"twitter:site\" content=\"@braindegeek\" \/>\n<meta name=\"twitter:label1\" content=\"Dur\u00e9e de lecture estim\u00e9e\" \/>\n\t<meta name=\"twitter:data1\" content=\"4 minutes\" \/>\n<script type=\"application\/ld+json\" class=\"yoast-schema-graph\">{\"@context\":\"https:\\\/\\\/schema.org\",\"@graph\":[{\"@type\":\"WebPage\",\"@id\":\"http:\\\/\\\/braindegeek.shop\\\/index.php\\\/produit\\\/honor-magic-8-pro-test-avis-et-code-promo\\\/\",\"url\":\"http:\\\/\\\/braindegeek.shop\\\/index.php\\\/produit\\\/honor-magic-8-pro-test-avis-et-code-promo\\\/\",\"name\":\"Honor Magic 8 Pro, test, avis et code promo - Braindegeek\",\"isPartOf\":{\"@id\":\"http:\\\/\\\/braindegeek.shop\\\/#website\"},\"primaryImageOfPage\":{\"@id\":\"http:\\\/\\\/braindegeek.shop\\\/index.php\\\/produit\\\/honor-magic-8-pro-test-avis-et-code-promo\\\/#primaryimage\"},\"image\":{\"@id\":\"http:\\\/\\\/braindegeek.shop\\\/index.php\\\/produit\\\/honor-magic-8-pro-test-avis-et-code-promo\\\/#primaryimage\"},\"thumbnailUrl\":\"https:\\\/\\\/braindegeek.shop\\\/wp-content\\\/uploads\\\/2026\\\/02\\\/Honor-Magic-8-Pro-test-avis-et-code-promo.png\",\"datePublished\":\"2026-02-02T10:19:19+00:00\",\"dateModified\":\"2026-02-27T19:29:07+00:00\",\"description\":\"Le HONOR Magic8 Pro 5G est un smartphone ultra premium qui repousse les limites de la photographie mobile, de l\u2019autonomie et des performances.\",\"breadcrumb\":{\"@id\":\"http:\\\/\\\/braindegeek.shop\\\/index.php\\\/produit\\\/honor-magic-8-pro-test-avis-et-code-promo\\\/#breadcrumb\"},\"inLanguage\":\"fr-FR\",\"potentialAction\":[{\"@type\":\"ReadAction\",\"target\":[\"http:\\\/\\\/braindegeek.shop\\\/index.php\\\/produit\\\/honor-magic-8-pro-test-avis-et-code-promo\\\/\"]}]},{\"@type\":\"ImageObject\",\"inLanguage\":\"fr-FR\",\"@id\":\"http:\\\/\\\/braindegeek.shop\\\/index.php\\\/produit\\\/honor-magic-8-pro-test-avis-et-code-promo\\\/#primaryimage\",\"url\":\"https:\\\/\\\/braindegeek.shop\\\/wp-content\\\/uploads\\\/2026\\\/02\\\/Honor-Magic-8-Pro-test-avis-et-code-promo.png\",\"contentUrl\":\"https:\\\/\\\/braindegeek.shop\\\/wp-content\\\/uploads\\\/2026\\\/02\\\/Honor-Magic-8-Pro-test-avis-et-code-promo.png\",\"width\":500,\"height\":500,\"caption\":\"Honor Magic 8 Pro, test, avis et code promo\"},{\"@type\":\"BreadcrumbList\",\"@id\":\"http:\\\/\\\/braindegeek.shop\\\/index.php\\\/produit\\\/honor-magic-8-pro-test-avis-et-code-promo\\\/#breadcrumb\",\"itemListElement\":[{\"@type\":\"ListItem\",\"position\":1,\"name\":\"Accueil\",\"item\":\"http:\\\/\\\/braindegeek.shop\\\/\"},{\"@type\":\"ListItem\",\"position\":2,\"name\":\"Boutique\",\"item\":\"http:\\\/\\\/braindegeek.shop\\\/index.php\\\/boutique\\\/\"},{\"@type\":\"ListItem\",\"position\":3,\"name\":\"Honor Magic 8 Pro, test, avis et code promo\"}]},{\"@type\":\"WebSite\",\"@id\":\"http:\\\/\\\/braindegeek.shop\\\/#website\",\"url\":\"http:\\\/\\\/braindegeek.shop\\\/\",\"name\":\"Braindegeek, votre guide d'achat pour les produits high-tech\",\"description\":\"Votre guide d&#039;achat pour vos produits high-tech : robots aspirateurs, tondeuse, piscine et autres nouvelles technologies\",\"publisher\":{\"@id\":\"http:\\\/\\\/braindegeek.shop\\\/#organization\"},\"potentialAction\":[{\"@type\":\"SearchAction\",\"target\":{\"@type\":\"EntryPoint\",\"urlTemplate\":\"http:\\\/\\\/braindegeek.shop\\\/?s={search_term_string}\"},\"query-input\":{\"@type\":\"PropertyValueSpecification\",\"valueRequired\":true,\"valueName\":\"search_term_string\"}}],\"inLanguage\":\"fr-FR\"},{\"@type\":\"Organization\",\"@id\":\"http:\\\/\\\/braindegeek.shop\\\/#organization\",\"name\":\"Braindegeek, votre guide d'achat pour les produits high-tech\",\"url\":\"http:\\\/\\\/braindegeek.shop\\\/\",\"logo\":{\"@type\":\"ImageObject\",\"inLanguage\":\"fr-FR\",\"@id\":\"http:\\\/\\\/braindegeek.shop\\\/#\\\/schema\\\/logo\\\/image\\\/\",\"url\":\"https:\\\/\\\/braindegeek.shop\\\/wp-content\\\/uploads\\\/2024\\\/05\\\/bdg-1.png\",\"contentUrl\":\"https:\\\/\\\/braindegeek.shop\\\/wp-content\\\/uploads\\\/2024\\\/05\\\/bdg-1.png\",\"width\":150,\"height\":150,\"caption\":\"Braindegeek, votre guide d'achat pour les produits high-tech\"},\"image\":{\"@id\":\"http:\\\/\\\/braindegeek.shop\\\/#\\\/schema\\\/logo\\\/image\\\/\"},\"sameAs\":[\"https:\\\/\\\/www.facebook.com\\\/BrainDeGeek\\\/\",\"https:\\\/\\\/x.com\\\/braindegeek\",\"https:\\\/\\\/www.tiktok.com\\\/@braindegeek\",\"https:\\\/\\\/www.youtube.com\\\/braindegeek\"]}]}<\/script>\n<!-- \/ Yoast SEO plugin. -->","yoast_head_json":{"title":"Honor Magic 8 Pro, test, avis et code promo - Braindegeek","description":"Le HONOR Magic8 Pro 5G est un smartphone ultra premium qui repousse les limites de la photographie mobile, de l\u2019autonomie et des performances.","robots":{"index":"index","follow":"follow","max-snippet":"max-snippet:-1","max-image-preview":"max-image-preview:large","max-video-preview":"max-video-preview:-1"},"canonical":"http:\/\/braindegeek.shop\/index.php\/produit\/honor-magic-8-pro-test-avis-et-code-promo\/","og_locale":"fr_FR","og_type":"article","og_title":"Honor Magic 8 Pro, test, avis et code promo - Braindegeek","og_description":"Le HONOR Magic8 Pro 5G est un smartphone ultra premium qui repousse les limites de la photographie mobile, de l\u2019autonomie et des performances.","og_url":"http:\/\/braindegeek.shop\/index.php\/produit\/honor-magic-8-pro-test-avis-et-code-promo\/","og_site_name":"Braindegeek","article_publisher":"https:\/\/www.facebook.com\/BrainDeGeek\/","article_modified_time":"2026-02-27T19:29:07+00:00","og_image":[{"width":500,"height":500,"url":"http:\/\/braindegeek.shop\/wp-content\/uploads\/2026\/02\/Honor-Magic-8-Pro-test-avis-et-code-promo.png","type":"image\/png"}],"twitter_card":"summary_large_image","twitter_site":"@braindegeek","twitter_misc":{"Dur\u00e9e de lecture estim\u00e9e":"4 minutes"},"schema":{"@context":"https:\/\/schema.org","@graph":[{"@type":"WebPage","@id":"http:\/\/braindegeek.shop\/index.php\/produit\/honor-magic-8-pro-test-avis-et-code-promo\/","url":"http:\/\/braindegeek.shop\/index.php\/produit\/honor-magic-8-pro-test-avis-et-code-promo\/","name":"Honor Magic 8 Pro, test, avis et code promo - Braindegeek","isPartOf":{"@id":"http:\/\/braindegeek.shop\/#website"},"primaryImageOfPage":{"@id":"http:\/\/braindegeek.shop\/index.php\/produit\/honor-magic-8-pro-test-avis-et-code-promo\/#primaryimage"},"image":{"@id":"http:\/\/braindegeek.shop\/index.php\/produit\/honor-magic-8-pro-test-avis-et-code-promo\/#primaryimage"},"thumbnailUrl":"https:\/\/braindegeek.shop\/wp-content\/uploads\/2026\/02\/Honor-Magic-8-Pro-test-avis-et-code-promo.png","datePublished":"2026-02-02T10:19:19+00:00","dateModified":"2026-02-27T19:29:07+00:00","description":"Le HONOR Magic8 Pro 5G est un smartphone ultra premium qui repousse les limites de la photographie mobile, de l\u2019autonomie et des performances.","breadcrumb":{"@id":"http:\/\/braindegeek.shop\/index.php\/produit\/honor-magic-8-pro-test-avis-et-code-promo\/#breadcrumb"},"inLanguage":"fr-FR","potentialAction":[{"@type":"ReadAction","target":["http:\/\/braindegeek.shop\/index.php\/produit\/honor-magic-8-pro-test-avis-et-code-promo\/"]}]},{"@type":"ImageObject","inLanguage":"fr-FR","@id":"http:\/\/braindegeek.shop\/index.php\/produit\/honor-magic-8-pro-test-avis-et-code-promo\/#primaryimage","url":"https:\/\/braindegeek.shop\/wp-content\/uploads\/2026\/02\/Honor-Magic-8-Pro-test-avis-et-code-promo.png","contentUrl":"https:\/\/braindegeek.shop\/wp-content\/uploads\/2026\/02\/Honor-Magic-8-Pro-test-avis-et-code-promo.png","width":500,"height":500,"caption":"Honor Magic 8 Pro, test, avis et code promo"},{"@type":"BreadcrumbList","@id":"http:\/\/braindegeek.shop\/index.php\/produit\/honor-magic-8-pro-test-avis-et-code-promo\/#breadcrumb","itemListElement":[{"@type":"ListItem","position":1,"name":"Accueil","item":"http:\/\/braindegeek.shop\/"},{"@type":"ListItem","position":2,"name":"Boutique","item":"http:\/\/braindegeek.shop\/index.php\/boutique\/"},{"@type":"ListItem","position":3,"name":"Honor Magic 8 Pro, test, avis et code promo"}]},{"@type":"WebSite","@id":"http:\/\/braindegeek.shop\/#website","url":"http:\/\/braindegeek.shop\/","name":"Braindegeek, votre guide d'achat pour les produits high-tech","description":"Votre guide d&#039;achat pour vos produits high-tech : robots aspirateurs, tondeuse, piscine et autres nouvelles technologies","publisher":{"@id":"http:\/\/braindegeek.shop\/#organization"},"potentialAction":[{"@type":"SearchAction","target":{"@type":"EntryPoint","urlTemplate":"http:\/\/braindegeek.shop\/?s={search_term_string}"},"query-input":{"@type":"PropertyValueSpecification","valueRequired":true,"valueName":"search_term_string"}}],"inLanguage":"fr-FR"},{"@type":"Organization","@id":"http:\/\/braindegeek.shop\/#organization","name":"Braindegeek, votre guide d'achat pour les produits high-tech","url":"http:\/\/braindegeek.shop\/","logo":{"@type":"ImageObject","inLanguage":"fr-FR","@id":"http:\/\/braindegeek.shop\/#\/schema\/logo\/image\/","url":"https:\/\/braindegeek.shop\/wp-content\/uploads\/2024\/05\/bdg-1.png","contentUrl":"https:\/\/braindegeek.shop\/wp-content\/uploads\/2024\/05\/bdg-1.png","width":150,"height":150,"caption":"Braindegeek, votre guide d'achat pour les produits high-tech"},"image":{"@id":"http:\/\/braindegeek.shop\/#\/schema\/logo\/image\/"},"sameAs":["https:\/\/www.facebook.com\/BrainDeGeek\/","https:\/\/x.com\/braindegeek","https:\/\/www.tiktok.com\/@braindegeek","https:\/\/www.youtube.com\/braindegeek"]}]}},"jetpack_sharing_enabled":true,"_links":{"self":[{"href":"https:\/\/braindegeek.shop\/index.php\/wp-json\/wp\/v2\/product\/2978","targetHints":{"allow":["GET"]}}],"collection":[{"href":"https:\/\/braindegeek.shop\/index.php\/wp-json\/wp\/v2\/product"}],"about":[{"href":"https:\/\/braindegeek.shop\/index.php\/wp-json\/wp\/v2\/types\/product"}],"replies":[{"embeddable":true,"href":"https:\/\/braindegeek.shop\/index.php\/wp-json\/wp\/v2\/comments?post=2978"}],"wp:featuredmedia":[{"embeddable":true,"href":"https:\/\/braindegeek.shop\/index.php\/wp-json\/wp\/v2\/media\/2979"}],"wp:attachment":[{"href":"https:\/\/braindegeek.shop\/index.php\/wp-json\/wp\/v2\/media?parent=2978"}],"wp:term":[{"taxonomy":"store","embeddable":true,"href":"https:\/\/braindegeek.shop\/index.php\/wp-json\/wp\/v2\/store?post=2978"},{"taxonomy":"product_brand","embeddable":true,"href":"https:\/\/braindegeek.shop\/index.php\/wp-json\/wp\/v2\/product_brand?post=2978"},{"taxonomy":"product_cat","embeddable":true,"href":"https:\/\/braindegeek.shop\/index.php\/wp-json\/wp\/v2\/product_cat?post=2978"},{"taxonomy":"product_tag","embeddable":true,"href":"https:\/\/braindegeek.shop\/index.php\/wp-json\/wp\/v2\/product_tag?post=2978"}],"curies":[{"name":"wp","href":"https:\/\/api.w.org\/{rel}","templated":true}]}}