{"id":2684,"date":"2025-04-22T16:44:34","date_gmt":"2025-04-22T14:44:34","guid":{"rendered":"https:\/\/braindegeek.shop\/?post_type=product&#038;p=2684"},"modified":"2025-12-08T05:33:32","modified_gmt":"2025-12-08T04:33:32","slug":"insta360-x5-test-avis-et-code-promo-et-comparaison-x4","status":"publish","type":"product","link":"https:\/\/braindegeek.shop\/index.php\/produit\/insta360-x5-test-avis-et-code-promo-et-comparaison-x4\/","title":{"rendered":"Insta360 X5, test, avis et code promo et comparaison X4"},"content":{"rendered":"<h2 class=\"\" data-start=\"150\" data-end=\"220\">Insta360 X5 \u2013 La nouvelle l\u00e9gende de la capture immersive \u00e0 360\u00b0<\/h2>\n<h3 class=\"\" data-start=\"222\" data-end=\"270\">La cam\u00e9ra 360\u00b0 la plus avanc\u00e9e jamais con\u00e7ue<\/h3>\n<p class=\"\" data-start=\"272\" data-end=\"699\">L\u2019Insta360 X5 red\u00e9finit les standards de la vid\u00e9o immersive. Que vous soyez cr\u00e9ateur de contenu, sportif extr\u00eame ou simple passionn\u00e9 de belles images, cette cam\u00e9ra 360\u00b0 est con\u00e7ue pour capturer l\u2019int\u00e9gralit\u00e9 de votre monde avec un r\u00e9alisme bluffant. Gr\u00e2ce \u00e0 ses capteurs doubles de 1\/1,28&Prime;, sa triple puce d&rsquo;IA ultra-rapide, et ses objectifs rempla\u00e7ables, elle vous accompagne partout\u2026 m\u00eame l\u00e0 o\u00f9 les autres cam\u00e9ras s\u2019arr\u00eatent.<\/p>\n<hr class=\"\" data-start=\"701\" data-end=\"704\" \/>\n<h3 class=\"\" data-start=\"706\" data-end=\"734\">\ud83d\udcf7 Caract\u00e9ristiques cl\u00e9s<\/h3>\n<h4 class=\"\" data-start=\"736\" data-end=\"789\">\ud83d\udd39 Capteurs 1\/1,28&Prime; : plus grands, plus lumineux<\/h4>\n<p class=\"\" data-start=\"790\" data-end=\"985\">Les capteurs de la X5 sont 144 % plus grands que ceux de la g\u00e9n\u00e9ration pr\u00e9c\u00e9dente. R\u00e9sultat ? Plus de lumi\u00e8re capt\u00e9e, des couleurs plus fid\u00e8les et une image plus nette, m\u00eame en faible luminosit\u00e9.<\/p>\n<h4 class=\"\" data-start=\"987\" data-end=\"1022\">\ud83d\udd39 Vid\u00e9o \u00e0 360\u00b0 en 8K \u00e0 30 ips<\/h4>\n<p class=\"\" data-start=\"1023\" data-end=\"1195\">Revivez chaque d\u00e9tail avec une clart\u00e9 \u00e9poustouflante. La X5 utilise un sur\u00e9chantillonnage 11K \u2192 8K pour maximiser la densit\u00e9 de pixels et offrir des vid\u00e9os ultra-r\u00e9alistes.<\/p>\n<h4 class=\"\" data-start=\"1197\" data-end=\"1239\">\ud83d\udd39 Mode PureVideo avec triple puce IA<\/h4>\n<p class=\"\" data-start=\"1240\" data-end=\"1472\">Une technologie exclusive qui am\u00e9liore radicalement les prises de vue en basse lumi\u00e8re. Gr\u00e2ce \u00e0 une r\u00e9duction du bruit optimis\u00e9e par IA et une plage dynamique \u00e9tendue, vos vid\u00e9os nocturnes sont d\u00e9sormais exploitables sans compromis.<\/p>\n<h4 class=\"\" data-start=\"1474\" data-end=\"1525\">\ud83d\udd39 Stabilisation FlowState + Horizon Lock 360\u00b0<\/h4>\n<p class=\"\" data-start=\"1526\" data-end=\"1692\">Peu importe les secousses ou les mouvements brusques : vos vid\u00e9os resteront stables et fluides gr\u00e2ce \u00e0 la stabilisation FlowState et au verrouillage d\u2019horizon \u00e0 360\u00b0.<\/p>\n<hr class=\"\" data-start=\"1694\" data-end=\"1697\" \/>\n<h3 class=\"\" data-start=\"1699\" data-end=\"1742\">\ud83c\udf0d Une conception faite pour l\u2019aventure<\/h3>\n<ul data-start=\"1744\" data-end=\"2186\">\n<li class=\"\" data-start=\"1744\" data-end=\"1871\">\n<p class=\"\" data-start=\"1746\" data-end=\"1871\"><strong data-start=\"1746\" data-end=\"1775\">\u00c9tanche jusqu\u2019\u00e0 15 m\u00e8tres<\/strong> sans caisson, et jusqu\u2019\u00e0 <strong data-start=\"1801\" data-end=\"1851\">60 m\u00e8tres avec le caisson de plong\u00e9e invisible<\/strong> (vendu s\u00e9par\u00e9ment).<\/p>\n<\/li>\n<li class=\"\" data-start=\"1872\" data-end=\"1971\">\n<p class=\"\" data-start=\"1874\" data-end=\"1971\"><strong data-start=\"1874\" data-end=\"1902\">Autonomie de 185 minutes<\/strong> avec une batterie de 2400 mAh. Recharge rapide : 80 % en 20 minutes.<\/p>\n<\/li>\n<li class=\"\" data-start=\"1972\" data-end=\"2071\">\n<p class=\"\" data-start=\"1974\" data-end=\"2071\"><strong data-start=\"1974\" data-end=\"2026\">Objectifs en verre ultra-durable et rempla\u00e7ables<\/strong>, pour continuer \u00e0 filmer m\u00eame apr\u00e8s un choc.<\/p>\n<\/li>\n<li class=\"\" data-start=\"2072\" data-end=\"2186\">\n<p class=\"\" data-start=\"2074\" data-end=\"2186\"><strong data-start=\"2074\" data-end=\"2096\">Montage magn\u00e9tique<\/strong> : changez d\u2019accessoire en un clin d&rsquo;\u0153il. M\u00eame les batteries sont rempla\u00e7ables \u00e0 la vol\u00e9e.<\/p>\n<\/li>\n<\/ul>\n<hr class=\"\" data-start=\"2188\" data-end=\"2191\" \/>\n<h3 class=\"\" data-start=\"2193\" data-end=\"2229\">\ud83c\udfaf Fonctionnalit\u00e9s intelligentes<\/h3>\n<ul data-start=\"2231\" data-end=\"2937\">\n<li class=\"\" data-start=\"2231\" data-end=\"2398\">\n<p class=\"\" data-start=\"2233\" data-end=\"2398\"><strong data-start=\"2233\" data-end=\"2268\">Effet perche \u00e0 selfie invisible<\/strong> : l\u2019algorithme supprime automatiquement la perche dans vos vid\u00e9os. Parfait pour cr\u00e9er des plans a\u00e9riens fa\u00e7on drone\u2026 sans drone !<\/p>\n<\/li>\n<li class=\"\" data-start=\"2399\" data-end=\"2527\">\n<p class=\"\" data-start=\"2401\" data-end=\"2527\"><strong data-start=\"2401\" data-end=\"2432\">Active HDR en 5,7K \u00e0 60 ips<\/strong> : capturez des sc\u00e8nes dynamiques avec un contraste naturel et une stabilisation irr\u00e9prochable.<\/p>\n<\/li>\n<li class=\"\" data-start=\"2528\" data-end=\"2616\">\n<p class=\"\" data-start=\"2530\" data-end=\"2616\"><strong data-start=\"2530\" data-end=\"2549\">Mode InstaFrame<\/strong> : filmez une vid\u00e9o 360\u00b0 et une vid\u00e9o cadr\u00e9e (plate) en m\u00eame temps.<\/p>\n<\/li>\n<li class=\"\" data-start=\"2617\" data-end=\"2732\">\n<p class=\"\" data-start=\"2619\" data-end=\"2732\"><strong data-start=\"2619\" data-end=\"2647\">Recadrage assist\u00e9 par IA<\/strong> : filmez d\u2019abord, cadrez apr\u00e8s, selon les meilleurs angles d\u00e9tect\u00e9s automatiquement.<\/p>\n<\/li>\n<li class=\"\" data-start=\"2733\" data-end=\"2823\">\n<p class=\"\" data-start=\"2735\" data-end=\"2823\"><strong data-start=\"2735\" data-end=\"2769\">Mode mono-objectif 4K \u00e0 60 ips<\/strong> : utilisez la X5 comme une cam\u00e9ra d\u2019action classique.<\/p>\n<\/li>\n<li class=\"\" data-start=\"2824\" data-end=\"2937\">\n<p class=\"\" data-start=\"2826\" data-end=\"2937\"><strong data-start=\"2826\" data-end=\"2849\">Photos 360\u00b0 \u00e0 72 MP<\/strong> : obtenez des clich\u00e9s d\u2019une nettet\u00e9 incroyable, pour immortaliser des instants uniques.<\/p>\n<\/li>\n<\/ul>\n<hr class=\"\" data-start=\"2939\" data-end=\"2942\" \/>\n<h2 class=\"\" data-start=\"2944\" data-end=\"2975\">\u2753 Questions fr\u00e9quentes (FAQ)<\/h2>\n<h3 class=\"\" data-start=\"2977\" data-end=\"3036\">\u27a4 Est-ce que la Insta360 X5 est adapt\u00e9e aux d\u00e9butants ?<\/h3>\n<p class=\"\" data-start=\"3037\" data-end=\"3173\">Oui ! Malgr\u00e9 sa puissance, elle reste tr\u00e8s accessible gr\u00e2ce \u00e0 l\u2019application Insta360, qui simplifie l\u2019\u00e9dition, le cadrage et le partage.<\/p>\n<h3 class=\"\" data-start=\"3175\" data-end=\"3212\">\u27a4 Peut-on l\u2019utiliser sous l\u2019eau ?<\/h3>\n<p class=\"\" data-start=\"3213\" data-end=\"3353\">Absolument. La X5 est \u00e9tanche jusqu\u2019\u00e0 15 m sans caisson, et jusqu\u2019\u00e0 60 m avec le caisson invisible con\u00e7u pour les prises \u00e0 360\u00b0 sous-marine.<\/p>\n<h3 class=\"\" data-start=\"3355\" data-end=\"3421\">\u27a4 La stabilisation est-elle aussi efficace que sur une GoPro ?<\/h3>\n<p class=\"\" data-start=\"3422\" data-end=\"3588\">Oui, et m\u00eame plus. Gr\u00e2ce \u00e0 la stabilisation FlowState et au verrouillage d\u2019horizon \u00e0 360\u00b0, la X5 offre une fluidit\u00e9 exceptionnelle, m\u00eame lors des mouvements extr\u00eames.<\/p>\n<h3 class=\"\" data-start=\"3590\" data-end=\"3640\">\u27a4 Que faire si un objectif est ray\u00e9 ou cass\u00e9 ?<\/h3>\n<p class=\"\" data-start=\"3641\" data-end=\"3759\">Il suffit de le remplacer ! Les objectifs sont con\u00e7us pour \u00eatre facilement rempla\u00e7ables avec un kit pr\u00e9vu \u00e0 cet effet.<\/p>\n<h3 class=\"\" data-start=\"3761\" data-end=\"3834\">\u27a4 Quelle est la diff\u00e9rence entre le mode 360\u00b0 et le mode InstaFrame ?<\/h3>\n<p class=\"\" data-start=\"3835\" data-end=\"4011\">Le mode 360\u00b0 capture tout autour de vous. Le mode InstaFrame enregistre simultan\u00e9ment une vid\u00e9o 360\u00b0 et une version cadr\u00e9e (selfie ou fixe), pr\u00eate \u00e0 \u00eatre partag\u00e9e sans montage.<\/p>\n","protected":false},"excerpt":{"rendered":"<p class=\"\" data-start=\"4069\" data-end=\"4125\"><strong data-start=\"4069\" data-end=\"4125\">Insta360 X5 \u2013 Capturez tout, partout, tout le temps.<\/strong><\/p>\n<p class=\"\" data-start=\"4127\" data-end=\"4536\">La nouvelle Insta360 X5 est une r\u00e9volution dans le monde de la vid\u00e9o 360\u00b0. Avec ses capteurs de 1\/1,28&Prime;, une triple puce d\u2019intelligence artificielle et une stabilisation FlowState, elle vous offre une qualit\u00e9 d\u2019image exceptionnelle, de jour comme de nuit. Que vous soyez un aventurier en qu\u00eate de sensations fortes ou un cr\u00e9ateur de contenu \u00e0 la recherche de plans immersifs, cette cam\u00e9ra est faite pour vous.<\/p>\n<p class=\"\" data-start=\"4538\" data-end=\"4841\">Filmez en 8K \u00e0 360\u00b0 avec des d\u00e9tails incroyables, ou utilisez le mode mono-objectif pour des vid\u00e9os 4K classiques \u00e0 la premi\u00e8re personne. Le mode PureVideo vous permet de capturer des images claires m\u00eame en basse lumi\u00e8re, et l\u2019effet de perche invisible transforme vos plans en vues a\u00e9riennes sans drone.<\/p>\n<p class=\"\" data-start=\"4843\" data-end=\"5191\">Elle est \u00e9galement con\u00e7ue pour durer : ses objectifs sont robustes, rempla\u00e7ables, et son autonomie va jusqu\u2019\u00e0 185 minutes. \u00c9tanche jusqu\u2019\u00e0 15 m sans caisson, la X5 vous accompagne aussi sous l\u2019eau. C\u2019est une v\u00e9ritable cam\u00e9ra tout-en-un avec des fonctionnalit\u00e9s intelligentes comme InstaFrame, le recadrage IA ou encore la capture de photos \u00e0 72 MP.<\/p>\n<p class=\"\" data-start=\"5193\" data-end=\"5364\">Avec la Insta360 X5, filmez sans contraintes, sans refaire la sc\u00e8ne, et partagez vos contenus avec un rendu pro. Une cam\u00e9ra pens\u00e9e pour tous les angles\u2026 et tous les d\u00e9fis.<\/p>\n","protected":false},"featured_media":2685,"comment_status":"open","ping_status":"closed","template":"","meta":{"_gspb_post_css":""},"store":[240],"product_brand":[],"product_cat":[80],"product_tag":[],"class_list":{"0":"post-2684","1":"product","2":"type-product","3":"status-publish","4":"has-post-thumbnail","6":"store-insta-360","7":"product_cat-camera-photo","9":"first","10":"instock","11":"shipping-taxable","12":"product-type-external"},"yoast_head":"<!-- This site is optimized with the Yoast SEO plugin v27.5 - https:\/\/yoast.com\/product\/yoast-seo-wordpress\/ -->\n<title>Insta360 X5, test, avis et code promo et comparaison X4 - Braindegeek<\/title>\n<meta name=\"description\" content=\"Insta360 X5, test, avis et code promo et comparaison X4 La nouvelle Insta360 X5 est une r\u00e9volution dans le monde de la vid\u00e9o 360\u00b0\" \/>\n<meta name=\"robots\" content=\"index, follow, max-snippet:-1, max-image-preview:large, max-video-preview:-1\" \/>\n<link rel=\"canonical\" href=\"https:\/\/braindegeek.shop\/index.php\/produit\/insta360-x5-test-avis-et-code-promo-et-comparaison-x4\/\" \/>\n<meta property=\"og:locale\" content=\"fr_FR\" \/>\n<meta property=\"og:type\" content=\"article\" \/>\n<meta property=\"og:title\" content=\"Insta360 X5, test, avis et code promo et comparaison X4 - Braindegeek\" \/>\n<meta property=\"og:description\" content=\"Insta360 X5, test, avis et code promo et comparaison X4 La nouvelle Insta360 X5 est une r\u00e9volution dans le monde de la vid\u00e9o 360\u00b0\" \/>\n<meta property=\"og:url\" content=\"https:\/\/braindegeek.shop\/index.php\/produit\/insta360-x5-test-avis-et-code-promo-et-comparaison-x4\/\" \/>\n<meta property=\"og:site_name\" content=\"Braindegeek\" \/>\n<meta property=\"article:publisher\" content=\"https:\/\/www.facebook.com\/BrainDeGeek\/\" \/>\n<meta property=\"article:modified_time\" content=\"2025-12-08T04:33:32+00:00\" \/>\n<meta property=\"og:image\" content=\"https:\/\/braindegeek.shop\/wp-content\/uploads\/2025\/04\/Insta360-X5-test-avis-et-code-promo-et-comparaison-X4-1.png\" \/>\n\t<meta property=\"og:image:width\" content=\"500\" \/>\n\t<meta property=\"og:image:height\" content=\"500\" \/>\n\t<meta property=\"og:image:type\" content=\"image\/png\" \/>\n<meta name=\"twitter:card\" content=\"summary_large_image\" \/>\n<meta name=\"twitter:site\" content=\"@braindegeek\" \/>\n<meta name=\"twitter:label1\" content=\"Dur\u00e9e de lecture estim\u00e9e\" \/>\n\t<meta name=\"twitter:data1\" content=\"4 minutes\" \/>\n<script type=\"application\/ld+json\" class=\"yoast-schema-graph\">{\"@context\":\"https:\\\/\\\/schema.org\",\"@graph\":[{\"@type\":\"WebPage\",\"@id\":\"https:\\\/\\\/braindegeek.shop\\\/index.php\\\/produit\\\/insta360-x5-test-avis-et-code-promo-et-comparaison-x4\\\/\",\"url\":\"https:\\\/\\\/braindegeek.shop\\\/index.php\\\/produit\\\/insta360-x5-test-avis-et-code-promo-et-comparaison-x4\\\/\",\"name\":\"Insta360 X5, test, avis et code promo et comparaison X4 - Braindegeek\",\"isPartOf\":{\"@id\":\"https:\\\/\\\/braindegeek.shop\\\/#website\"},\"primaryImageOfPage\":{\"@id\":\"https:\\\/\\\/braindegeek.shop\\\/index.php\\\/produit\\\/insta360-x5-test-avis-et-code-promo-et-comparaison-x4\\\/#primaryimage\"},\"image\":{\"@id\":\"https:\\\/\\\/braindegeek.shop\\\/index.php\\\/produit\\\/insta360-x5-test-avis-et-code-promo-et-comparaison-x4\\\/#primaryimage\"},\"thumbnailUrl\":\"https:\\\/\\\/braindegeek.shop\\\/wp-content\\\/uploads\\\/2025\\\/04\\\/Insta360-X5-test-avis-et-code-promo-et-comparaison-X4-1.png\",\"datePublished\":\"2025-04-22T14:44:34+00:00\",\"dateModified\":\"2025-12-08T04:33:32+00:00\",\"description\":\"Insta360 X5, test, avis et code promo et comparaison X4 La nouvelle Insta360 X5 est une r\u00e9volution dans le monde de la vid\u00e9o 360\u00b0\",\"breadcrumb\":{\"@id\":\"https:\\\/\\\/braindegeek.shop\\\/index.php\\\/produit\\\/insta360-x5-test-avis-et-code-promo-et-comparaison-x4\\\/#breadcrumb\"},\"inLanguage\":\"fr-FR\",\"potentialAction\":[{\"@type\":\"ReadAction\",\"target\":[\"https:\\\/\\\/braindegeek.shop\\\/index.php\\\/produit\\\/insta360-x5-test-avis-et-code-promo-et-comparaison-x4\\\/\"]}]},{\"@type\":\"ImageObject\",\"inLanguage\":\"fr-FR\",\"@id\":\"https:\\\/\\\/braindegeek.shop\\\/index.php\\\/produit\\\/insta360-x5-test-avis-et-code-promo-et-comparaison-x4\\\/#primaryimage\",\"url\":\"https:\\\/\\\/braindegeek.shop\\\/wp-content\\\/uploads\\\/2025\\\/04\\\/Insta360-X5-test-avis-et-code-promo-et-comparaison-X4-1.png\",\"contentUrl\":\"https:\\\/\\\/braindegeek.shop\\\/wp-content\\\/uploads\\\/2025\\\/04\\\/Insta360-X5-test-avis-et-code-promo-et-comparaison-X4-1.png\",\"width\":500,\"height\":500,\"caption\":\"Insta360 X5, test, avis et code promo et comparaison X4 (1)\"},{\"@type\":\"BreadcrumbList\",\"@id\":\"https:\\\/\\\/braindegeek.shop\\\/index.php\\\/produit\\\/insta360-x5-test-avis-et-code-promo-et-comparaison-x4\\\/#breadcrumb\",\"itemListElement\":[{\"@type\":\"ListItem\",\"position\":1,\"name\":\"Accueil\",\"item\":\"https:\\\/\\\/braindegeek.shop\\\/\"},{\"@type\":\"ListItem\",\"position\":2,\"name\":\"Boutique\",\"item\":\"http:\\\/\\\/braindegeek.shop\\\/index.php\\\/boutique\\\/\"},{\"@type\":\"ListItem\",\"position\":3,\"name\":\"Insta360 X5, test, avis et code promo et comparaison X4\"}]},{\"@type\":\"WebSite\",\"@id\":\"https:\\\/\\\/braindegeek.shop\\\/#website\",\"url\":\"https:\\\/\\\/braindegeek.shop\\\/\",\"name\":\"Braindegeek, votre guide d'achat pour les produits high-tech\",\"description\":\"Votre guide d&#039;achat pour vos produits high-tech : robots aspirateurs, tondeuse, piscine et autres nouvelles technologies\",\"publisher\":{\"@id\":\"https:\\\/\\\/braindegeek.shop\\\/#organization\"},\"potentialAction\":[{\"@type\":\"SearchAction\",\"target\":{\"@type\":\"EntryPoint\",\"urlTemplate\":\"https:\\\/\\\/braindegeek.shop\\\/?s={search_term_string}\"},\"query-input\":{\"@type\":\"PropertyValueSpecification\",\"valueRequired\":true,\"valueName\":\"search_term_string\"}}],\"inLanguage\":\"fr-FR\"},{\"@type\":\"Organization\",\"@id\":\"https:\\\/\\\/braindegeek.shop\\\/#organization\",\"name\":\"Braindegeek, votre guide d'achat pour les produits high-tech\",\"url\":\"https:\\\/\\\/braindegeek.shop\\\/\",\"logo\":{\"@type\":\"ImageObject\",\"inLanguage\":\"fr-FR\",\"@id\":\"https:\\\/\\\/braindegeek.shop\\\/#\\\/schema\\\/logo\\\/image\\\/\",\"url\":\"https:\\\/\\\/braindegeek.shop\\\/wp-content\\\/uploads\\\/2024\\\/05\\\/bdg-1.png\",\"contentUrl\":\"https:\\\/\\\/braindegeek.shop\\\/wp-content\\\/uploads\\\/2024\\\/05\\\/bdg-1.png\",\"width\":150,\"height\":150,\"caption\":\"Braindegeek, votre guide d'achat pour les produits high-tech\"},\"image\":{\"@id\":\"https:\\\/\\\/braindegeek.shop\\\/#\\\/schema\\\/logo\\\/image\\\/\"},\"sameAs\":[\"https:\\\/\\\/www.facebook.com\\\/BrainDeGeek\\\/\",\"https:\\\/\\\/x.com\\\/braindegeek\",\"https:\\\/\\\/www.tiktok.com\\\/@braindegeek\",\"https:\\\/\\\/www.youtube.com\\\/braindegeek\"]}]}<\/script>\n<!-- \/ Yoast SEO plugin. -->","yoast_head_json":{"title":"Insta360 X5, test, avis et code promo et comparaison X4 - Braindegeek","description":"Insta360 X5, test, avis et code promo et comparaison X4 La nouvelle Insta360 X5 est une r\u00e9volution dans le monde de la vid\u00e9o 360\u00b0","robots":{"index":"index","follow":"follow","max-snippet":"max-snippet:-1","max-image-preview":"max-image-preview:large","max-video-preview":"max-video-preview:-1"},"canonical":"https:\/\/braindegeek.shop\/index.php\/produit\/insta360-x5-test-avis-et-code-promo-et-comparaison-x4\/","og_locale":"fr_FR","og_type":"article","og_title":"Insta360 X5, test, avis et code promo et comparaison X4 - Braindegeek","og_description":"Insta360 X5, test, avis et code promo et comparaison X4 La nouvelle Insta360 X5 est une r\u00e9volution dans le monde de la vid\u00e9o 360\u00b0","og_url":"https:\/\/braindegeek.shop\/index.php\/produit\/insta360-x5-test-avis-et-code-promo-et-comparaison-x4\/","og_site_name":"Braindegeek","article_publisher":"https:\/\/www.facebook.com\/BrainDeGeek\/","article_modified_time":"2025-12-08T04:33:32+00:00","og_image":[{"width":500,"height":500,"url":"https:\/\/braindegeek.shop\/wp-content\/uploads\/2025\/04\/Insta360-X5-test-avis-et-code-promo-et-comparaison-X4-1.png","type":"image\/png"}],"twitter_card":"summary_large_image","twitter_site":"@braindegeek","twitter_misc":{"Dur\u00e9e de lecture estim\u00e9e":"4 minutes"},"schema":{"@context":"https:\/\/schema.org","@graph":[{"@type":"WebPage","@id":"https:\/\/braindegeek.shop\/index.php\/produit\/insta360-x5-test-avis-et-code-promo-et-comparaison-x4\/","url":"https:\/\/braindegeek.shop\/index.php\/produit\/insta360-x5-test-avis-et-code-promo-et-comparaison-x4\/","name":"Insta360 X5, test, avis et code promo et comparaison X4 - Braindegeek","isPartOf":{"@id":"https:\/\/braindegeek.shop\/#website"},"primaryImageOfPage":{"@id":"https:\/\/braindegeek.shop\/index.php\/produit\/insta360-x5-test-avis-et-code-promo-et-comparaison-x4\/#primaryimage"},"image":{"@id":"https:\/\/braindegeek.shop\/index.php\/produit\/insta360-x5-test-avis-et-code-promo-et-comparaison-x4\/#primaryimage"},"thumbnailUrl":"https:\/\/braindegeek.shop\/wp-content\/uploads\/2025\/04\/Insta360-X5-test-avis-et-code-promo-et-comparaison-X4-1.png","datePublished":"2025-04-22T14:44:34+00:00","dateModified":"2025-12-08T04:33:32+00:00","description":"Insta360 X5, test, avis et code promo et comparaison X4 La nouvelle Insta360 X5 est une r\u00e9volution dans le monde de la vid\u00e9o 360\u00b0","breadcrumb":{"@id":"https:\/\/braindegeek.shop\/index.php\/produit\/insta360-x5-test-avis-et-code-promo-et-comparaison-x4\/#breadcrumb"},"inLanguage":"fr-FR","potentialAction":[{"@type":"ReadAction","target":["https:\/\/braindegeek.shop\/index.php\/produit\/insta360-x5-test-avis-et-code-promo-et-comparaison-x4\/"]}]},{"@type":"ImageObject","inLanguage":"fr-FR","@id":"https:\/\/braindegeek.shop\/index.php\/produit\/insta360-x5-test-avis-et-code-promo-et-comparaison-x4\/#primaryimage","url":"https:\/\/braindegeek.shop\/wp-content\/uploads\/2025\/04\/Insta360-X5-test-avis-et-code-promo-et-comparaison-X4-1.png","contentUrl":"https:\/\/braindegeek.shop\/wp-content\/uploads\/2025\/04\/Insta360-X5-test-avis-et-code-promo-et-comparaison-X4-1.png","width":500,"height":500,"caption":"Insta360 X5, test, avis et code promo et comparaison X4 (1)"},{"@type":"BreadcrumbList","@id":"https:\/\/braindegeek.shop\/index.php\/produit\/insta360-x5-test-avis-et-code-promo-et-comparaison-x4\/#breadcrumb","itemListElement":[{"@type":"ListItem","position":1,"name":"Accueil","item":"https:\/\/braindegeek.shop\/"},{"@type":"ListItem","position":2,"name":"Boutique","item":"http:\/\/braindegeek.shop\/index.php\/boutique\/"},{"@type":"ListItem","position":3,"name":"Insta360 X5, test, avis et code promo et comparaison X4"}]},{"@type":"WebSite","@id":"https:\/\/braindegeek.shop\/#website","url":"https:\/\/braindegeek.shop\/","name":"Braindegeek, votre guide d'achat pour les produits high-tech","description":"Votre guide d&#039;achat pour vos produits high-tech : robots aspirateurs, tondeuse, piscine et autres nouvelles technologies","publisher":{"@id":"https:\/\/braindegeek.shop\/#organization"},"potentialAction":[{"@type":"SearchAction","target":{"@type":"EntryPoint","urlTemplate":"https:\/\/braindegeek.shop\/?s={search_term_string}"},"query-input":{"@type":"PropertyValueSpecification","valueRequired":true,"valueName":"search_term_string"}}],"inLanguage":"fr-FR"},{"@type":"Organization","@id":"https:\/\/braindegeek.shop\/#organization","name":"Braindegeek, votre guide d'achat pour les produits high-tech","url":"https:\/\/braindegeek.shop\/","logo":{"@type":"ImageObject","inLanguage":"fr-FR","@id":"https:\/\/braindegeek.shop\/#\/schema\/logo\/image\/","url":"https:\/\/braindegeek.shop\/wp-content\/uploads\/2024\/05\/bdg-1.png","contentUrl":"https:\/\/braindegeek.shop\/wp-content\/uploads\/2024\/05\/bdg-1.png","width":150,"height":150,"caption":"Braindegeek, votre guide d'achat pour les produits high-tech"},"image":{"@id":"https:\/\/braindegeek.shop\/#\/schema\/logo\/image\/"},"sameAs":["https:\/\/www.facebook.com\/BrainDeGeek\/","https:\/\/x.com\/braindegeek","https:\/\/www.tiktok.com\/@braindegeek","https:\/\/www.youtube.com\/braindegeek"]}]}},"jetpack_sharing_enabled":true,"_links":{"self":[{"href":"https:\/\/braindegeek.shop\/index.php\/wp-json\/wp\/v2\/product\/2684","targetHints":{"allow":["GET"]}}],"collection":[{"href":"https:\/\/braindegeek.shop\/index.php\/wp-json\/wp\/v2\/product"}],"about":[{"href":"https:\/\/braindegeek.shop\/index.php\/wp-json\/wp\/v2\/types\/product"}],"replies":[{"embeddable":true,"href":"https:\/\/braindegeek.shop\/index.php\/wp-json\/wp\/v2\/comments?post=2684"}],"wp:featuredmedia":[{"embeddable":true,"href":"https:\/\/braindegeek.shop\/index.php\/wp-json\/wp\/v2\/media\/2685"}],"wp:attachment":[{"href":"https:\/\/braindegeek.shop\/index.php\/wp-json\/wp\/v2\/media?parent=2684"}],"wp:term":[{"taxonomy":"store","embeddable":true,"href":"https:\/\/braindegeek.shop\/index.php\/wp-json\/wp\/v2\/store?post=2684"},{"taxonomy":"product_brand","embeddable":true,"href":"https:\/\/braindegeek.shop\/index.php\/wp-json\/wp\/v2\/product_brand?post=2684"},{"taxonomy":"product_cat","embeddable":true,"href":"https:\/\/braindegeek.shop\/index.php\/wp-json\/wp\/v2\/product_cat?post=2684"},{"taxonomy":"product_tag","embeddable":true,"href":"https:\/\/braindegeek.shop\/index.php\/wp-json\/wp\/v2\/product_tag?post=2684"}],"curies":[{"name":"wp","href":"https:\/\/api.w.org\/{rel}","templated":true}]}}