{"id":2678,"date":"2025-04-15T10:35:33","date_gmt":"2025-04-15T08:35:33","guid":{"rendered":"https:\/\/braindegeek.shop\/?post_type=product&#038;p=2678"},"modified":"2025-08-11T19:42:09","modified_gmt":"2025-08-11T17:42:09","slug":"dreame-a2-robot-tondeuse-test-avis-et-prise-en-main","status":"publish","type":"product","link":"https:\/\/braindegeek.shop\/index.php\/produit\/dreame-a2-robot-tondeuse-test-avis-et-prise-en-main\/","title":{"rendered":"Dreame A2 Robot Tondeuse test, avis et prise en main"},"content":{"rendered":"<h2 class=\"\" data-start=\"135\" data-end=\"198\"><strong data-start=\"142\" data-end=\"198\">Fiche Produit : Robot Tondeuse Dreame A2 EdgeMaster\u2122<\/strong><\/h2>\n<p><iframe title=\"Choisir robot tondeuse 2025, test, avis Dreame A2, guide d&#039;achat, comparatif, sans fil, facile\" width=\"840\" height=\"473\" src=\"https:\/\/www.youtube.com\/embed\/6B3Ue9t-Yc8?feature=oembed\" frameborder=\"0\" allow=\"accelerometer; autoplay; clipboard-write; encrypted-media; gyroscope; picture-in-picture; web-share\" referrerpolicy=\"strict-origin-when-cross-origin\" allowfullscreen><\/iframe><\/p>\n<h3 class=\"\" data-start=\"200\" data-end=\"249\">\u2728 <strong data-start=\"206\" data-end=\"249\">Le robot tondeuse du futur est arriv\u00e9 !<\/strong><\/h3>\n<p class=\"\" data-start=\"251\" data-end=\"751\">Le <strong data-start=\"254\" data-end=\"267\">Dreame A2<\/strong> red\u00e9finit totalement ce que l&rsquo;on peut attendre d\u2019un robot tondeuse. Avec ses fonctionnalit\u00e9s de pointe, il ne se contente pas de tondre votre pelouse, il en prend soin avec pr\u00e9cision, intelligence, et \u00e9l\u00e9gance. Con\u00e7u pour les grandes surfaces jusqu\u2019\u00e0 <strong data-start=\"519\" data-end=\"530\">3000 m\u00b2<\/strong>, il combine <strong data-start=\"543\" data-end=\"582\">technologie de cartographie avanc\u00e9e<\/strong>, <strong data-start=\"584\" data-end=\"603\">connectivit\u00e9 4G<\/strong>, <strong data-start=\"605\" data-end=\"641\">surveillance vid\u00e9o en temps r\u00e9el<\/strong>, et m\u00eame <strong data-start=\"651\" data-end=\"682\">motifs de tonte artistiques<\/strong>. Bref, un bijou d\u2019innovation pour les amoureux de jardins connect\u00e9s.<\/p>\n<hr class=\"\" data-start=\"753\" data-end=\"756\" \/>\n<h3 class=\"\" data-start=\"758\" data-end=\"810\">\ud83e\udde0 <strong data-start=\"765\" data-end=\"810\">Principales caract\u00e9ristiques techniques :<\/strong><\/h3>\n<ul data-start=\"812\" data-end=\"1419\">\n<li class=\"\" data-start=\"812\" data-end=\"865\">\n<p class=\"\" data-start=\"814\" data-end=\"865\"><strong data-start=\"814\" data-end=\"843\">Surface maximale couverte<\/strong> : jusqu\u2019\u00e0 <strong data-start=\"854\" data-end=\"865\">3000 m\u00b2<\/strong><\/p>\n<\/li>\n<li class=\"\" data-start=\"866\" data-end=\"963\">\n<p class=\"\" data-start=\"868\" data-end=\"963\"><strong data-start=\"868\" data-end=\"895\">Navigation intelligente<\/strong> : syst\u00e8me de cartographie automatique + option de cr\u00e9ation manuelle<\/p>\n<\/li>\n<li class=\"\" data-start=\"964\" data-end=\"1052\">\n<p class=\"\" data-start=\"966\" data-end=\"1052\"><strong data-start=\"966\" data-end=\"989\">Syst\u00e8me EdgeMaster\u2122<\/strong> : disque de lames extensible pour une coupe jusqu\u2019aux bordures<\/p>\n<\/li>\n<li class=\"\" data-start=\"1053\" data-end=\"1131\">\n<p class=\"\" data-start=\"1055\" data-end=\"1131\"><strong data-start=\"1055\" data-end=\"1074\">Connectivit\u00e9 4G<\/strong> : Suivi en temps r\u00e9el avec <strong data-start=\"1102\" data-end=\"1131\">3 ans de donn\u00e9es incluses<\/strong><\/p>\n<\/li>\n<li class=\"\" data-start=\"1132\" data-end=\"1212\">\n<p class=\"\" data-start=\"1134\" data-end=\"1212\"><strong data-start=\"1134\" data-end=\"1156\">S\u00e9curit\u00e9 renforc\u00e9e<\/strong> : d\u00e9tection humaine, vid\u00e9o en direct, alertes de levage<\/p>\n<\/li>\n<li class=\"\" data-start=\"1213\" data-end=\"1302\">\n<p class=\"\" data-start=\"1215\" data-end=\"1302\"><strong data-start=\"1215\" data-end=\"1251\">Motifs de tonte personnalisables<\/strong> : via l&rsquo;application Dreamehome (c\u0153ur, carr\u00e9, etc.)<\/p>\n<\/li>\n<li class=\"\" data-start=\"1303\" data-end=\"1367\">\n<p class=\"\" data-start=\"1305\" data-end=\"1367\"><strong data-start=\"1305\" data-end=\"1337\">Programmation de patrouilles<\/strong> en dehors des heures de tonte<\/p>\n<\/li>\n<li class=\"\" data-start=\"1368\" data-end=\"1419\">\n<p class=\"\" data-start=\"1370\" data-end=\"1419\"><strong data-start=\"1370\" data-end=\"1393\">Autonomie optimis\u00e9e<\/strong> pour les grandes pelouses<\/p>\n<\/li>\n<\/ul>\n<hr class=\"\" data-start=\"1421\" data-end=\"1424\" \/>\n<h3 class=\"\" data-start=\"1426\" data-end=\"1483\">\ud83c\udf3f <strong data-start=\"1433\" data-end=\"1483\">Ce que \u00e7a signifie pour vous (vulgarisation) :<\/strong><\/h3>\n<ul data-start=\"1485\" data-end=\"2455\">\n<li class=\"\" data-start=\"1485\" data-end=\"1644\">\n<p class=\"\" data-start=\"1487\" data-end=\"1644\"><strong data-start=\"1487\" data-end=\"1500\">3000 m\u00b2 ?<\/strong> \u00c7a veut dire qu\u2019il peut facilement g\u00e9rer des grands jardins, m\u00eame ceux des maisons \u00e0 la campagne ou des propri\u00e9t\u00e9s avec des terrains atypiques.<\/p>\n<\/li>\n<li class=\"\" data-start=\"1645\" data-end=\"1839\">\n<p class=\"\" data-start=\"1647\" data-end=\"1839\"><strong data-start=\"1647\" data-end=\"1664\">EdgeMaster\u2122 ?<\/strong> Contrairement \u00e0 beaucoup de robots qui laissent un bord non tondu, le Dreame A2 <strong data-start=\"1745\" data-end=\"1766\">d\u00e9ploie ses lames<\/strong> pour aller jusqu\u2019au bout, plus besoin de repasser avec un coupe-bordure.<\/p>\n<\/li>\n<li class=\"\" data-start=\"1840\" data-end=\"2081\">\n<p class=\"\" data-start=\"1842\" data-end=\"2081\"><strong data-start=\"1842\" data-end=\"1872\">Cartographie automatique ?<\/strong> D\u00e8s la premi\u00e8re utilisation, le robot peut <strong data-start=\"1916\" data-end=\"1940\">scanner votre jardin<\/strong> pour cr\u00e9er une carte de tonte. Si vous avez un terrain un peu compliqu\u00e9, vous pouvez aussi <strong data-start=\"2032\" data-end=\"2067\">dessiner les zones manuellement<\/strong> dans l&rsquo;appli.<\/p>\n<\/li>\n<li class=\"\" data-start=\"2082\" data-end=\"2240\">\n<p class=\"\" data-start=\"2084\" data-end=\"2240\"><strong data-start=\"2084\" data-end=\"2105\">Connectivit\u00e9 4G ?<\/strong> Pas besoin de Wi-Fi ! Vous pouvez <strong data-start=\"2140\" data-end=\"2164\">le suivre \u00e0 distance<\/strong>, m\u00eame en vacances, et <strong data-start=\"2187\" data-end=\"2211\">recevoir des alertes<\/strong> en cas de mouvement suspect.<\/p>\n<\/li>\n<li class=\"\" data-start=\"2241\" data-end=\"2455\">\n<p class=\"\" data-start=\"2243\" data-end=\"2455\"><strong data-start=\"2243\" data-end=\"2267\">Motifs artistiques ?<\/strong> Fun et unique, vous pouvez choisir des figures \u00e0 dessiner sur votre pelouse pour un look personnalis\u00e9. Gadget ? Oui, mais tr\u00e8s sympa pour \u00e9pater les voisins ou personnaliser votre jardin.<\/p>\n<\/li>\n<\/ul>\n<hr class=\"\" data-start=\"2457\" data-end=\"2460\" \/>\n<h2 class=\"\" data-start=\"2462\" data-end=\"2510\">\u2753 <strong data-start=\"2467\" data-end=\"2510\">Questions fr\u00e9quentes sur le Dreame A2 :<\/strong><\/h2>\n<h3 class=\"\" data-start=\"2512\" data-end=\"2575\">\ud83d\udd38 <em data-start=\"2519\" data-end=\"2575\">Est-ce que le Dreame A2 a besoin de fil p\u00e9riph\u00e9rique ?<\/em><\/h3>\n<p class=\"\" data-start=\"2576\" data-end=\"2705\">Non, il fonctionne sans fil p\u00e9rim\u00e9trique gr\u00e2ce \u00e0 un syst\u00e8me de cartographie intelligent. Un vrai gain de temps \u00e0 l\u2019installation !<\/p>\n<h3 class=\"\" data-start=\"2707\" data-end=\"2748\">\ud83d\udd38 <em data-start=\"2714\" data-end=\"2748\">Peut-il fonctionner sans Wi-Fi ?<\/em><\/h3>\n<p class=\"\" data-start=\"2749\" data-end=\"2886\">Oui ! Gr\u00e2ce \u00e0 sa <strong data-start=\"2766\" data-end=\"2791\">connexion 4G int\u00e9gr\u00e9e<\/strong>, vous n&rsquo;avez pas besoin de le connecter \u00e0 votre r\u00e9seau domestique. Il est totalement autonome.<\/p>\n<h3 class=\"\" data-start=\"2888\" data-end=\"2928\">\ud83d\udd38 <em data-start=\"2895\" data-end=\"2928\">Est-il s\u00e9curis\u00e9 contre le vol ?<\/em><\/h3>\n<p class=\"\" data-start=\"2929\" data-end=\"3112\">Oui. Il dispose d\u2019un <strong data-start=\"2950\" data-end=\"2984\">syst\u00e8me de d\u00e9tection de levage<\/strong>, d\u2019une <strong data-start=\"2992\" data-end=\"3011\">cam\u00e9ra int\u00e9gr\u00e9e<\/strong> et d\u2019<strong data-start=\"3017\" data-end=\"3056\">alertes en cas de mouvement suspect<\/strong>. Il est \u00e9galement <strong data-start=\"3075\" data-end=\"3093\">g\u00e9olocalisable<\/strong> via l\u2019application.<\/p>\n<h3 class=\"\" data-start=\"3114\" data-end=\"3153\">\ud83d\udd38 <em data-start=\"3121\" data-end=\"3153\">Peut-il tondre sous la pluie ?<\/em><\/h3>\n<p class=\"\" data-start=\"3154\" data-end=\"3340\">Il est con\u00e7u pour r\u00e9sister \u00e0 l\u2019humidit\u00e9, mais comme tous les robots tondeuses, il est conseill\u00e9 de ne pas l&rsquo;utiliser pendant de fortes pluies pour pr\u00e9server les composants \u00e9lectroniques.<\/p>\n<h3 class=\"\" data-start=\"3342\" data-end=\"3388\">\ud83d\udd38 <em data-start=\"3349\" data-end=\"3388\">Est-il adapt\u00e9 aux jardins complexes ?<\/em><\/h3>\n<p class=\"\" data-start=\"3389\" data-end=\"3537\">Oui, il g\u00e8re tr\u00e8s bien les <strong data-start=\"3416\" data-end=\"3438\">terrains atypiques<\/strong>, les zones avec des recoins, des pentes mod\u00e9r\u00e9es, et vous pouvez personnaliser la carte si besoin.<\/p>\n<h3 class=\"\" data-start=\"3539\" data-end=\"3583\">\ud83d\udd38 <em data-start=\"3546\" data-end=\"3583\">Combien de temps dure la batterie ?<\/em><\/h3>\n<p class=\"\" data-start=\"3584\" data-end=\"3735\">Elle offre une <strong data-start=\"3599\" data-end=\"3623\">excellente autonomie<\/strong>, adapt\u00e9e aux grandes surfaces. En cas de besoin, le robot retourne automatiquement \u00e0 sa base pour se recharger.<\/p>\n","protected":false},"excerpt":{"rendered":"<p class=\"\" data-start=\"3797\" data-end=\"4107\">Le <strong data-start=\"3800\" data-end=\"3813\">Dreame A2<\/strong> est un <strong data-start=\"3821\" data-end=\"3853\">robot tondeuse haut de gamme<\/strong> con\u00e7u pour offrir une tonte pr\u00e9cise, intelligente et enti\u00e8rement connect\u00e9e. Capable de couvrir jusqu\u2019\u00e0 <strong data-start=\"3957\" data-end=\"3968\">3000 m\u00b2<\/strong>, il int\u00e8gre des technologies de navigation avanc\u00e9es pour cartographier votre jardin automatiquement ou manuellement selon vos pr\u00e9f\u00e9rences.<\/p>\n<p class=\"\" data-start=\"4109\" data-end=\"4395\">Gr\u00e2ce \u00e0 sa <strong data-start=\"4120\" data-end=\"4139\">connectivit\u00e9 4G<\/strong> (avec <strong data-start=\"4146\" data-end=\"4175\">3 ans de donn\u00e9es incluses<\/strong>), vous pouvez suivre l&rsquo;activit\u00e9 de votre robot \u00e0 distance, sans d\u00e9pendre du Wi-Fi. Il propose \u00e9galement un <strong data-start=\"4283\" data-end=\"4329\">syst\u00e8me de vid\u00e9osurveillance en temps r\u00e9el<\/strong>, id\u00e9al pour garder un \u0153il sur votre jardin m\u00eame en votre absence.<\/p>\n<p class=\"\" data-start=\"4397\" data-end=\"4616\">Le <strong data-start=\"4400\" data-end=\"4423\">syst\u00e8me EdgeMaster\u2122<\/strong> permet au robot de tondre jusqu\u2019au bord de la pelouse, \u00e9vitant les finitions manuelles fastidieuses. Son disque de lames extensible est une vraie r\u00e9volution dans le monde des robots tondeuses.<\/p>\n<p class=\"\" data-start=\"4618\" data-end=\"4981\">L\u2019A2 ne se contente pas de tondre, il transforme aussi votre jardin en \u0153uvre d\u2019art avec ses <strong data-start=\"4710\" data-end=\"4746\">motifs de tonte personnalisables<\/strong> disponibles dans l\u2019application Dreamehome. En plus, il est \u00e9quip\u00e9 de fonctions de s\u00e9curit\u00e9 comme la <strong data-start=\"4847\" data-end=\"4868\">d\u00e9tection humaine<\/strong>, les <strong data-start=\"4874\" data-end=\"4901\">alertes en cas de lev\u00e9e<\/strong> du robot, ou encore la <strong data-start=\"4925\" data-end=\"4957\">programmation de patrouilles<\/strong> hors horaires de tonte.<\/p>\n<p class=\"\" data-start=\"4983\" data-end=\"5217\">Silencieux, autonome, fiable et s\u00e9curis\u00e9, le Dreame A2 s\u2019impose comme une r\u00e9f\u00e9rence pour celles et ceux qui veulent <strong data-start=\"5099\" data-end=\"5137\">le meilleur robot tondeuse de 2025<\/strong>. Une pelouse impeccable, sans effort, m\u00eame pour les jardins les plus exigeants.<\/p>\n","protected":false},"featured_media":2679,"comment_status":"open","ping_status":"closed","template":"","meta":{"_gspb_post_css":""},"store":[420],"product_brand":[],"product_cat":[241],"product_tag":[],"class_list":{"0":"post-2678","1":"product","2":"type-product","3":"status-publish","4":"has-post-thumbnail","6":"store-dreame","7":"product_cat-robot-tondeuse","9":"first","10":"instock","11":"shipping-taxable","12":"product-type-simple"},"yoast_head":"<!-- This site is optimized with the Yoast SEO plugin v27.5 - https:\/\/yoast.com\/product\/yoast-seo-wordpress\/ -->\n<title>Dreame A2 Robot Tondeuse test, avis et prise en main - Braindegeek<\/title>\n<meta name=\"description\" content=\"Le Dreame A2 est un robot tondeuse haut de gamme con\u00e7u pour offrir une tonte pr\u00e9cise, intelligente et enti\u00e8rement connect\u00e9e. Capable de couvrir jusqu\u2019\u00e0\" \/>\n<meta name=\"robots\" content=\"index, follow, max-snippet:-1, max-image-preview:large, max-video-preview:-1\" \/>\n<link rel=\"canonical\" href=\"https:\/\/braindegeek.shop\/index.php\/produit\/dreame-a2-robot-tondeuse-test-avis-et-prise-en-main\/\" \/>\n<meta property=\"og:locale\" content=\"fr_FR\" \/>\n<meta property=\"og:type\" content=\"article\" \/>\n<meta property=\"og:title\" content=\"Dreame A2 Robot Tondeuse test, avis et prise en main - Braindegeek\" \/>\n<meta property=\"og:description\" content=\"Le Dreame A2 est un robot tondeuse haut de gamme con\u00e7u pour offrir une tonte pr\u00e9cise, intelligente et enti\u00e8rement connect\u00e9e. Capable de couvrir jusqu\u2019\u00e0\" \/>\n<meta property=\"og:url\" content=\"https:\/\/braindegeek.shop\/index.php\/produit\/dreame-a2-robot-tondeuse-test-avis-et-prise-en-main\/\" \/>\n<meta property=\"og:site_name\" content=\"Braindegeek\" \/>\n<meta property=\"article:publisher\" content=\"https:\/\/www.facebook.com\/BrainDeGeek\/\" \/>\n<meta property=\"article:modified_time\" content=\"2025-08-11T17:42:09+00:00\" \/>\n<meta property=\"og:image\" content=\"https:\/\/braindegeek.shop\/wp-content\/uploads\/2025\/04\/Dreame-A2-Robot-Tondeuse-test-avis-et-prise-en-main.png\" \/>\n\t<meta property=\"og:image:width\" content=\"500\" \/>\n\t<meta property=\"og:image:height\" content=\"500\" \/>\n\t<meta property=\"og:image:type\" content=\"image\/png\" \/>\n<meta name=\"twitter:card\" content=\"summary_large_image\" \/>\n<meta name=\"twitter:site\" content=\"@braindegeek\" \/>\n<meta name=\"twitter:label1\" content=\"Dur\u00e9e de lecture estim\u00e9e\" \/>\n\t<meta name=\"twitter:data1\" content=\"3 minutes\" \/>\n<script type=\"application\/ld+json\" class=\"yoast-schema-graph\">{\"@context\":\"https:\\\/\\\/schema.org\",\"@graph\":[{\"@type\":\"WebPage\",\"@id\":\"https:\\\/\\\/braindegeek.shop\\\/index.php\\\/produit\\\/dreame-a2-robot-tondeuse-test-avis-et-prise-en-main\\\/\",\"url\":\"https:\\\/\\\/braindegeek.shop\\\/index.php\\\/produit\\\/dreame-a2-robot-tondeuse-test-avis-et-prise-en-main\\\/\",\"name\":\"Dreame A2 Robot Tondeuse test, avis et prise en main - Braindegeek\",\"isPartOf\":{\"@id\":\"https:\\\/\\\/braindegeek.shop\\\/#website\"},\"primaryImageOfPage\":{\"@id\":\"https:\\\/\\\/braindegeek.shop\\\/index.php\\\/produit\\\/dreame-a2-robot-tondeuse-test-avis-et-prise-en-main\\\/#primaryimage\"},\"image\":{\"@id\":\"https:\\\/\\\/braindegeek.shop\\\/index.php\\\/produit\\\/dreame-a2-robot-tondeuse-test-avis-et-prise-en-main\\\/#primaryimage\"},\"thumbnailUrl\":\"https:\\\/\\\/braindegeek.shop\\\/wp-content\\\/uploads\\\/2025\\\/04\\\/Dreame-A2-Robot-Tondeuse-test-avis-et-prise-en-main.png\",\"datePublished\":\"2025-04-15T08:35:33+00:00\",\"dateModified\":\"2025-08-11T17:42:09+00:00\",\"description\":\"Le Dreame A2 est un robot tondeuse haut de gamme con\u00e7u pour offrir une tonte pr\u00e9cise, intelligente et enti\u00e8rement connect\u00e9e. Capable de couvrir jusqu\u2019\u00e0\",\"breadcrumb\":{\"@id\":\"https:\\\/\\\/braindegeek.shop\\\/index.php\\\/produit\\\/dreame-a2-robot-tondeuse-test-avis-et-prise-en-main\\\/#breadcrumb\"},\"inLanguage\":\"fr-FR\",\"potentialAction\":[{\"@type\":\"ReadAction\",\"target\":[\"https:\\\/\\\/braindegeek.shop\\\/index.php\\\/produit\\\/dreame-a2-robot-tondeuse-test-avis-et-prise-en-main\\\/\"]}]},{\"@type\":\"ImageObject\",\"inLanguage\":\"fr-FR\",\"@id\":\"https:\\\/\\\/braindegeek.shop\\\/index.php\\\/produit\\\/dreame-a2-robot-tondeuse-test-avis-et-prise-en-main\\\/#primaryimage\",\"url\":\"https:\\\/\\\/braindegeek.shop\\\/wp-content\\\/uploads\\\/2025\\\/04\\\/Dreame-A2-Robot-Tondeuse-test-avis-et-prise-en-main.png\",\"contentUrl\":\"https:\\\/\\\/braindegeek.shop\\\/wp-content\\\/uploads\\\/2025\\\/04\\\/Dreame-A2-Robot-Tondeuse-test-avis-et-prise-en-main.png\",\"width\":500,\"height\":500,\"caption\":\"Dreame A2 Robot Tondeuse test, avis et prise en main\"},{\"@type\":\"BreadcrumbList\",\"@id\":\"https:\\\/\\\/braindegeek.shop\\\/index.php\\\/produit\\\/dreame-a2-robot-tondeuse-test-avis-et-prise-en-main\\\/#breadcrumb\",\"itemListElement\":[{\"@type\":\"ListItem\",\"position\":1,\"name\":\"Accueil\",\"item\":\"https:\\\/\\\/braindegeek.shop\\\/\"},{\"@type\":\"ListItem\",\"position\":2,\"name\":\"Boutique\",\"item\":\"http:\\\/\\\/braindegeek.shop\\\/index.php\\\/boutique\\\/\"},{\"@type\":\"ListItem\",\"position\":3,\"name\":\"Dreame A2 Robot Tondeuse test, avis et prise en main\"}]},{\"@type\":\"WebSite\",\"@id\":\"https:\\\/\\\/braindegeek.shop\\\/#website\",\"url\":\"https:\\\/\\\/braindegeek.shop\\\/\",\"name\":\"Braindegeek, votre guide d'achat pour les produits high-tech\",\"description\":\"Votre guide d&#039;achat pour vos produits high-tech : robots aspirateurs, tondeuse, piscine et autres nouvelles technologies\",\"publisher\":{\"@id\":\"https:\\\/\\\/braindegeek.shop\\\/#organization\"},\"potentialAction\":[{\"@type\":\"SearchAction\",\"target\":{\"@type\":\"EntryPoint\",\"urlTemplate\":\"https:\\\/\\\/braindegeek.shop\\\/?s={search_term_string}\"},\"query-input\":{\"@type\":\"PropertyValueSpecification\",\"valueRequired\":true,\"valueName\":\"search_term_string\"}}],\"inLanguage\":\"fr-FR\"},{\"@type\":\"Organization\",\"@id\":\"https:\\\/\\\/braindegeek.shop\\\/#organization\",\"name\":\"Braindegeek, votre guide d'achat pour les produits high-tech\",\"url\":\"https:\\\/\\\/braindegeek.shop\\\/\",\"logo\":{\"@type\":\"ImageObject\",\"inLanguage\":\"fr-FR\",\"@id\":\"https:\\\/\\\/braindegeek.shop\\\/#\\\/schema\\\/logo\\\/image\\\/\",\"url\":\"https:\\\/\\\/braindegeek.shop\\\/wp-content\\\/uploads\\\/2024\\\/05\\\/bdg-1.png\",\"contentUrl\":\"https:\\\/\\\/braindegeek.shop\\\/wp-content\\\/uploads\\\/2024\\\/05\\\/bdg-1.png\",\"width\":150,\"height\":150,\"caption\":\"Braindegeek, votre guide d'achat pour les produits high-tech\"},\"image\":{\"@id\":\"https:\\\/\\\/braindegeek.shop\\\/#\\\/schema\\\/logo\\\/image\\\/\"},\"sameAs\":[\"https:\\\/\\\/www.facebook.com\\\/BrainDeGeek\\\/\",\"https:\\\/\\\/x.com\\\/braindegeek\",\"https:\\\/\\\/www.tiktok.com\\\/@braindegeek\",\"https:\\\/\\\/www.youtube.com\\\/braindegeek\"]}]}<\/script>\n<!-- \/ Yoast SEO plugin. -->","yoast_head_json":{"title":"Dreame A2 Robot Tondeuse test, avis et prise en main - Braindegeek","description":"Le Dreame A2 est un robot tondeuse haut de gamme con\u00e7u pour offrir une tonte pr\u00e9cise, intelligente et enti\u00e8rement connect\u00e9e. Capable de couvrir jusqu\u2019\u00e0","robots":{"index":"index","follow":"follow","max-snippet":"max-snippet:-1","max-image-preview":"max-image-preview:large","max-video-preview":"max-video-preview:-1"},"canonical":"https:\/\/braindegeek.shop\/index.php\/produit\/dreame-a2-robot-tondeuse-test-avis-et-prise-en-main\/","og_locale":"fr_FR","og_type":"article","og_title":"Dreame A2 Robot Tondeuse test, avis et prise en main - Braindegeek","og_description":"Le Dreame A2 est un robot tondeuse haut de gamme con\u00e7u pour offrir une tonte pr\u00e9cise, intelligente et enti\u00e8rement connect\u00e9e. Capable de couvrir jusqu\u2019\u00e0","og_url":"https:\/\/braindegeek.shop\/index.php\/produit\/dreame-a2-robot-tondeuse-test-avis-et-prise-en-main\/","og_site_name":"Braindegeek","article_publisher":"https:\/\/www.facebook.com\/BrainDeGeek\/","article_modified_time":"2025-08-11T17:42:09+00:00","og_image":[{"width":500,"height":500,"url":"https:\/\/braindegeek.shop\/wp-content\/uploads\/2025\/04\/Dreame-A2-Robot-Tondeuse-test-avis-et-prise-en-main.png","type":"image\/png"}],"twitter_card":"summary_large_image","twitter_site":"@braindegeek","twitter_misc":{"Dur\u00e9e de lecture estim\u00e9e":"3 minutes"},"schema":{"@context":"https:\/\/schema.org","@graph":[{"@type":"WebPage","@id":"https:\/\/braindegeek.shop\/index.php\/produit\/dreame-a2-robot-tondeuse-test-avis-et-prise-en-main\/","url":"https:\/\/braindegeek.shop\/index.php\/produit\/dreame-a2-robot-tondeuse-test-avis-et-prise-en-main\/","name":"Dreame A2 Robot Tondeuse test, avis et prise en main - Braindegeek","isPartOf":{"@id":"https:\/\/braindegeek.shop\/#website"},"primaryImageOfPage":{"@id":"https:\/\/braindegeek.shop\/index.php\/produit\/dreame-a2-robot-tondeuse-test-avis-et-prise-en-main\/#primaryimage"},"image":{"@id":"https:\/\/braindegeek.shop\/index.php\/produit\/dreame-a2-robot-tondeuse-test-avis-et-prise-en-main\/#primaryimage"},"thumbnailUrl":"https:\/\/braindegeek.shop\/wp-content\/uploads\/2025\/04\/Dreame-A2-Robot-Tondeuse-test-avis-et-prise-en-main.png","datePublished":"2025-04-15T08:35:33+00:00","dateModified":"2025-08-11T17:42:09+00:00","description":"Le Dreame A2 est un robot tondeuse haut de gamme con\u00e7u pour offrir une tonte pr\u00e9cise, intelligente et enti\u00e8rement connect\u00e9e. Capable de couvrir jusqu\u2019\u00e0","breadcrumb":{"@id":"https:\/\/braindegeek.shop\/index.php\/produit\/dreame-a2-robot-tondeuse-test-avis-et-prise-en-main\/#breadcrumb"},"inLanguage":"fr-FR","potentialAction":[{"@type":"ReadAction","target":["https:\/\/braindegeek.shop\/index.php\/produit\/dreame-a2-robot-tondeuse-test-avis-et-prise-en-main\/"]}]},{"@type":"ImageObject","inLanguage":"fr-FR","@id":"https:\/\/braindegeek.shop\/index.php\/produit\/dreame-a2-robot-tondeuse-test-avis-et-prise-en-main\/#primaryimage","url":"https:\/\/braindegeek.shop\/wp-content\/uploads\/2025\/04\/Dreame-A2-Robot-Tondeuse-test-avis-et-prise-en-main.png","contentUrl":"https:\/\/braindegeek.shop\/wp-content\/uploads\/2025\/04\/Dreame-A2-Robot-Tondeuse-test-avis-et-prise-en-main.png","width":500,"height":500,"caption":"Dreame A2 Robot Tondeuse test, avis et prise en main"},{"@type":"BreadcrumbList","@id":"https:\/\/braindegeek.shop\/index.php\/produit\/dreame-a2-robot-tondeuse-test-avis-et-prise-en-main\/#breadcrumb","itemListElement":[{"@type":"ListItem","position":1,"name":"Accueil","item":"https:\/\/braindegeek.shop\/"},{"@type":"ListItem","position":2,"name":"Boutique","item":"http:\/\/braindegeek.shop\/index.php\/boutique\/"},{"@type":"ListItem","position":3,"name":"Dreame A2 Robot Tondeuse test, avis et prise en main"}]},{"@type":"WebSite","@id":"https:\/\/braindegeek.shop\/#website","url":"https:\/\/braindegeek.shop\/","name":"Braindegeek, votre guide d'achat pour les produits high-tech","description":"Votre guide d&#039;achat pour vos produits high-tech : robots aspirateurs, tondeuse, piscine et autres nouvelles technologies","publisher":{"@id":"https:\/\/braindegeek.shop\/#organization"},"potentialAction":[{"@type":"SearchAction","target":{"@type":"EntryPoint","urlTemplate":"https:\/\/braindegeek.shop\/?s={search_term_string}"},"query-input":{"@type":"PropertyValueSpecification","valueRequired":true,"valueName":"search_term_string"}}],"inLanguage":"fr-FR"},{"@type":"Organization","@id":"https:\/\/braindegeek.shop\/#organization","name":"Braindegeek, votre guide d'achat pour les produits high-tech","url":"https:\/\/braindegeek.shop\/","logo":{"@type":"ImageObject","inLanguage":"fr-FR","@id":"https:\/\/braindegeek.shop\/#\/schema\/logo\/image\/","url":"https:\/\/braindegeek.shop\/wp-content\/uploads\/2024\/05\/bdg-1.png","contentUrl":"https:\/\/braindegeek.shop\/wp-content\/uploads\/2024\/05\/bdg-1.png","width":150,"height":150,"caption":"Braindegeek, votre guide d'achat pour les produits high-tech"},"image":{"@id":"https:\/\/braindegeek.shop\/#\/schema\/logo\/image\/"},"sameAs":["https:\/\/www.facebook.com\/BrainDeGeek\/","https:\/\/x.com\/braindegeek","https:\/\/www.tiktok.com\/@braindegeek","https:\/\/www.youtube.com\/braindegeek"]}]}},"jetpack_sharing_enabled":true,"_links":{"self":[{"href":"https:\/\/braindegeek.shop\/index.php\/wp-json\/wp\/v2\/product\/2678","targetHints":{"allow":["GET"]}}],"collection":[{"href":"https:\/\/braindegeek.shop\/index.php\/wp-json\/wp\/v2\/product"}],"about":[{"href":"https:\/\/braindegeek.shop\/index.php\/wp-json\/wp\/v2\/types\/product"}],"replies":[{"embeddable":true,"href":"https:\/\/braindegeek.shop\/index.php\/wp-json\/wp\/v2\/comments?post=2678"}],"wp:featuredmedia":[{"embeddable":true,"href":"https:\/\/braindegeek.shop\/index.php\/wp-json\/wp\/v2\/media\/2679"}],"wp:attachment":[{"href":"https:\/\/braindegeek.shop\/index.php\/wp-json\/wp\/v2\/media?parent=2678"}],"wp:term":[{"taxonomy":"store","embeddable":true,"href":"https:\/\/braindegeek.shop\/index.php\/wp-json\/wp\/v2\/store?post=2678"},{"taxonomy":"product_brand","embeddable":true,"href":"https:\/\/braindegeek.shop\/index.php\/wp-json\/wp\/v2\/product_brand?post=2678"},{"taxonomy":"product_cat","embeddable":true,"href":"https:\/\/braindegeek.shop\/index.php\/wp-json\/wp\/v2\/product_cat?post=2678"},{"taxonomy":"product_tag","embeddable":true,"href":"https:\/\/braindegeek.shop\/index.php\/wp-json\/wp\/v2\/product_tag?post=2678"}],"curies":[{"name":"wp","href":"https:\/\/api.w.org\/{rel}","templated":true}]}}