{"id":2427,"date":"2024-11-18T10:03:48","date_gmt":"2024-11-18T09:03:48","guid":{"rendered":"https:\/\/braindegeek.shop\/?post_type=product&#038;p=2427"},"modified":"2026-03-21T12:34:12","modified_gmt":"2026-03-21T11:34:12","slug":"projecteur-tikino-test-avis-et-code-promo","status":"publish","type":"product","link":"https:\/\/braindegeek.shop\/index.php\/produit\/projecteur-tikino-test-avis-et-code-promo\/","title":{"rendered":"Projecteur Tikino test, avis et code promo"},"content":{"rendered":"<h3>Fiche Produit D\u00e9tail\u00e9e : <strong>Projecteur Tikino \u2013 R\u00e9inventer l&rsquo;exp\u00e9rience immersive des histoires anim\u00e9es pour les enfants<\/strong><\/h3>\n<p><strong>Description :<\/strong> Le <strong>Projecteur Tikino<\/strong> est un appareil innovant sp\u00e9cialement con\u00e7u pour les enfants de <strong>3 \u00e0 10 ans<\/strong>, leur offrant une exp\u00e9rience immersive unique \u00e0 travers des histoires anim\u00e9es et \u00e9ducatives. Ce projecteur nomade, l\u00e9ger et robuste, allie divertissement et \u00e9ducation tout en minimisant les risques li\u00e9s \u00e0 la surexposition aux \u00e9crans gr\u00e2ce \u00e0 une technologie qui \u00e9met <strong>24 fois moins de lumi\u00e8re bleue qu&rsquo;une tablette<\/strong>.<\/p>\n<p><iframe title=\"Tikino le projecteur qui \u00e9veille et \u00e9merveille les enfants\" width=\"840\" height=\"473\" src=\"https:\/\/www.youtube.com\/embed\/ADhC3bc-leM?feature=oembed\" frameborder=\"0\" allow=\"accelerometer; autoplay; clipboard-write; encrypted-media; gyroscope; picture-in-picture; web-share\" referrerpolicy=\"strict-origin-when-cross-origin\" allowfullscreen><\/iframe><\/p>\n<hr \/>\n<h3>Caract\u00e9ristiques Principales<\/h3>\n<ul>\n<li><strong>Qualit\u00e9 d&rsquo;image<\/strong> : R\u00e9solution <strong>720p<\/strong> avec une projection en format <strong>16\/9\u00e8me<\/strong> id\u00e9ale pour une utilisation au mur ou au plafond.<\/li>\n<li><strong>S\u00e9curit\u00e9 visuelle<\/strong> : Animations lentes et adapt\u00e9es pour prot\u00e9ger les yeux des enfants tout en stimulant leur imagination.<\/li>\n<li><strong>Connectivit\u00e9<\/strong> : Connexion <strong>Bluetooth<\/strong> pour diffuser le son sur une enceinte.<\/li>\n<li><strong>Autonomie<\/strong> : <strong>2h30<\/strong> d&rsquo;autonomie pour profiter des histoires sans interruption.<\/li>\n<li><strong>Distance de projection<\/strong> : Distance minimum de <strong>85 cm<\/strong>, parfaite pour les petits espaces.<\/li>\n<li><strong>Biblioth\u00e8que num\u00e9rique vari\u00e9e<\/strong> : Plus de <strong>4 collections th\u00e9matiques<\/strong> pour enrichir l&rsquo;exp\u00e9rience :\n<ul>\n<li><strong>Viens voir ma ville<\/strong> : D\u00e9couverte des capitales du monde pour ouvrir les enfants \u00e0 d&rsquo;autres cultures.<\/li>\n<li><strong>Le yoga des voyageurs<\/strong> : Suivez les postures de yoga \u00e0 travers le monde avec Juliette et Paul.<\/li>\n<li><strong>Cin\u00e9 club<\/strong> : Courts m\u00e9trages pour initier les enfants au cin\u00e9ma muet d\u00e8s 7 ans.<\/li>\n<li><strong>Rita &amp; Crocodile<\/strong> : S\u00e9rie anim\u00e9e dr\u00f4le pour accompagner les enfants d\u00e8s 3 ans.<\/li>\n<\/ul>\n<\/li>\n<li><strong>Contenus \u00e9ducatifs inclus<\/strong> : <strong>\u00ab\u00a0J&rsquo;apprends l&rsquo;anglais\u00a0\u00bb<\/strong> et <strong>\u00ab\u00a0Les Fables de la Fontaine\u00a0\u00bb<\/strong> pour un apprentissage ludique.<\/li>\n<\/ul>\n<hr \/>\n<h3>Contenu de l&rsquo;Emballage<\/h3>\n<ol>\n<li><strong>Projecteur Tikino<\/strong><\/li>\n<li><strong>C\u00e2ble de charge<\/strong><\/li>\n<li><strong>Guide d&rsquo;utilisation<\/strong><\/li>\n<\/ol>\n<hr \/>\n<h3>Questions Fr\u00e9quentes<\/h3>\n<ol>\n<li><strong>\u00c0 partir de quel \u00e2ge peut-on utiliser le projecteur Tikino ?<\/strong>\n<ul>\n<li>Le projecteur est con\u00e7u pour les enfants de <strong>3 \u00e0 10 ans<\/strong>, avec des contenus adapt\u00e9s \u00e0 chaque tranche d&rsquo;\u00e2ge.<\/li>\n<\/ul>\n<\/li>\n<li><strong>Est-ce que le projecteur n\u00e9cessite une connexion internet ?<\/strong>\n<ul>\n<li>Non, une fois les contenus t\u00e9l\u00e9charg\u00e9s, il peut \u00eatre utilis\u00e9 hors ligne.<\/li>\n<\/ul>\n<\/li>\n<li><strong>Quelle est la dur\u00e9e de l&rsquo;autonomie du projecteur ?<\/strong>\n<ul>\n<li>Le projecteur offre <strong>2h30 d&rsquo;autonomie<\/strong>, id\u00e9al pour plusieurs s\u00e9ances d&rsquo;histoires anim\u00e9es.<\/li>\n<\/ul>\n<\/li>\n<li><strong>Peut-on ajouter d&rsquo;autres contenus ?<\/strong>\n<ul>\n<li>Oui, un catalogue de contenus est disponible avec des histoires, des vid\u00e9os \u00e9ducatives et des jeux entre <strong>3,99 \u20ac et 12 \u20ac<\/strong>.<\/li>\n<\/ul>\n<\/li>\n<li><strong>Est-il possible de connecter le projecteur \u00e0 une enceinte ?<\/strong>\n<ul>\n<li>Oui, il dispose d&rsquo;une connectivit\u00e9 <strong>Bluetooth<\/strong> pour diffuser le son sur une enceinte.<\/li>\n<\/ul>\n<\/li>\n<\/ol>\n<hr \/>\n<h3>Mots Cl\u00e9s pour le R\u00e9f\u00e9rencement<\/h3>\n<p>projecteur pour enfants, projecteur \u00e9ducatif, projecteur Tikino, histoires anim\u00e9es, projecteur sans lumi\u00e8re bleue, projecteur pour chambre d&rsquo;enfant, projecteur portable pour enfants, projecteur \u00e9ducatif 3-10 ans, Tikino projecteur \u00e9ducatif, conte pour enfant en projection.<\/p>\n","protected":false},"excerpt":{"rendered":"<p>Le <strong>Projecteur Tikino<\/strong> est un appareil ludique et \u00e9ducatif, id\u00e9al pour les enfants de <strong>3 \u00e0 10 ans<\/strong>. Gr\u00e2ce \u00e0 sa <strong>technologie de projection sans lumi\u00e8re bleue<\/strong>, il prot\u00e8ge les yeux des enfants tout en stimulant leur imagination. Ce projecteur <strong>nomade et l\u00e9ger<\/strong> permet de transformer chaque coin de la maison en salle de cin\u00e9ma pour des s\u00e9ances d&rsquo;histoires anim\u00e9es immersives. Avec une r\u00e9solution <strong>720p<\/strong> et un format <strong>16\/9\u00e8me<\/strong>, les enfants peuvent profiter de vid\u00e9os de haute qualit\u00e9 sur le mur ou le plafond, cr\u00e9ant des moments magiques et propices \u00e0 la d\u00e9tente.<\/p>\n<p>Le Tikino propose un <strong>catalogue riche de contenus \u00e9ducatifs<\/strong>, incluant des histoires comme <strong>\u00ab\u00a0Les Fables de la Fontaine\u00a0\u00bb<\/strong>, des cours d&rsquo;anglais et des s\u00e9ries amusantes telles que <strong>Rita &amp; Crocodile<\/strong>. Les enfants peuvent \u00e9galement d\u00e9couvrir des capitales du monde ou suivre des s\u00e9ances de yoga guid\u00e9es.<\/p>\n<p>Dot\u00e9 d&rsquo;une <strong>autonomie de 2h30<\/strong> et d&rsquo;une connexion <strong>Bluetooth<\/strong> pour les enceintes, il offre une exp\u00e9rience compl\u00e8te et personnalisable. Parfait pour les soir\u00e9es en famille ou pour divertir les enfants lors des voyages, le Tikino est le compagnon id\u00e9al pour \u00e9veiller la curiosit\u00e9 tout en s&rsquo;amusant.<\/p>\n<p>Avec son design robuste et \u00e9volutif, il s&rsquo;adapte \u00e0 l&rsquo;\u00e2ge et aux envies des enfants, tout en garantissant une s\u00e9curit\u00e9 optimale gr\u00e2ce \u00e0 une exposition minimale \u00e0 la lumi\u00e8re bleue.<\/p>\n","protected":false},"featured_media":2428,"comment_status":"open","ping_status":"closed","template":"","meta":{"_gspb_post_css":""},"store":[388],"product_brand":[],"product_cat":[377],"product_tag":[],"class_list":{"0":"post-2427","1":"product","2":"type-product","3":"status-publish","4":"has-post-thumbnail","6":"store-tikino","7":"product_cat-jeu-pour-enfants","9":"first","10":"instock","11":"shipping-taxable","12":"product-type-external"},"yoast_head":"<!-- This site is optimized with the Yoast SEO plugin v27.5 - https:\/\/yoast.com\/product\/yoast-seo-wordpress\/ -->\n<title>Projecteur Tikino test, avis et code promo - Braindegeek<\/title>\n<meta name=\"description\" content=\"Le Projecteur Tikino est un appareil ludique et \u00e9ducatif, id\u00e9al pour les enfants de 3 \u00e0 10 ans. Gr\u00e2ce \u00e0 sa technologie de projection sans lumi\u00e8re bleue,\" \/>\n<meta name=\"robots\" content=\"index, follow, max-snippet:-1, max-image-preview:large, max-video-preview:-1\" \/>\n<link rel=\"canonical\" href=\"http:\/\/braindegeek.shop\/index.php\/produit\/projecteur-tikino-test-avis-et-code-promo\/\" \/>\n<meta property=\"og:locale\" content=\"fr_FR\" \/>\n<meta property=\"og:type\" content=\"article\" \/>\n<meta property=\"og:title\" content=\"Projecteur Tikino test, avis et code promo - Braindegeek\" \/>\n<meta property=\"og:description\" content=\"Le Projecteur Tikino est un appareil ludique et \u00e9ducatif, id\u00e9al pour les enfants de 3 \u00e0 10 ans. Gr\u00e2ce \u00e0 sa technologie de projection sans lumi\u00e8re bleue,\" \/>\n<meta property=\"og:url\" content=\"http:\/\/braindegeek.shop\/index.php\/produit\/projecteur-tikino-test-avis-et-code-promo\/\" \/>\n<meta property=\"og:site_name\" content=\"Braindegeek\" \/>\n<meta property=\"article:publisher\" content=\"https:\/\/www.facebook.com\/BrainDeGeek\/\" \/>\n<meta property=\"article:modified_time\" content=\"2026-03-21T11:34:12+00:00\" \/>\n<meta property=\"og:image\" content=\"http:\/\/braindegeek.shop\/wp-content\/uploads\/2024\/11\/Projecteur-Tikino-test-avis-et-code-promo.png\" \/>\n\t<meta property=\"og:image:width\" content=\"500\" \/>\n\t<meta property=\"og:image:height\" content=\"500\" \/>\n\t<meta property=\"og:image:type\" content=\"image\/png\" \/>\n<meta name=\"twitter:card\" content=\"summary_large_image\" \/>\n<meta name=\"twitter:site\" content=\"@braindegeek\" \/>\n<meta name=\"twitter:label1\" content=\"Dur\u00e9e de lecture estim\u00e9e\" \/>\n\t<meta name=\"twitter:data1\" content=\"3 minutes\" \/>\n<script type=\"application\/ld+json\" class=\"yoast-schema-graph\">{\"@context\":\"https:\\\/\\\/schema.org\",\"@graph\":[{\"@type\":\"WebPage\",\"@id\":\"http:\\\/\\\/braindegeek.shop\\\/index.php\\\/produit\\\/projecteur-tikino-test-avis-et-code-promo\\\/\",\"url\":\"http:\\\/\\\/braindegeek.shop\\\/index.php\\\/produit\\\/projecteur-tikino-test-avis-et-code-promo\\\/\",\"name\":\"Projecteur Tikino test, avis et code promo - Braindegeek\",\"isPartOf\":{\"@id\":\"https:\\\/\\\/braindegeek.shop\\\/#website\"},\"primaryImageOfPage\":{\"@id\":\"http:\\\/\\\/braindegeek.shop\\\/index.php\\\/produit\\\/projecteur-tikino-test-avis-et-code-promo\\\/#primaryimage\"},\"image\":{\"@id\":\"http:\\\/\\\/braindegeek.shop\\\/index.php\\\/produit\\\/projecteur-tikino-test-avis-et-code-promo\\\/#primaryimage\"},\"thumbnailUrl\":\"https:\\\/\\\/braindegeek.shop\\\/wp-content\\\/uploads\\\/2024\\\/11\\\/Projecteur-Tikino-test-avis-et-code-promo.png\",\"datePublished\":\"2024-11-18T09:03:48+00:00\",\"dateModified\":\"2026-03-21T11:34:12+00:00\",\"description\":\"Le Projecteur Tikino est un appareil ludique et \u00e9ducatif, id\u00e9al pour les enfants de 3 \u00e0 10 ans. Gr\u00e2ce \u00e0 sa technologie de projection sans lumi\u00e8re bleue,\",\"breadcrumb\":{\"@id\":\"http:\\\/\\\/braindegeek.shop\\\/index.php\\\/produit\\\/projecteur-tikino-test-avis-et-code-promo\\\/#breadcrumb\"},\"inLanguage\":\"fr-FR\",\"potentialAction\":[{\"@type\":\"ReadAction\",\"target\":[\"http:\\\/\\\/braindegeek.shop\\\/index.php\\\/produit\\\/projecteur-tikino-test-avis-et-code-promo\\\/\"]}]},{\"@type\":\"ImageObject\",\"inLanguage\":\"fr-FR\",\"@id\":\"http:\\\/\\\/braindegeek.shop\\\/index.php\\\/produit\\\/projecteur-tikino-test-avis-et-code-promo\\\/#primaryimage\",\"url\":\"https:\\\/\\\/braindegeek.shop\\\/wp-content\\\/uploads\\\/2024\\\/11\\\/Projecteur-Tikino-test-avis-et-code-promo.png\",\"contentUrl\":\"https:\\\/\\\/braindegeek.shop\\\/wp-content\\\/uploads\\\/2024\\\/11\\\/Projecteur-Tikino-test-avis-et-code-promo.png\",\"width\":500,\"height\":500,\"caption\":\"Projecteur Tikino test, avis et code promo\"},{\"@type\":\"BreadcrumbList\",\"@id\":\"http:\\\/\\\/braindegeek.shop\\\/index.php\\\/produit\\\/projecteur-tikino-test-avis-et-code-promo\\\/#breadcrumb\",\"itemListElement\":[{\"@type\":\"ListItem\",\"position\":1,\"name\":\"Accueil\",\"item\":\"https:\\\/\\\/braindegeek.shop\\\/\"},{\"@type\":\"ListItem\",\"position\":2,\"name\":\"Boutique\",\"item\":\"http:\\\/\\\/braindegeek.shop\\\/index.php\\\/boutique\\\/\"},{\"@type\":\"ListItem\",\"position\":3,\"name\":\"Projecteur Tikino test, avis et code promo\"}]},{\"@type\":\"WebSite\",\"@id\":\"https:\\\/\\\/braindegeek.shop\\\/#website\",\"url\":\"https:\\\/\\\/braindegeek.shop\\\/\",\"name\":\"Braindegeek, votre guide d'achat pour les produits high-tech\",\"description\":\"Votre guide d&#039;achat pour vos produits high-tech : robots aspirateurs, tondeuse, piscine et autres nouvelles technologies\",\"publisher\":{\"@id\":\"https:\\\/\\\/braindegeek.shop\\\/#organization\"},\"potentialAction\":[{\"@type\":\"SearchAction\",\"target\":{\"@type\":\"EntryPoint\",\"urlTemplate\":\"https:\\\/\\\/braindegeek.shop\\\/?s={search_term_string}\"},\"query-input\":{\"@type\":\"PropertyValueSpecification\",\"valueRequired\":true,\"valueName\":\"search_term_string\"}}],\"inLanguage\":\"fr-FR\"},{\"@type\":\"Organization\",\"@id\":\"https:\\\/\\\/braindegeek.shop\\\/#organization\",\"name\":\"Braindegeek, votre guide d'achat pour les produits high-tech\",\"url\":\"https:\\\/\\\/braindegeek.shop\\\/\",\"logo\":{\"@type\":\"ImageObject\",\"inLanguage\":\"fr-FR\",\"@id\":\"https:\\\/\\\/braindegeek.shop\\\/#\\\/schema\\\/logo\\\/image\\\/\",\"url\":\"https:\\\/\\\/braindegeek.shop\\\/wp-content\\\/uploads\\\/2024\\\/05\\\/bdg-1.png\",\"contentUrl\":\"https:\\\/\\\/braindegeek.shop\\\/wp-content\\\/uploads\\\/2024\\\/05\\\/bdg-1.png\",\"width\":150,\"height\":150,\"caption\":\"Braindegeek, votre guide d'achat pour les produits high-tech\"},\"image\":{\"@id\":\"https:\\\/\\\/braindegeek.shop\\\/#\\\/schema\\\/logo\\\/image\\\/\"},\"sameAs\":[\"https:\\\/\\\/www.facebook.com\\\/BrainDeGeek\\\/\",\"https:\\\/\\\/x.com\\\/braindegeek\",\"https:\\\/\\\/www.tiktok.com\\\/@braindegeek\",\"https:\\\/\\\/www.youtube.com\\\/braindegeek\"]}]}<\/script>\n<!-- \/ Yoast SEO plugin. -->","yoast_head_json":{"title":"Projecteur Tikino test, avis et code promo - Braindegeek","description":"Le Projecteur Tikino est un appareil ludique et \u00e9ducatif, id\u00e9al pour les enfants de 3 \u00e0 10 ans. Gr\u00e2ce \u00e0 sa technologie de projection sans lumi\u00e8re bleue,","robots":{"index":"index","follow":"follow","max-snippet":"max-snippet:-1","max-image-preview":"max-image-preview:large","max-video-preview":"max-video-preview:-1"},"canonical":"http:\/\/braindegeek.shop\/index.php\/produit\/projecteur-tikino-test-avis-et-code-promo\/","og_locale":"fr_FR","og_type":"article","og_title":"Projecteur Tikino test, avis et code promo - Braindegeek","og_description":"Le Projecteur Tikino est un appareil ludique et \u00e9ducatif, id\u00e9al pour les enfants de 3 \u00e0 10 ans. Gr\u00e2ce \u00e0 sa technologie de projection sans lumi\u00e8re bleue,","og_url":"http:\/\/braindegeek.shop\/index.php\/produit\/projecteur-tikino-test-avis-et-code-promo\/","og_site_name":"Braindegeek","article_publisher":"https:\/\/www.facebook.com\/BrainDeGeek\/","article_modified_time":"2026-03-21T11:34:12+00:00","og_image":[{"width":500,"height":500,"url":"http:\/\/braindegeek.shop\/wp-content\/uploads\/2024\/11\/Projecteur-Tikino-test-avis-et-code-promo.png","type":"image\/png"}],"twitter_card":"summary_large_image","twitter_site":"@braindegeek","twitter_misc":{"Dur\u00e9e de lecture estim\u00e9e":"3 minutes"},"schema":{"@context":"https:\/\/schema.org","@graph":[{"@type":"WebPage","@id":"http:\/\/braindegeek.shop\/index.php\/produit\/projecteur-tikino-test-avis-et-code-promo\/","url":"http:\/\/braindegeek.shop\/index.php\/produit\/projecteur-tikino-test-avis-et-code-promo\/","name":"Projecteur Tikino test, avis et code promo - Braindegeek","isPartOf":{"@id":"https:\/\/braindegeek.shop\/#website"},"primaryImageOfPage":{"@id":"http:\/\/braindegeek.shop\/index.php\/produit\/projecteur-tikino-test-avis-et-code-promo\/#primaryimage"},"image":{"@id":"http:\/\/braindegeek.shop\/index.php\/produit\/projecteur-tikino-test-avis-et-code-promo\/#primaryimage"},"thumbnailUrl":"https:\/\/braindegeek.shop\/wp-content\/uploads\/2024\/11\/Projecteur-Tikino-test-avis-et-code-promo.png","datePublished":"2024-11-18T09:03:48+00:00","dateModified":"2026-03-21T11:34:12+00:00","description":"Le Projecteur Tikino est un appareil ludique et \u00e9ducatif, id\u00e9al pour les enfants de 3 \u00e0 10 ans. Gr\u00e2ce \u00e0 sa technologie de projection sans lumi\u00e8re bleue,","breadcrumb":{"@id":"http:\/\/braindegeek.shop\/index.php\/produit\/projecteur-tikino-test-avis-et-code-promo\/#breadcrumb"},"inLanguage":"fr-FR","potentialAction":[{"@type":"ReadAction","target":["http:\/\/braindegeek.shop\/index.php\/produit\/projecteur-tikino-test-avis-et-code-promo\/"]}]},{"@type":"ImageObject","inLanguage":"fr-FR","@id":"http:\/\/braindegeek.shop\/index.php\/produit\/projecteur-tikino-test-avis-et-code-promo\/#primaryimage","url":"https:\/\/braindegeek.shop\/wp-content\/uploads\/2024\/11\/Projecteur-Tikino-test-avis-et-code-promo.png","contentUrl":"https:\/\/braindegeek.shop\/wp-content\/uploads\/2024\/11\/Projecteur-Tikino-test-avis-et-code-promo.png","width":500,"height":500,"caption":"Projecteur Tikino test, avis et code promo"},{"@type":"BreadcrumbList","@id":"http:\/\/braindegeek.shop\/index.php\/produit\/projecteur-tikino-test-avis-et-code-promo\/#breadcrumb","itemListElement":[{"@type":"ListItem","position":1,"name":"Accueil","item":"https:\/\/braindegeek.shop\/"},{"@type":"ListItem","position":2,"name":"Boutique","item":"http:\/\/braindegeek.shop\/index.php\/boutique\/"},{"@type":"ListItem","position":3,"name":"Projecteur Tikino test, avis et code promo"}]},{"@type":"WebSite","@id":"https:\/\/braindegeek.shop\/#website","url":"https:\/\/braindegeek.shop\/","name":"Braindegeek, votre guide d'achat pour les produits high-tech","description":"Votre guide d&#039;achat pour vos produits high-tech : robots aspirateurs, tondeuse, piscine et autres nouvelles technologies","publisher":{"@id":"https:\/\/braindegeek.shop\/#organization"},"potentialAction":[{"@type":"SearchAction","target":{"@type":"EntryPoint","urlTemplate":"https:\/\/braindegeek.shop\/?s={search_term_string}"},"query-input":{"@type":"PropertyValueSpecification","valueRequired":true,"valueName":"search_term_string"}}],"inLanguage":"fr-FR"},{"@type":"Organization","@id":"https:\/\/braindegeek.shop\/#organization","name":"Braindegeek, votre guide d'achat pour les produits high-tech","url":"https:\/\/braindegeek.shop\/","logo":{"@type":"ImageObject","inLanguage":"fr-FR","@id":"https:\/\/braindegeek.shop\/#\/schema\/logo\/image\/","url":"https:\/\/braindegeek.shop\/wp-content\/uploads\/2024\/05\/bdg-1.png","contentUrl":"https:\/\/braindegeek.shop\/wp-content\/uploads\/2024\/05\/bdg-1.png","width":150,"height":150,"caption":"Braindegeek, votre guide d'achat pour les produits high-tech"},"image":{"@id":"https:\/\/braindegeek.shop\/#\/schema\/logo\/image\/"},"sameAs":["https:\/\/www.facebook.com\/BrainDeGeek\/","https:\/\/x.com\/braindegeek","https:\/\/www.tiktok.com\/@braindegeek","https:\/\/www.youtube.com\/braindegeek"]}]}},"jetpack_sharing_enabled":true,"_links":{"self":[{"href":"https:\/\/braindegeek.shop\/index.php\/wp-json\/wp\/v2\/product\/2427","targetHints":{"allow":["GET"]}}],"collection":[{"href":"https:\/\/braindegeek.shop\/index.php\/wp-json\/wp\/v2\/product"}],"about":[{"href":"https:\/\/braindegeek.shop\/index.php\/wp-json\/wp\/v2\/types\/product"}],"replies":[{"embeddable":true,"href":"https:\/\/braindegeek.shop\/index.php\/wp-json\/wp\/v2\/comments?post=2427"}],"wp:featuredmedia":[{"embeddable":true,"href":"https:\/\/braindegeek.shop\/index.php\/wp-json\/wp\/v2\/media\/2428"}],"wp:attachment":[{"href":"https:\/\/braindegeek.shop\/index.php\/wp-json\/wp\/v2\/media?parent=2427"}],"wp:term":[{"taxonomy":"store","embeddable":true,"href":"https:\/\/braindegeek.shop\/index.php\/wp-json\/wp\/v2\/store?post=2427"},{"taxonomy":"product_brand","embeddable":true,"href":"https:\/\/braindegeek.shop\/index.php\/wp-json\/wp\/v2\/product_brand?post=2427"},{"taxonomy":"product_cat","embeddable":true,"href":"https:\/\/braindegeek.shop\/index.php\/wp-json\/wp\/v2\/product_cat?post=2427"},{"taxonomy":"product_tag","embeddable":true,"href":"https:\/\/braindegeek.shop\/index.php\/wp-json\/wp\/v2\/product_tag?post=2427"}],"curies":[{"name":"wp","href":"https:\/\/api.w.org\/{rel}","templated":true}]}}