{"id":2269,"date":"2024-08-25T11:45:07","date_gmt":"2024-08-25T09:45:07","guid":{"rendered":"https:\/\/braindegeek.shop\/?post_type=product&#038;p=2269"},"modified":"2024-11-12T08:33:54","modified_gmt":"2024-11-12T07:33:54","slug":"dangbei-atom-laser-mini-projecteur-test-avis","status":"publish","type":"product","link":"https:\/\/braindegeek.shop\/index.php\/produit\/dangbei-atom-laser-mini-projecteur-test-avis\/","title":{"rendered":"Dangbei Atom Laser Mini Projecteur test, avis"},"content":{"rendered":"<p>Fiche produit<\/p>\n<h3><strong>Dangbei Atom &#8211; Premier Mini Projecteur Laser Google TV\u2122<\/strong><\/h3>\n<p>Plongez dans une exp\u00e9rience cin\u00e9matographique exceptionnelle avec le <strong>Dangbei Atom<\/strong>, le premier mini projecteur laser \u00e9quip\u00e9 de <strong>Google TV\u2122<\/strong> et con\u00e7u pour offrir un divertissement immersif \u00e0 la maison. Avec un design compact de seulement 1,87 pouces d&rsquo;\u00e9paisseur et un poids de 2,82 lbs, ce projecteur est <strong>facile \u00e0 transporter<\/strong> et s&rsquo;adapte \u00e0 toutes les pi\u00e8ces de votre maison. Profitez de plus de <strong>700,000 films et \u00e9missions<\/strong> via <strong>Netflix<\/strong>, YouTube, Prime Video, Disney+, et bien plus encore, directement int\u00e9gr\u00e9s dans <strong>Google TV\u2122<\/strong>.<\/p>\n<p>Gr\u00e2ce \u00e0 la technologie <strong>ALPD\u00ae laser<\/strong> et une luminosit\u00e9 de <strong>1200 ISO lumens<\/strong>, chaque d\u00e9tail est illumin\u00e9 avec une clart\u00e9 exceptionnelle. Obtenez une image <strong>1080p jusqu&rsquo;\u00e0 180 pouces<\/strong> avec prise en charge <strong>HDR10<\/strong>, tout en profitant d&rsquo;un son de qualit\u00e9 cin\u00e9ma gr\u00e2ce aux <strong>haut-parleurs int\u00e9gr\u00e9s Dolby Audio<\/strong>. De plus, l&rsquo;installation est simplifi\u00e9e gr\u00e2ce aux fonctionnalit\u00e9s <strong>d&rsquo;autofocus<\/strong>, <strong>correction trap\u00e9zo\u00efdale<\/strong> et <strong>ajustement d&rsquo;\u00e9cran<\/strong>, pour une image parfaite en quelques secondes.<\/p>\n<h3><strong>Caract\u00e9ristiques Techniques<\/strong><\/h3>\n<h4><strong>Affichage<\/strong><\/h4>\n<ul>\n<li><strong>Technologie d&rsquo;affichage<\/strong> : DLP<\/li>\n<li><strong>Puces d&rsquo;affichage<\/strong> : 0.33&Prime; DMD<\/li>\n<li><strong>Source lumineuse<\/strong> : Laser (Technologie ALPD\u00ae)<\/li>\n<li><strong>Dur\u00e9e de vie de la source lumineuse<\/strong> : 30 000 heures<\/li>\n<li><strong>Luminosit\u00e9<\/strong> : 1200 ISO lumens<\/li>\n<li><strong>R\u00e9solution<\/strong> : 1080P FHD (1920\u00d71080)<\/li>\n<li><strong>Formats pris en charge<\/strong> : HDR10, HLG<\/li>\n<li><strong>Compatibilit\u00e9 3D<\/strong> : Oui<\/li>\n<li><strong>Protection des yeux<\/strong> : Oui<\/li>\n<\/ul>\n<h4><strong>Projection<\/strong><\/h4>\n<ul>\n<li><strong>Rapport de projection<\/strong> : 1.2:1<\/li>\n<li><strong>Taille de l&rsquo;image<\/strong> : 40&Prime;~180&Prime; (Recommand\u00e9 : 60\u201d~100\u201d)<\/li>\n<li><strong>Autofocus<\/strong> : Oui, dToF + Autofocus avec cam\u00e9ra<\/li>\n<li><strong>Ajustement automatique de la correction trap\u00e9zo\u00efdale<\/strong> : Oui, \u00b130\u00b0<\/li>\n<li><strong>Ajustement intelligent de l&rsquo;\u00e9cran<\/strong> : Oui<\/li>\n<li><strong>\u00c9vitement intelligent des obstacles<\/strong> : Oui<\/li>\n<li><strong>M\u00e9thode de projection<\/strong> : Automatique, Avant, Arri\u00e8re, Plafond Avant, Plafond Arri\u00e8re, Support mural<\/li>\n<li><strong>D\u00e9calage de projection<\/strong> : 100%<\/li>\n<li><strong>Zoom<\/strong> : 100% &#8211; 50%<\/li>\n<\/ul>\n<h4><strong>Audio<\/strong><\/h4>\n<ul>\n<li><strong>Haut-parleurs<\/strong> : 2 x 5W<\/li>\n<li><strong>Support Dolby Digital<\/strong> : Oui<\/li>\n<li><strong>Support Dolby Digital Plus<\/strong> : Oui<\/li>\n<\/ul>\n<h4><strong>Syst\u00e8me<\/strong><\/h4>\n<ul>\n<li><strong>RAM<\/strong> : 2 Go DDR3<\/li>\n<li><strong>Stockage<\/strong> : 32 Go eMMC5.1<\/li>\n<li><strong>Syst\u00e8me d&rsquo;exploitation<\/strong> : Google TV<\/li>\n<li><strong>Contenus inclus<\/strong> : Netflix, YouTube, Prime Video, Hulu, Disney+, etc.<\/li>\n<\/ul>\n<h4><strong>Connectivit\u00e9<\/strong><\/h4>\n<ul>\n<li><strong>Entr\u00e9es<\/strong> :\n<ul>\n<li>USB 2.0 x 1<\/li>\n<li>HDMI IN (ARC) x 1<\/li>\n<li>DC-IN x 1<\/li>\n<\/ul>\n<\/li>\n<li><strong>Sorties<\/strong> :\n<ul>\n<li>Audio 3,5 mm x 1<\/li>\n<\/ul>\n<\/li>\n<li><strong>WiFi<\/strong> : Bi-bande 2,4\/5 GHz, 802.11a\/b\/g\/n\/ac<\/li>\n<li><strong>Bluetooth<\/strong> : Bluetooth 5.1\/BLE<\/li>\n<\/ul>\n<h4><strong>Environnement<\/strong><\/h4>\n<ul>\n<li><strong>Consommation d&rsquo;\u00e9nergie<\/strong> : 80W<\/li>\n<li><strong>Temp\u00e9rature de fonctionnement<\/strong> : 5\u00b0C ~ 35\u00b0C<\/li>\n<li><strong>Bruit<\/strong> : Mode standard &lt;24 dB @25\u00b0C<\/li>\n<\/ul>\n<h4><strong>Dimensions et Poids<\/strong><\/h4>\n<ul>\n<li><strong>Taille<\/strong> : 7,68 x 7,68 x 1,87 pouces<\/li>\n<li><strong>Poids<\/strong> : 2,82 lbs<\/li>\n<\/ul>\n<h4><strong>Accessoires Inclus<\/strong><\/h4>\n<ul>\n<li><strong>Prise d&rsquo;alimentation<\/strong> : 120W (19V\/6.32A)<\/li>\n<li><strong>Cordon d&rsquo;alimentation AC<\/strong> : x 1<\/li>\n<li><strong>T\u00e9l\u00e9commande Bluetooth<\/strong> : x 1<\/li>\n<li><strong>Manuel d&rsquo;utilisation<\/strong> : x 1<\/li>\n<\/ul>\n","protected":false},"excerpt":{"rendered":"<p>Le <strong>Dangbei Atom<\/strong> est le premier mini projecteur laser con\u00e7u avec <strong>Google TV\u2122<\/strong>, offrant une exp\u00e9rience de divertissement immersive dans un format compact. Pesant seulement <strong>2,82 lbs<\/strong> et mesurant <strong>1,87 pouces<\/strong> d&rsquo;\u00e9paisseur, il est facilement transportable pour une utilisation dans n&rsquo;importe quelle pi\u00e8ce de votre maison. Profitez de plus de <strong>700 000 films et \u00e9missions<\/strong> via <strong>Netflix<\/strong>, YouTube, Prime Video, Disney+, et bien d&rsquo;autres, gr\u00e2ce \u00e0 <strong>Google TV\u2122<\/strong> int\u00e9gr\u00e9.<\/p>\n<p>Ce projecteur utilise la technologie <strong>ALPD\u00ae Laser<\/strong> pour offrir une luminosit\u00e9 de <strong>1200 ISO lumens<\/strong>, garantissant des images en <strong>1080P Full HD<\/strong> claires et \u00e9clatantes, jusqu&rsquo;\u00e0 <strong>180 pouces<\/strong>. Avec des fonctionnalit\u00e9s intelligentes telles que l&rsquo;<strong>autofocus<\/strong>, la <strong>correction trap\u00e9zo\u00efdale automatique<\/strong> et l&rsquo;<strong>\u00e9vitement des obstacles<\/strong>, l&rsquo;installation est rapide et facile, et vous b\u00e9n\u00e9ficiez d&rsquo;une image parfaite en quelques secondes.<\/p>\n<p>Dot\u00e9 de <strong>haut-parleurs Dolby Audio<\/strong> de <strong>2 x 5W<\/strong>, le <strong>Dangbei Atom<\/strong> offre \u00e9galement une qualit\u00e9 sonore immersive, faisant de chaque projection une v\u00e9ritable exp\u00e9rience cin\u00e9ma \u00e0 la maison.<\/p>\n","protected":false},"featured_media":2270,"comment_status":"open","ping_status":"closed","template":"","meta":{"_gspb_post_css":""},"store":[328],"product_brand":[],"product_cat":[264],"product_tag":[],"class_list":{"0":"post-2269","1":"product","2":"type-product","3":"status-publish","4":"has-post-thumbnail","6":"store-dangbei","7":"product_cat-video-projecteur","9":"first","10":"instock","11":"shipping-taxable","12":"product-type-external"},"yoast_head":"<!-- This site is optimized with the Yoast SEO plugin v27.5 - https:\/\/yoast.com\/product\/yoast-seo-wordpress\/ -->\n<title>Dangbei Atom Laser Mini Projecteur test, avis - Braindegeek<\/title>\n<meta name=\"description\" content=\"Le Dangbei Atom est le premier mini projecteur laser con\u00e7u avec Google TV\u2122, offrant une exp\u00e9rience de divertissement immersive dans un format compact.\" \/>\n<meta name=\"robots\" content=\"index, follow, max-snippet:-1, max-image-preview:large, max-video-preview:-1\" \/>\n<link rel=\"canonical\" href=\"http:\/\/braindegeek.shop\/index.php\/produit\/dangbei-atom-laser-mini-projecteur-test-avis\/\" \/>\n<meta property=\"og:locale\" content=\"fr_FR\" \/>\n<meta property=\"og:type\" content=\"article\" \/>\n<meta property=\"og:title\" content=\"Dangbei Atom Laser Mini Projecteur test, avis - Braindegeek\" \/>\n<meta property=\"og:description\" content=\"Le Dangbei Atom est le premier mini projecteur laser con\u00e7u avec Google TV\u2122, offrant une exp\u00e9rience de divertissement immersive dans un format compact.\" \/>\n<meta property=\"og:url\" content=\"http:\/\/braindegeek.shop\/index.php\/produit\/dangbei-atom-laser-mini-projecteur-test-avis\/\" \/>\n<meta property=\"og:site_name\" content=\"Braindegeek\" \/>\n<meta property=\"article:publisher\" content=\"https:\/\/www.facebook.com\/BrainDeGeek\/\" \/>\n<meta property=\"article:modified_time\" content=\"2024-11-12T07:33:54+00:00\" \/>\n<meta property=\"og:image\" content=\"http:\/\/braindegeek.shop\/wp-content\/uploads\/2024\/08\/Dangbei-Atom-Laser-Mini-Projecteur-test-avis.png\" \/>\n\t<meta property=\"og:image:width\" content=\"500\" \/>\n\t<meta property=\"og:image:height\" content=\"500\" \/>\n\t<meta property=\"og:image:type\" content=\"image\/png\" \/>\n<meta name=\"twitter:card\" content=\"summary_large_image\" \/>\n<meta name=\"twitter:site\" content=\"@braindegeek\" \/>\n<meta name=\"twitter:label1\" content=\"Dur\u00e9e de lecture estim\u00e9e\" \/>\n\t<meta name=\"twitter:data1\" content=\"3 minutes\" \/>\n<script type=\"application\/ld+json\" class=\"yoast-schema-graph\">{\"@context\":\"https:\\\/\\\/schema.org\",\"@graph\":[{\"@type\":\"WebPage\",\"@id\":\"http:\\\/\\\/braindegeek.shop\\\/index.php\\\/produit\\\/dangbei-atom-laser-mini-projecteur-test-avis\\\/\",\"url\":\"http:\\\/\\\/braindegeek.shop\\\/index.php\\\/produit\\\/dangbei-atom-laser-mini-projecteur-test-avis\\\/\",\"name\":\"Dangbei Atom Laser Mini Projecteur test, avis - Braindegeek\",\"isPartOf\":{\"@id\":\"https:\\\/\\\/braindegeek.shop\\\/#website\"},\"primaryImageOfPage\":{\"@id\":\"http:\\\/\\\/braindegeek.shop\\\/index.php\\\/produit\\\/dangbei-atom-laser-mini-projecteur-test-avis\\\/#primaryimage\"},\"image\":{\"@id\":\"http:\\\/\\\/braindegeek.shop\\\/index.php\\\/produit\\\/dangbei-atom-laser-mini-projecteur-test-avis\\\/#primaryimage\"},\"thumbnailUrl\":\"https:\\\/\\\/braindegeek.shop\\\/wp-content\\\/uploads\\\/2024\\\/08\\\/Dangbei-Atom-Laser-Mini-Projecteur-test-avis.png\",\"datePublished\":\"2024-08-25T09:45:07+00:00\",\"dateModified\":\"2024-11-12T07:33:54+00:00\",\"description\":\"Le Dangbei Atom est le premier mini projecteur laser con\u00e7u avec Google TV\u2122, offrant une exp\u00e9rience de divertissement immersive dans un format compact.\",\"breadcrumb\":{\"@id\":\"http:\\\/\\\/braindegeek.shop\\\/index.php\\\/produit\\\/dangbei-atom-laser-mini-projecteur-test-avis\\\/#breadcrumb\"},\"inLanguage\":\"fr-FR\",\"potentialAction\":[{\"@type\":\"ReadAction\",\"target\":[\"http:\\\/\\\/braindegeek.shop\\\/index.php\\\/produit\\\/dangbei-atom-laser-mini-projecteur-test-avis\\\/\"]}]},{\"@type\":\"ImageObject\",\"inLanguage\":\"fr-FR\",\"@id\":\"http:\\\/\\\/braindegeek.shop\\\/index.php\\\/produit\\\/dangbei-atom-laser-mini-projecteur-test-avis\\\/#primaryimage\",\"url\":\"https:\\\/\\\/braindegeek.shop\\\/wp-content\\\/uploads\\\/2024\\\/08\\\/Dangbei-Atom-Laser-Mini-Projecteur-test-avis.png\",\"contentUrl\":\"https:\\\/\\\/braindegeek.shop\\\/wp-content\\\/uploads\\\/2024\\\/08\\\/Dangbei-Atom-Laser-Mini-Projecteur-test-avis.png\",\"width\":500,\"height\":500,\"caption\":\"Dangbei Atom Laser Mini Projecteur test, avis\"},{\"@type\":\"BreadcrumbList\",\"@id\":\"http:\\\/\\\/braindegeek.shop\\\/index.php\\\/produit\\\/dangbei-atom-laser-mini-projecteur-test-avis\\\/#breadcrumb\",\"itemListElement\":[{\"@type\":\"ListItem\",\"position\":1,\"name\":\"Accueil\",\"item\":\"https:\\\/\\\/braindegeek.shop\\\/\"},{\"@type\":\"ListItem\",\"position\":2,\"name\":\"Boutique\",\"item\":\"http:\\\/\\\/braindegeek.shop\\\/index.php\\\/boutique\\\/\"},{\"@type\":\"ListItem\",\"position\":3,\"name\":\"Dangbei Atom Laser Mini Projecteur test, avis\"}]},{\"@type\":\"WebSite\",\"@id\":\"https:\\\/\\\/braindegeek.shop\\\/#website\",\"url\":\"https:\\\/\\\/braindegeek.shop\\\/\",\"name\":\"Braindegeek, votre guide d'achat pour les produits high-tech\",\"description\":\"Votre guide d&#039;achat pour vos produits high-tech : robots aspirateurs, tondeuse, piscine et autres nouvelles technologies\",\"publisher\":{\"@id\":\"https:\\\/\\\/braindegeek.shop\\\/#organization\"},\"potentialAction\":[{\"@type\":\"SearchAction\",\"target\":{\"@type\":\"EntryPoint\",\"urlTemplate\":\"https:\\\/\\\/braindegeek.shop\\\/?s={search_term_string}\"},\"query-input\":{\"@type\":\"PropertyValueSpecification\",\"valueRequired\":true,\"valueName\":\"search_term_string\"}}],\"inLanguage\":\"fr-FR\"},{\"@type\":\"Organization\",\"@id\":\"https:\\\/\\\/braindegeek.shop\\\/#organization\",\"name\":\"Braindegeek, votre guide d'achat pour les produits high-tech\",\"url\":\"https:\\\/\\\/braindegeek.shop\\\/\",\"logo\":{\"@type\":\"ImageObject\",\"inLanguage\":\"fr-FR\",\"@id\":\"https:\\\/\\\/braindegeek.shop\\\/#\\\/schema\\\/logo\\\/image\\\/\",\"url\":\"https:\\\/\\\/braindegeek.shop\\\/wp-content\\\/uploads\\\/2024\\\/05\\\/bdg-1.png\",\"contentUrl\":\"https:\\\/\\\/braindegeek.shop\\\/wp-content\\\/uploads\\\/2024\\\/05\\\/bdg-1.png\",\"width\":150,\"height\":150,\"caption\":\"Braindegeek, votre guide d'achat pour les produits high-tech\"},\"image\":{\"@id\":\"https:\\\/\\\/braindegeek.shop\\\/#\\\/schema\\\/logo\\\/image\\\/\"},\"sameAs\":[\"https:\\\/\\\/www.facebook.com\\\/BrainDeGeek\\\/\",\"https:\\\/\\\/x.com\\\/braindegeek\",\"https:\\\/\\\/www.tiktok.com\\\/@braindegeek\",\"https:\\\/\\\/www.youtube.com\\\/braindegeek\"]}]}<\/script>\n<!-- \/ Yoast SEO plugin. -->","yoast_head_json":{"title":"Dangbei Atom Laser Mini Projecteur test, avis - Braindegeek","description":"Le Dangbei Atom est le premier mini projecteur laser con\u00e7u avec Google TV\u2122, offrant une exp\u00e9rience de divertissement immersive dans un format compact.","robots":{"index":"index","follow":"follow","max-snippet":"max-snippet:-1","max-image-preview":"max-image-preview:large","max-video-preview":"max-video-preview:-1"},"canonical":"http:\/\/braindegeek.shop\/index.php\/produit\/dangbei-atom-laser-mini-projecteur-test-avis\/","og_locale":"fr_FR","og_type":"article","og_title":"Dangbei Atom Laser Mini Projecteur test, avis - Braindegeek","og_description":"Le Dangbei Atom est le premier mini projecteur laser con\u00e7u avec Google TV\u2122, offrant une exp\u00e9rience de divertissement immersive dans un format compact.","og_url":"http:\/\/braindegeek.shop\/index.php\/produit\/dangbei-atom-laser-mini-projecteur-test-avis\/","og_site_name":"Braindegeek","article_publisher":"https:\/\/www.facebook.com\/BrainDeGeek\/","article_modified_time":"2024-11-12T07:33:54+00:00","og_image":[{"width":500,"height":500,"url":"http:\/\/braindegeek.shop\/wp-content\/uploads\/2024\/08\/Dangbei-Atom-Laser-Mini-Projecteur-test-avis.png","type":"image\/png"}],"twitter_card":"summary_large_image","twitter_site":"@braindegeek","twitter_misc":{"Dur\u00e9e de lecture estim\u00e9e":"3 minutes"},"schema":{"@context":"https:\/\/schema.org","@graph":[{"@type":"WebPage","@id":"http:\/\/braindegeek.shop\/index.php\/produit\/dangbei-atom-laser-mini-projecteur-test-avis\/","url":"http:\/\/braindegeek.shop\/index.php\/produit\/dangbei-atom-laser-mini-projecteur-test-avis\/","name":"Dangbei Atom Laser Mini Projecteur test, avis - Braindegeek","isPartOf":{"@id":"https:\/\/braindegeek.shop\/#website"},"primaryImageOfPage":{"@id":"http:\/\/braindegeek.shop\/index.php\/produit\/dangbei-atom-laser-mini-projecteur-test-avis\/#primaryimage"},"image":{"@id":"http:\/\/braindegeek.shop\/index.php\/produit\/dangbei-atom-laser-mini-projecteur-test-avis\/#primaryimage"},"thumbnailUrl":"https:\/\/braindegeek.shop\/wp-content\/uploads\/2024\/08\/Dangbei-Atom-Laser-Mini-Projecteur-test-avis.png","datePublished":"2024-08-25T09:45:07+00:00","dateModified":"2024-11-12T07:33:54+00:00","description":"Le Dangbei Atom est le premier mini projecteur laser con\u00e7u avec Google TV\u2122, offrant une exp\u00e9rience de divertissement immersive dans un format compact.","breadcrumb":{"@id":"http:\/\/braindegeek.shop\/index.php\/produit\/dangbei-atom-laser-mini-projecteur-test-avis\/#breadcrumb"},"inLanguage":"fr-FR","potentialAction":[{"@type":"ReadAction","target":["http:\/\/braindegeek.shop\/index.php\/produit\/dangbei-atom-laser-mini-projecteur-test-avis\/"]}]},{"@type":"ImageObject","inLanguage":"fr-FR","@id":"http:\/\/braindegeek.shop\/index.php\/produit\/dangbei-atom-laser-mini-projecteur-test-avis\/#primaryimage","url":"https:\/\/braindegeek.shop\/wp-content\/uploads\/2024\/08\/Dangbei-Atom-Laser-Mini-Projecteur-test-avis.png","contentUrl":"https:\/\/braindegeek.shop\/wp-content\/uploads\/2024\/08\/Dangbei-Atom-Laser-Mini-Projecteur-test-avis.png","width":500,"height":500,"caption":"Dangbei Atom Laser Mini Projecteur test, avis"},{"@type":"BreadcrumbList","@id":"http:\/\/braindegeek.shop\/index.php\/produit\/dangbei-atom-laser-mini-projecteur-test-avis\/#breadcrumb","itemListElement":[{"@type":"ListItem","position":1,"name":"Accueil","item":"https:\/\/braindegeek.shop\/"},{"@type":"ListItem","position":2,"name":"Boutique","item":"http:\/\/braindegeek.shop\/index.php\/boutique\/"},{"@type":"ListItem","position":3,"name":"Dangbei Atom Laser Mini Projecteur test, avis"}]},{"@type":"WebSite","@id":"https:\/\/braindegeek.shop\/#website","url":"https:\/\/braindegeek.shop\/","name":"Braindegeek, votre guide d'achat pour les produits high-tech","description":"Votre guide d&#039;achat pour vos produits high-tech : robots aspirateurs, tondeuse, piscine et autres nouvelles technologies","publisher":{"@id":"https:\/\/braindegeek.shop\/#organization"},"potentialAction":[{"@type":"SearchAction","target":{"@type":"EntryPoint","urlTemplate":"https:\/\/braindegeek.shop\/?s={search_term_string}"},"query-input":{"@type":"PropertyValueSpecification","valueRequired":true,"valueName":"search_term_string"}}],"inLanguage":"fr-FR"},{"@type":"Organization","@id":"https:\/\/braindegeek.shop\/#organization","name":"Braindegeek, votre guide d'achat pour les produits high-tech","url":"https:\/\/braindegeek.shop\/","logo":{"@type":"ImageObject","inLanguage":"fr-FR","@id":"https:\/\/braindegeek.shop\/#\/schema\/logo\/image\/","url":"https:\/\/braindegeek.shop\/wp-content\/uploads\/2024\/05\/bdg-1.png","contentUrl":"https:\/\/braindegeek.shop\/wp-content\/uploads\/2024\/05\/bdg-1.png","width":150,"height":150,"caption":"Braindegeek, votre guide d'achat pour les produits high-tech"},"image":{"@id":"https:\/\/braindegeek.shop\/#\/schema\/logo\/image\/"},"sameAs":["https:\/\/www.facebook.com\/BrainDeGeek\/","https:\/\/x.com\/braindegeek","https:\/\/www.tiktok.com\/@braindegeek","https:\/\/www.youtube.com\/braindegeek"]}]}},"jetpack_sharing_enabled":true,"_links":{"self":[{"href":"https:\/\/braindegeek.shop\/index.php\/wp-json\/wp\/v2\/product\/2269","targetHints":{"allow":["GET"]}}],"collection":[{"href":"https:\/\/braindegeek.shop\/index.php\/wp-json\/wp\/v2\/product"}],"about":[{"href":"https:\/\/braindegeek.shop\/index.php\/wp-json\/wp\/v2\/types\/product"}],"replies":[{"embeddable":true,"href":"https:\/\/braindegeek.shop\/index.php\/wp-json\/wp\/v2\/comments?post=2269"}],"wp:featuredmedia":[{"embeddable":true,"href":"https:\/\/braindegeek.shop\/index.php\/wp-json\/wp\/v2\/media\/2270"}],"wp:attachment":[{"href":"https:\/\/braindegeek.shop\/index.php\/wp-json\/wp\/v2\/media?parent=2269"}],"wp:term":[{"taxonomy":"store","embeddable":true,"href":"https:\/\/braindegeek.shop\/index.php\/wp-json\/wp\/v2\/store?post=2269"},{"taxonomy":"product_brand","embeddable":true,"href":"https:\/\/braindegeek.shop\/index.php\/wp-json\/wp\/v2\/product_brand?post=2269"},{"taxonomy":"product_cat","embeddable":true,"href":"https:\/\/braindegeek.shop\/index.php\/wp-json\/wp\/v2\/product_cat?post=2269"},{"taxonomy":"product_tag","embeddable":true,"href":"https:\/\/braindegeek.shop\/index.php\/wp-json\/wp\/v2\/product_tag?post=2269"}],"curies":[{"name":"wp","href":"https:\/\/api.w.org\/{rel}","templated":true}]}}