{"id":2245,"date":"2024-08-05T15:40:26","date_gmt":"2024-08-05T13:40:26","guid":{"rendered":"https:\/\/braindegeek.shop\/?post_type=product&#038;p=2245"},"modified":"2025-12-08T07:31:15","modified_gmt":"2025-12-08T06:31:15","slug":"ugreen-nexode-batterie-externe-20000mah-130w-test-avis","status":"publish","type":"product","link":"https:\/\/braindegeek.shop\/index.php\/produit\/ugreen-nexode-batterie-externe-20000mah-130w-test-avis\/","title":{"rendered":"UGREEN Nexode Batterie Externe 20000mAh 130W test, avis"},"content":{"rendered":"<h3>Description du Produit : UGREEN Nexode Batterie Externe 20000mAh 130W<\/h3>\n<p>La <strong>UGREEN Nexode Batterie Externe 20000mAh 130W<\/strong> est une power bank de haute capacit\u00e9 con\u00e7ue pour vous offrir une solution de recharge rapide et fiable pour tous vos appareils \u00e9lectroniques. Id\u00e9ale pour les voyages d&rsquo;affaires, le camping ou toute autre activit\u00e9 en ext\u00e9rieur, cette batterie externe garantit que vos appareils ne seront jamais \u00e0 court d&rsquo;\u00e9nergie.<\/p>\n<h4>Caract\u00e9ristiques Principales :<\/h4>\n<ul>\n<li><strong>Grande Capacit\u00e9 de 20000mAh :<\/strong>\n<ul>\n<li>Chargez un MacBook Air M2 15&Prime; jusqu&rsquo;\u00e0 1,1 fois.<\/li>\n<li>Chargez un iPhone 15 Pro jusqu&rsquo;\u00e0 4,5 fois.<\/li>\n<li>Chargez un Galaxy S24 Ultra jusqu&rsquo;\u00e0 3 fois.<\/li>\n<li>Chargez une Nintendo Switch jusqu&rsquo;\u00e0 3,4 fois.<\/li>\n<\/ul>\n<\/li>\n<li><strong>Charge Ultra-Rapide de 100W :<\/strong>\n<ul>\n<li>Le port USB-C1 supporte une sortie maximale de 100W, permettant de charger un MacBook Pro 16&Prime; \u00e0 50 % en seulement 40 minutes.<\/li>\n<li>Recharge compl\u00e8te de la batterie externe en 2 heures avec un chargeur de 65W ou plus (chargeur non inclus).<\/li>\n<\/ul>\n<\/li>\n<li><strong>Conception Compacte et Intelligente :<\/strong>\n<ul>\n<li>\u00c9quip\u00e9e d&rsquo;un \u00e9cran intelligent TFT qui affiche le niveau de la batterie, le courant, la tension et la puissance de sortie des diff\u00e9rentes interfaces.<\/li>\n<li>Design de colonne avanc\u00e9, l\u00e9ger et compact, facile \u00e0 tenir dans la paume de la main.<\/li>\n<\/ul>\n<\/li>\n<li><strong>Charge de 3 Appareils Simultan\u00e9ment :<\/strong>\n<ul>\n<li>Trois ports USB (USB-C1\/C2\/A) pour charger 3 appareils \u00e0 la fois \u00e0 vitesse maximale.<\/li>\n<li>Le port USB-C1 offre une charge rapide de sortie maximale de 100W pour les ordinateurs portables et les smartphones.<\/li>\n<\/ul>\n<\/li>\n<li><strong>Compatibilit\u00e9 \u00c9tendue :<\/strong>\n<ul>\n<li>Compatible avec une large gamme d&rsquo;appareils, y compris :\n<ul>\n<li><strong>iPhone :<\/strong> 15\/15 Plus\/15 Pro\/15 Pro Max, 14\/14 Plus\/14 Pro\/14 Pro Max, 13\/13 Pro\/13 Pro Max, 12, etc.<\/li>\n<li><strong>Samsung Galaxy :<\/strong> S24\/S24+\/S24 Ultra, S23\/S23+\/S23 Ultra, S22, S21, A54, A53, Z Flip5\/Z Flip4, Z Fold5, etc.<\/li>\n<li><strong>Google Pixel :<\/strong> 8\/8 Pro, 7\/7 Pro, 7a.<\/li>\n<li><strong>MacBook :<\/strong> Pro M2 16\u00a0\u00bb\/14\u00a0\u00bb\/13\u00a0\u00bb, Air M2 15&Prime; 2023\/M1 13&Prime;.<\/li>\n<li><strong>iPad :<\/strong> Pro\/Air\/mini.<\/li>\n<li><strong>Galaxy Tab :<\/strong> S8\/S7\/A8.<\/li>\n<li><strong>AirPods Pro 2<\/strong> et bien plus encore.<\/li>\n<\/ul>\n<\/li>\n<\/ul>\n<\/li>\n<\/ul>\n<h3>Avantages du Produit :<\/h3>\n<ul>\n<li><strong>Puissance Impressionnante :<\/strong> Avec sa capacit\u00e9 de 20000mAh et sa sortie de 130W, cette power bank est suffisamment puissante pour recharger plusieurs appareils \u00e0 la fois, ce qui est id\u00e9al pour ceux qui sont constamment en d\u00e9placement.<\/li>\n<li><strong>Charge Rapide et Efficace :<\/strong> Gr\u00e2ce \u00e0 la technologie PD QC 3.0, profitez d&rsquo;une charge rapide pour vos appareils, r\u00e9duisant le temps d&rsquo;attente et augmentant votre productivit\u00e9.<\/li>\n<li><strong>Polyvalence et Flexibilit\u00e9 :<\/strong> Que ce soit pour un smartphone, une tablette ou un ordinateur portable, la UGREEN Nexode s&rsquo;adapte \u00e0 vos besoins de recharge, offrant une compatibilit\u00e9 avec une large gamme de marques et de mod\u00e8les.<\/li>\n<li><strong>Design Intuitif :<\/strong> L&rsquo;\u00e9cran TFT int\u00e9gr\u00e9 vous permet de suivre facilement l&rsquo;\u00e9tat de charge et les performances, garantissant une utilisation pratique et inform\u00e9e.<\/li>\n<\/ul>\n<h3>Conclusion :<\/h3>\n<p>La <strong>UGREEN Nexode Batterie Externe 20000mAh 130W<\/strong> est un accessoire indispensable pour quiconque cherche \u00e0 rester connect\u00e9 sans interruption. Son design compact, sa puissance impressionnante et sa compatibilit\u00e9 \u00e9tendue en font le choix parfait pour tous vos besoins de recharge.<\/p>\n","protected":false},"excerpt":{"rendered":"<p>La <strong>UGREEN Nexode 20000mAh 130W Power Bank<\/strong> est une batterie externe puissante con\u00e7ue pour garder tous vos appareils charg\u00e9s lors de vos d\u00e9placements. Avec sa grande capacit\u00e9 de 20000mAh, elle peut recharger un MacBook Air, un iPhone 15 Pro, ou un Galaxy S24 Ultra plusieurs fois, offrant ainsi une solution fiable pour les voyages d&rsquo;affaires ou les aventures en plein air.<\/p>\n<p>Elle dispose de trois ports (USB-C1, USB-C2, USB-A) permettant de charger jusqu&rsquo;\u00e0 trois appareils simultan\u00e9ment \u00e0 vitesse maximale, avec une sortie ultra-rapide de 100W pour les ordinateurs portables via le port USB-C1. Son design compact et son \u00e9cran TFT int\u00e9gr\u00e9 vous informent en temps r\u00e9el du niveau de batterie et de la puissance de charge, assurant une utilisation pratique et efficace.<\/p>\n<p>Compatible avec une large gamme d&rsquo;appareils, y compris les smartphones, tablettes et ordinateurs portables de diverses marques, la UGREEN Nexode est l&rsquo;accessoire parfait pour ceux qui recherchent une charge rapide et efficace sans compromis.<\/p>\n","protected":false},"featured_media":2246,"comment_status":"open","ping_status":"closed","template":"","meta":{"_gspb_post_css":""},"store":[317],"product_brand":[],"product_cat":[290],"product_tag":[],"class_list":{"0":"post-2245","1":"product","2":"type-product","3":"status-publish","4":"has-post-thumbnail","6":"store-ugreen","7":"product_cat-batterie","9":"first","10":"instock","11":"sale","12":"shipping-taxable","13":"product-type-external"},"yoast_head":"<!-- This site is optimized with the Yoast SEO plugin v27.5 - https:\/\/yoast.com\/product\/yoast-seo-wordpress\/ -->\n<title>UGREEN Nexode Batterie Externe 20000mAh 130W test, avis - Braindegeek<\/title>\n<meta name=\"description\" content=\"La UGREEN Nexode 20000mAh 130W Power Bank est une batterie externe puissante con\u00e7ue pour garder tous vos appareils charg\u00e9s lors de vos d\u00e9placements.\" \/>\n<meta name=\"robots\" content=\"index, follow, max-snippet:-1, max-image-preview:large, max-video-preview:-1\" \/>\n<link rel=\"canonical\" href=\"https:\/\/braindegeek.shop\/index.php\/produit\/ugreen-nexode-batterie-externe-20000mah-130w-test-avis\/\" \/>\n<meta property=\"og:locale\" content=\"fr_FR\" \/>\n<meta property=\"og:type\" content=\"article\" \/>\n<meta property=\"og:title\" content=\"UGREEN Nexode Batterie Externe 20000mAh 130W test, avis - Braindegeek\" \/>\n<meta property=\"og:description\" content=\"La UGREEN Nexode 20000mAh 130W Power Bank est une batterie externe puissante con\u00e7ue pour garder tous vos appareils charg\u00e9s lors de vos d\u00e9placements.\" \/>\n<meta property=\"og:url\" content=\"https:\/\/braindegeek.shop\/index.php\/produit\/ugreen-nexode-batterie-externe-20000mah-130w-test-avis\/\" \/>\n<meta property=\"og:site_name\" content=\"Braindegeek\" \/>\n<meta property=\"article:publisher\" content=\"https:\/\/www.facebook.com\/BrainDeGeek\/\" \/>\n<meta property=\"article:modified_time\" content=\"2025-12-08T06:31:15+00:00\" \/>\n<meta property=\"og:image\" content=\"https:\/\/braindegeek.shop\/wp-content\/uploads\/2024\/08\/UGREEN-Nexode-Batterie-Externe-20000mAh-130W-test-avis.png\" \/>\n\t<meta property=\"og:image:width\" content=\"500\" \/>\n\t<meta property=\"og:image:height\" content=\"500\" \/>\n\t<meta property=\"og:image:type\" content=\"image\/png\" \/>\n<meta name=\"twitter:card\" content=\"summary_large_image\" \/>\n<meta name=\"twitter:site\" content=\"@braindegeek\" \/>\n<meta name=\"twitter:label1\" content=\"Dur\u00e9e de lecture estim\u00e9e\" \/>\n\t<meta name=\"twitter:data1\" content=\"3 minutes\" \/>\n<script type=\"application\/ld+json\" class=\"yoast-schema-graph\">{\"@context\":\"https:\\\/\\\/schema.org\",\"@graph\":[{\"@type\":\"WebPage\",\"@id\":\"https:\\\/\\\/braindegeek.shop\\\/index.php\\\/produit\\\/ugreen-nexode-batterie-externe-20000mah-130w-test-avis\\\/\",\"url\":\"https:\\\/\\\/braindegeek.shop\\\/index.php\\\/produit\\\/ugreen-nexode-batterie-externe-20000mah-130w-test-avis\\\/\",\"name\":\"UGREEN Nexode Batterie Externe 20000mAh 130W test, avis - Braindegeek\",\"isPartOf\":{\"@id\":\"http:\\\/\\\/braindegeek.shop\\\/#website\"},\"primaryImageOfPage\":{\"@id\":\"https:\\\/\\\/braindegeek.shop\\\/index.php\\\/produit\\\/ugreen-nexode-batterie-externe-20000mah-130w-test-avis\\\/#primaryimage\"},\"image\":{\"@id\":\"https:\\\/\\\/braindegeek.shop\\\/index.php\\\/produit\\\/ugreen-nexode-batterie-externe-20000mah-130w-test-avis\\\/#primaryimage\"},\"thumbnailUrl\":\"https:\\\/\\\/braindegeek.shop\\\/wp-content\\\/uploads\\\/2024\\\/08\\\/UGREEN-Nexode-Batterie-Externe-20000mAh-130W-test-avis.png\",\"datePublished\":\"2024-08-05T13:40:26+00:00\",\"dateModified\":\"2025-12-08T06:31:15+00:00\",\"description\":\"La UGREEN Nexode 20000mAh 130W Power Bank est une batterie externe puissante con\u00e7ue pour garder tous vos appareils charg\u00e9s lors de vos d\u00e9placements.\",\"breadcrumb\":{\"@id\":\"https:\\\/\\\/braindegeek.shop\\\/index.php\\\/produit\\\/ugreen-nexode-batterie-externe-20000mah-130w-test-avis\\\/#breadcrumb\"},\"inLanguage\":\"fr-FR\",\"potentialAction\":[{\"@type\":\"ReadAction\",\"target\":[\"https:\\\/\\\/braindegeek.shop\\\/index.php\\\/produit\\\/ugreen-nexode-batterie-externe-20000mah-130w-test-avis\\\/\"]}]},{\"@type\":\"ImageObject\",\"inLanguage\":\"fr-FR\",\"@id\":\"https:\\\/\\\/braindegeek.shop\\\/index.php\\\/produit\\\/ugreen-nexode-batterie-externe-20000mah-130w-test-avis\\\/#primaryimage\",\"url\":\"https:\\\/\\\/braindegeek.shop\\\/wp-content\\\/uploads\\\/2024\\\/08\\\/UGREEN-Nexode-Batterie-Externe-20000mAh-130W-test-avis.png\",\"contentUrl\":\"https:\\\/\\\/braindegeek.shop\\\/wp-content\\\/uploads\\\/2024\\\/08\\\/UGREEN-Nexode-Batterie-Externe-20000mAh-130W-test-avis.png\",\"width\":500,\"height\":500,\"caption\":\"UGREEN Nexode Batterie Externe 20000mAh 130W test, avis\"},{\"@type\":\"BreadcrumbList\",\"@id\":\"https:\\\/\\\/braindegeek.shop\\\/index.php\\\/produit\\\/ugreen-nexode-batterie-externe-20000mah-130w-test-avis\\\/#breadcrumb\",\"itemListElement\":[{\"@type\":\"ListItem\",\"position\":1,\"name\":\"Accueil\",\"item\":\"http:\\\/\\\/braindegeek.shop\\\/\"},{\"@type\":\"ListItem\",\"position\":2,\"name\":\"Boutique\",\"item\":\"http:\\\/\\\/braindegeek.shop\\\/index.php\\\/boutique\\\/\"},{\"@type\":\"ListItem\",\"position\":3,\"name\":\"UGREEN Nexode Batterie Externe 20000mAh 130W test, avis\"}]},{\"@type\":\"WebSite\",\"@id\":\"http:\\\/\\\/braindegeek.shop\\\/#website\",\"url\":\"http:\\\/\\\/braindegeek.shop\\\/\",\"name\":\"Braindegeek, votre guide d'achat pour les produits high-tech\",\"description\":\"Votre guide d&#039;achat pour vos produits high-tech : robots aspirateurs, tondeuse, piscine et autres nouvelles technologies\",\"publisher\":{\"@id\":\"http:\\\/\\\/braindegeek.shop\\\/#organization\"},\"potentialAction\":[{\"@type\":\"SearchAction\",\"target\":{\"@type\":\"EntryPoint\",\"urlTemplate\":\"http:\\\/\\\/braindegeek.shop\\\/?s={search_term_string}\"},\"query-input\":{\"@type\":\"PropertyValueSpecification\",\"valueRequired\":true,\"valueName\":\"search_term_string\"}}],\"inLanguage\":\"fr-FR\"},{\"@type\":\"Organization\",\"@id\":\"http:\\\/\\\/braindegeek.shop\\\/#organization\",\"name\":\"Braindegeek, votre guide d'achat pour les produits high-tech\",\"url\":\"http:\\\/\\\/braindegeek.shop\\\/\",\"logo\":{\"@type\":\"ImageObject\",\"inLanguage\":\"fr-FR\",\"@id\":\"http:\\\/\\\/braindegeek.shop\\\/#\\\/schema\\\/logo\\\/image\\\/\",\"url\":\"https:\\\/\\\/braindegeek.shop\\\/wp-content\\\/uploads\\\/2024\\\/05\\\/bdg-1.png\",\"contentUrl\":\"https:\\\/\\\/braindegeek.shop\\\/wp-content\\\/uploads\\\/2024\\\/05\\\/bdg-1.png\",\"width\":150,\"height\":150,\"caption\":\"Braindegeek, votre guide d'achat pour les produits high-tech\"},\"image\":{\"@id\":\"http:\\\/\\\/braindegeek.shop\\\/#\\\/schema\\\/logo\\\/image\\\/\"},\"sameAs\":[\"https:\\\/\\\/www.facebook.com\\\/BrainDeGeek\\\/\",\"https:\\\/\\\/x.com\\\/braindegeek\",\"https:\\\/\\\/www.tiktok.com\\\/@braindegeek\",\"https:\\\/\\\/www.youtube.com\\\/braindegeek\"]}]}<\/script>\n<!-- \/ Yoast SEO plugin. -->","yoast_head_json":{"title":"UGREEN Nexode Batterie Externe 20000mAh 130W test, avis - Braindegeek","description":"La UGREEN Nexode 20000mAh 130W Power Bank est une batterie externe puissante con\u00e7ue pour garder tous vos appareils charg\u00e9s lors de vos d\u00e9placements.","robots":{"index":"index","follow":"follow","max-snippet":"max-snippet:-1","max-image-preview":"max-image-preview:large","max-video-preview":"max-video-preview:-1"},"canonical":"https:\/\/braindegeek.shop\/index.php\/produit\/ugreen-nexode-batterie-externe-20000mah-130w-test-avis\/","og_locale":"fr_FR","og_type":"article","og_title":"UGREEN Nexode Batterie Externe 20000mAh 130W test, avis - Braindegeek","og_description":"La UGREEN Nexode 20000mAh 130W Power Bank est une batterie externe puissante con\u00e7ue pour garder tous vos appareils charg\u00e9s lors de vos d\u00e9placements.","og_url":"https:\/\/braindegeek.shop\/index.php\/produit\/ugreen-nexode-batterie-externe-20000mah-130w-test-avis\/","og_site_name":"Braindegeek","article_publisher":"https:\/\/www.facebook.com\/BrainDeGeek\/","article_modified_time":"2025-12-08T06:31:15+00:00","og_image":[{"width":500,"height":500,"url":"https:\/\/braindegeek.shop\/wp-content\/uploads\/2024\/08\/UGREEN-Nexode-Batterie-Externe-20000mAh-130W-test-avis.png","type":"image\/png"}],"twitter_card":"summary_large_image","twitter_site":"@braindegeek","twitter_misc":{"Dur\u00e9e de lecture estim\u00e9e":"3 minutes"},"schema":{"@context":"https:\/\/schema.org","@graph":[{"@type":"WebPage","@id":"https:\/\/braindegeek.shop\/index.php\/produit\/ugreen-nexode-batterie-externe-20000mah-130w-test-avis\/","url":"https:\/\/braindegeek.shop\/index.php\/produit\/ugreen-nexode-batterie-externe-20000mah-130w-test-avis\/","name":"UGREEN Nexode Batterie Externe 20000mAh 130W test, avis - Braindegeek","isPartOf":{"@id":"http:\/\/braindegeek.shop\/#website"},"primaryImageOfPage":{"@id":"https:\/\/braindegeek.shop\/index.php\/produit\/ugreen-nexode-batterie-externe-20000mah-130w-test-avis\/#primaryimage"},"image":{"@id":"https:\/\/braindegeek.shop\/index.php\/produit\/ugreen-nexode-batterie-externe-20000mah-130w-test-avis\/#primaryimage"},"thumbnailUrl":"https:\/\/braindegeek.shop\/wp-content\/uploads\/2024\/08\/UGREEN-Nexode-Batterie-Externe-20000mAh-130W-test-avis.png","datePublished":"2024-08-05T13:40:26+00:00","dateModified":"2025-12-08T06:31:15+00:00","description":"La UGREEN Nexode 20000mAh 130W Power Bank est une batterie externe puissante con\u00e7ue pour garder tous vos appareils charg\u00e9s lors de vos d\u00e9placements.","breadcrumb":{"@id":"https:\/\/braindegeek.shop\/index.php\/produit\/ugreen-nexode-batterie-externe-20000mah-130w-test-avis\/#breadcrumb"},"inLanguage":"fr-FR","potentialAction":[{"@type":"ReadAction","target":["https:\/\/braindegeek.shop\/index.php\/produit\/ugreen-nexode-batterie-externe-20000mah-130w-test-avis\/"]}]},{"@type":"ImageObject","inLanguage":"fr-FR","@id":"https:\/\/braindegeek.shop\/index.php\/produit\/ugreen-nexode-batterie-externe-20000mah-130w-test-avis\/#primaryimage","url":"https:\/\/braindegeek.shop\/wp-content\/uploads\/2024\/08\/UGREEN-Nexode-Batterie-Externe-20000mAh-130W-test-avis.png","contentUrl":"https:\/\/braindegeek.shop\/wp-content\/uploads\/2024\/08\/UGREEN-Nexode-Batterie-Externe-20000mAh-130W-test-avis.png","width":500,"height":500,"caption":"UGREEN Nexode Batterie Externe 20000mAh 130W test, avis"},{"@type":"BreadcrumbList","@id":"https:\/\/braindegeek.shop\/index.php\/produit\/ugreen-nexode-batterie-externe-20000mah-130w-test-avis\/#breadcrumb","itemListElement":[{"@type":"ListItem","position":1,"name":"Accueil","item":"http:\/\/braindegeek.shop\/"},{"@type":"ListItem","position":2,"name":"Boutique","item":"http:\/\/braindegeek.shop\/index.php\/boutique\/"},{"@type":"ListItem","position":3,"name":"UGREEN Nexode Batterie Externe 20000mAh 130W test, avis"}]},{"@type":"WebSite","@id":"http:\/\/braindegeek.shop\/#website","url":"http:\/\/braindegeek.shop\/","name":"Braindegeek, votre guide d'achat pour les produits high-tech","description":"Votre guide d&#039;achat pour vos produits high-tech : robots aspirateurs, tondeuse, piscine et autres nouvelles technologies","publisher":{"@id":"http:\/\/braindegeek.shop\/#organization"},"potentialAction":[{"@type":"SearchAction","target":{"@type":"EntryPoint","urlTemplate":"http:\/\/braindegeek.shop\/?s={search_term_string}"},"query-input":{"@type":"PropertyValueSpecification","valueRequired":true,"valueName":"search_term_string"}}],"inLanguage":"fr-FR"},{"@type":"Organization","@id":"http:\/\/braindegeek.shop\/#organization","name":"Braindegeek, votre guide d'achat pour les produits high-tech","url":"http:\/\/braindegeek.shop\/","logo":{"@type":"ImageObject","inLanguage":"fr-FR","@id":"http:\/\/braindegeek.shop\/#\/schema\/logo\/image\/","url":"https:\/\/braindegeek.shop\/wp-content\/uploads\/2024\/05\/bdg-1.png","contentUrl":"https:\/\/braindegeek.shop\/wp-content\/uploads\/2024\/05\/bdg-1.png","width":150,"height":150,"caption":"Braindegeek, votre guide d'achat pour les produits high-tech"},"image":{"@id":"http:\/\/braindegeek.shop\/#\/schema\/logo\/image\/"},"sameAs":["https:\/\/www.facebook.com\/BrainDeGeek\/","https:\/\/x.com\/braindegeek","https:\/\/www.tiktok.com\/@braindegeek","https:\/\/www.youtube.com\/braindegeek"]}]}},"jetpack_sharing_enabled":true,"_links":{"self":[{"href":"https:\/\/braindegeek.shop\/index.php\/wp-json\/wp\/v2\/product\/2245","targetHints":{"allow":["GET"]}}],"collection":[{"href":"https:\/\/braindegeek.shop\/index.php\/wp-json\/wp\/v2\/product"}],"about":[{"href":"https:\/\/braindegeek.shop\/index.php\/wp-json\/wp\/v2\/types\/product"}],"replies":[{"embeddable":true,"href":"https:\/\/braindegeek.shop\/index.php\/wp-json\/wp\/v2\/comments?post=2245"}],"wp:featuredmedia":[{"embeddable":true,"href":"https:\/\/braindegeek.shop\/index.php\/wp-json\/wp\/v2\/media\/2246"}],"wp:attachment":[{"href":"https:\/\/braindegeek.shop\/index.php\/wp-json\/wp\/v2\/media?parent=2245"}],"wp:term":[{"taxonomy":"store","embeddable":true,"href":"https:\/\/braindegeek.shop\/index.php\/wp-json\/wp\/v2\/store?post=2245"},{"taxonomy":"product_brand","embeddable":true,"href":"https:\/\/braindegeek.shop\/index.php\/wp-json\/wp\/v2\/product_brand?post=2245"},{"taxonomy":"product_cat","embeddable":true,"href":"https:\/\/braindegeek.shop\/index.php\/wp-json\/wp\/v2\/product_cat?post=2245"},{"taxonomy":"product_tag","embeddable":true,"href":"https:\/\/braindegeek.shop\/index.php\/wp-json\/wp\/v2\/product_tag?post=2245"}],"curies":[{"name":"wp","href":"https:\/\/api.w.org\/{rel}","templated":true}]}}