{"id":2157,"date":"2024-07-18T14:21:05","date_gmt":"2024-07-18T12:21:05","guid":{"rendered":"https:\/\/braindegeek.shop\/?post_type=product&#038;p=2157"},"modified":"2024-07-25T09:31:09","modified_gmt":"2024-07-25T07:31:09","slug":"cuktech-20-140w-25000mah-test-avis","status":"publish","type":"product","link":"https:\/\/braindegeek.shop\/index.php\/produit\/cuktech-20-140w-25000mah-test-avis\/","title":{"rendered":"CUKTECH 20 140W, 25000mAh test, avis"},"content":{"rendered":"<h3>Batterie de secours CUKTECH 20 Powerbank 140W, 25000mAh<\/h3>\n<hr \/>\n<h4><strong>Caract\u00e9ristiques Principales<\/strong><\/h4>\n<ul>\n<li><strong>Marque<\/strong> : CUKTECH<\/li>\n<li><strong>Mod\u00e8le<\/strong> : CUKTECH NO.20<\/li>\n<li><strong>Couleur<\/strong> : Gris mat avec bande lumineuse bleue futuriste<\/li>\n<li><strong>Type de connecteur<\/strong> : USB Type-C<\/li>\n<li><strong>Capacit\u00e9 de la batterie<\/strong> : 25 000 mAh<\/li>\n<li><strong>Tension<\/strong> : 5 Volts<\/li>\n<li><strong>Composition de la pile<\/strong> : Lithium-ion<\/li>\n<\/ul>\n<h4><strong>Sp\u00e9cifications Techniques<\/strong><\/h4>\n<ul>\n<li><strong>Ports de Charge Rapide<\/strong> :\n<ul>\n<li>USB-C1 : 140W Max (120W pour t\u00e9l\u00e9phones Xiaomi)<\/li>\n<li>USB-C2 : 45W Max (120W pour t\u00e9l\u00e9phones Xiaomi)<\/li>\n<li>USB-A : 30W Max<\/li>\n<\/ul>\n<\/li>\n<li><strong>Modes de Charge Rapide<\/strong> :\n<ul>\n<li>1-Port Charge Rapide :\n<ul>\n<li>USB C1 : 140W pour ordinateur portable (120W pour t\u00e9l\u00e9phone Xiaomi)<\/li>\n<li>USB C2 : 45W pour ordinateur portable (120W pour t\u00e9l\u00e9phone Xiaomi)<\/li>\n<li>USB A1 : 30W<\/li>\n<\/ul>\n<\/li>\n<li>2-Port Charge Rapide :\n<ul>\n<li>USB C1 + C2 : 65W pour ordinateur portable (120W pour t\u00e9l\u00e9phone Xiaomi) + 45W pour ordinateur portable (60W pour t\u00e9l\u00e9phone Xiaomi)<\/li>\n<li>USB-C1 + A1 : 65W pour ordinateur portable (120W pour t\u00e9l\u00e9phone Xiaomi) + 30W<\/li>\n<li>USB-C2 + A1 : 45W pour ordinateur portable (60W pour t\u00e9l\u00e9phone Xiaomi) + 30W<\/li>\n<\/ul>\n<\/li>\n<li>3-Port Charge Rapide :\n<ul>\n<li>USB-C1 + C2 + A1 : 65W pour ordinateur portable (120W pour t\u00e9l\u00e9phone Xiaomi) + 45W pour ordinateur portable (60W pour t\u00e9l\u00e9phone Xiaomi) + 30W<\/li>\n<\/ul>\n<\/li>\n<\/ul>\n<\/li>\n<\/ul>\n<h4><strong>Caract\u00e9ristiques Sp\u00e9ciales<\/strong><\/h4>\n<ul>\n<li><strong>PD 3.1<\/strong> : Prise en charge de la charge ultra-rapide pour ordinateurs portables, t\u00e9l\u00e9phones et tablettes.<\/li>\n<li><strong>\u00c9cran TFT Intelligent<\/strong> : Affiche en temps r\u00e9el le niveau de la batterie, la puissance, la tension et le courant.<\/li>\n<li><strong>Autonomie Exceptionnelle<\/strong> : Plus de 1 000 cycles de charge gr\u00e2ce \u00e0 une batterie Auto-Grade.<\/li>\n<li><strong>Chargement Ultra-Rapide<\/strong> : Recharge \u00e0 40% en 19 minutes et \u00e0 100% en environ 2 heures.<\/li>\n<li><strong>Design Compact et Moderne<\/strong> : Taille similaire \u00e0 une canette de boisson gazeuse, parfait pour les voyages et l&rsquo;usage quotidien.<\/li>\n<\/ul>\n<h4><strong>Compatibilit\u00e9<\/strong><\/h4>\n<ul>\n<li><strong>Ordinateurs Portables<\/strong> : MacBook Pro, Xiaomi<\/li>\n<li><strong>T\u00e9l\u00e9phones<\/strong> : iPhone 15, Galaxy S23, Xiaomi<\/li>\n<li><strong>Autres Appareils<\/strong> : AirPods, SteamDeck<\/li>\n<\/ul>\n<h4><strong>Performance de Charge<\/strong><\/h4>\n<ul>\n<li><strong>Temps de Charge Rapide<\/strong> :\n<ul>\n<li>MacBook Pro 16&Prime; : 59% en 30 minutes<\/li>\n<li>SteamDeck : 57% en 30 minutes<\/li>\n<li>iPhone 15 Pro Max : 71% en 30 minutes<\/li>\n<li>Samsung S23 Ultra : 75% en 30 minutes<\/li>\n<li>Charge compl\u00e8te Galaxy S23 Ultra : &lt; 60 minutes (avec c\u00e2ble 5A inclus)<\/li>\n<\/ul>\n<\/li>\n<\/ul>\n<h4><strong>Accessoires Inclus<\/strong><\/h4>\n<ul>\n<li>Batterie externe CUKTECH 20 (2 ports C1A)<\/li>\n<li>C\u00e2ble de charge 6A 240W de type USB C vers USB C<\/li>\n<li>Manuel d&rsquo;utilisation<\/li>\n<li>Service de garantie de 18 mois<\/li>\n<li>\u00c9quipe de service client\u00e8le d\u00e9vou\u00e9e<\/li>\n<\/ul>\n<hr \/>\n<p><strong>Id\u00e9al pour<\/strong> : T\u00e9l\u00e9phones, Ordinateurs portables, Tablettes, et tous vos besoins de charge rapide en d\u00e9placement. Profitez de la puissance et de la fiabilit\u00e9 de la batterie externe CUKTECH 20 pour rester connect\u00e9 partout o\u00f9 vous allez.<\/p>\n","protected":false},"excerpt":{"rendered":"<p>D\u00e9couvrez la batterie de secours CUKTECH 20 Powerbank 140W, une batterie externe de 25000mAh con\u00e7ue pour r\u00e9pondre \u00e0 tous vos besoins de charge en d\u00e9placement. Dot\u00e9e de trois ports, elle offre une puissance de charge rapide impressionnante de 140W pour ordinateurs portables, 45W pour t\u00e9l\u00e9phones Xiaomi, et 30W pour d&rsquo;autres appareils via USB-A. Avec sa technologie PD 3.1, cette powerbank assure une charge ultra-rapide et efficace pour une vari\u00e9t\u00e9 d&rsquo;appareils, y compris les MacBook Pro, iPhone 15, Galaxy S23, et AirPods.<\/p>\n<p>L&rsquo;\u00e9cran TFT intelligent vous permet de surveiller en temps r\u00e9el le niveau de la batterie, la puissance, la tension et le courant, vous assurant un contr\u00f4le total. Son design compact et moderne, de la taille d&rsquo;une canette de boisson gazeuse, allie esth\u00e9tique et praticit\u00e9, id\u00e9ale pour les voyages et l&rsquo;utilisation quotidienne.<\/p>\n<p>Avec une autonomie exceptionnelle et une dur\u00e9e de vie de plus de 1 000 cycles de charge, la CUKTECH 20 est une source d&rsquo;\u00e9nergie fiable. Reprenez la route rapidement gr\u00e2ce \u00e0 sa capacit\u00e9 de recharge ultra-rapide : 40% en 19 minutes et une charge compl\u00e8te en environ 2 heures. Profitez d&rsquo;une batterie pr\u00eate \u00e0 l&#8217;emploi et restez connect\u00e9 en toute circonstance.<\/p>\n<p>Que vous soyez un professionnel en d\u00e9placement ou un voyageur passionn\u00e9, la batterie de secours CUKTECH 20 est votre compagnon de charge ultime.<\/p>\n","protected":false},"featured_media":2158,"comment_status":"open","ping_status":"closed","template":"","meta":{"_gspb_post_css":""},"store":[],"product_brand":[],"product_cat":[290],"product_tag":[],"class_list":{"0":"post-2157","1":"product","2":"type-product","3":"status-publish","4":"has-post-thumbnail","6":"product_cat-batterie","8":"first","9":"instock","10":"shipping-taxable","11":"product-type-external"},"yoast_head":"<!-- This site is optimized with the Yoast SEO plugin v27.5 - https:\/\/yoast.com\/product\/yoast-seo-wordpress\/ -->\n<title>CUKTECH 20 140W, 25000mAh test, avis - Braindegeek<\/title>\n<meta name=\"description\" content=\"D\u00e9couvrez la batterie de secours CUKTECH 20 Powerbank 140W, une batterie externe de 25000mAh con\u00e7ue pour r\u00e9pondre \u00e0 tous vos besoins de charge\" \/>\n<meta name=\"robots\" content=\"index, follow, max-snippet:-1, max-image-preview:large, max-video-preview:-1\" \/>\n<link rel=\"canonical\" href=\"https:\/\/braindegeek.shop\/index.php\/produit\/cuktech-20-140w-25000mah-test-avis\/\" \/>\n<meta property=\"og:locale\" content=\"fr_FR\" \/>\n<meta property=\"og:type\" content=\"article\" \/>\n<meta property=\"og:title\" content=\"CUKTECH 20 140W, 25000mAh test, avis - Braindegeek\" \/>\n<meta property=\"og:description\" content=\"D\u00e9couvrez la batterie de secours CUKTECH 20 Powerbank 140W, une batterie externe de 25000mAh con\u00e7ue pour r\u00e9pondre \u00e0 tous vos besoins de charge\" \/>\n<meta property=\"og:url\" content=\"https:\/\/braindegeek.shop\/index.php\/produit\/cuktech-20-140w-25000mah-test-avis\/\" \/>\n<meta property=\"og:site_name\" content=\"Braindegeek\" \/>\n<meta property=\"article:publisher\" content=\"https:\/\/www.facebook.com\/BrainDeGeek\/\" \/>\n<meta property=\"article:modified_time\" content=\"2024-07-25T07:31:09+00:00\" \/>\n<meta property=\"og:image\" content=\"https:\/\/braindegeek.shop\/wp-content\/uploads\/2024\/07\/Decouvrez-la-batterie-de-secours-CUKTECH-20-Powerbank-140W.png\" \/>\n\t<meta property=\"og:image:width\" content=\"500\" \/>\n\t<meta property=\"og:image:height\" content=\"500\" \/>\n\t<meta property=\"og:image:type\" content=\"image\/png\" \/>\n<meta name=\"twitter:card\" content=\"summary_large_image\" \/>\n<meta name=\"twitter:site\" content=\"@braindegeek\" \/>\n<meta name=\"twitter:label1\" content=\"Dur\u00e9e de lecture estim\u00e9e\" \/>\n\t<meta name=\"twitter:data1\" content=\"3 minutes\" \/>\n<script type=\"application\/ld+json\" class=\"yoast-schema-graph\">{\"@context\":\"https:\\\/\\\/schema.org\",\"@graph\":[{\"@type\":\"WebPage\",\"@id\":\"https:\\\/\\\/braindegeek.shop\\\/index.php\\\/produit\\\/cuktech-20-140w-25000mah-test-avis\\\/\",\"url\":\"https:\\\/\\\/braindegeek.shop\\\/index.php\\\/produit\\\/cuktech-20-140w-25000mah-test-avis\\\/\",\"name\":\"CUKTECH 20 140W, 25000mAh test, avis - Braindegeek\",\"isPartOf\":{\"@id\":\"https:\\\/\\\/braindegeek.shop\\\/#website\"},\"primaryImageOfPage\":{\"@id\":\"https:\\\/\\\/braindegeek.shop\\\/index.php\\\/produit\\\/cuktech-20-140w-25000mah-test-avis\\\/#primaryimage\"},\"image\":{\"@id\":\"https:\\\/\\\/braindegeek.shop\\\/index.php\\\/produit\\\/cuktech-20-140w-25000mah-test-avis\\\/#primaryimage\"},\"thumbnailUrl\":\"https:\\\/\\\/braindegeek.shop\\\/wp-content\\\/uploads\\\/2024\\\/07\\\/Decouvrez-la-batterie-de-secours-CUKTECH-20-Powerbank-140W.png\",\"datePublished\":\"2024-07-18T12:21:05+00:00\",\"dateModified\":\"2024-07-25T07:31:09+00:00\",\"description\":\"D\u00e9couvrez la batterie de secours CUKTECH 20 Powerbank 140W, une batterie externe de 25000mAh con\u00e7ue pour r\u00e9pondre \u00e0 tous vos besoins de charge\",\"breadcrumb\":{\"@id\":\"https:\\\/\\\/braindegeek.shop\\\/index.php\\\/produit\\\/cuktech-20-140w-25000mah-test-avis\\\/#breadcrumb\"},\"inLanguage\":\"fr-FR\",\"potentialAction\":[{\"@type\":\"ReadAction\",\"target\":[\"https:\\\/\\\/braindegeek.shop\\\/index.php\\\/produit\\\/cuktech-20-140w-25000mah-test-avis\\\/\"]}]},{\"@type\":\"ImageObject\",\"inLanguage\":\"fr-FR\",\"@id\":\"https:\\\/\\\/braindegeek.shop\\\/index.php\\\/produit\\\/cuktech-20-140w-25000mah-test-avis\\\/#primaryimage\",\"url\":\"https:\\\/\\\/braindegeek.shop\\\/wp-content\\\/uploads\\\/2024\\\/07\\\/Decouvrez-la-batterie-de-secours-CUKTECH-20-Powerbank-140W.png\",\"contentUrl\":\"https:\\\/\\\/braindegeek.shop\\\/wp-content\\\/uploads\\\/2024\\\/07\\\/Decouvrez-la-batterie-de-secours-CUKTECH-20-Powerbank-140W.png\",\"width\":500,\"height\":500},{\"@type\":\"BreadcrumbList\",\"@id\":\"https:\\\/\\\/braindegeek.shop\\\/index.php\\\/produit\\\/cuktech-20-140w-25000mah-test-avis\\\/#breadcrumb\",\"itemListElement\":[{\"@type\":\"ListItem\",\"position\":1,\"name\":\"Accueil\",\"item\":\"https:\\\/\\\/braindegeek.shop\\\/\"},{\"@type\":\"ListItem\",\"position\":2,\"name\":\"Boutique\",\"item\":\"http:\\\/\\\/braindegeek.shop\\\/index.php\\\/boutique\\\/\"},{\"@type\":\"ListItem\",\"position\":3,\"name\":\"CUKTECH 20 140W, 25000mAh test, avis\"}]},{\"@type\":\"WebSite\",\"@id\":\"https:\\\/\\\/braindegeek.shop\\\/#website\",\"url\":\"https:\\\/\\\/braindegeek.shop\\\/\",\"name\":\"Braindegeek, votre guide d'achat pour les produits high-tech\",\"description\":\"Votre guide d&#039;achat pour vos produits high-tech : robots aspirateurs, tondeuse, piscine et autres nouvelles technologies\",\"publisher\":{\"@id\":\"https:\\\/\\\/braindegeek.shop\\\/#organization\"},\"potentialAction\":[{\"@type\":\"SearchAction\",\"target\":{\"@type\":\"EntryPoint\",\"urlTemplate\":\"https:\\\/\\\/braindegeek.shop\\\/?s={search_term_string}\"},\"query-input\":{\"@type\":\"PropertyValueSpecification\",\"valueRequired\":true,\"valueName\":\"search_term_string\"}}],\"inLanguage\":\"fr-FR\"},{\"@type\":\"Organization\",\"@id\":\"https:\\\/\\\/braindegeek.shop\\\/#organization\",\"name\":\"Braindegeek, votre guide d'achat pour les produits high-tech\",\"url\":\"https:\\\/\\\/braindegeek.shop\\\/\",\"logo\":{\"@type\":\"ImageObject\",\"inLanguage\":\"fr-FR\",\"@id\":\"https:\\\/\\\/braindegeek.shop\\\/#\\\/schema\\\/logo\\\/image\\\/\",\"url\":\"https:\\\/\\\/braindegeek.shop\\\/wp-content\\\/uploads\\\/2024\\\/05\\\/bdg-1.png\",\"contentUrl\":\"https:\\\/\\\/braindegeek.shop\\\/wp-content\\\/uploads\\\/2024\\\/05\\\/bdg-1.png\",\"width\":150,\"height\":150,\"caption\":\"Braindegeek, votre guide d'achat pour les produits high-tech\"},\"image\":{\"@id\":\"https:\\\/\\\/braindegeek.shop\\\/#\\\/schema\\\/logo\\\/image\\\/\"},\"sameAs\":[\"https:\\\/\\\/www.facebook.com\\\/BrainDeGeek\\\/\",\"https:\\\/\\\/x.com\\\/braindegeek\",\"https:\\\/\\\/www.tiktok.com\\\/@braindegeek\",\"https:\\\/\\\/www.youtube.com\\\/braindegeek\"]}]}<\/script>\n<!-- \/ Yoast SEO plugin. -->","yoast_head_json":{"title":"CUKTECH 20 140W, 25000mAh test, avis - Braindegeek","description":"D\u00e9couvrez la batterie de secours CUKTECH 20 Powerbank 140W, une batterie externe de 25000mAh con\u00e7ue pour r\u00e9pondre \u00e0 tous vos besoins de charge","robots":{"index":"index","follow":"follow","max-snippet":"max-snippet:-1","max-image-preview":"max-image-preview:large","max-video-preview":"max-video-preview:-1"},"canonical":"https:\/\/braindegeek.shop\/index.php\/produit\/cuktech-20-140w-25000mah-test-avis\/","og_locale":"fr_FR","og_type":"article","og_title":"CUKTECH 20 140W, 25000mAh test, avis - Braindegeek","og_description":"D\u00e9couvrez la batterie de secours CUKTECH 20 Powerbank 140W, une batterie externe de 25000mAh con\u00e7ue pour r\u00e9pondre \u00e0 tous vos besoins de charge","og_url":"https:\/\/braindegeek.shop\/index.php\/produit\/cuktech-20-140w-25000mah-test-avis\/","og_site_name":"Braindegeek","article_publisher":"https:\/\/www.facebook.com\/BrainDeGeek\/","article_modified_time":"2024-07-25T07:31:09+00:00","og_image":[{"width":500,"height":500,"url":"https:\/\/braindegeek.shop\/wp-content\/uploads\/2024\/07\/Decouvrez-la-batterie-de-secours-CUKTECH-20-Powerbank-140W.png","type":"image\/png"}],"twitter_card":"summary_large_image","twitter_site":"@braindegeek","twitter_misc":{"Dur\u00e9e de lecture estim\u00e9e":"3 minutes"},"schema":{"@context":"https:\/\/schema.org","@graph":[{"@type":"WebPage","@id":"https:\/\/braindegeek.shop\/index.php\/produit\/cuktech-20-140w-25000mah-test-avis\/","url":"https:\/\/braindegeek.shop\/index.php\/produit\/cuktech-20-140w-25000mah-test-avis\/","name":"CUKTECH 20 140W, 25000mAh test, avis - Braindegeek","isPartOf":{"@id":"https:\/\/braindegeek.shop\/#website"},"primaryImageOfPage":{"@id":"https:\/\/braindegeek.shop\/index.php\/produit\/cuktech-20-140w-25000mah-test-avis\/#primaryimage"},"image":{"@id":"https:\/\/braindegeek.shop\/index.php\/produit\/cuktech-20-140w-25000mah-test-avis\/#primaryimage"},"thumbnailUrl":"https:\/\/braindegeek.shop\/wp-content\/uploads\/2024\/07\/Decouvrez-la-batterie-de-secours-CUKTECH-20-Powerbank-140W.png","datePublished":"2024-07-18T12:21:05+00:00","dateModified":"2024-07-25T07:31:09+00:00","description":"D\u00e9couvrez la batterie de secours CUKTECH 20 Powerbank 140W, une batterie externe de 25000mAh con\u00e7ue pour r\u00e9pondre \u00e0 tous vos besoins de charge","breadcrumb":{"@id":"https:\/\/braindegeek.shop\/index.php\/produit\/cuktech-20-140w-25000mah-test-avis\/#breadcrumb"},"inLanguage":"fr-FR","potentialAction":[{"@type":"ReadAction","target":["https:\/\/braindegeek.shop\/index.php\/produit\/cuktech-20-140w-25000mah-test-avis\/"]}]},{"@type":"ImageObject","inLanguage":"fr-FR","@id":"https:\/\/braindegeek.shop\/index.php\/produit\/cuktech-20-140w-25000mah-test-avis\/#primaryimage","url":"https:\/\/braindegeek.shop\/wp-content\/uploads\/2024\/07\/Decouvrez-la-batterie-de-secours-CUKTECH-20-Powerbank-140W.png","contentUrl":"https:\/\/braindegeek.shop\/wp-content\/uploads\/2024\/07\/Decouvrez-la-batterie-de-secours-CUKTECH-20-Powerbank-140W.png","width":500,"height":500},{"@type":"BreadcrumbList","@id":"https:\/\/braindegeek.shop\/index.php\/produit\/cuktech-20-140w-25000mah-test-avis\/#breadcrumb","itemListElement":[{"@type":"ListItem","position":1,"name":"Accueil","item":"https:\/\/braindegeek.shop\/"},{"@type":"ListItem","position":2,"name":"Boutique","item":"http:\/\/braindegeek.shop\/index.php\/boutique\/"},{"@type":"ListItem","position":3,"name":"CUKTECH 20 140W, 25000mAh test, avis"}]},{"@type":"WebSite","@id":"https:\/\/braindegeek.shop\/#website","url":"https:\/\/braindegeek.shop\/","name":"Braindegeek, votre guide d'achat pour les produits high-tech","description":"Votre guide d&#039;achat pour vos produits high-tech : robots aspirateurs, tondeuse, piscine et autres nouvelles technologies","publisher":{"@id":"https:\/\/braindegeek.shop\/#organization"},"potentialAction":[{"@type":"SearchAction","target":{"@type":"EntryPoint","urlTemplate":"https:\/\/braindegeek.shop\/?s={search_term_string}"},"query-input":{"@type":"PropertyValueSpecification","valueRequired":true,"valueName":"search_term_string"}}],"inLanguage":"fr-FR"},{"@type":"Organization","@id":"https:\/\/braindegeek.shop\/#organization","name":"Braindegeek, votre guide d'achat pour les produits high-tech","url":"https:\/\/braindegeek.shop\/","logo":{"@type":"ImageObject","inLanguage":"fr-FR","@id":"https:\/\/braindegeek.shop\/#\/schema\/logo\/image\/","url":"https:\/\/braindegeek.shop\/wp-content\/uploads\/2024\/05\/bdg-1.png","contentUrl":"https:\/\/braindegeek.shop\/wp-content\/uploads\/2024\/05\/bdg-1.png","width":150,"height":150,"caption":"Braindegeek, votre guide d'achat pour les produits high-tech"},"image":{"@id":"https:\/\/braindegeek.shop\/#\/schema\/logo\/image\/"},"sameAs":["https:\/\/www.facebook.com\/BrainDeGeek\/","https:\/\/x.com\/braindegeek","https:\/\/www.tiktok.com\/@braindegeek","https:\/\/www.youtube.com\/braindegeek"]}]}},"jetpack_sharing_enabled":true,"_links":{"self":[{"href":"https:\/\/braindegeek.shop\/index.php\/wp-json\/wp\/v2\/product\/2157","targetHints":{"allow":["GET"]}}],"collection":[{"href":"https:\/\/braindegeek.shop\/index.php\/wp-json\/wp\/v2\/product"}],"about":[{"href":"https:\/\/braindegeek.shop\/index.php\/wp-json\/wp\/v2\/types\/product"}],"replies":[{"embeddable":true,"href":"https:\/\/braindegeek.shop\/index.php\/wp-json\/wp\/v2\/comments?post=2157"}],"wp:featuredmedia":[{"embeddable":true,"href":"https:\/\/braindegeek.shop\/index.php\/wp-json\/wp\/v2\/media\/2158"}],"wp:attachment":[{"href":"https:\/\/braindegeek.shop\/index.php\/wp-json\/wp\/v2\/media?parent=2157"}],"wp:term":[{"taxonomy":"store","embeddable":true,"href":"https:\/\/braindegeek.shop\/index.php\/wp-json\/wp\/v2\/store?post=2157"},{"taxonomy":"product_brand","embeddable":true,"href":"https:\/\/braindegeek.shop\/index.php\/wp-json\/wp\/v2\/product_brand?post=2157"},{"taxonomy":"product_cat","embeddable":true,"href":"https:\/\/braindegeek.shop\/index.php\/wp-json\/wp\/v2\/product_cat?post=2157"},{"taxonomy":"product_tag","embeddable":true,"href":"https:\/\/braindegeek.shop\/index.php\/wp-json\/wp\/v2\/product_tag?post=2157"}],"curies":[{"name":"wp","href":"https:\/\/api.w.org\/{rel}","templated":true}]}}