{"id":2127,"date":"2024-07-09T10:03:00","date_gmt":"2024-07-09T08:03:00","guid":{"rendered":"https:\/\/braindegeek.shop\/?post_type=product&#038;p=2127"},"modified":"2024-11-21T15:05:43","modified_gmt":"2024-11-21T14:05:43","slug":"serrure-connectee-ezviz-dl01cp-test-avis","status":"publish","type":"product","link":"https:\/\/braindegeek.shop\/index.php\/produit\/serrure-connectee-ezviz-dl01cp-test-avis\/","title":{"rendered":"Serrure connect\u00e9e Ezviz DL01CP test, avis"},"content":{"rendered":"<div class=\"flex flex-grow flex-col max-w-full\">\n<div class=\"min-h-[20px] text-message flex flex-col items-start whitespace-pre-wrap break-words [.text-message+&amp;]:mt-5 juice:w-full juice:items-end overflow-x-auto gap-2\" dir=\"auto\" data-message-author-role=\"assistant\" data-message-id=\"cfc410b2-9a0d-4b9a-8848-ebbb3b3dbd69\">\n<div class=\"flex w-full flex-col gap-1 juice:empty:hidden juice:first:pt-[3px]\">\n<div class=\"markdown prose w-full break-words dark:prose-invert light\">\n<h3>Une porte d\u2019entr\u00e9e plus \u00e9l\u00e9gante et plus simple d\u2019acc\u00e8s<\/h3>\n<p>Gr\u00e2ce \u00e0 la technologie avanc\u00e9e et \u00e9l\u00e9gante d\u2019EZVIZ, oubliez votre ancienne serrure. D\u00e9sormais, verrouillez et d\u00e9verrouillez votre porte d\u2019entr\u00e9e sans cl\u00e9 \u00e0 l\u2019aide de votre smartphone. Passez \u00e0 la technologie intelligente d\u2019aujourd\u2019hui avec la serrure intelligente EZVIZ dot\u00e9e de fonctionnalit\u00e9s pratiques et innovantes. Cette serrure se fixe simplement \u00e0 votre verrou de s\u00fbret\u00e9 pour simplifier consid\u00e9rablement votre quotidien, sans d\u00e9montage ni per\u00e7age.<\/p>\n<h3>Caract\u00e9ristiques principales<\/h3>\n<ul>\n<li><strong>Verrouillage automatique<\/strong><\/li>\n<li><strong>V\u00e9rification de l\u2019\u00e9tat du verrouillage\u00b9<\/strong><\/li>\n<li><strong>Gestion des utilisateurs\u00b9<\/strong><\/li>\n<li><strong>D\u00e9verrouillage sans cl\u00e9 via l\u2019application EZVIZ<\/strong><\/li>\n<li><strong>Mode confidentialit\u00e9<\/strong><\/li>\n<\/ul>\n<h3>Accessoires suppl\u00e9mentaires<\/h3>\n<ul>\n<li><strong>Clavier multifonctionnel<\/strong> : D\u00e9verrouillage par mot de passe<\/li>\n<li><strong>Carte de proximit\u00e9\u00b2<\/strong><\/li>\n<li><strong>Sonnette int\u00e9gr\u00e9e<\/strong><\/li>\n<li><strong>Passerelle domestique<\/strong><\/li>\n<li><strong>Alertes mobiles en temps r\u00e9el<\/strong><\/li>\n<li><strong>Code d\u2019acc\u00e8s temporaire\u00b3<\/strong><\/li>\n<\/ul>\n<h3>Installation Simplifi\u00e9e et Design \u00c9l\u00e9gant<\/h3>\n<p>La serrure connect\u00e9e EZVIZ DIY LOCK r\u00e9volutionne l&rsquo;acc\u00e8s \u00e0 votre domicile gr\u00e2ce \u00e0 une installation rapide et sans outil. Montez-la simplement sur la porte de l\u2019int\u00e9rieur en moins de 10 minutes. Le design \u00e9pur\u00e9 et minimaliste s&rsquo;int\u00e8gre harmonieusement \u00e0 tout type d\u2019int\u00e9rieur.<\/p>\n<h3>Contr\u00f4le d&rsquo;Acc\u00e8s Intelligent via Smartphone<\/h3>\n<p>Transformez votre smartphone en cl\u00e9 intelligente avec l&rsquo;application EZVIZ. D\u00e9verrouillez votre porte d&rsquo;un simple geste, sans chercher vos cl\u00e9s. G\u00e9rez les utilisateurs en attribuant des acc\u00e8s permanents ou temporaires \u00e0 vos proches pour une flexibilit\u00e9 et une tranquillit\u00e9 d&rsquo;esprit in\u00e9gal\u00e9es.<\/p>\n<h3>Gestion des Acc\u00e8s et S\u00e9curit\u00e9 Renforc\u00e9e<\/h3>\n<p>Cr\u00e9ez des acc\u00e8s personnalis\u00e9s pour chaque membre de la famille ou visiteur. D\u00e9finissez des codes d&rsquo;acc\u00e8s temporaires ou permanents via l&rsquo;application EZVIZ, renfor\u00e7ant ainsi la s\u00e9curit\u00e9 de votre domicile sans avoir besoin de distribuer des cl\u00e9s physiques.<\/p>\n<h3>Fonctionnalit\u00e9s de S\u00e9curit\u00e9 Avanc\u00e9es<\/h3>\n<p>En cas d\u2019oubli, le verrouillage automatique s\u2019active apr\u00e8s la fermeture de la porte, assurant la s\u00e9curit\u00e9 de votre domicile. Programmez une minuterie de verrouillage automatique pour des moments de tranquillit\u00e9 absolue, d\u00e9sactivant le d\u00e9verrouillage par smartphone pendant les heures o\u00f9 vous ne souhaitez pas \u00eatre d\u00e9rang\u00e9.<\/p>\n<h2>Caract\u00e9ristiques Techniques<\/h2>\n<h3>Caract\u00e9ristique g\u00e9n\u00e9rale<\/h3>\n<ul>\n<li><strong>Type de produit<\/strong> : Serrure connect\u00e9e<\/li>\n<li><strong>Mode d&rsquo;installation<\/strong> : Sans fil<\/li>\n<li><strong>Usage<\/strong> : D\u00e9verrouiller ou verrouiller votre porte avec Smartphone<\/li>\n<li><strong>Utilisation<\/strong> : Connect\u00e9e<\/li>\n<li><strong>Coloris<\/strong> : Gris<\/li>\n<li><strong>Usage maison<\/strong> : Ext\u00e9rieur\/Int\u00e9rieur<\/li>\n<li><strong>Alimentation<\/strong> : Piles<\/li>\n<li><strong>Type de pile<\/strong> : 4 piles Alcaline AAA<\/li>\n<li><strong>Autonomie<\/strong> : Non pr\u00e9cis\u00e9<\/li>\n<li><strong>Avertissement en cas de pile faible<\/strong> : Oui<\/li>\n<\/ul>\n<h3>Compatibilit\u00e9 &amp; Application<\/h3>\n<ul>\n<li><strong>Application d\u00e9di\u00e9e<\/strong> : EZVIZ<\/li>\n<li><strong>Compatibilit\u00e9<\/strong> : Wi-Fi<\/li>\n<\/ul>\n<h3>Dimensions<\/h3>\n<ul>\n<li><strong>Dimensions (L x H x P)<\/strong> : 12.7 x 5.7 x 4.3 cm<\/li>\n<li><strong>Poids Net<\/strong> : 1.2 kg<\/li>\n<\/ul>\n<h3>Informations compl\u00e9mentaires<\/h3>\n<ul>\n<li><strong>Fabriqu\u00e9 en<\/strong> : Chine<\/li>\n<li><strong>Disponibilit\u00e9 des pi\u00e8ces d\u00e9tach\u00e9es<\/strong> : Pas de pi\u00e8ce disponible<\/li>\n<li><strong>R\u00e9f\u00e9rence constructeur<\/strong> : DIY LOCK + Clavier\/sonnette + Hub A3<\/li>\n<li><strong>Marque<\/strong> : EZVIZ<\/li>\n<\/ul>\n<p>Profitez de toutes les fonctionnalit\u00e9s intelligentes de la serrure EZVIZ DL01S et simplifiez votre quotidien en toute s\u00e9curit\u00e9.<\/p>\n<\/div>\n<\/div>\n<\/div>\n<\/div>\n","protected":false},"excerpt":{"rendered":"<p>La serrure intelligente EZVIZ DL01S r\u00e9volutionne l&rsquo;acc\u00e8s \u00e0 votre domicile gr\u00e2ce \u00e0 une technologie avanc\u00e9e et un design \u00e9l\u00e9gant. En se fixant simplement \u00e0 votre verrou de s\u00fbret\u00e9 existant, elle permet un verrouillage et un d\u00e9verrouillage sans cl\u00e9 via l&rsquo;application EZVIZ sur votre smartphone. Profitez de fonctionnalit\u00e9s telles que le verrouillage automatique, la gestion des utilisateurs, et le mode confidentialit\u00e9 pour une s\u00e9curit\u00e9 optimale. L&rsquo;installation est rapide et sans outil, pr\u00e9servant l&rsquo;esth\u00e9tique de votre porte. Avec des accessoires suppl\u00e9mentaires comme un clavier multifonctionnel et une sonnette int\u00e9gr\u00e9e, la serrure EZVIZ DL01S offre une solution pratique et moderne pour simplifier votre quotidien tout en assurant une protection renforc\u00e9e de votre domicile.<\/p>\n","protected":false},"featured_media":2128,"comment_status":"open","ping_status":"closed","template":"","meta":{"_gspb_post_css":""},"store":[243],"product_brand":[],"product_cat":[284],"product_tag":[],"class_list":{"0":"post-2127","1":"product","2":"type-product","3":"status-publish","4":"has-post-thumbnail","6":"store-ezviz","7":"product_cat-serrure-connectee","9":"first","10":"instock","11":"shipping-taxable","12":"product-type-external"},"yoast_head":"<!-- This site is optimized with the Yoast SEO plugin v27.4 - https:\/\/yoast.com\/product\/yoast-seo-wordpress\/ -->\n<title>Serrure connect\u00e9e Ezviz DL01CP test, avis - Braindegeek<\/title>\n<meta name=\"description\" content=\"La serrure intelligente EZVIZ DL01S r\u00e9volutionne l&#039;acc\u00e8s \u00e0 votre domicile gr\u00e2ce \u00e0 une technologie avanc\u00e9e et un design \u00e9l\u00e9gant.\" \/>\n<meta name=\"robots\" content=\"index, follow, max-snippet:-1, max-image-preview:large, max-video-preview:-1\" \/>\n<link rel=\"canonical\" href=\"https:\/\/braindegeek.shop\/index.php\/produit\/serrure-connectee-ezviz-dl01cp-test-avis\/\" \/>\n<meta property=\"og:locale\" content=\"fr_FR\" \/>\n<meta property=\"og:type\" content=\"article\" \/>\n<meta property=\"og:title\" content=\"Serrure connect\u00e9e Ezviz DL01CP test, avis - Braindegeek\" \/>\n<meta property=\"og:description\" content=\"La serrure intelligente EZVIZ DL01S r\u00e9volutionne l&#039;acc\u00e8s \u00e0 votre domicile gr\u00e2ce \u00e0 une technologie avanc\u00e9e et un design \u00e9l\u00e9gant.\" \/>\n<meta property=\"og:url\" content=\"https:\/\/braindegeek.shop\/index.php\/produit\/serrure-connectee-ezviz-dl01cp-test-avis\/\" \/>\n<meta property=\"og:site_name\" content=\"Braindegeek\" \/>\n<meta property=\"article:publisher\" content=\"https:\/\/www.facebook.com\/BrainDeGeek\/\" \/>\n<meta property=\"article:modified_time\" content=\"2024-11-21T14:05:43+00:00\" \/>\n<meta property=\"og:image\" content=\"https:\/\/braindegeek.shop\/wp-content\/uploads\/2024\/07\/Serrure-connectee-Ezviz-DL01CP-test-avis.png\" \/>\n\t<meta property=\"og:image:width\" content=\"500\" \/>\n\t<meta property=\"og:image:height\" content=\"500\" \/>\n\t<meta property=\"og:image:type\" content=\"image\/png\" \/>\n<meta name=\"twitter:card\" content=\"summary_large_image\" \/>\n<meta name=\"twitter:site\" content=\"@braindegeek\" \/>\n<meta name=\"twitter:label1\" content=\"Dur\u00e9e de lecture estim\u00e9e\" \/>\n\t<meta name=\"twitter:data1\" content=\"3 minutes\" \/>\n<script type=\"application\/ld+json\" class=\"yoast-schema-graph\">{\"@context\":\"https:\\\/\\\/schema.org\",\"@graph\":[{\"@type\":\"WebPage\",\"@id\":\"https:\\\/\\\/braindegeek.shop\\\/index.php\\\/produit\\\/serrure-connectee-ezviz-dl01cp-test-avis\\\/\",\"url\":\"https:\\\/\\\/braindegeek.shop\\\/index.php\\\/produit\\\/serrure-connectee-ezviz-dl01cp-test-avis\\\/\",\"name\":\"Serrure connect\u00e9e Ezviz DL01CP test, avis - Braindegeek\",\"isPartOf\":{\"@id\":\"https:\\\/\\\/braindegeek.shop\\\/#website\"},\"primaryImageOfPage\":{\"@id\":\"https:\\\/\\\/braindegeek.shop\\\/index.php\\\/produit\\\/serrure-connectee-ezviz-dl01cp-test-avis\\\/#primaryimage\"},\"image\":{\"@id\":\"https:\\\/\\\/braindegeek.shop\\\/index.php\\\/produit\\\/serrure-connectee-ezviz-dl01cp-test-avis\\\/#primaryimage\"},\"thumbnailUrl\":\"https:\\\/\\\/braindegeek.shop\\\/wp-content\\\/uploads\\\/2024\\\/07\\\/Serrure-connectee-Ezviz-DL01CP-test-avis.png\",\"datePublished\":\"2024-07-09T08:03:00+00:00\",\"dateModified\":\"2024-11-21T14:05:43+00:00\",\"description\":\"La serrure intelligente EZVIZ DL01S r\u00e9volutionne l'acc\u00e8s \u00e0 votre domicile gr\u00e2ce \u00e0 une technologie avanc\u00e9e et un design \u00e9l\u00e9gant.\",\"breadcrumb\":{\"@id\":\"https:\\\/\\\/braindegeek.shop\\\/index.php\\\/produit\\\/serrure-connectee-ezviz-dl01cp-test-avis\\\/#breadcrumb\"},\"inLanguage\":\"fr-FR\",\"potentialAction\":[{\"@type\":\"ReadAction\",\"target\":[\"https:\\\/\\\/braindegeek.shop\\\/index.php\\\/produit\\\/serrure-connectee-ezviz-dl01cp-test-avis\\\/\"]}]},{\"@type\":\"ImageObject\",\"inLanguage\":\"fr-FR\",\"@id\":\"https:\\\/\\\/braindegeek.shop\\\/index.php\\\/produit\\\/serrure-connectee-ezviz-dl01cp-test-avis\\\/#primaryimage\",\"url\":\"https:\\\/\\\/braindegeek.shop\\\/wp-content\\\/uploads\\\/2024\\\/07\\\/Serrure-connectee-Ezviz-DL01CP-test-avis.png\",\"contentUrl\":\"https:\\\/\\\/braindegeek.shop\\\/wp-content\\\/uploads\\\/2024\\\/07\\\/Serrure-connectee-Ezviz-DL01CP-test-avis.png\",\"width\":500,\"height\":500,\"caption\":\"Serrure connect\u00e9e Ezviz DL01CP test, avis\"},{\"@type\":\"BreadcrumbList\",\"@id\":\"https:\\\/\\\/braindegeek.shop\\\/index.php\\\/produit\\\/serrure-connectee-ezviz-dl01cp-test-avis\\\/#breadcrumb\",\"itemListElement\":[{\"@type\":\"ListItem\",\"position\":1,\"name\":\"Accueil\",\"item\":\"https:\\\/\\\/braindegeek.shop\\\/\"},{\"@type\":\"ListItem\",\"position\":2,\"name\":\"Boutique\",\"item\":\"https:\\\/\\\/braindegeek.shop\\\/index.php\\\/boutique\\\/\"},{\"@type\":\"ListItem\",\"position\":3,\"name\":\"Serrure connect\u00e9e Ezviz DL01CP test, avis\"}]},{\"@type\":\"WebSite\",\"@id\":\"https:\\\/\\\/braindegeek.shop\\\/#website\",\"url\":\"https:\\\/\\\/braindegeek.shop\\\/\",\"name\":\"Braindegeek, votre guide d'achat pour les produits high-tech\",\"description\":\"Votre guide d&#039;achat pour vos produits high-tech : robots aspirateurs, tondeuse, piscine et autres nouvelles technologies\",\"publisher\":{\"@id\":\"https:\\\/\\\/braindegeek.shop\\\/#organization\"},\"potentialAction\":[{\"@type\":\"SearchAction\",\"target\":{\"@type\":\"EntryPoint\",\"urlTemplate\":\"https:\\\/\\\/braindegeek.shop\\\/?s={search_term_string}\"},\"query-input\":{\"@type\":\"PropertyValueSpecification\",\"valueRequired\":true,\"valueName\":\"search_term_string\"}}],\"inLanguage\":\"fr-FR\"},{\"@type\":\"Organization\",\"@id\":\"https:\\\/\\\/braindegeek.shop\\\/#organization\",\"name\":\"Braindegeek, votre guide d'achat pour les produits high-tech\",\"url\":\"https:\\\/\\\/braindegeek.shop\\\/\",\"logo\":{\"@type\":\"ImageObject\",\"inLanguage\":\"fr-FR\",\"@id\":\"https:\\\/\\\/braindegeek.shop\\\/#\\\/schema\\\/logo\\\/image\\\/\",\"url\":\"https:\\\/\\\/braindegeek.shop\\\/wp-content\\\/uploads\\\/2024\\\/05\\\/bdg-1.png\",\"contentUrl\":\"https:\\\/\\\/braindegeek.shop\\\/wp-content\\\/uploads\\\/2024\\\/05\\\/bdg-1.png\",\"width\":150,\"height\":150,\"caption\":\"Braindegeek, votre guide d'achat pour les produits high-tech\"},\"image\":{\"@id\":\"https:\\\/\\\/braindegeek.shop\\\/#\\\/schema\\\/logo\\\/image\\\/\"},\"sameAs\":[\"https:\\\/\\\/www.facebook.com\\\/BrainDeGeek\\\/\",\"https:\\\/\\\/x.com\\\/braindegeek\",\"https:\\\/\\\/www.tiktok.com\\\/@braindegeek\",\"https:\\\/\\\/www.youtube.com\\\/braindegeek\"]}]}<\/script>\n<!-- \/ Yoast SEO plugin. -->","yoast_head_json":{"title":"Serrure connect\u00e9e Ezviz DL01CP test, avis - Braindegeek","description":"La serrure intelligente EZVIZ DL01S r\u00e9volutionne l'acc\u00e8s \u00e0 votre domicile gr\u00e2ce \u00e0 une technologie avanc\u00e9e et un design \u00e9l\u00e9gant.","robots":{"index":"index","follow":"follow","max-snippet":"max-snippet:-1","max-image-preview":"max-image-preview:large","max-video-preview":"max-video-preview:-1"},"canonical":"https:\/\/braindegeek.shop\/index.php\/produit\/serrure-connectee-ezviz-dl01cp-test-avis\/","og_locale":"fr_FR","og_type":"article","og_title":"Serrure connect\u00e9e Ezviz DL01CP test, avis - Braindegeek","og_description":"La serrure intelligente EZVIZ DL01S r\u00e9volutionne l'acc\u00e8s \u00e0 votre domicile gr\u00e2ce \u00e0 une technologie avanc\u00e9e et un design \u00e9l\u00e9gant.","og_url":"https:\/\/braindegeek.shop\/index.php\/produit\/serrure-connectee-ezviz-dl01cp-test-avis\/","og_site_name":"Braindegeek","article_publisher":"https:\/\/www.facebook.com\/BrainDeGeek\/","article_modified_time":"2024-11-21T14:05:43+00:00","og_image":[{"width":500,"height":500,"url":"https:\/\/braindegeek.shop\/wp-content\/uploads\/2024\/07\/Serrure-connectee-Ezviz-DL01CP-test-avis.png","type":"image\/png"}],"twitter_card":"summary_large_image","twitter_site":"@braindegeek","twitter_misc":{"Dur\u00e9e de lecture estim\u00e9e":"3 minutes"},"schema":{"@context":"https:\/\/schema.org","@graph":[{"@type":"WebPage","@id":"https:\/\/braindegeek.shop\/index.php\/produit\/serrure-connectee-ezviz-dl01cp-test-avis\/","url":"https:\/\/braindegeek.shop\/index.php\/produit\/serrure-connectee-ezviz-dl01cp-test-avis\/","name":"Serrure connect\u00e9e Ezviz DL01CP test, avis - Braindegeek","isPartOf":{"@id":"https:\/\/braindegeek.shop\/#website"},"primaryImageOfPage":{"@id":"https:\/\/braindegeek.shop\/index.php\/produit\/serrure-connectee-ezviz-dl01cp-test-avis\/#primaryimage"},"image":{"@id":"https:\/\/braindegeek.shop\/index.php\/produit\/serrure-connectee-ezviz-dl01cp-test-avis\/#primaryimage"},"thumbnailUrl":"https:\/\/braindegeek.shop\/wp-content\/uploads\/2024\/07\/Serrure-connectee-Ezviz-DL01CP-test-avis.png","datePublished":"2024-07-09T08:03:00+00:00","dateModified":"2024-11-21T14:05:43+00:00","description":"La serrure intelligente EZVIZ DL01S r\u00e9volutionne l'acc\u00e8s \u00e0 votre domicile gr\u00e2ce \u00e0 une technologie avanc\u00e9e et un design \u00e9l\u00e9gant.","breadcrumb":{"@id":"https:\/\/braindegeek.shop\/index.php\/produit\/serrure-connectee-ezviz-dl01cp-test-avis\/#breadcrumb"},"inLanguage":"fr-FR","potentialAction":[{"@type":"ReadAction","target":["https:\/\/braindegeek.shop\/index.php\/produit\/serrure-connectee-ezviz-dl01cp-test-avis\/"]}]},{"@type":"ImageObject","inLanguage":"fr-FR","@id":"https:\/\/braindegeek.shop\/index.php\/produit\/serrure-connectee-ezviz-dl01cp-test-avis\/#primaryimage","url":"https:\/\/braindegeek.shop\/wp-content\/uploads\/2024\/07\/Serrure-connectee-Ezviz-DL01CP-test-avis.png","contentUrl":"https:\/\/braindegeek.shop\/wp-content\/uploads\/2024\/07\/Serrure-connectee-Ezviz-DL01CP-test-avis.png","width":500,"height":500,"caption":"Serrure connect\u00e9e Ezviz DL01CP test, avis"},{"@type":"BreadcrumbList","@id":"https:\/\/braindegeek.shop\/index.php\/produit\/serrure-connectee-ezviz-dl01cp-test-avis\/#breadcrumb","itemListElement":[{"@type":"ListItem","position":1,"name":"Accueil","item":"https:\/\/braindegeek.shop\/"},{"@type":"ListItem","position":2,"name":"Boutique","item":"https:\/\/braindegeek.shop\/index.php\/boutique\/"},{"@type":"ListItem","position":3,"name":"Serrure connect\u00e9e Ezviz DL01CP test, avis"}]},{"@type":"WebSite","@id":"https:\/\/braindegeek.shop\/#website","url":"https:\/\/braindegeek.shop\/","name":"Braindegeek, votre guide d'achat pour les produits high-tech","description":"Votre guide d&#039;achat pour vos produits high-tech : robots aspirateurs, tondeuse, piscine et autres nouvelles technologies","publisher":{"@id":"https:\/\/braindegeek.shop\/#organization"},"potentialAction":[{"@type":"SearchAction","target":{"@type":"EntryPoint","urlTemplate":"https:\/\/braindegeek.shop\/?s={search_term_string}"},"query-input":{"@type":"PropertyValueSpecification","valueRequired":true,"valueName":"search_term_string"}}],"inLanguage":"fr-FR"},{"@type":"Organization","@id":"https:\/\/braindegeek.shop\/#organization","name":"Braindegeek, votre guide d'achat pour les produits high-tech","url":"https:\/\/braindegeek.shop\/","logo":{"@type":"ImageObject","inLanguage":"fr-FR","@id":"https:\/\/braindegeek.shop\/#\/schema\/logo\/image\/","url":"https:\/\/braindegeek.shop\/wp-content\/uploads\/2024\/05\/bdg-1.png","contentUrl":"https:\/\/braindegeek.shop\/wp-content\/uploads\/2024\/05\/bdg-1.png","width":150,"height":150,"caption":"Braindegeek, votre guide d'achat pour les produits high-tech"},"image":{"@id":"https:\/\/braindegeek.shop\/#\/schema\/logo\/image\/"},"sameAs":["https:\/\/www.facebook.com\/BrainDeGeek\/","https:\/\/x.com\/braindegeek","https:\/\/www.tiktok.com\/@braindegeek","https:\/\/www.youtube.com\/braindegeek"]}]}},"jetpack_sharing_enabled":true,"_links":{"self":[{"href":"https:\/\/braindegeek.shop\/index.php\/wp-json\/wp\/v2\/product\/2127","targetHints":{"allow":["GET"]}}],"collection":[{"href":"https:\/\/braindegeek.shop\/index.php\/wp-json\/wp\/v2\/product"}],"about":[{"href":"https:\/\/braindegeek.shop\/index.php\/wp-json\/wp\/v2\/types\/product"}],"replies":[{"embeddable":true,"href":"https:\/\/braindegeek.shop\/index.php\/wp-json\/wp\/v2\/comments?post=2127"}],"wp:featuredmedia":[{"embeddable":true,"href":"https:\/\/braindegeek.shop\/index.php\/wp-json\/wp\/v2\/media\/2128"}],"wp:attachment":[{"href":"https:\/\/braindegeek.shop\/index.php\/wp-json\/wp\/v2\/media?parent=2127"}],"wp:term":[{"taxonomy":"store","embeddable":true,"href":"https:\/\/braindegeek.shop\/index.php\/wp-json\/wp\/v2\/store?post=2127"},{"taxonomy":"product_brand","embeddable":true,"href":"https:\/\/braindegeek.shop\/index.php\/wp-json\/wp\/v2\/product_brand?post=2127"},{"taxonomy":"product_cat","embeddable":true,"href":"https:\/\/braindegeek.shop\/index.php\/wp-json\/wp\/v2\/product_cat?post=2127"},{"taxonomy":"product_tag","embeddable":true,"href":"https:\/\/braindegeek.shop\/index.php\/wp-json\/wp\/v2\/product_tag?post=2127"}],"curies":[{"name":"wp","href":"https:\/\/api.w.org\/{rel}","templated":true}]}}