{"id":2122,"date":"2024-07-09T09:33:54","date_gmt":"2024-07-09T07:33:54","guid":{"rendered":"https:\/\/braindegeek.shop\/?post_type=product&#038;p=2122"},"modified":"2024-12-02T11:36:03","modified_gmt":"2024-12-02T10:36:03","slug":"nuki-smart-lock-pro-test-avis","status":"publish","type":"product","link":"https:\/\/braindegeek.shop\/index.php\/produit\/nuki-smart-lock-pro-test-avis\/","title":{"rendered":"Nuki Smart Lock Pro test, avis"},"content":{"rendered":"\r\n<p>La serrure connect\u00e9e NUKI SMART LOCK PRO transforme votre smartphone en cl\u00e9. Avec sa 4\u00e8me g\u00e9n\u00e9ration, elle int\u00e8gre d\u00e9sormais le Wi-Fi et est compatible avec le standard domotique Matter, permettant un acc\u00e8s \u00e0 distance s\u00e9curis\u00e9 et une int\u00e9gration facile dans votre maison connect\u00e9e. Cette serrure \u00e9lectronique, dot\u00e9e d&rsquo;un Power Pack et d&rsquo;une finition en aluminium \u00e9l\u00e9gante, est simple \u00e0 installer et invisible de l&rsquo;ext\u00e9rieur.<\/p>\r\n\r\n\r\n<hr class=\"wp-block-separator has-alpha-channel-opacity\" \/>\r\n\r\n\r\n<p><strong>Caract\u00e9ristiques Principales :<\/strong><\/p>\r\n\r\n\r\n\r\n<ul class=\"wp-block-list\">\r\n<li><strong>Acc\u00e8s \u00e0 Distance :<\/strong> Gr\u00e2ce au Wi-Fi int\u00e9gr\u00e9 et \u00e0 l\u2019Acc\u00e8s \u00e0 Distance via Thread, vous pouvez piloter votre serrure depuis n&rsquo;importe o\u00f9.<\/li>\r\n\r\n\r\n\r\n<li><strong>Ouverture Automatique :<\/strong> La fonction Auto Unlock permet \u00e0 Nuki de d\u00e9tecter votre smartphone dans votre poche ou sac et d\u2019ouvrir la porte automatiquement.<\/li>\r\n\r\n\r\n\r\n<li><strong>Journal d&rsquo;Activit\u00e9 :<\/strong> Suivez en temps r\u00e9el qui a ferm\u00e9 ou ouvert votre porte gr\u00e2ce \u00e0 l&rsquo;App Nuki.<\/li>\r\n\r\n\r\n\r\n<li><strong>Blocage Automatique :<\/strong> La fonction Lock\u2019n\u2019Go ferme automatiquement la porte derri\u00e8re vous pour une s\u00e9curit\u00e9 optimale.<\/li>\r\n\r\n\r\n\r\n<li><strong>Cl\u00e9s Num\u00e9riques :<\/strong> Attribuez jusqu\u2019\u00e0 200 autorisations d\u2019acc\u00e8s individuelles pour vos proches ou techniciens.<\/li>\r\n\r\n\r\n\r\n<li><strong>Montage Facile :<\/strong> Installation en moins de 3 minutes, sans per\u00e7age ni vis. Peut \u00eatre retir\u00e9e sans endommager la porte.<\/li>\r\n\r\n\r\n\r\n<li><strong>Int\u00e9gration Domotique :<\/strong> Compatible avec Amazon Alexa, Google Home, Apple HomeKit et d\u00e9sormais Matter.<\/li>\r\n\r\n\r\n\r\n<li><strong>Design \u00c9l\u00e9gant :<\/strong> Finition en aluminium pour un look moderne et discret.<\/li>\r\n<\/ul>\r\n\r\n\r\n<hr class=\"wp-block-separator has-alpha-channel-opacity\" \/>\r\n\r\n\r\n<p><strong>Fonctionnalit\u00e9s de l&rsquo;App Nuki :<\/strong><\/p>\r\n\r\n\r\n\r\n<ul class=\"wp-block-list\">\r\n<li><strong>Auto Unlock :<\/strong> La porte s&rsquo;ouvre automatiquement \u00e0 votre arriv\u00e9e.<\/li>\r\n\r\n\r\n\r\n<li><strong>Journal de Bord :<\/strong> Consultez l&rsquo;historique des ouvertures et fermetures de votre porte.<\/li>\r\n\r\n\r\n\r\n<li><strong>Autorisations d\u2019Acc\u00e8s :<\/strong> G\u00e9rez les acc\u00e8s de mani\u00e8re r\u00e9p\u00e9t\u00e9e ou permanente pour famille et invit\u00e9s.<\/li>\r\n\r\n\r\n\r\n<li><strong>Contr\u00f4le \u00e0 Distance :<\/strong> Ouvrez votre porte et g\u00e9rez les acc\u00e8s depuis n&rsquo;importe o\u00f9 avec votre smartphone.<\/li>\r\n<\/ul>\r\n\r\n\r\n<hr class=\"wp-block-separator has-alpha-channel-opacity\" \/>\r\n\r\n\r\n<p><strong>Installation :<\/strong><\/p>\r\n\r\n\r\n\r\n<ul class=\"wp-block-list\">\r\n<li><strong>Compatibilit\u00e9 :<\/strong> V\u00e9rifiez la compatibilit\u00e9 de Nuki avec votre porte sur le site Internet de Nuki.<\/li>\r\n\r\n\r\n\r\n<li><strong>Montage :<\/strong> Fixation simple \u00e0 l&rsquo;int\u00e9rieur de la porte, par dessus la serrure existante, sans outils n\u00e9cessaires.<\/li>\r\n\r\n\r\n\r\n<li><strong>Temps d\u2019Installation :<\/strong> Moins de 3 minutes.<\/li>\r\n<\/ul>\r\n\r\n\r\n<hr class=\"wp-block-separator has-alpha-channel-opacity\" \/>\r\n\r\n\r\n<p><strong>Sp\u00e9cifications Techniques :<\/strong><\/p>\r\n\r\n\r\n\r\n<ul class=\"wp-block-list\">\r\n<li><strong>Dimensions :<\/strong> Compacts et discrets pour une int\u00e9gration parfaite.<\/li>\r\n\r\n\r\n\r\n<li><strong>Connectivit\u00e9 :<\/strong> Wi-Fi, Bluetooth, et Thread.<\/li>\r\n\r\n\r\n\r\n<li><strong>Alimentation :<\/strong> Power Pack rechargeable.<\/li>\r\n\r\n\r\n\r\n<li><strong>Mat\u00e9riaux :<\/strong> Finition en aluminium blanc.<\/li>\r\n<\/ul>\r\n\r\n\r\n<hr class=\"wp-block-separator has-alpha-channel-opacity\" \/>\r\n\r\n\r\n<p><strong>Inclus dans le Pack :<\/strong><\/p>\r\n\r\n\r\n\r\n<ul class=\"wp-block-list\">\r\n<li>1 Nuki Smart Lock Pro (4\u00e8me g\u00e9n\u00e9ration)<\/li>\r\n\r\n\r\n\r\n<li>1 Power Pack rechargeable<\/li>\r\n\r\n\r\n\r\n<li>1 Guide d\u2019installation rapide<\/li>\r\n<\/ul>\r\n\r\n\r\n<hr class=\"wp-block-separator has-alpha-channel-opacity\" \/>\r\n\r\n\r\n<p><strong>Usage Recommand\u00e9 :<\/strong><\/p>\r\n\r\n\r\n\r\n<p>Id\u00e9al pour les maisons et appartements, y compris les locations. La Nuki Smart Lock Pro offre une solution s\u00e9curis\u00e9e et pratique pour g\u00e9rer les acc\u00e8s \u00e0 votre domicile, \u00e9liminant le besoin de cl\u00e9s physiques e<\/p>\r\n","protected":false},"excerpt":{"rendered":"<p>La NUKI SMART LOCK PRO transforme votre smartphone en cl\u00e9. Avec sa connectivit\u00e9 Wi-Fi et sa compatibilit\u00e9 avec le standard domotique Matter, cette serrure intelligente permet un contr\u00f4le \u00e0 distance et une int\u00e9gration facile dans votre maison connect\u00e9e. Elle offre des fonctionnalit\u00e9s telles que l&rsquo;ouverture automatique de la porte, le journal d&rsquo;activit\u00e9, et la gestion des acc\u00e8s via des cl\u00e9s num\u00e9riques. Son installation est simple et rapide, sans per\u00e7age ni vis, et son design \u00e9l\u00e9gant en aluminium s&rsquo;int\u00e8gre discr\u00e8tement \u00e0 votre porte. Profitez d&rsquo;une s\u00e9curit\u00e9 renforc\u00e9e et d&rsquo;un confort accru avec la Nuki Smart Lock Pro.<\/p>\n","protected":false},"featured_media":2124,"comment_status":"open","ping_status":"closed","template":"","meta":{"_gspb_post_css":""},"store":[285],"product_brand":[],"product_cat":[284],"product_tag":[],"class_list":{"0":"post-2122","1":"product","2":"type-product","3":"status-publish","4":"has-post-thumbnail","6":"store-nuki","7":"product_cat-serrure-connectee","9":"first","10":"instock","11":"shipping-taxable","12":"product-type-external"},"yoast_head":"<!-- This site is optimized with the Yoast SEO plugin v27.5 - https:\/\/yoast.com\/product\/yoast-seo-wordpress\/ -->\n<title>Nuki Smart Lock Pro test, avis - Braindegeek<\/title>\n<meta name=\"description\" content=\"La serrure connect\u00e9e Nuki Smart Lock Pro transforme votre smartphone en cl\u00e9. Avec sa 4\u00e8me g\u00e9n\u00e9ration, elle int\u00e8gre d\u00e9sormais le Wi-Fi et est compatible\" \/>\n<meta name=\"robots\" content=\"index, follow, max-snippet:-1, max-image-preview:large, max-video-preview:-1\" \/>\n<link rel=\"canonical\" href=\"https:\/\/braindegeek.shop\/index.php\/produit\/nuki-smart-lock-pro-test-avis\/\" \/>\n<meta property=\"og:locale\" content=\"fr_FR\" \/>\n<meta property=\"og:type\" content=\"article\" \/>\n<meta property=\"og:title\" content=\"Nuki Smart Lock Pro test, avis - Braindegeek\" \/>\n<meta property=\"og:description\" content=\"La serrure connect\u00e9e Nuki Smart Lock Pro transforme votre smartphone en cl\u00e9. Avec sa 4\u00e8me g\u00e9n\u00e9ration, elle int\u00e8gre d\u00e9sormais le Wi-Fi et est compatible\" \/>\n<meta property=\"og:url\" content=\"https:\/\/braindegeek.shop\/index.php\/produit\/nuki-smart-lock-pro-test-avis\/\" \/>\n<meta property=\"og:site_name\" content=\"Braindegeek\" \/>\n<meta property=\"article:publisher\" content=\"https:\/\/www.facebook.com\/BrainDeGeek\/\" \/>\n<meta property=\"article:modified_time\" content=\"2024-12-02T10:36:03+00:00\" \/>\n<meta property=\"og:image\" content=\"https:\/\/braindegeek.shop\/wp-content\/uploads\/2024\/07\/Nuki-Smart-Lock-Pro.png\" \/>\n\t<meta property=\"og:image:width\" content=\"500\" \/>\n\t<meta property=\"og:image:height\" content=\"500\" \/>\n\t<meta property=\"og:image:type\" content=\"image\/png\" \/>\n<meta name=\"twitter:card\" content=\"summary_large_image\" \/>\n<meta name=\"twitter:site\" content=\"@braindegeek\" \/>\n<meta name=\"twitter:label1\" content=\"Dur\u00e9e de lecture estim\u00e9e\" \/>\n\t<meta name=\"twitter:data1\" content=\"3 minutes\" \/>\n<script type=\"application\/ld+json\" class=\"yoast-schema-graph\">{\"@context\":\"https:\\\/\\\/schema.org\",\"@graph\":[{\"@type\":\"WebPage\",\"@id\":\"https:\\\/\\\/braindegeek.shop\\\/index.php\\\/produit\\\/nuki-smart-lock-pro-test-avis\\\/\",\"url\":\"https:\\\/\\\/braindegeek.shop\\\/index.php\\\/produit\\\/nuki-smart-lock-pro-test-avis\\\/\",\"name\":\"Nuki Smart Lock Pro test, avis - Braindegeek\",\"isPartOf\":{\"@id\":\"https:\\\/\\\/braindegeek.shop\\\/#website\"},\"primaryImageOfPage\":{\"@id\":\"https:\\\/\\\/braindegeek.shop\\\/index.php\\\/produit\\\/nuki-smart-lock-pro-test-avis\\\/#primaryimage\"},\"image\":{\"@id\":\"https:\\\/\\\/braindegeek.shop\\\/index.php\\\/produit\\\/nuki-smart-lock-pro-test-avis\\\/#primaryimage\"},\"thumbnailUrl\":\"https:\\\/\\\/braindegeek.shop\\\/wp-content\\\/uploads\\\/2024\\\/07\\\/Nuki-Smart-Lock-Pro.png\",\"datePublished\":\"2024-07-09T07:33:54+00:00\",\"dateModified\":\"2024-12-02T10:36:03+00:00\",\"description\":\"La serrure connect\u00e9e Nuki Smart Lock Pro transforme votre smartphone en cl\u00e9. Avec sa 4\u00e8me g\u00e9n\u00e9ration, elle int\u00e8gre d\u00e9sormais le Wi-Fi et est compatible\",\"breadcrumb\":{\"@id\":\"https:\\\/\\\/braindegeek.shop\\\/index.php\\\/produit\\\/nuki-smart-lock-pro-test-avis\\\/#breadcrumb\"},\"inLanguage\":\"fr-FR\",\"potentialAction\":[{\"@type\":\"ReadAction\",\"target\":[\"https:\\\/\\\/braindegeek.shop\\\/index.php\\\/produit\\\/nuki-smart-lock-pro-test-avis\\\/\"]}]},{\"@type\":\"ImageObject\",\"inLanguage\":\"fr-FR\",\"@id\":\"https:\\\/\\\/braindegeek.shop\\\/index.php\\\/produit\\\/nuki-smart-lock-pro-test-avis\\\/#primaryimage\",\"url\":\"https:\\\/\\\/braindegeek.shop\\\/wp-content\\\/uploads\\\/2024\\\/07\\\/Nuki-Smart-Lock-Pro.png\",\"contentUrl\":\"https:\\\/\\\/braindegeek.shop\\\/wp-content\\\/uploads\\\/2024\\\/07\\\/Nuki-Smart-Lock-Pro.png\",\"width\":500,\"height\":500,\"caption\":\"Nuki Smart Lock Pro\"},{\"@type\":\"BreadcrumbList\",\"@id\":\"https:\\\/\\\/braindegeek.shop\\\/index.php\\\/produit\\\/nuki-smart-lock-pro-test-avis\\\/#breadcrumb\",\"itemListElement\":[{\"@type\":\"ListItem\",\"position\":1,\"name\":\"Accueil\",\"item\":\"https:\\\/\\\/braindegeek.shop\\\/\"},{\"@type\":\"ListItem\",\"position\":2,\"name\":\"Boutique\",\"item\":\"http:\\\/\\\/braindegeek.shop\\\/index.php\\\/boutique\\\/\"},{\"@type\":\"ListItem\",\"position\":3,\"name\":\"Nuki Smart Lock Pro test, avis\"}]},{\"@type\":\"WebSite\",\"@id\":\"https:\\\/\\\/braindegeek.shop\\\/#website\",\"url\":\"https:\\\/\\\/braindegeek.shop\\\/\",\"name\":\"Braindegeek, votre guide d'achat pour les produits high-tech\",\"description\":\"Votre guide d&#039;achat pour vos produits high-tech : robots aspirateurs, tondeuse, piscine et autres nouvelles technologies\",\"publisher\":{\"@id\":\"https:\\\/\\\/braindegeek.shop\\\/#organization\"},\"potentialAction\":[{\"@type\":\"SearchAction\",\"target\":{\"@type\":\"EntryPoint\",\"urlTemplate\":\"https:\\\/\\\/braindegeek.shop\\\/?s={search_term_string}\"},\"query-input\":{\"@type\":\"PropertyValueSpecification\",\"valueRequired\":true,\"valueName\":\"search_term_string\"}}],\"inLanguage\":\"fr-FR\"},{\"@type\":\"Organization\",\"@id\":\"https:\\\/\\\/braindegeek.shop\\\/#organization\",\"name\":\"Braindegeek, votre guide d'achat pour les produits high-tech\",\"url\":\"https:\\\/\\\/braindegeek.shop\\\/\",\"logo\":{\"@type\":\"ImageObject\",\"inLanguage\":\"fr-FR\",\"@id\":\"https:\\\/\\\/braindegeek.shop\\\/#\\\/schema\\\/logo\\\/image\\\/\",\"url\":\"https:\\\/\\\/braindegeek.shop\\\/wp-content\\\/uploads\\\/2024\\\/05\\\/bdg-1.png\",\"contentUrl\":\"https:\\\/\\\/braindegeek.shop\\\/wp-content\\\/uploads\\\/2024\\\/05\\\/bdg-1.png\",\"width\":150,\"height\":150,\"caption\":\"Braindegeek, votre guide d'achat pour les produits high-tech\"},\"image\":{\"@id\":\"https:\\\/\\\/braindegeek.shop\\\/#\\\/schema\\\/logo\\\/image\\\/\"},\"sameAs\":[\"https:\\\/\\\/www.facebook.com\\\/BrainDeGeek\\\/\",\"https:\\\/\\\/x.com\\\/braindegeek\",\"https:\\\/\\\/www.tiktok.com\\\/@braindegeek\",\"https:\\\/\\\/www.youtube.com\\\/braindegeek\"]}]}<\/script>\n<!-- \/ Yoast SEO plugin. -->","yoast_head_json":{"title":"Nuki Smart Lock Pro test, avis - Braindegeek","description":"La serrure connect\u00e9e Nuki Smart Lock Pro transforme votre smartphone en cl\u00e9. Avec sa 4\u00e8me g\u00e9n\u00e9ration, elle int\u00e8gre d\u00e9sormais le Wi-Fi et est compatible","robots":{"index":"index","follow":"follow","max-snippet":"max-snippet:-1","max-image-preview":"max-image-preview:large","max-video-preview":"max-video-preview:-1"},"canonical":"https:\/\/braindegeek.shop\/index.php\/produit\/nuki-smart-lock-pro-test-avis\/","og_locale":"fr_FR","og_type":"article","og_title":"Nuki Smart Lock Pro test, avis - Braindegeek","og_description":"La serrure connect\u00e9e Nuki Smart Lock Pro transforme votre smartphone en cl\u00e9. Avec sa 4\u00e8me g\u00e9n\u00e9ration, elle int\u00e8gre d\u00e9sormais le Wi-Fi et est compatible","og_url":"https:\/\/braindegeek.shop\/index.php\/produit\/nuki-smart-lock-pro-test-avis\/","og_site_name":"Braindegeek","article_publisher":"https:\/\/www.facebook.com\/BrainDeGeek\/","article_modified_time":"2024-12-02T10:36:03+00:00","og_image":[{"width":500,"height":500,"url":"https:\/\/braindegeek.shop\/wp-content\/uploads\/2024\/07\/Nuki-Smart-Lock-Pro.png","type":"image\/png"}],"twitter_card":"summary_large_image","twitter_site":"@braindegeek","twitter_misc":{"Dur\u00e9e de lecture estim\u00e9e":"3 minutes"},"schema":{"@context":"https:\/\/schema.org","@graph":[{"@type":"WebPage","@id":"https:\/\/braindegeek.shop\/index.php\/produit\/nuki-smart-lock-pro-test-avis\/","url":"https:\/\/braindegeek.shop\/index.php\/produit\/nuki-smart-lock-pro-test-avis\/","name":"Nuki Smart Lock Pro test, avis - Braindegeek","isPartOf":{"@id":"https:\/\/braindegeek.shop\/#website"},"primaryImageOfPage":{"@id":"https:\/\/braindegeek.shop\/index.php\/produit\/nuki-smart-lock-pro-test-avis\/#primaryimage"},"image":{"@id":"https:\/\/braindegeek.shop\/index.php\/produit\/nuki-smart-lock-pro-test-avis\/#primaryimage"},"thumbnailUrl":"https:\/\/braindegeek.shop\/wp-content\/uploads\/2024\/07\/Nuki-Smart-Lock-Pro.png","datePublished":"2024-07-09T07:33:54+00:00","dateModified":"2024-12-02T10:36:03+00:00","description":"La serrure connect\u00e9e Nuki Smart Lock Pro transforme votre smartphone en cl\u00e9. Avec sa 4\u00e8me g\u00e9n\u00e9ration, elle int\u00e8gre d\u00e9sormais le Wi-Fi et est compatible","breadcrumb":{"@id":"https:\/\/braindegeek.shop\/index.php\/produit\/nuki-smart-lock-pro-test-avis\/#breadcrumb"},"inLanguage":"fr-FR","potentialAction":[{"@type":"ReadAction","target":["https:\/\/braindegeek.shop\/index.php\/produit\/nuki-smart-lock-pro-test-avis\/"]}]},{"@type":"ImageObject","inLanguage":"fr-FR","@id":"https:\/\/braindegeek.shop\/index.php\/produit\/nuki-smart-lock-pro-test-avis\/#primaryimage","url":"https:\/\/braindegeek.shop\/wp-content\/uploads\/2024\/07\/Nuki-Smart-Lock-Pro.png","contentUrl":"https:\/\/braindegeek.shop\/wp-content\/uploads\/2024\/07\/Nuki-Smart-Lock-Pro.png","width":500,"height":500,"caption":"Nuki Smart Lock Pro"},{"@type":"BreadcrumbList","@id":"https:\/\/braindegeek.shop\/index.php\/produit\/nuki-smart-lock-pro-test-avis\/#breadcrumb","itemListElement":[{"@type":"ListItem","position":1,"name":"Accueil","item":"https:\/\/braindegeek.shop\/"},{"@type":"ListItem","position":2,"name":"Boutique","item":"http:\/\/braindegeek.shop\/index.php\/boutique\/"},{"@type":"ListItem","position":3,"name":"Nuki Smart Lock Pro test, avis"}]},{"@type":"WebSite","@id":"https:\/\/braindegeek.shop\/#website","url":"https:\/\/braindegeek.shop\/","name":"Braindegeek, votre guide d'achat pour les produits high-tech","description":"Votre guide d&#039;achat pour vos produits high-tech : robots aspirateurs, tondeuse, piscine et autres nouvelles technologies","publisher":{"@id":"https:\/\/braindegeek.shop\/#organization"},"potentialAction":[{"@type":"SearchAction","target":{"@type":"EntryPoint","urlTemplate":"https:\/\/braindegeek.shop\/?s={search_term_string}"},"query-input":{"@type":"PropertyValueSpecification","valueRequired":true,"valueName":"search_term_string"}}],"inLanguage":"fr-FR"},{"@type":"Organization","@id":"https:\/\/braindegeek.shop\/#organization","name":"Braindegeek, votre guide d'achat pour les produits high-tech","url":"https:\/\/braindegeek.shop\/","logo":{"@type":"ImageObject","inLanguage":"fr-FR","@id":"https:\/\/braindegeek.shop\/#\/schema\/logo\/image\/","url":"https:\/\/braindegeek.shop\/wp-content\/uploads\/2024\/05\/bdg-1.png","contentUrl":"https:\/\/braindegeek.shop\/wp-content\/uploads\/2024\/05\/bdg-1.png","width":150,"height":150,"caption":"Braindegeek, votre guide d'achat pour les produits high-tech"},"image":{"@id":"https:\/\/braindegeek.shop\/#\/schema\/logo\/image\/"},"sameAs":["https:\/\/www.facebook.com\/BrainDeGeek\/","https:\/\/x.com\/braindegeek","https:\/\/www.tiktok.com\/@braindegeek","https:\/\/www.youtube.com\/braindegeek"]}]}},"jetpack_sharing_enabled":true,"_links":{"self":[{"href":"https:\/\/braindegeek.shop\/index.php\/wp-json\/wp\/v2\/product\/2122","targetHints":{"allow":["GET"]}}],"collection":[{"href":"https:\/\/braindegeek.shop\/index.php\/wp-json\/wp\/v2\/product"}],"about":[{"href":"https:\/\/braindegeek.shop\/index.php\/wp-json\/wp\/v2\/types\/product"}],"replies":[{"embeddable":true,"href":"https:\/\/braindegeek.shop\/index.php\/wp-json\/wp\/v2\/comments?post=2122"}],"wp:featuredmedia":[{"embeddable":true,"href":"https:\/\/braindegeek.shop\/index.php\/wp-json\/wp\/v2\/media\/2124"}],"wp:attachment":[{"href":"https:\/\/braindegeek.shop\/index.php\/wp-json\/wp\/v2\/media?parent=2122"}],"wp:term":[{"taxonomy":"store","embeddable":true,"href":"https:\/\/braindegeek.shop\/index.php\/wp-json\/wp\/v2\/store?post=2122"},{"taxonomy":"product_brand","embeddable":true,"href":"https:\/\/braindegeek.shop\/index.php\/wp-json\/wp\/v2\/product_brand?post=2122"},{"taxonomy":"product_cat","embeddable":true,"href":"https:\/\/braindegeek.shop\/index.php\/wp-json\/wp\/v2\/product_cat?post=2122"},{"taxonomy":"product_tag","embeddable":true,"href":"https:\/\/braindegeek.shop\/index.php\/wp-json\/wp\/v2\/product_tag?post=2122"}],"curies":[{"name":"wp","href":"https:\/\/api.w.org\/{rel}","templated":true}]}}