{"id":2087,"date":"2024-07-02T09:27:43","date_gmt":"2024-07-02T07:27:43","guid":{"rendered":"https:\/\/braindegeek.shop\/?post_type=product&#038;p=2087"},"modified":"2024-12-02T11:36:03","modified_gmt":"2024-12-02T10:36:03","slug":"kit-zimablade-nas-x86-diy-test-et-avis","status":"publish","type":"product","link":"https:\/\/braindegeek.shop\/index.php\/produit\/kit-zimablade-nas-x86-diy-test-et-avis\/","title":{"rendered":"KIT ZimaBlade NAS X86 DIY test et avis"},"content":{"rendered":"<h3>Avec l&rsquo;expansion constante d&rsquo;Internet dans tous les aspects de l&rsquo;\u00e8re num\u00e9rique actuelle, une quantit\u00e9 massive d&rsquo;informations personnelles est g\u00e9n\u00e9r\u00e9e et collect\u00e9e \u00e0 un rythme sans pr\u00e9c\u00e9dent. Il est temps de r\u00e9\u00e9valuer comment le cloud computing empi\u00e8te sur la vie priv\u00e9e. D\u00e9couvrez ZimaBlade.<\/h3>\n<hr \/>\n<h3>Votre Serveur Personnel et Local<\/h3>\n<p><strong>ZimaBlade<\/strong> est un serveur personnel x86 con\u00e7u pour l&rsquo;ex\u00e9cution et le contr\u00f4le local de tout, du partage de fichiers et de la lecture multim\u00e9dia \u00e0 la gestion des cl\u00e9s et la transmission P2P chiffr\u00e9e. La connectivit\u00e9 Ethernet Gigabit assure un acc\u00e8s r\u00e9seau ininterrompu, tandis que les emplacements PCIe, les ports SATA et les ports USB offrent des options d&rsquo;expansion infinies. Un bo\u00eetier personnalis\u00e9 et robuste prot\u00e8ge le tout et assure un look attrayant.<\/p>\n<p><strong>Remarque :<\/strong> Le PCB blanc montr\u00e9 est un prototype d&rsquo;ing\u00e9nierie destin\u00e9 uniquement \u00e0 l&rsquo;\u00e9valuation ; la version finale du PCB sera noire.<\/p>\n<p><a href=\"https:\/\/braindegeek.shop\/index.php\/2024\/07\/02\/cest-quoi-un-sbc-ou-single-board-computer\/\">C\u2019est quoi un SBC ou Single Board Computer ?<\/a><\/p>\n<hr \/>\n<h3>Caract\u00e9ristiques et Sp\u00e9cifications<\/h3>\n<p><strong>Processeur :<\/strong><\/p>\n<ul>\n<li>Option double c\u0153ur (3760) : Intel\u00ae Celeron avec vitesse Turbo de 2,2 GHz<\/li>\n<li>Option quadri-c\u0153ur (7700) : Intel\u00ae Celeron avec vitesse Turbo de 2,4 GHz<\/li>\n<li>Intel\u00ae AES New Instructions<\/li>\n<li>Technologie Intel\u00ae de Virtualisation (VT-x)<\/li>\n<li>Technologie Intel\u00ae de Virtualisation pour Entr\u00e9e\/Sortie Dirig\u00e9e (VT-d)<\/li>\n<\/ul>\n<p><strong>M\u00e9moire :<\/strong><\/p>\n<ul>\n<li>Emplacement SODIMM, compatible avec 16 Go de RAM DDR3L<\/li>\n<\/ul>\n<p><strong>Stockage :<\/strong><\/p>\n<ul>\n<li>eMMC int\u00e9gr\u00e9 de 32 Go<\/li>\n<\/ul>\n<p><strong>R\u00e9seau :<\/strong><\/p>\n<ul>\n<li>1 x Ethernet Gigabit 10\/100\/1000 Mbps<\/li>\n<\/ul>\n<p><strong>Affichage :<\/strong><\/p>\n<ul>\n<li>1 x MiniDP 4K @ 60 Hz<\/li>\n<li>1 x interface eDP de carte \u00e0 carte<\/li>\n<\/ul>\n<p><strong>Graphismes :<\/strong><\/p>\n<ul>\n<li>Jusqu&rsquo;\u00e0 700 MHz<\/li>\n<li>Intel\u00ae Quick Sync Video<\/li>\n<li>Technologie Intel\u00ae Clear Video HD<\/li>\n<li>Technologie Intel\u00ae Clear Video<\/li>\n<\/ul>\n<p><strong>PCIe :<\/strong><\/p>\n<ul>\n<li>1 x PCIe 2.0, quatre lignes<\/li>\n<\/ul>\n<p><strong>USB :<\/strong><\/p>\n<ul>\n<li>1 x USB Type-C (donn\u00e9es + alimentation + affichage)<\/li>\n<li>1 x USB 3.0<\/li>\n<li>2 x USB 2.0<\/li>\n<\/ul>\n<p><strong>SATA :<\/strong><\/p>\n<ul>\n<li>2 x SATA 3.0<\/li>\n<\/ul>\n<p><strong>Alimentation :<\/strong><\/p>\n<ul>\n<li>Adaptateur d&rsquo;alimentation USB Type-C de 45 W<\/li>\n<\/ul>\n<p><strong>Thermique :<\/strong><\/p>\n<ul>\n<li>TDP de 6 W avec refroidissement passif<\/li>\n<\/ul>\n<p><strong>Dimensions :<\/strong><\/p>\n<ul>\n<li>107 mm x 80 mm x 23 mm<\/li>\n<\/ul>\n<p><strong>Bo\u00eetier :<\/strong><\/p>\n<ul>\n<li>Polycarbonate moul\u00e9 par injection (opaque et transparent), dissipateur thermique en alliage d&rsquo;aluminium, et quatre pieds en silicone noir<\/li>\n<\/ul>\n<p><strong>Logiciel :<\/strong><\/p>\n<ul>\n<li>CasaOS bas\u00e9 sur Debian pr\u00e9install\u00e9 avec une exp\u00e9rience Docker simplifi\u00e9e. Compatible avec Windows, Ubuntu, Debian, Raspberry Pi OS, CentOS, OpenWrt, pfSense, Android, LibreELEC, et plus encore.<\/li>\n<\/ul>\n<hr \/>\n<h3>Bo\u00eetier<\/h3>\n<p>Un bo\u00eetier personnalis\u00e9 en trois pi\u00e8ces prot\u00e8ge et embellit le ZimaBlade. Un cadre opaque en polycarbonate moul\u00e9 par injection permet d&rsquo;acc\u00e9der \u00e0 tous les ports aux deux extr\u00e9mit\u00e9s et sert de cadre robuste. Une plaque sup\u00e9rieure transparente en polycarbonate moul\u00e9 par injection prot\u00e8ge et met en valeur la carte principale. Une plaque inf\u00e9rieure en alliage d&rsquo;aluminium usin\u00e9 est thermiquement coupl\u00e9e au processeur de la carte principale pour dissiper la chaleur et assurer un fonctionnement silencieux et sans ventilateur. Quatre pieds antid\u00e9rapants en silicone noir assurent la stabilit\u00e9 de votre ZimaBlade.<\/p>\n<hr \/>\n<h3>Connecter, \u00c9largir, Hacker<\/h3>\n<p><strong>Stockage de Fichiers Fiable :<\/strong> Avec les deux ports SATA 3 et les emplacements PCIe de ZimaBlade, cr\u00e9ez un NAS personnel avec jusqu&rsquo;\u00e0 154 To de stockage pour sauvegarder et acc\u00e9der \u00e0 vos fichiers importants via Wi-Fi ou Ethernet.<\/p>\n<p><strong>IA Auto-H\u00e9berg\u00e9e :<\/strong> Lancez Auto-GPT d&rsquo;un simple clic. Automatisez le suivi des actualit\u00e9s, contr\u00f4lez plus facilement votre maison intelligente ou formez un assistant num\u00e9rique pour les r\u00e9seaux sociaux avec ZimaBlade, tout en gardant un contr\u00f4le total.<\/p>\n<p><strong>Streaming Multim\u00e9dia :<\/strong> Diffusez vos films pr\u00e9f\u00e9r\u00e9s et de la musique haute r\u00e9solution o\u00f9 que vous soyez. Comme c&rsquo;est votre serveur, il n&rsquo;y a pas d&rsquo;abonnements ou de frais.<\/p>\n<p><strong>Jeux R\u00e9tro :<\/strong> Profitez de l&rsquo;exp\u00e9rience ultime de jeux r\u00e9tro avec ZimaBlade et revivez les meilleurs jeux du XXe si\u00e8cle. Des heures interminables de plaisir nostalgique \u00e0 port\u00e9e de main !<\/p>\n<p><strong>CasaOS :<\/strong> ZimaBlade est livr\u00e9 avec CasaOS, un syst\u00e8me d&rsquo;exploitation open source convivial pour l&rsquo;automatisation domestique, compatible avec une large gamme de mat\u00e9riels. Configurez et g\u00e9rez facilement votre serveur domestique avec l&rsquo;installation point-and-click de plus de 50 applications Docker (plus de 100 000 autres applications Docker), une gestion \u00e9l\u00e9gante des disques et des rapports d&rsquo;\u00e9tat intuitifs.<\/p>\n<p><strong>Synchronisation des Donn\u00e9es :<\/strong> Assurez-vous que vos donn\u00e9es sont toujours \u00e0 jour sur tous vos appareils. Pas de crainte de panne syst\u00e8me locale ou de perte de donn\u00e9es. Une synchronisation rapide garantit que vos fichiers et documents sont sauvegard\u00e9s et prot\u00e9g\u00e9s.<\/p>\n<p><strong>Acc\u00e8s \u00e0 Distance :<\/strong> Facilitez le travail en \u00e9quipe en optimisant les flux de travail et en \u00e9vitant les conflits de version. Profitez de la flexibilit\u00e9 et de la commodit\u00e9 pour rester productif. Collaboration en temps r\u00e9el sans faille avec vos coll\u00e8gues, clients ou amis, quel que soit l&rsquo;endroit.<\/p>\n<p><strong>Boutique d&rsquo;Applications Int\u00e9gr\u00e9e :<\/strong> Plus de 20 applications pr\u00e9install\u00e9es et plus de 50 applications v\u00e9rifi\u00e9es par la communaut\u00e9 offrent une gamme diversifi\u00e9e de cat\u00e9gories, telles que les t\u00e9l\u00e9chargeurs, les divertissements, les utilitaires, et plus encore. De nombreuses options pour am\u00e9liorer les fonctionnalit\u00e9s de votre ZimaBlade et r\u00e9pondre \u00e0 vos besoins sp\u00e9cifiques.<\/p>\n<hr \/>\n<h3>Tour Guid\u00e9e de ZimaBlade + CasaOS<\/h3>\n<p><strong>Philosophie de Conception : R\u00eavez Grand avec de Petits Serveurs<\/strong><\/p>\n<p>Dans l&rsquo;esprit de notre s\u00e9rie ZimaBoard, ZimaBlade est un outil pour prot\u00e9ger la libert\u00e9 num\u00e9rique. Nous avons abandonn\u00e9 les formes traditionnelles encombrantes et red\u00e9fini la norme pour les serveurs l\u00e9gers \u2014 faible consommation, \u00e9lastique, modulaire, de la taille de la paume de la main, et multi-c\u0153ur. Avec les applications distribu\u00e9es modernes et l&rsquo;IA, nous pouvons enfin r\u00eaver grand avec de petits serveurs.<\/p>\n","protected":false},"excerpt":{"rendered":"<p><strong>ZimaBlade<\/strong> est un serveur personnel x86 con\u00e7u pour offrir un contr\u00f4le local total de vos donn\u00e9es et de vos applications. Avec des fonctionnalit\u00e9s avanc\u00e9es telles que le partage de fichiers, la lecture multim\u00e9dia, la gestion des cl\u00e9s et la transmission P2P chiffr\u00e9e, ZimaBlade assure une confidentialit\u00e9 maximale.<\/p>\n<p>Dot\u00e9 de connectivit\u00e9 Ethernet Gigabit, de ports PCIe, SATA et USB pour une extensibilit\u00e9 infinie, et d&rsquo;un bo\u00eetier robuste en polycarbonate et aluminium, ZimaBlade est \u00e0 la fois performant et \u00e9l\u00e9gant.<\/p>\n<p><strong>Caract\u00e9ristiques principales :<\/strong><\/p>\n<ul>\n<li>Processeurs Intel\u00ae Celeron dual-core ou quad-core<\/li>\n<li>Jusqu&rsquo;\u00e0 16 Go de RAM DDR3L<\/li>\n<li>Stockage int\u00e9gr\u00e9 de 32 Go eMMC<\/li>\n<li>Connectivit\u00e9 Ethernet Gigabit<\/li>\n<li>Sortie vid\u00e9o 4K MiniDP<\/li>\n<li>Ports PCIe, USB Type-C, USB 3.0, USB 2.0 et SATA 3.0<\/li>\n<li>Alimentation via adaptateur USB Type-C de 45 W<\/li>\n<li>Refroidissement passif pour un fonctionnement silencieux<\/li>\n<li>Dimensions compactes : 107 mm x 80 mm x 23 mm<\/li>\n<li>Syst\u00e8me d&rsquo;exploitation CasaOS bas\u00e9 sur Debian pr\u00e9install\u00e9<\/li>\n<\/ul>\n<p>ZimaBlade est l&rsquo;outil id\u00e9al pour ceux qui recherchent un serveur personnel s\u00e9curis\u00e9, puissant et flexible, capable de g\u00e9rer des t\u00e2ches vari\u00e9es tout en maintenant la confidentialit\u00e9 de vos donn\u00e9es.<\/p>\n","protected":false},"featured_media":2091,"comment_status":"open","ping_status":"closed","template":"","meta":{"_gspb_post_css":""},"store":[],"product_brand":[],"product_cat":[83],"product_tag":[],"class_list":{"0":"post-2087","1":"product","2":"type-product","3":"status-publish","4":"has-post-thumbnail","6":"product_cat-ordinateur-accessoire","8":"first","9":"instock","10":"shipping-taxable","11":"product-type-external"},"yoast_head":"<!-- This site is optimized with the Yoast SEO plugin v27.5 - https:\/\/yoast.com\/product\/yoast-seo-wordpress\/ -->\n<title>KIT ZimaBlade NAS X86 DIY test et avis - Braindegeek<\/title>\n<meta name=\"description\" content=\"ZimaBlade est un serveur personnel x86 con\u00e7u pour offrir un contr\u00f4le local total de vos donn\u00e9es et de vos applications. Avec des fonctionnalit\u00e9s avanc\u00e9es\" \/>\n<meta name=\"robots\" content=\"index, follow, max-snippet:-1, max-image-preview:large, max-video-preview:-1\" \/>\n<link rel=\"canonical\" href=\"https:\/\/braindegeek.shop\/index.php\/produit\/kit-zimablade-nas-x86-diy-test-et-avis\/\" \/>\n<meta property=\"og:locale\" content=\"fr_FR\" \/>\n<meta property=\"og:type\" content=\"article\" \/>\n<meta property=\"og:title\" content=\"KIT ZimaBlade NAS X86 DIY test et avis - Braindegeek\" \/>\n<meta property=\"og:description\" content=\"ZimaBlade est un serveur personnel x86 con\u00e7u pour offrir un contr\u00f4le local total de vos donn\u00e9es et de vos applications. Avec des fonctionnalit\u00e9s avanc\u00e9es\" \/>\n<meta property=\"og:url\" content=\"https:\/\/braindegeek.shop\/index.php\/produit\/kit-zimablade-nas-x86-diy-test-et-avis\/\" \/>\n<meta property=\"og:site_name\" content=\"Braindegeek\" \/>\n<meta property=\"article:publisher\" content=\"https:\/\/www.facebook.com\/BrainDeGeek\/\" \/>\n<meta property=\"article:modified_time\" content=\"2024-12-02T10:36:03+00:00\" \/>\n<meta property=\"og:image\" content=\"https:\/\/braindegeek.shop\/wp-content\/uploads\/2024\/07\/KIT-ZimaBlade-NAS-X86-DIY-test-et-avis.png\" \/>\n\t<meta property=\"og:image:width\" content=\"500\" \/>\n\t<meta property=\"og:image:height\" content=\"500\" \/>\n\t<meta property=\"og:image:type\" content=\"image\/png\" \/>\n<meta name=\"twitter:card\" content=\"summary_large_image\" \/>\n<meta name=\"twitter:site\" content=\"@braindegeek\" \/>\n<meta name=\"twitter:label1\" content=\"Dur\u00e9e de lecture estim\u00e9e\" \/>\n\t<meta name=\"twitter:data1\" content=\"5 minutes\" \/>\n<script type=\"application\/ld+json\" class=\"yoast-schema-graph\">{\"@context\":\"https:\\\/\\\/schema.org\",\"@graph\":[{\"@type\":\"WebPage\",\"@id\":\"https:\\\/\\\/braindegeek.shop\\\/index.php\\\/produit\\\/kit-zimablade-nas-x86-diy-test-et-avis\\\/\",\"url\":\"https:\\\/\\\/braindegeek.shop\\\/index.php\\\/produit\\\/kit-zimablade-nas-x86-diy-test-et-avis\\\/\",\"name\":\"KIT ZimaBlade NAS X86 DIY test et avis - Braindegeek\",\"isPartOf\":{\"@id\":\"https:\\\/\\\/braindegeek.shop\\\/#website\"},\"primaryImageOfPage\":{\"@id\":\"https:\\\/\\\/braindegeek.shop\\\/index.php\\\/produit\\\/kit-zimablade-nas-x86-diy-test-et-avis\\\/#primaryimage\"},\"image\":{\"@id\":\"https:\\\/\\\/braindegeek.shop\\\/index.php\\\/produit\\\/kit-zimablade-nas-x86-diy-test-et-avis\\\/#primaryimage\"},\"thumbnailUrl\":\"https:\\\/\\\/braindegeek.shop\\\/wp-content\\\/uploads\\\/2024\\\/07\\\/KIT-ZimaBlade-NAS-X86-DIY-test-et-avis.png\",\"datePublished\":\"2024-07-02T07:27:43+00:00\",\"dateModified\":\"2024-12-02T10:36:03+00:00\",\"description\":\"ZimaBlade est un serveur personnel x86 con\u00e7u pour offrir un contr\u00f4le local total de vos donn\u00e9es et de vos applications. Avec des fonctionnalit\u00e9s avanc\u00e9es\",\"breadcrumb\":{\"@id\":\"https:\\\/\\\/braindegeek.shop\\\/index.php\\\/produit\\\/kit-zimablade-nas-x86-diy-test-et-avis\\\/#breadcrumb\"},\"inLanguage\":\"fr-FR\",\"potentialAction\":[{\"@type\":\"ReadAction\",\"target\":[\"https:\\\/\\\/braindegeek.shop\\\/index.php\\\/produit\\\/kit-zimablade-nas-x86-diy-test-et-avis\\\/\"]}]},{\"@type\":\"ImageObject\",\"inLanguage\":\"fr-FR\",\"@id\":\"https:\\\/\\\/braindegeek.shop\\\/index.php\\\/produit\\\/kit-zimablade-nas-x86-diy-test-et-avis\\\/#primaryimage\",\"url\":\"https:\\\/\\\/braindegeek.shop\\\/wp-content\\\/uploads\\\/2024\\\/07\\\/KIT-ZimaBlade-NAS-X86-DIY-test-et-avis.png\",\"contentUrl\":\"https:\\\/\\\/braindegeek.shop\\\/wp-content\\\/uploads\\\/2024\\\/07\\\/KIT-ZimaBlade-NAS-X86-DIY-test-et-avis.png\",\"width\":500,\"height\":500,\"caption\":\"KIT ZimaBlade NAS X86 DIY test et avis\"},{\"@type\":\"BreadcrumbList\",\"@id\":\"https:\\\/\\\/braindegeek.shop\\\/index.php\\\/produit\\\/kit-zimablade-nas-x86-diy-test-et-avis\\\/#breadcrumb\",\"itemListElement\":[{\"@type\":\"ListItem\",\"position\":1,\"name\":\"Accueil\",\"item\":\"https:\\\/\\\/braindegeek.shop\\\/\"},{\"@type\":\"ListItem\",\"position\":2,\"name\":\"Boutique\",\"item\":\"http:\\\/\\\/braindegeek.shop\\\/index.php\\\/boutique\\\/\"},{\"@type\":\"ListItem\",\"position\":3,\"name\":\"KIT ZimaBlade NAS X86 DIY test et avis\"}]},{\"@type\":\"WebSite\",\"@id\":\"https:\\\/\\\/braindegeek.shop\\\/#website\",\"url\":\"https:\\\/\\\/braindegeek.shop\\\/\",\"name\":\"Braindegeek, votre guide d'achat pour les produits high-tech\",\"description\":\"Votre guide d&#039;achat pour vos produits high-tech : robots aspirateurs, tondeuse, piscine et autres nouvelles technologies\",\"publisher\":{\"@id\":\"https:\\\/\\\/braindegeek.shop\\\/#organization\"},\"potentialAction\":[{\"@type\":\"SearchAction\",\"target\":{\"@type\":\"EntryPoint\",\"urlTemplate\":\"https:\\\/\\\/braindegeek.shop\\\/?s={search_term_string}\"},\"query-input\":{\"@type\":\"PropertyValueSpecification\",\"valueRequired\":true,\"valueName\":\"search_term_string\"}}],\"inLanguage\":\"fr-FR\"},{\"@type\":\"Organization\",\"@id\":\"https:\\\/\\\/braindegeek.shop\\\/#organization\",\"name\":\"Braindegeek, votre guide d'achat pour les produits high-tech\",\"url\":\"https:\\\/\\\/braindegeek.shop\\\/\",\"logo\":{\"@type\":\"ImageObject\",\"inLanguage\":\"fr-FR\",\"@id\":\"https:\\\/\\\/braindegeek.shop\\\/#\\\/schema\\\/logo\\\/image\\\/\",\"url\":\"https:\\\/\\\/braindegeek.shop\\\/wp-content\\\/uploads\\\/2024\\\/05\\\/bdg-1.png\",\"contentUrl\":\"https:\\\/\\\/braindegeek.shop\\\/wp-content\\\/uploads\\\/2024\\\/05\\\/bdg-1.png\",\"width\":150,\"height\":150,\"caption\":\"Braindegeek, votre guide d'achat pour les produits high-tech\"},\"image\":{\"@id\":\"https:\\\/\\\/braindegeek.shop\\\/#\\\/schema\\\/logo\\\/image\\\/\"},\"sameAs\":[\"https:\\\/\\\/www.facebook.com\\\/BrainDeGeek\\\/\",\"https:\\\/\\\/x.com\\\/braindegeek\",\"https:\\\/\\\/www.tiktok.com\\\/@braindegeek\",\"https:\\\/\\\/www.youtube.com\\\/braindegeek\"]}]}<\/script>\n<!-- \/ Yoast SEO plugin. -->","yoast_head_json":{"title":"KIT ZimaBlade NAS X86 DIY test et avis - Braindegeek","description":"ZimaBlade est un serveur personnel x86 con\u00e7u pour offrir un contr\u00f4le local total de vos donn\u00e9es et de vos applications. Avec des fonctionnalit\u00e9s avanc\u00e9es","robots":{"index":"index","follow":"follow","max-snippet":"max-snippet:-1","max-image-preview":"max-image-preview:large","max-video-preview":"max-video-preview:-1"},"canonical":"https:\/\/braindegeek.shop\/index.php\/produit\/kit-zimablade-nas-x86-diy-test-et-avis\/","og_locale":"fr_FR","og_type":"article","og_title":"KIT ZimaBlade NAS X86 DIY test et avis - Braindegeek","og_description":"ZimaBlade est un serveur personnel x86 con\u00e7u pour offrir un contr\u00f4le local total de vos donn\u00e9es et de vos applications. Avec des fonctionnalit\u00e9s avanc\u00e9es","og_url":"https:\/\/braindegeek.shop\/index.php\/produit\/kit-zimablade-nas-x86-diy-test-et-avis\/","og_site_name":"Braindegeek","article_publisher":"https:\/\/www.facebook.com\/BrainDeGeek\/","article_modified_time":"2024-12-02T10:36:03+00:00","og_image":[{"width":500,"height":500,"url":"https:\/\/braindegeek.shop\/wp-content\/uploads\/2024\/07\/KIT-ZimaBlade-NAS-X86-DIY-test-et-avis.png","type":"image\/png"}],"twitter_card":"summary_large_image","twitter_site":"@braindegeek","twitter_misc":{"Dur\u00e9e de lecture estim\u00e9e":"5 minutes"},"schema":{"@context":"https:\/\/schema.org","@graph":[{"@type":"WebPage","@id":"https:\/\/braindegeek.shop\/index.php\/produit\/kit-zimablade-nas-x86-diy-test-et-avis\/","url":"https:\/\/braindegeek.shop\/index.php\/produit\/kit-zimablade-nas-x86-diy-test-et-avis\/","name":"KIT ZimaBlade NAS X86 DIY test et avis - Braindegeek","isPartOf":{"@id":"https:\/\/braindegeek.shop\/#website"},"primaryImageOfPage":{"@id":"https:\/\/braindegeek.shop\/index.php\/produit\/kit-zimablade-nas-x86-diy-test-et-avis\/#primaryimage"},"image":{"@id":"https:\/\/braindegeek.shop\/index.php\/produit\/kit-zimablade-nas-x86-diy-test-et-avis\/#primaryimage"},"thumbnailUrl":"https:\/\/braindegeek.shop\/wp-content\/uploads\/2024\/07\/KIT-ZimaBlade-NAS-X86-DIY-test-et-avis.png","datePublished":"2024-07-02T07:27:43+00:00","dateModified":"2024-12-02T10:36:03+00:00","description":"ZimaBlade est un serveur personnel x86 con\u00e7u pour offrir un contr\u00f4le local total de vos donn\u00e9es et de vos applications. Avec des fonctionnalit\u00e9s avanc\u00e9es","breadcrumb":{"@id":"https:\/\/braindegeek.shop\/index.php\/produit\/kit-zimablade-nas-x86-diy-test-et-avis\/#breadcrumb"},"inLanguage":"fr-FR","potentialAction":[{"@type":"ReadAction","target":["https:\/\/braindegeek.shop\/index.php\/produit\/kit-zimablade-nas-x86-diy-test-et-avis\/"]}]},{"@type":"ImageObject","inLanguage":"fr-FR","@id":"https:\/\/braindegeek.shop\/index.php\/produit\/kit-zimablade-nas-x86-diy-test-et-avis\/#primaryimage","url":"https:\/\/braindegeek.shop\/wp-content\/uploads\/2024\/07\/KIT-ZimaBlade-NAS-X86-DIY-test-et-avis.png","contentUrl":"https:\/\/braindegeek.shop\/wp-content\/uploads\/2024\/07\/KIT-ZimaBlade-NAS-X86-DIY-test-et-avis.png","width":500,"height":500,"caption":"KIT ZimaBlade NAS X86 DIY test et avis"},{"@type":"BreadcrumbList","@id":"https:\/\/braindegeek.shop\/index.php\/produit\/kit-zimablade-nas-x86-diy-test-et-avis\/#breadcrumb","itemListElement":[{"@type":"ListItem","position":1,"name":"Accueil","item":"https:\/\/braindegeek.shop\/"},{"@type":"ListItem","position":2,"name":"Boutique","item":"http:\/\/braindegeek.shop\/index.php\/boutique\/"},{"@type":"ListItem","position":3,"name":"KIT ZimaBlade NAS X86 DIY test et avis"}]},{"@type":"WebSite","@id":"https:\/\/braindegeek.shop\/#website","url":"https:\/\/braindegeek.shop\/","name":"Braindegeek, votre guide d'achat pour les produits high-tech","description":"Votre guide d&#039;achat pour vos produits high-tech : robots aspirateurs, tondeuse, piscine et autres nouvelles technologies","publisher":{"@id":"https:\/\/braindegeek.shop\/#organization"},"potentialAction":[{"@type":"SearchAction","target":{"@type":"EntryPoint","urlTemplate":"https:\/\/braindegeek.shop\/?s={search_term_string}"},"query-input":{"@type":"PropertyValueSpecification","valueRequired":true,"valueName":"search_term_string"}}],"inLanguage":"fr-FR"},{"@type":"Organization","@id":"https:\/\/braindegeek.shop\/#organization","name":"Braindegeek, votre guide d'achat pour les produits high-tech","url":"https:\/\/braindegeek.shop\/","logo":{"@type":"ImageObject","inLanguage":"fr-FR","@id":"https:\/\/braindegeek.shop\/#\/schema\/logo\/image\/","url":"https:\/\/braindegeek.shop\/wp-content\/uploads\/2024\/05\/bdg-1.png","contentUrl":"https:\/\/braindegeek.shop\/wp-content\/uploads\/2024\/05\/bdg-1.png","width":150,"height":150,"caption":"Braindegeek, votre guide d'achat pour les produits high-tech"},"image":{"@id":"https:\/\/braindegeek.shop\/#\/schema\/logo\/image\/"},"sameAs":["https:\/\/www.facebook.com\/BrainDeGeek\/","https:\/\/x.com\/braindegeek","https:\/\/www.tiktok.com\/@braindegeek","https:\/\/www.youtube.com\/braindegeek"]}]}},"jetpack_sharing_enabled":true,"_links":{"self":[{"href":"https:\/\/braindegeek.shop\/index.php\/wp-json\/wp\/v2\/product\/2087","targetHints":{"allow":["GET"]}}],"collection":[{"href":"https:\/\/braindegeek.shop\/index.php\/wp-json\/wp\/v2\/product"}],"about":[{"href":"https:\/\/braindegeek.shop\/index.php\/wp-json\/wp\/v2\/types\/product"}],"replies":[{"embeddable":true,"href":"https:\/\/braindegeek.shop\/index.php\/wp-json\/wp\/v2\/comments?post=2087"}],"wp:featuredmedia":[{"embeddable":true,"href":"https:\/\/braindegeek.shop\/index.php\/wp-json\/wp\/v2\/media\/2091"}],"wp:attachment":[{"href":"https:\/\/braindegeek.shop\/index.php\/wp-json\/wp\/v2\/media?parent=2087"}],"wp:term":[{"taxonomy":"store","embeddable":true,"href":"https:\/\/braindegeek.shop\/index.php\/wp-json\/wp\/v2\/store?post=2087"},{"taxonomy":"product_brand","embeddable":true,"href":"https:\/\/braindegeek.shop\/index.php\/wp-json\/wp\/v2\/product_brand?post=2087"},{"taxonomy":"product_cat","embeddable":true,"href":"https:\/\/braindegeek.shop\/index.php\/wp-json\/wp\/v2\/product_cat?post=2087"},{"taxonomy":"product_tag","embeddable":true,"href":"https:\/\/braindegeek.shop\/index.php\/wp-json\/wp\/v2\/product_tag?post=2087"}],"curies":[{"name":"wp","href":"https:\/\/api.w.org\/{rel}","templated":true}]}}