{"id":2085,"date":"2024-07-01T14:36:48","date_gmt":"2024-07-01T12:36:48","guid":{"rendered":"https:\/\/braindegeek.shop\/?post_type=product&#038;p=2085"},"modified":"2025-01-08T10:03:30","modified_gmt":"2025-01-08T09:03:30","slug":"anker-solix-solarbank-2-test-et-avis","status":"publish","type":"product","link":"https:\/\/braindegeek.shop\/index.php\/produit\/anker-solix-solarbank-2-test-et-avis\/","title":{"rendered":"Anker SOLIX Solarbank 2 test, avis et CODE PROMO"},"content":{"rendered":"<div class=\"flex flex-grow flex-col max-w-full\">\n<div class=\"min-h-[20px] text-message flex flex-col items-start whitespace-pre-wrap break-words [.text-message+&amp;]:mt-5 juice:w-full juice:items-end overflow-x-auto gap-2\" dir=\"auto\" data-message-author-role=\"assistant\" data-message-id=\"4e8a45dd-b89a-47db-b5d0-c367aeca672d\">\n<div class=\"flex w-full flex-col gap-1 juice:empty:hidden juice:first:pt-[3px]\">\n<div class=\"markdown prose w-full break-words dark:prose-invert light\">\n<h1>Fiche Produit: Anker SOLIX Solarbank 2<\/h1>\n<h2>Description G\u00e9n\u00e9rale<\/h2>\n<p>Anker SOLIX annonce le lancement officiel de sa nouvelle s\u00e9rie Solarbank 2, une gamme de centrales \u00e9lectriques nomades encore plus intelligente \u00e0 la capacit\u00e9 augment\u00e9e avec micro-onduleur int\u00e9gr\u00e9. Disponibles \u00e0 partir du 14 juin 2024, ces centrales sont con\u00e7ues pour une installation facile et rapide, r\u00e9alisable en moins de deux heures, sans besoin de comp\u00e9tences techniques.<\/p>\n<h2>Mod\u00e8les Disponibles<\/h2>\n<h3>Solarbank 2 Plus<\/h3>\n<h3>Solarbank 2 Pro<\/h3>\n<ul>\n<li>Premier kit solaire avec batterie au monde \u00e0 atteindre 2 400 W.<\/li>\n<\/ul>\n<h2>Caract\u00e9ristiques Techniques<\/h2>\n<ul>\n<li><strong>Capacit\u00e9 augment\u00e9e<\/strong> : Jusqu&rsquo;\u00e0 2 400 W pour la version Pro.<\/li>\n<li><strong>Installation Plug&amp;Play<\/strong> : Accessible \u00e0 tous, installation en moins de deux heures.<\/li>\n<li><strong>Construction robuste<\/strong> : Con\u00e7ue en aluminium, r\u00e9sistante aux conditions extr\u00eames, certifi\u00e9e IP65, fonctionne entre -20\u00b0C et 55\u00b0C.<\/li>\n<li><strong>Batteries additionnelles<\/strong> : Empilables, jusqu&rsquo;\u00e0 cinq batteries pour la version Pro, capacit\u00e9 totale de stockage de 9,6 kWh.<\/li>\n<li><strong>Technologie avanc\u00e9e de batterie<\/strong> : Lithium-fer-phosphate, 80% de performance initiale apr\u00e8s plus de 6 000 cycles de charge, dur\u00e9e de vie de plus de 15 ans.<\/li>\n<li><strong>Garantie<\/strong> : 10 ans.<\/li>\n<\/ul>\n<h2>Fonctionnalit\u00e9s Avanc\u00e9es<\/h2>\n<ul>\n<li><strong>Micro-onduleur int\u00e9gr\u00e9<\/strong> : Convertit directement l&rsquo;\u00e9nergie solaire en \u00e9lectricit\u00e9 utilisable.<\/li>\n<li><strong>Compteur intelligent<\/strong> : Ajuste automatiquement la puissance selon la consommation du foyer, communique en temps r\u00e9el via Wi-Fi ou Bluetooth, ajustement en moins de 3 secondes avec une pr\u00e9cision de \u00b1 10 W.<\/li>\n<li><strong>\u00c9conomie d&rsquo;\u00e9nergie<\/strong> : Peut permettre d&rsquo;\u00e9conomiser jusqu&rsquo;\u00e0 631 euros par an (sur la base d&rsquo;un prix de 0,23 \u20ac\/kWh).<\/li>\n<\/ul>\n<h2>Panneaux Solaires Compatibles<\/h2>\n<ul>\n<li><strong>RS50B (540W)<\/strong> : Con\u00e7u pour r\u00e9sister aux intemp\u00e9ries (IP68), garantie de 12 ans, dur\u00e9e de vie de 25 ans.<\/li>\n<li><strong>RS40P (445W)<\/strong> : Pour une int\u00e9gration optimale avec les syst\u00e8mes Solarbank 2.<\/li>\n<\/ul>\n<h2>Prix et Disponibilit\u00e9<\/h2>\n<h3>Par Unit\u00e9<\/h3>\n<ul>\n<li><strong>Solarbank 2 Pro x 1<\/strong> : 1 599 \u20ac (Site officiel, Amazon).<\/li>\n<li><strong>Compteur intelligent x 1<\/strong> : 129 \u20ac (Site officiel, Amazon).<\/li>\n<li><strong>Panneau solaire RS50B (540W) x 1<\/strong> : 319 \u20ac (Amazon).<\/li>\n<\/ul>\n<h3>Par Kit<\/h3>\n<ul>\n<li><strong>Max Annual Savings Kit<\/strong> : Solarbank 2 E1600 Pro (1.6kWh) x 1 + Compteur intelligent x 1 + Panneau solaire RS50B 540W x 4 + Batterie additionnelle 1.6kWh x 3 : 5 901 \u20ac (Site officiel, Amazon).<\/li>\n<li><strong>Balcony Upgrade Kit<\/strong> : Solarbank 2 E1600 Pro (1.6kWh) x 1 + RS40T Panneau solaire 435W x 2 + Compteur intelligent x 1 : 2 406 \u20ac (Site officiel).<\/li>\n<\/ul>\n<h2>Offres de Lancement<\/h2>\n<ul>\n<li><strong>14 au 30 juin 2024<\/strong> : R\u00e9duction jusqu&rsquo;\u00e0 22% sur la s\u00e9rie Anker SOLIX Solarbank 2 E1600, avec un compteur intelligent gratuit (valeur 129 \u20ac).<\/li>\n<li><strong>14 au 15 juin 2024<\/strong> : Achetez la Solarbank 2 E1600 Pro ou Plus, recevez gratuitement un panneau solaire Anker SOLIX PS30 Faltbares (30W) (valeur 79,99 \u20ac).<\/li>\n<\/ul>\n<h2>Offres Sp\u00e9ciales pour les Acheteurs Existants<\/h2>\n<ul>\n<li><strong>Solarbank 2 Plus<\/strong> : 1 199 \u20ac (prix de vente conseill\u00e9 : 1 399 \u20ac).<\/li>\n<li><strong>Solarbank 2 Pro<\/strong> : 1 399 \u20ac (prix de vente conseill\u00e9 : 1 599 \u20ac).<\/li>\n<\/ul>\n<h3>Kits Promotionnels<\/h3>\n<ul>\n<li><strong>Kit \u00e9conomique<\/strong> : Solarbank 2 Pro, deux panneaux de 435W et un compteur intelligent pour 1 819 \u20ac (prix de vente conseill\u00e9 : 2 406 \u20ac).<\/li>\n<li><strong>Super pack<\/strong> : Solarbank 2 Pro, quatre panneaux solaires de 540W, un Smart Meter et trois batteries d&rsquo;extension pour 4 839 \u20ac (au lieu de 5 901 \u20ac prix de vente conseill\u00e9).<\/li>\n<\/ul>\n<h2>Contact et Achats<\/h2>\n<ul>\n<li><strong>Site Officiel<\/strong> : <a href=\"https:\/\/www.anker.com\/fr\" target=\"_new\" rel=\"noreferrer noopener\">Anker.com\/fr<\/a><\/li>\n<li><strong>Amazon<\/strong> : Disponibles sur la plateforme Amazon.<\/li>\n<\/ul>\n<p>Pour plus d&rsquo;informations, veuillez visiter le site officiel ou les pages produits sur Amazon<\/p>\n<\/div>\n<\/div>\n<\/div>\n<\/div>\n","protected":false},"excerpt":{"rendered":"<p>Anker SOLIX Solarbank 2 est une nouvelle s\u00e9rie de centrales \u00e9lectriques nomades intelligentes, disponibles d\u00e8s le 14 juin 2024. Elle comprend les mod\u00e8les Solarbank 2 Plus et Solarbank 2 Pro, avec des capacit\u00e9s augment\u00e9es, un micro-onduleur int\u00e9gr\u00e9 et une installation simplifi\u00e9e en moins de deux heures.<\/p>\n<p><strong>Caract\u00e9ristiques<\/strong> :<\/p>\n<ul>\n<li><strong>Puissance et Capacit\u00e9<\/strong> : Jusqu&rsquo;\u00e0 2 400 W pour le mod\u00e8le Pro, batteries empilables offrant jusqu&rsquo;\u00e0 9,6 kWh de stockage.<\/li>\n<li><strong>Durabilit\u00e9<\/strong> : Conception en aluminium, r\u00e9sistante aux conditions extr\u00eames (IP65), avec une dur\u00e9e de vie de plus de 15 ans.<\/li>\n<li><strong>Technologie de Batterie<\/strong> : Lithium-fer-phosphate, conservant 80 % des performances apr\u00e8s 6 000 cycles de charge.<\/li>\n<li><strong>Micro-onduleur et Compteur Intelligent<\/strong> : Conversion directe de l&rsquo;\u00e9nergie solaire en \u00e9lectricit\u00e9, ajustement automatique de la puissance selon la consommation du foyer.<\/li>\n<\/ul>\n<p><strong>Offres<\/strong> :<\/p>\n<ul>\n<li>Disponibles en unit\u00e9s ou en kits sur le site officiel Anker et Amazon.<\/li>\n<li>R\u00e9ductions jusqu&rsquo;\u00e0 22 % et produits gratuits pour les premi\u00e8res commandes.<\/li>\n<\/ul>\n<p><strong>Utilisation<\/strong> : Id\u00e9al pour les balcons, toits-terrasses, jardins ou toitures, optimisant la gestion \u00e9nerg\u00e9tique des foyers tout en r\u00e9duisant les co\u00fbts.<\/p>\n","protected":false},"featured_media":2086,"comment_status":"open","ping_status":"closed","template":"","meta":{"_gspb_post_css":""},"store":[253],"product_brand":[],"product_cat":[375,252],"product_tag":[],"class_list":{"0":"post-2085","1":"product","2":"type-product","3":"status-publish","4":"has-post-thumbnail","6":"store-anker","7":"product_cat-batterie-panneau-solaire","8":"product_cat-panneau-solaire","10":"first","11":"instock","12":"sale","13":"shipping-taxable","14":"product-type-external"},"yoast_head":"<!-- This site is optimized with the Yoast SEO plugin v27.4 - https:\/\/yoast.com\/product\/yoast-seo-wordpress\/ -->\n<title>Anker SOLIX Solarbank 2 test, avis et CODE PROMO - Braindegeek<\/title>\n<meta name=\"description\" content=\"Anker SOLIX Solarbank 2 est une nouvelle s\u00e9rie de centrales \u00e9lectriques nomades intelligentes, disponibles d\u00e8s le 14 juin 2024.\" \/>\n<meta name=\"robots\" content=\"index, follow, max-snippet:-1, max-image-preview:large, max-video-preview:-1\" \/>\n<link rel=\"canonical\" href=\"https:\/\/braindegeek.shop\/index.php\/produit\/anker-solix-solarbank-2-test-et-avis\/\" \/>\n<meta property=\"og:locale\" content=\"fr_FR\" \/>\n<meta property=\"og:type\" content=\"article\" \/>\n<meta property=\"og:title\" content=\"Anker SOLIX Solarbank 2 test, avis et CODE PROMO - Braindegeek\" \/>\n<meta property=\"og:description\" content=\"Anker SOLIX Solarbank 2 est une nouvelle s\u00e9rie de centrales \u00e9lectriques nomades intelligentes, disponibles d\u00e8s le 14 juin 2024.\" \/>\n<meta property=\"og:url\" content=\"https:\/\/braindegeek.shop\/index.php\/produit\/anker-solix-solarbank-2-test-et-avis\/\" \/>\n<meta property=\"og:site_name\" content=\"Braindegeek\" \/>\n<meta property=\"article:publisher\" content=\"https:\/\/www.facebook.com\/BrainDeGeek\/\" \/>\n<meta property=\"article:modified_time\" content=\"2025-01-08T09:03:30+00:00\" \/>\n<meta property=\"og:image\" content=\"https:\/\/braindegeek.shop\/wp-content\/uploads\/2024\/07\/anker-solix-Solarbank-2.png\" \/>\n\t<meta property=\"og:image:width\" content=\"500\" \/>\n\t<meta property=\"og:image:height\" content=\"500\" \/>\n\t<meta property=\"og:image:type\" content=\"image\/png\" \/>\n<meta name=\"twitter:card\" content=\"summary_large_image\" \/>\n<meta name=\"twitter:site\" content=\"@braindegeek\" \/>\n<meta name=\"twitter:label1\" content=\"Dur\u00e9e de lecture estim\u00e9e\" \/>\n\t<meta name=\"twitter:data1\" content=\"3 minutes\" \/>\n<script type=\"application\/ld+json\" class=\"yoast-schema-graph\">{\"@context\":\"https:\\\/\\\/schema.org\",\"@graph\":[{\"@type\":\"WebPage\",\"@id\":\"https:\\\/\\\/braindegeek.shop\\\/index.php\\\/produit\\\/anker-solix-solarbank-2-test-et-avis\\\/\",\"url\":\"https:\\\/\\\/braindegeek.shop\\\/index.php\\\/produit\\\/anker-solix-solarbank-2-test-et-avis\\\/\",\"name\":\"Anker SOLIX Solarbank 2 test, avis et CODE PROMO - Braindegeek\",\"isPartOf\":{\"@id\":\"http:\\\/\\\/braindegeek.shop\\\/#website\"},\"primaryImageOfPage\":{\"@id\":\"https:\\\/\\\/braindegeek.shop\\\/index.php\\\/produit\\\/anker-solix-solarbank-2-test-et-avis\\\/#primaryimage\"},\"image\":{\"@id\":\"https:\\\/\\\/braindegeek.shop\\\/index.php\\\/produit\\\/anker-solix-solarbank-2-test-et-avis\\\/#primaryimage\"},\"thumbnailUrl\":\"https:\\\/\\\/braindegeek.shop\\\/wp-content\\\/uploads\\\/2024\\\/07\\\/anker-solix-Solarbank-2.png\",\"datePublished\":\"2024-07-01T12:36:48+00:00\",\"dateModified\":\"2025-01-08T09:03:30+00:00\",\"description\":\"Anker SOLIX Solarbank 2 est une nouvelle s\u00e9rie de centrales \u00e9lectriques nomades intelligentes, disponibles d\u00e8s le 14 juin 2024.\",\"breadcrumb\":{\"@id\":\"https:\\\/\\\/braindegeek.shop\\\/index.php\\\/produit\\\/anker-solix-solarbank-2-test-et-avis\\\/#breadcrumb\"},\"inLanguage\":\"fr-FR\",\"potentialAction\":[{\"@type\":\"ReadAction\",\"target\":[\"https:\\\/\\\/braindegeek.shop\\\/index.php\\\/produit\\\/anker-solix-solarbank-2-test-et-avis\\\/\"]}]},{\"@type\":\"ImageObject\",\"inLanguage\":\"fr-FR\",\"@id\":\"https:\\\/\\\/braindegeek.shop\\\/index.php\\\/produit\\\/anker-solix-solarbank-2-test-et-avis\\\/#primaryimage\",\"url\":\"https:\\\/\\\/braindegeek.shop\\\/wp-content\\\/uploads\\\/2024\\\/07\\\/anker-solix-Solarbank-2.png\",\"contentUrl\":\"https:\\\/\\\/braindegeek.shop\\\/wp-content\\\/uploads\\\/2024\\\/07\\\/anker-solix-Solarbank-2.png\",\"width\":500,\"height\":500,\"caption\":\"anker solix Solarbank 2\"},{\"@type\":\"BreadcrumbList\",\"@id\":\"https:\\\/\\\/braindegeek.shop\\\/index.php\\\/produit\\\/anker-solix-solarbank-2-test-et-avis\\\/#breadcrumb\",\"itemListElement\":[{\"@type\":\"ListItem\",\"position\":1,\"name\":\"Accueil\",\"item\":\"https:\\\/\\\/braindegeek.shop\\\/\"},{\"@type\":\"ListItem\",\"position\":2,\"name\":\"Boutique\",\"item\":\"https:\\\/\\\/braindegeek.shop\\\/index.php\\\/boutique\\\/\"},{\"@type\":\"ListItem\",\"position\":3,\"name\":\"Anker SOLIX Solarbank 2 test, avis et CODE PROMO\"}]},{\"@type\":\"WebSite\",\"@id\":\"http:\\\/\\\/braindegeek.shop\\\/#website\",\"url\":\"http:\\\/\\\/braindegeek.shop\\\/\",\"name\":\"Braindegeek, votre guide d'achat pour les produits high-tech\",\"description\":\"Votre guide d&#039;achat pour vos produits high-tech : robots aspirateurs, tondeuse, piscine et autres nouvelles technologies\",\"publisher\":{\"@id\":\"http:\\\/\\\/braindegeek.shop\\\/#organization\"},\"potentialAction\":[{\"@type\":\"SearchAction\",\"target\":{\"@type\":\"EntryPoint\",\"urlTemplate\":\"http:\\\/\\\/braindegeek.shop\\\/?s={search_term_string}\"},\"query-input\":{\"@type\":\"PropertyValueSpecification\",\"valueRequired\":true,\"valueName\":\"search_term_string\"}}],\"inLanguage\":\"fr-FR\"},{\"@type\":\"Organization\",\"@id\":\"http:\\\/\\\/braindegeek.shop\\\/#organization\",\"name\":\"Braindegeek, votre guide d'achat pour les produits high-tech\",\"url\":\"http:\\\/\\\/braindegeek.shop\\\/\",\"logo\":{\"@type\":\"ImageObject\",\"inLanguage\":\"fr-FR\",\"@id\":\"http:\\\/\\\/braindegeek.shop\\\/#\\\/schema\\\/logo\\\/image\\\/\",\"url\":\"https:\\\/\\\/braindegeek.shop\\\/wp-content\\\/uploads\\\/2024\\\/05\\\/bdg-1.png\",\"contentUrl\":\"https:\\\/\\\/braindegeek.shop\\\/wp-content\\\/uploads\\\/2024\\\/05\\\/bdg-1.png\",\"width\":150,\"height\":150,\"caption\":\"Braindegeek, votre guide d'achat pour les produits high-tech\"},\"image\":{\"@id\":\"http:\\\/\\\/braindegeek.shop\\\/#\\\/schema\\\/logo\\\/image\\\/\"},\"sameAs\":[\"https:\\\/\\\/www.facebook.com\\\/BrainDeGeek\\\/\",\"https:\\\/\\\/x.com\\\/braindegeek\",\"https:\\\/\\\/www.tiktok.com\\\/@braindegeek\",\"https:\\\/\\\/www.youtube.com\\\/braindegeek\"]}]}<\/script>\n<!-- \/ Yoast SEO plugin. -->","yoast_head_json":{"title":"Anker SOLIX Solarbank 2 test, avis et CODE PROMO - Braindegeek","description":"Anker SOLIX Solarbank 2 est une nouvelle s\u00e9rie de centrales \u00e9lectriques nomades intelligentes, disponibles d\u00e8s le 14 juin 2024.","robots":{"index":"index","follow":"follow","max-snippet":"max-snippet:-1","max-image-preview":"max-image-preview:large","max-video-preview":"max-video-preview:-1"},"canonical":"https:\/\/braindegeek.shop\/index.php\/produit\/anker-solix-solarbank-2-test-et-avis\/","og_locale":"fr_FR","og_type":"article","og_title":"Anker SOLIX Solarbank 2 test, avis et CODE PROMO - Braindegeek","og_description":"Anker SOLIX Solarbank 2 est une nouvelle s\u00e9rie de centrales \u00e9lectriques nomades intelligentes, disponibles d\u00e8s le 14 juin 2024.","og_url":"https:\/\/braindegeek.shop\/index.php\/produit\/anker-solix-solarbank-2-test-et-avis\/","og_site_name":"Braindegeek","article_publisher":"https:\/\/www.facebook.com\/BrainDeGeek\/","article_modified_time":"2025-01-08T09:03:30+00:00","og_image":[{"width":500,"height":500,"url":"https:\/\/braindegeek.shop\/wp-content\/uploads\/2024\/07\/anker-solix-Solarbank-2.png","type":"image\/png"}],"twitter_card":"summary_large_image","twitter_site":"@braindegeek","twitter_misc":{"Dur\u00e9e de lecture estim\u00e9e":"3 minutes"},"schema":{"@context":"https:\/\/schema.org","@graph":[{"@type":"WebPage","@id":"https:\/\/braindegeek.shop\/index.php\/produit\/anker-solix-solarbank-2-test-et-avis\/","url":"https:\/\/braindegeek.shop\/index.php\/produit\/anker-solix-solarbank-2-test-et-avis\/","name":"Anker SOLIX Solarbank 2 test, avis et CODE PROMO - Braindegeek","isPartOf":{"@id":"http:\/\/braindegeek.shop\/#website"},"primaryImageOfPage":{"@id":"https:\/\/braindegeek.shop\/index.php\/produit\/anker-solix-solarbank-2-test-et-avis\/#primaryimage"},"image":{"@id":"https:\/\/braindegeek.shop\/index.php\/produit\/anker-solix-solarbank-2-test-et-avis\/#primaryimage"},"thumbnailUrl":"https:\/\/braindegeek.shop\/wp-content\/uploads\/2024\/07\/anker-solix-Solarbank-2.png","datePublished":"2024-07-01T12:36:48+00:00","dateModified":"2025-01-08T09:03:30+00:00","description":"Anker SOLIX Solarbank 2 est une nouvelle s\u00e9rie de centrales \u00e9lectriques nomades intelligentes, disponibles d\u00e8s le 14 juin 2024.","breadcrumb":{"@id":"https:\/\/braindegeek.shop\/index.php\/produit\/anker-solix-solarbank-2-test-et-avis\/#breadcrumb"},"inLanguage":"fr-FR","potentialAction":[{"@type":"ReadAction","target":["https:\/\/braindegeek.shop\/index.php\/produit\/anker-solix-solarbank-2-test-et-avis\/"]}]},{"@type":"ImageObject","inLanguage":"fr-FR","@id":"https:\/\/braindegeek.shop\/index.php\/produit\/anker-solix-solarbank-2-test-et-avis\/#primaryimage","url":"https:\/\/braindegeek.shop\/wp-content\/uploads\/2024\/07\/anker-solix-Solarbank-2.png","contentUrl":"https:\/\/braindegeek.shop\/wp-content\/uploads\/2024\/07\/anker-solix-Solarbank-2.png","width":500,"height":500,"caption":"anker solix Solarbank 2"},{"@type":"BreadcrumbList","@id":"https:\/\/braindegeek.shop\/index.php\/produit\/anker-solix-solarbank-2-test-et-avis\/#breadcrumb","itemListElement":[{"@type":"ListItem","position":1,"name":"Accueil","item":"https:\/\/braindegeek.shop\/"},{"@type":"ListItem","position":2,"name":"Boutique","item":"https:\/\/braindegeek.shop\/index.php\/boutique\/"},{"@type":"ListItem","position":3,"name":"Anker SOLIX Solarbank 2 test, avis et CODE PROMO"}]},{"@type":"WebSite","@id":"http:\/\/braindegeek.shop\/#website","url":"http:\/\/braindegeek.shop\/","name":"Braindegeek, votre guide d'achat pour les produits high-tech","description":"Votre guide d&#039;achat pour vos produits high-tech : robots aspirateurs, tondeuse, piscine et autres nouvelles technologies","publisher":{"@id":"http:\/\/braindegeek.shop\/#organization"},"potentialAction":[{"@type":"SearchAction","target":{"@type":"EntryPoint","urlTemplate":"http:\/\/braindegeek.shop\/?s={search_term_string}"},"query-input":{"@type":"PropertyValueSpecification","valueRequired":true,"valueName":"search_term_string"}}],"inLanguage":"fr-FR"},{"@type":"Organization","@id":"http:\/\/braindegeek.shop\/#organization","name":"Braindegeek, votre guide d'achat pour les produits high-tech","url":"http:\/\/braindegeek.shop\/","logo":{"@type":"ImageObject","inLanguage":"fr-FR","@id":"http:\/\/braindegeek.shop\/#\/schema\/logo\/image\/","url":"https:\/\/braindegeek.shop\/wp-content\/uploads\/2024\/05\/bdg-1.png","contentUrl":"https:\/\/braindegeek.shop\/wp-content\/uploads\/2024\/05\/bdg-1.png","width":150,"height":150,"caption":"Braindegeek, votre guide d'achat pour les produits high-tech"},"image":{"@id":"http:\/\/braindegeek.shop\/#\/schema\/logo\/image\/"},"sameAs":["https:\/\/www.facebook.com\/BrainDeGeek\/","https:\/\/x.com\/braindegeek","https:\/\/www.tiktok.com\/@braindegeek","https:\/\/www.youtube.com\/braindegeek"]}]}},"jetpack_sharing_enabled":true,"_links":{"self":[{"href":"https:\/\/braindegeek.shop\/index.php\/wp-json\/wp\/v2\/product\/2085","targetHints":{"allow":["GET"]}}],"collection":[{"href":"https:\/\/braindegeek.shop\/index.php\/wp-json\/wp\/v2\/product"}],"about":[{"href":"https:\/\/braindegeek.shop\/index.php\/wp-json\/wp\/v2\/types\/product"}],"replies":[{"embeddable":true,"href":"https:\/\/braindegeek.shop\/index.php\/wp-json\/wp\/v2\/comments?post=2085"}],"wp:featuredmedia":[{"embeddable":true,"href":"https:\/\/braindegeek.shop\/index.php\/wp-json\/wp\/v2\/media\/2086"}],"wp:attachment":[{"href":"https:\/\/braindegeek.shop\/index.php\/wp-json\/wp\/v2\/media?parent=2085"}],"wp:term":[{"taxonomy":"store","embeddable":true,"href":"https:\/\/braindegeek.shop\/index.php\/wp-json\/wp\/v2\/store?post=2085"},{"taxonomy":"product_brand","embeddable":true,"href":"https:\/\/braindegeek.shop\/index.php\/wp-json\/wp\/v2\/product_brand?post=2085"},{"taxonomy":"product_cat","embeddable":true,"href":"https:\/\/braindegeek.shop\/index.php\/wp-json\/wp\/v2\/product_cat?post=2085"},{"taxonomy":"product_tag","embeddable":true,"href":"https:\/\/braindegeek.shop\/index.php\/wp-json\/wp\/v2\/product_tag?post=2085"}],"curies":[{"name":"wp","href":"https:\/\/api.w.org\/{rel}","templated":true}]}}