{"id":2077,"date":"2024-06-24T11:57:28","date_gmt":"2024-06-24T09:57:28","guid":{"rendered":"https:\/\/braindegeek.shop\/?post_type=product&#038;p=2077"},"modified":"2024-12-02T11:36:03","modified_gmt":"2024-12-02T10:36:03","slug":"montre-ice-smart-two-test-et-avis","status":"publish","type":"product","link":"https:\/\/braindegeek.shop\/index.php\/produit\/montre-ice-smart-two-test-et-avis\/","title":{"rendered":"Montre ICE Smart Two Test et avis"},"content":{"rendered":"<h2>Montre ICE Smart Two 1.20 Rose-Gold Milanese<\/h2>\n<h3>Description<\/h3>\n<p>Exprimez votre style avec la montre ICE smart 2.0 ronde rose-gold milanese. Avec un \u00e9cran AMOLED de 1,2 pouce, cette montre offre un \u00e9quilibre parfait entre \u00e9l\u00e9gance et confort. Son design classique et \u00e9pur\u00e9 ainsi que le bracelet l\u00e9ger en mailles milanaises en font un accessoire indispensable pour ceux qui recherchent \u00e0 la fois style et fonctionnalit\u00e9. En plus de cela, des watch faces vari\u00e9es et color\u00e9es, en phase avec les prouesses de la marque, ainsi qu&rsquo;une pluralit\u00e9 de fonctionnalit\u00e9s qui vous accompagneront dans votre quotidien : de quoi garder votre poignet bien habill\u00e9 pour chaque moment de vie et chaque saison!<\/p>\n<p>Caract\u00e9ristiques Techniques<\/p>\n<ul>\n<li><strong>Collection<\/strong> : ICE smart two<\/li>\n<li><strong>Couleur(s)<\/strong> : Rose-Gold<\/li>\n<li><strong>Finition(s)<\/strong> : Rose-Gold<\/li>\n<li><strong>Poids<\/strong> : 170g<\/li>\n<li><strong>Connect\u00e9e<\/strong> : Oui<\/li>\n<li><strong>Type d&rsquo;\u00e9cran<\/strong> : AMOLED 1.2\u00a0\u00bb<\/li>\n<li><strong>R\u00e9solution d&rsquo;\u00e9cran<\/strong> : 390&#215;390 pixels<\/li>\n<li><strong>Taille d&rsquo;\u00e9cran<\/strong> : 39mm<\/li>\n<li><strong>CPU<\/strong> : RTL8763EWE-VP<\/li>\n<li><strong>M\u00e9moire<\/strong> : Flash 128Mb, PSRAM 2Mb<\/li>\n<li><strong>Autonomie<\/strong> : 3 \u00e0 5 jours<\/li>\n<li><strong>Batterie<\/strong> : 300mAh, 3.8V batterie au Lithium<\/li>\n<li><strong>DAS (T\u00eate)<\/strong> : 0.017 W\/Kg<\/li>\n<li><strong>DAS (Poignet)<\/strong> : 0.039 W\/kg<\/li>\n<li><strong>Compatibilit\u00e9<\/strong> : iOS 9.0+, Android 5.0+<\/li>\n<li><strong>Application<\/strong> : ICE smart<\/li>\n<li><strong>Langues<\/strong> : EN, FR, NL, DE, ES, IT, PT, CN, JA<\/li>\n<li><strong>Capteurs<\/strong> : 3-axis G-sensor SC7A20<\/li>\n<li><strong>Chargement<\/strong> : C\u00e2ble USB magn\u00e9tique<\/li>\n<li><strong>\u00c9tanch\u00e9it\u00e9<\/strong> : 3 ATM \/ IP 68<\/li>\n<li><strong>Mat\u00e9riau du bo\u00eetier<\/strong> : Aluminium<\/li>\n<li><strong>Longueur du bracelet<\/strong> : 180mm<\/li>\n<li><strong>Mat\u00e9riau du bracelet<\/strong> : Acier inoxydable<\/li>\n<li><strong>Type de boucle<\/strong> : Fermoir \u00e0 coulisse<\/li>\n<li><strong>Mat\u00e9riau de la boucle<\/strong> : Acier inoxydable<\/li>\n<li><strong>Garantie<\/strong> : 2 ans<\/li>\n<\/ul>\n<h5>Fonctionnalit\u00e9s<\/h5>\n<ul>\n<li><strong>Communication<\/strong> : Appels Bluetooth, notifications<\/li>\n<li><strong>Personnalisation<\/strong> : Personnalisation du fond d\u2019\u00e9cran, always-on screen<\/li>\n<li><strong>Utilitaires<\/strong> : Podom\u00e8tre, chronom\u00e8tre, alarme, jeux, m\u00e9t\u00e9o, contr\u00f4le de la musique, contr\u00f4le de l\u2019appareil photo<\/li>\n<li><strong>Sant\u00e9<\/strong> : Suivi du sommeil, mesure de la fr\u00e9quence cardiaque, du taux d\u2019oxyg\u00e8ne dans le sang et de la pression art\u00e9rielle, rappel de boire de l\u2019eau, rappel s\u00e9dentaire<\/li>\n<li><strong>Sports<\/strong> : Marche, course \u00e0 pied, cyclisme, football, tennis, yoga, pilates, boxe, golf, ski<\/li>\n<\/ul>\n<h6>Points Forts<\/h6>\n<ul>\n<li><strong>\u00c9cran AMOLED<\/strong> de 1,2 pouce offrant une clart\u00e9 exceptionnelle et des couleurs vibrantes.<\/li>\n<li><strong>Design \u00e9l\u00e9gant<\/strong> avec un bracelet en mailles milanaises en acier inoxydable pour un confort optimal.<\/li>\n<li><strong>Multifonctionnalit\u00e9<\/strong> pour une gestion simplifi\u00e9e de votre quotidien gr\u00e2ce \u00e0 une large gamme de fonctionnalit\u00e9s connect\u00e9es.<\/li>\n<li><strong>Surveillance de la sant\u00e9<\/strong> compl\u00e8te avec des capteurs avanc\u00e9s pour un suivi pr\u00e9cis de votre condition physique.<\/li>\n<li><strong>Compatibilit\u00e9 \u00e9tendue<\/strong> avec les syst\u00e8mes iOS et Android, garantissant une int\u00e9gration fluide avec vos appareils.<\/li>\n<\/ul>\n<h3>Achetez d\u00e8s maintenant votre montre ICE Smart Two 1.20 Rose-Gold Milanese et transformez votre quotidien avec style et technologie !<\/h3>\n","protected":false},"excerpt":{"rendered":"<p>D\u00e9couvrez la montre ICE smart 2.0 ronde rose-gold milanese avec son \u00e9cran AMOLED de 1,2 pouce, combinant \u00e9l\u00e9gance et confort. Ce mod\u00e8le dispose d&rsquo;un design classique avec un bracelet en mailles milanaises, offrant style et fonctionnalit\u00e9. Elle propose de nombreuses fonctionnalit\u00e9s, telles que des appels Bluetooth, notifications, suivi de la sant\u00e9, et divers modes sportifs. Compatible avec iOS et Android, elle assure une autonomie de 3 \u00e0 5 jours. Avec son bo\u00eetier en aluminium et son \u00e9tanch\u00e9it\u00e9 3 ATM\/IP 68, cette montre est un choix sophistiqu\u00e9 et pratique pour tous les jours.<\/p>\n","protected":false},"featured_media":2078,"comment_status":"open","ping_status":"closed","template":"","meta":{"_gspb_post_css":""},"store":[272],"product_brand":[],"product_cat":[218],"product_tag":[],"class_list":{"0":"post-2077","1":"product","2":"type-product","3":"status-publish","4":"has-post-thumbnail","6":"store-ice-watch","7":"product_cat-montre","9":"first","10":"instock","11":"shipping-taxable","12":"product-type-external"},"yoast_head":"<!-- This site is optimized with the Yoast SEO plugin v27.3 - https:\/\/yoast.com\/product\/yoast-seo-wordpress\/ -->\n<title>Montre ICE Smart Two Test et avis - Braindegeek<\/title>\n<meta name=\"description\" content=\"D\u00e9couvrez la montre ICE smart 2.0 ronde rose-gold milanese avec son \u00e9cran AMOLED de 1,2 pouce, combinant \u00e9l\u00e9gance et confort.\" \/>\n<meta name=\"robots\" content=\"index, follow, max-snippet:-1, max-image-preview:large, max-video-preview:-1\" \/>\n<link rel=\"canonical\" href=\"https:\/\/braindegeek.shop\/index.php\/produit\/montre-ice-smart-two-test-et-avis\/\" \/>\n<meta property=\"og:locale\" content=\"fr_FR\" \/>\n<meta property=\"og:type\" content=\"article\" \/>\n<meta property=\"og:title\" content=\"Montre ICE Smart Two Test et avis - Braindegeek\" \/>\n<meta property=\"og:description\" content=\"D\u00e9couvrez la montre ICE smart 2.0 ronde rose-gold milanese avec son \u00e9cran AMOLED de 1,2 pouce, combinant \u00e9l\u00e9gance et confort.\" \/>\n<meta property=\"og:url\" content=\"https:\/\/braindegeek.shop\/index.php\/produit\/montre-ice-smart-two-test-et-avis\/\" \/>\n<meta property=\"og:site_name\" content=\"Braindegeek\" \/>\n<meta property=\"article:publisher\" content=\"https:\/\/www.facebook.com\/BrainDeGeek\/\" \/>\n<meta property=\"article:modified_time\" content=\"2024-12-02T10:36:03+00:00\" \/>\n<meta property=\"og:image\" content=\"https:\/\/braindegeek.shop\/wp-content\/uploads\/2024\/06\/Montre-ICE-Smart-Two.png\" \/>\n\t<meta property=\"og:image:width\" content=\"500\" \/>\n\t<meta property=\"og:image:height\" content=\"500\" \/>\n\t<meta property=\"og:image:type\" content=\"image\/png\" \/>\n<meta name=\"twitter:card\" content=\"summary_large_image\" \/>\n<meta name=\"twitter:site\" content=\"@braindegeek\" \/>\n<meta name=\"twitter:label1\" content=\"Dur\u00e9e de lecture estim\u00e9e\" \/>\n\t<meta name=\"twitter:data1\" content=\"3 minutes\" \/>\n<script type=\"application\/ld+json\" class=\"yoast-schema-graph\">{\"@context\":\"https:\\\/\\\/schema.org\",\"@graph\":[{\"@type\":\"WebPage\",\"@id\":\"https:\\\/\\\/braindegeek.shop\\\/index.php\\\/produit\\\/montre-ice-smart-two-test-et-avis\\\/\",\"url\":\"https:\\\/\\\/braindegeek.shop\\\/index.php\\\/produit\\\/montre-ice-smart-two-test-et-avis\\\/\",\"name\":\"Montre ICE Smart Two Test et avis - Braindegeek\",\"isPartOf\":{\"@id\":\"https:\\\/\\\/braindegeek.shop\\\/#website\"},\"primaryImageOfPage\":{\"@id\":\"https:\\\/\\\/braindegeek.shop\\\/index.php\\\/produit\\\/montre-ice-smart-two-test-et-avis\\\/#primaryimage\"},\"image\":{\"@id\":\"https:\\\/\\\/braindegeek.shop\\\/index.php\\\/produit\\\/montre-ice-smart-two-test-et-avis\\\/#primaryimage\"},\"thumbnailUrl\":\"https:\\\/\\\/braindegeek.shop\\\/wp-content\\\/uploads\\\/2024\\\/06\\\/Montre-ICE-Smart-Two.png\",\"datePublished\":\"2024-06-24T09:57:28+00:00\",\"dateModified\":\"2024-12-02T10:36:03+00:00\",\"description\":\"D\u00e9couvrez la montre ICE smart 2.0 ronde rose-gold milanese avec son \u00e9cran AMOLED de 1,2 pouce, combinant \u00e9l\u00e9gance et confort.\",\"breadcrumb\":{\"@id\":\"https:\\\/\\\/braindegeek.shop\\\/index.php\\\/produit\\\/montre-ice-smart-two-test-et-avis\\\/#breadcrumb\"},\"inLanguage\":\"fr-FR\",\"potentialAction\":[{\"@type\":\"ReadAction\",\"target\":[\"https:\\\/\\\/braindegeek.shop\\\/index.php\\\/produit\\\/montre-ice-smart-two-test-et-avis\\\/\"]}]},{\"@type\":\"ImageObject\",\"inLanguage\":\"fr-FR\",\"@id\":\"https:\\\/\\\/braindegeek.shop\\\/index.php\\\/produit\\\/montre-ice-smart-two-test-et-avis\\\/#primaryimage\",\"url\":\"https:\\\/\\\/braindegeek.shop\\\/wp-content\\\/uploads\\\/2024\\\/06\\\/Montre-ICE-Smart-Two.png\",\"contentUrl\":\"https:\\\/\\\/braindegeek.shop\\\/wp-content\\\/uploads\\\/2024\\\/06\\\/Montre-ICE-Smart-Two.png\",\"width\":500,\"height\":500,\"caption\":\"Montre ICE Smart Two\"},{\"@type\":\"BreadcrumbList\",\"@id\":\"https:\\\/\\\/braindegeek.shop\\\/index.php\\\/produit\\\/montre-ice-smart-two-test-et-avis\\\/#breadcrumb\",\"itemListElement\":[{\"@type\":\"ListItem\",\"position\":1,\"name\":\"Accueil\",\"item\":\"https:\\\/\\\/braindegeek.shop\\\/\"},{\"@type\":\"ListItem\",\"position\":2,\"name\":\"Boutique\",\"item\":\"https:\\\/\\\/braindegeek.shop\\\/index.php\\\/boutique\\\/\"},{\"@type\":\"ListItem\",\"position\":3,\"name\":\"Montre ICE Smart Two Test et avis\"}]},{\"@type\":\"WebSite\",\"@id\":\"https:\\\/\\\/braindegeek.shop\\\/#website\",\"url\":\"https:\\\/\\\/braindegeek.shop\\\/\",\"name\":\"Braindegeek, votre guide d'achat pour les produits high-tech\",\"description\":\"Votre guide d&#039;achat pour vos produits high-tech : robots aspirateurs, tondeuse, piscine et autres nouvelles technologies\",\"publisher\":{\"@id\":\"https:\\\/\\\/braindegeek.shop\\\/#organization\"},\"potentialAction\":[{\"@type\":\"SearchAction\",\"target\":{\"@type\":\"EntryPoint\",\"urlTemplate\":\"https:\\\/\\\/braindegeek.shop\\\/?s={search_term_string}\"},\"query-input\":{\"@type\":\"PropertyValueSpecification\",\"valueRequired\":true,\"valueName\":\"search_term_string\"}}],\"inLanguage\":\"fr-FR\"},{\"@type\":\"Organization\",\"@id\":\"https:\\\/\\\/braindegeek.shop\\\/#organization\",\"name\":\"Braindegeek, votre guide d'achat pour les produits high-tech\",\"url\":\"https:\\\/\\\/braindegeek.shop\\\/\",\"logo\":{\"@type\":\"ImageObject\",\"inLanguage\":\"fr-FR\",\"@id\":\"https:\\\/\\\/braindegeek.shop\\\/#\\\/schema\\\/logo\\\/image\\\/\",\"url\":\"https:\\\/\\\/braindegeek.shop\\\/wp-content\\\/uploads\\\/2024\\\/05\\\/bdg-1.png\",\"contentUrl\":\"https:\\\/\\\/braindegeek.shop\\\/wp-content\\\/uploads\\\/2024\\\/05\\\/bdg-1.png\",\"width\":150,\"height\":150,\"caption\":\"Braindegeek, votre guide d'achat pour les produits high-tech\"},\"image\":{\"@id\":\"https:\\\/\\\/braindegeek.shop\\\/#\\\/schema\\\/logo\\\/image\\\/\"},\"sameAs\":[\"https:\\\/\\\/www.facebook.com\\\/BrainDeGeek\\\/\",\"https:\\\/\\\/x.com\\\/braindegeek\",\"https:\\\/\\\/www.tiktok.com\\\/@braindegeek\",\"https:\\\/\\\/www.youtube.com\\\/braindegeek\"]}]}<\/script>\n<!-- \/ Yoast SEO plugin. -->","yoast_head_json":{"title":"Montre ICE Smart Two Test et avis - Braindegeek","description":"D\u00e9couvrez la montre ICE smart 2.0 ronde rose-gold milanese avec son \u00e9cran AMOLED de 1,2 pouce, combinant \u00e9l\u00e9gance et confort.","robots":{"index":"index","follow":"follow","max-snippet":"max-snippet:-1","max-image-preview":"max-image-preview:large","max-video-preview":"max-video-preview:-1"},"canonical":"https:\/\/braindegeek.shop\/index.php\/produit\/montre-ice-smart-two-test-et-avis\/","og_locale":"fr_FR","og_type":"article","og_title":"Montre ICE Smart Two Test et avis - Braindegeek","og_description":"D\u00e9couvrez la montre ICE smart 2.0 ronde rose-gold milanese avec son \u00e9cran AMOLED de 1,2 pouce, combinant \u00e9l\u00e9gance et confort.","og_url":"https:\/\/braindegeek.shop\/index.php\/produit\/montre-ice-smart-two-test-et-avis\/","og_site_name":"Braindegeek","article_publisher":"https:\/\/www.facebook.com\/BrainDeGeek\/","article_modified_time":"2024-12-02T10:36:03+00:00","og_image":[{"width":500,"height":500,"url":"https:\/\/braindegeek.shop\/wp-content\/uploads\/2024\/06\/Montre-ICE-Smart-Two.png","type":"image\/png"}],"twitter_card":"summary_large_image","twitter_site":"@braindegeek","twitter_misc":{"Dur\u00e9e de lecture estim\u00e9e":"3 minutes"},"schema":{"@context":"https:\/\/schema.org","@graph":[{"@type":"WebPage","@id":"https:\/\/braindegeek.shop\/index.php\/produit\/montre-ice-smart-two-test-et-avis\/","url":"https:\/\/braindegeek.shop\/index.php\/produit\/montre-ice-smart-two-test-et-avis\/","name":"Montre ICE Smart Two Test et avis - Braindegeek","isPartOf":{"@id":"https:\/\/braindegeek.shop\/#website"},"primaryImageOfPage":{"@id":"https:\/\/braindegeek.shop\/index.php\/produit\/montre-ice-smart-two-test-et-avis\/#primaryimage"},"image":{"@id":"https:\/\/braindegeek.shop\/index.php\/produit\/montre-ice-smart-two-test-et-avis\/#primaryimage"},"thumbnailUrl":"https:\/\/braindegeek.shop\/wp-content\/uploads\/2024\/06\/Montre-ICE-Smart-Two.png","datePublished":"2024-06-24T09:57:28+00:00","dateModified":"2024-12-02T10:36:03+00:00","description":"D\u00e9couvrez la montre ICE smart 2.0 ronde rose-gold milanese avec son \u00e9cran AMOLED de 1,2 pouce, combinant \u00e9l\u00e9gance et confort.","breadcrumb":{"@id":"https:\/\/braindegeek.shop\/index.php\/produit\/montre-ice-smart-two-test-et-avis\/#breadcrumb"},"inLanguage":"fr-FR","potentialAction":[{"@type":"ReadAction","target":["https:\/\/braindegeek.shop\/index.php\/produit\/montre-ice-smart-two-test-et-avis\/"]}]},{"@type":"ImageObject","inLanguage":"fr-FR","@id":"https:\/\/braindegeek.shop\/index.php\/produit\/montre-ice-smart-two-test-et-avis\/#primaryimage","url":"https:\/\/braindegeek.shop\/wp-content\/uploads\/2024\/06\/Montre-ICE-Smart-Two.png","contentUrl":"https:\/\/braindegeek.shop\/wp-content\/uploads\/2024\/06\/Montre-ICE-Smart-Two.png","width":500,"height":500,"caption":"Montre ICE Smart Two"},{"@type":"BreadcrumbList","@id":"https:\/\/braindegeek.shop\/index.php\/produit\/montre-ice-smart-two-test-et-avis\/#breadcrumb","itemListElement":[{"@type":"ListItem","position":1,"name":"Accueil","item":"https:\/\/braindegeek.shop\/"},{"@type":"ListItem","position":2,"name":"Boutique","item":"https:\/\/braindegeek.shop\/index.php\/boutique\/"},{"@type":"ListItem","position":3,"name":"Montre ICE Smart Two Test et avis"}]},{"@type":"WebSite","@id":"https:\/\/braindegeek.shop\/#website","url":"https:\/\/braindegeek.shop\/","name":"Braindegeek, votre guide d'achat pour les produits high-tech","description":"Votre guide d&#039;achat pour vos produits high-tech : robots aspirateurs, tondeuse, piscine et autres nouvelles technologies","publisher":{"@id":"https:\/\/braindegeek.shop\/#organization"},"potentialAction":[{"@type":"SearchAction","target":{"@type":"EntryPoint","urlTemplate":"https:\/\/braindegeek.shop\/?s={search_term_string}"},"query-input":{"@type":"PropertyValueSpecification","valueRequired":true,"valueName":"search_term_string"}}],"inLanguage":"fr-FR"},{"@type":"Organization","@id":"https:\/\/braindegeek.shop\/#organization","name":"Braindegeek, votre guide d'achat pour les produits high-tech","url":"https:\/\/braindegeek.shop\/","logo":{"@type":"ImageObject","inLanguage":"fr-FR","@id":"https:\/\/braindegeek.shop\/#\/schema\/logo\/image\/","url":"https:\/\/braindegeek.shop\/wp-content\/uploads\/2024\/05\/bdg-1.png","contentUrl":"https:\/\/braindegeek.shop\/wp-content\/uploads\/2024\/05\/bdg-1.png","width":150,"height":150,"caption":"Braindegeek, votre guide d'achat pour les produits high-tech"},"image":{"@id":"https:\/\/braindegeek.shop\/#\/schema\/logo\/image\/"},"sameAs":["https:\/\/www.facebook.com\/BrainDeGeek\/","https:\/\/x.com\/braindegeek","https:\/\/www.tiktok.com\/@braindegeek","https:\/\/www.youtube.com\/braindegeek"]}]}},"jetpack_sharing_enabled":true,"_links":{"self":[{"href":"https:\/\/braindegeek.shop\/index.php\/wp-json\/wp\/v2\/product\/2077","targetHints":{"allow":["GET"]}}],"collection":[{"href":"https:\/\/braindegeek.shop\/index.php\/wp-json\/wp\/v2\/product"}],"about":[{"href":"https:\/\/braindegeek.shop\/index.php\/wp-json\/wp\/v2\/types\/product"}],"replies":[{"embeddable":true,"href":"https:\/\/braindegeek.shop\/index.php\/wp-json\/wp\/v2\/comments?post=2077"}],"wp:featuredmedia":[{"embeddable":true,"href":"https:\/\/braindegeek.shop\/index.php\/wp-json\/wp\/v2\/media\/2078"}],"wp:attachment":[{"href":"https:\/\/braindegeek.shop\/index.php\/wp-json\/wp\/v2\/media?parent=2077"}],"wp:term":[{"taxonomy":"store","embeddable":true,"href":"https:\/\/braindegeek.shop\/index.php\/wp-json\/wp\/v2\/store?post=2077"},{"taxonomy":"product_brand","embeddable":true,"href":"https:\/\/braindegeek.shop\/index.php\/wp-json\/wp\/v2\/product_brand?post=2077"},{"taxonomy":"product_cat","embeddable":true,"href":"https:\/\/braindegeek.shop\/index.php\/wp-json\/wp\/v2\/product_cat?post=2077"},{"taxonomy":"product_tag","embeddable":true,"href":"https:\/\/braindegeek.shop\/index.php\/wp-json\/wp\/v2\/product_tag?post=2077"}],"curies":[{"name":"wp","href":"https:\/\/api.w.org\/{rel}","templated":true}]}}