{"id":2051,"date":"2024-06-11T16:16:15","date_gmt":"2024-06-11T14:16:15","guid":{"rendered":"https:\/\/braindegeek.shop\/?post_type=product&#038;p=2051"},"modified":"2025-05-25T20:45:34","modified_gmt":"2025-05-25T18:45:34","slug":"reolink-4k-4g-lte","status":"publish","type":"product","link":"https:\/\/braindegeek.shop\/index.php\/produit\/reolink-4k-4g-lte\/","title":{"rendered":"Reolink 4K 4G LTE test, avis"},"content":{"rendered":"<p><strong>Premi\u00e8re cam\u00e9ra 4K 4G LTE pour animaux sauvages avec vue panoramique \u00e0 360\u00b0<\/strong><\/p>\n<hr \/>\n<h4><strong>Caract\u00e9ristiques Principales :<\/strong><\/h4>\n<ul>\n<li><strong>4K 8MP Ultra HD<\/strong> : Obtenez une qualit\u00e9 d&rsquo;image exceptionnelle avec une v\u00e9ritable r\u00e9solution 4K 8MP, sans interpolation.<\/li>\n<li><strong>D\u00e9tection et reconnaissance des animaux<\/strong> : La cam\u00e9ra identifie intelligemment les cerfs, les dindes et autres animaux, ainsi que les personnes et les v\u00e9hicules.<\/li>\n<li><strong>Alimentation par batterie\/solaire<\/strong> : Con\u00e7ue pour fonctionner de mani\u00e8re autonome avec une batterie rechargeable et un panneau solaire ajustable.<\/li>\n<li><strong>Vision nocturne sans reflet<\/strong> : Gr\u00e2ce \u00e0 une grande ouverture F1.6 et des DEL infrarouges de 940 nm, b\u00e9n\u00e9ficiez d&rsquo;une vision nocturne claire sans d\u00e9ranger les animaux.<\/li>\n<\/ul>\n<hr \/>\n<h4><strong>Description D\u00e9taill\u00e9e :<\/strong><\/h4>\n<p><strong>Observation Panoramique 360\u00b0<\/strong><\/p>\n<ul>\n<li>Pour la premi\u00e8re fois dans l&rsquo;industrie, la Reolink Go Ranger PT combine une connectivit\u00e9 4G LTE avec une fonction panoramique \u00e0 360\u00b0 et une r\u00e9solution 4K 8MP. Observez en direct les activit\u00e9s des animaux sauvages ou t\u00e9l\u00e9chargez des vid\u00e9os et images 4K \u00e0 distance via une carte microSD.<\/li>\n<\/ul>\n<p><strong>Vision Nocturne Nette<\/strong><\/p>\n<ul>\n<li>La cam\u00e9ra offre une vision nocturne exceptionnelle gr\u00e2ce \u00e0 sa grande ouverture F1.6 et des DEL infrarouges invisibles de 940 nm, parfaites pour une surveillance discr\u00e8te de la faune.<\/li>\n<\/ul>\n<p><strong>D\u00e9tection Intelligente et R\u00e9active<\/strong><\/p>\n<ul>\n<li>Reconnaissance avanc\u00e9e des animaux et des objets, d\u00e9clenchement rapide en 0,5 seconde pour capturer des photos et envoyer des notifications instantan\u00e9es.<\/li>\n<\/ul>\n<p><strong>Surveillance Flexible et \u00c9tendue<\/strong><\/p>\n<ul>\n<li>Utilisez l&rsquo;application Reolink pour visionner des images 4K en direct pendant 20 minutes d&rsquo;affil\u00e9e. La cam\u00e9ra peut pivoter horizontalement sur 355\u00b0 et verticalement sur 90\u00b0 pour surveiller efficacement diff\u00e9rentes zones.<\/li>\n<\/ul>\n<hr \/>\n<h4><strong>Stockage et Accessibilit\u00e9 :<\/strong><\/h4>\n<p><strong>Carte microSD<\/strong><\/p>\n<ul>\n<li>Sauvegardez localement des instantan\u00e9s et enregistrements sur une carte microSD (32 Go pr\u00e9install\u00e9s, jusqu&rsquo;\u00e0 128 Go).<\/li>\n<\/ul>\n<p><strong>Reolink Cloud<\/strong><\/p>\n<ul>\n<li>T\u00e9l\u00e9chargez vos vid\u00e9os enregistr\u00e9es sur le Reolink Cloud en partenariat avec Amazon Web Services, garantissant la confidentialit\u00e9 de vos donn\u00e9es.<\/li>\n<\/ul>\n<p><strong>Serveur FTP<\/strong><\/p>\n<ul>\n<li>Option de sauvegarde sur serveur FTP pour une gestion centralis\u00e9e et s\u00e9curis\u00e9e de vos donn\u00e9es de surveillance.<\/li>\n<\/ul>\n<hr \/>\n<h4><strong>Autonomie et Installation :<\/strong><\/h4>\n<p><strong>\u00c9nergie Solaire Non-Stop<\/strong><\/p>\n<ul>\n<li>Le panneau solaire Reolink 2 de 6W assure une alimentation continue et ininterrompue. Profitez d&rsquo;une installation flexible avec un support ajustable et un c\u00e2ble de 4 m.<\/li>\n<\/ul>\n<p><strong>Connectivit\u00e9 4G LTE<\/strong><\/p>\n<ul>\n<li>Fonctionne avec une carte Nano SIM et un plan de donn\u00e9es cellulaires. Compatible avec les op\u00e9rateurs tels que T-Mobile, Vodafone, AT&amp;T, etc.<\/li>\n<\/ul>\n<p><strong>Disponibilit\u00e9 Internationale<\/strong><\/p>\n<ul>\n<li>Disponible dans des pays tels que les \u00c9tats-Unis, l&rsquo;Allemagne, le Royaume-Uni, l&rsquo;Australie, et plus encore.<\/li>\n<\/ul>\n<p><strong>Commandes Vocales<\/strong><\/p>\n<ul>\n<li>Acc\u00e9dez \u00e0 votre cam\u00e9ra via Google Nest Hub ou un t\u00e9l\u00e9viseur compatible Chromecast gr\u00e2ce aux commandes vocales.<\/li>\n<\/ul>\n<hr \/>\n<h3><strong>Reolink Go Ranger PT : Con\u00e7ue pour les Aventuriers de la Nature<\/strong><\/h3>\n<p>Explorez la nature sans interruption et restez inform\u00e9 de la faune sauvage, de jour comme de nuit, avec la cam\u00e9ra Reolink Go Ranger PT.<\/p>\n","protected":false},"excerpt":{"rendered":"<p>La Reolink Go Ranger PT est la premi\u00e8re cam\u00e9ra 4K 4G LTE con\u00e7ue pour la surveillance des animaux sauvages, offrant une vue panoramique \u00e0 360\u00b0. Avec une r\u00e9solution Ultra HD 8MP, une d\u00e9tection intelligente des animaux et une alimentation par batterie solaire, elle assure une observation continue et d\u00e9taill\u00e9e de la faune, de jour comme de nuit. Sa vision nocturne claire et non intrusive, ses options de stockage flexibles, y compris le Reolink Cloud et le serveur FTP, et sa connectivit\u00e9 4G LTE en font un outil indispensable pour les amateurs de nature. Profitez d&rsquo;une surveillance fluide et sans effort gr\u00e2ce \u00e0 l&rsquo;application Reolink et aux commandes vocales.<\/p>\n","protected":false},"featured_media":2053,"comment_status":"open","ping_status":"closed","template":"","meta":{"_gspb_post_css":""},"store":[268],"product_brand":[],"product_cat":[299,185],"product_tag":[],"class_list":{"0":"post-2051","1":"product","2":"type-product","3":"status-publish","4":"has-post-thumbnail","6":"store-reolink","7":"product_cat-camera","8":"product_cat-securite","10":"first","11":"instock","12":"sale","13":"shipping-taxable","14":"product-type-external"},"yoast_head":"<!-- This site is optimized with the Yoast SEO plugin v27.4 - https:\/\/yoast.com\/product\/yoast-seo-wordpress\/ -->\n<title>Reolink 4K 4G LTE test, avis - Braindegeek<\/title>\n<meta name=\"description\" content=\"Premi\u00e8re cam\u00e9ra 4K 4G LTE pour animaux sauvages avec vue panoramique \u00e0 360\u00b0\" \/>\n<meta name=\"robots\" content=\"index, follow, max-snippet:-1, max-image-preview:large, max-video-preview:-1\" \/>\n<link rel=\"canonical\" href=\"https:\/\/braindegeek.shop\/index.php\/produit\/reolink-4k-4g-lte\/\" \/>\n<meta property=\"og:locale\" content=\"fr_FR\" \/>\n<meta property=\"og:type\" content=\"article\" \/>\n<meta property=\"og:title\" content=\"Reolink 4K 4G LTE test, avis - Braindegeek\" \/>\n<meta property=\"og:description\" content=\"Premi\u00e8re cam\u00e9ra 4K 4G LTE pour animaux sauvages avec vue panoramique \u00e0 360\u00b0\" \/>\n<meta property=\"og:url\" content=\"https:\/\/braindegeek.shop\/index.php\/produit\/reolink-4k-4g-lte\/\" \/>\n<meta property=\"og:site_name\" content=\"Braindegeek\" \/>\n<meta property=\"article:publisher\" content=\"https:\/\/www.facebook.com\/BrainDeGeek\/\" \/>\n<meta property=\"article:modified_time\" content=\"2025-05-25T18:45:34+00:00\" \/>\n<meta property=\"og:image\" content=\"https:\/\/braindegeek.shop\/wp-content\/uploads\/2024\/06\/Reolink-4K-Camera-Surveillance-4G-LTE-Exterieure.png\" \/>\n\t<meta property=\"og:image:width\" content=\"500\" \/>\n\t<meta property=\"og:image:height\" content=\"500\" \/>\n\t<meta property=\"og:image:type\" content=\"image\/png\" \/>\n<meta name=\"twitter:card\" content=\"summary_large_image\" \/>\n<meta name=\"twitter:site\" content=\"@braindegeek\" \/>\n<meta name=\"twitter:label1\" content=\"Dur\u00e9e de lecture estim\u00e9e\" \/>\n\t<meta name=\"twitter:data1\" content=\"3 minutes\" \/>\n<script type=\"application\/ld+json\" class=\"yoast-schema-graph\">{\"@context\":\"https:\\\/\\\/schema.org\",\"@graph\":[{\"@type\":\"WebPage\",\"@id\":\"https:\\\/\\\/braindegeek.shop\\\/index.php\\\/produit\\\/reolink-4k-4g-lte\\\/\",\"url\":\"https:\\\/\\\/braindegeek.shop\\\/index.php\\\/produit\\\/reolink-4k-4g-lte\\\/\",\"name\":\"Reolink 4K 4G LTE test, avis - Braindegeek\",\"isPartOf\":{\"@id\":\"https:\\\/\\\/braindegeek.shop\\\/#website\"},\"primaryImageOfPage\":{\"@id\":\"https:\\\/\\\/braindegeek.shop\\\/index.php\\\/produit\\\/reolink-4k-4g-lte\\\/#primaryimage\"},\"image\":{\"@id\":\"https:\\\/\\\/braindegeek.shop\\\/index.php\\\/produit\\\/reolink-4k-4g-lte\\\/#primaryimage\"},\"thumbnailUrl\":\"https:\\\/\\\/braindegeek.shop\\\/wp-content\\\/uploads\\\/2024\\\/06\\\/Reolink-4K-Camera-Surveillance-4G-LTE-Exterieure.png\",\"datePublished\":\"2024-06-11T14:16:15+00:00\",\"dateModified\":\"2025-05-25T18:45:34+00:00\",\"description\":\"Premi\u00e8re cam\u00e9ra 4K 4G LTE pour animaux sauvages avec vue panoramique \u00e0 360\u00b0\",\"breadcrumb\":{\"@id\":\"https:\\\/\\\/braindegeek.shop\\\/index.php\\\/produit\\\/reolink-4k-4g-lte\\\/#breadcrumb\"},\"inLanguage\":\"fr-FR\",\"potentialAction\":[{\"@type\":\"ReadAction\",\"target\":[\"https:\\\/\\\/braindegeek.shop\\\/index.php\\\/produit\\\/reolink-4k-4g-lte\\\/\"]}]},{\"@type\":\"ImageObject\",\"inLanguage\":\"fr-FR\",\"@id\":\"https:\\\/\\\/braindegeek.shop\\\/index.php\\\/produit\\\/reolink-4k-4g-lte\\\/#primaryimage\",\"url\":\"https:\\\/\\\/braindegeek.shop\\\/wp-content\\\/uploads\\\/2024\\\/06\\\/Reolink-4K-Camera-Surveillance-4G-LTE-Exterieure.png\",\"contentUrl\":\"https:\\\/\\\/braindegeek.shop\\\/wp-content\\\/uploads\\\/2024\\\/06\\\/Reolink-4K-Camera-Surveillance-4G-LTE-Exterieure.png\",\"width\":500,\"height\":500,\"caption\":\"Reolink 4K Cam\u00e9ra Surveillance 4G LTE Ext\u00e9rieure\"},{\"@type\":\"BreadcrumbList\",\"@id\":\"https:\\\/\\\/braindegeek.shop\\\/index.php\\\/produit\\\/reolink-4k-4g-lte\\\/#breadcrumb\",\"itemListElement\":[{\"@type\":\"ListItem\",\"position\":1,\"name\":\"Accueil\",\"item\":\"https:\\\/\\\/braindegeek.shop\\\/\"},{\"@type\":\"ListItem\",\"position\":2,\"name\":\"Boutique\",\"item\":\"https:\\\/\\\/braindegeek.shop\\\/index.php\\\/boutique\\\/\"},{\"@type\":\"ListItem\",\"position\":3,\"name\":\"Reolink 4K 4G LTE test, avis\"}]},{\"@type\":\"WebSite\",\"@id\":\"https:\\\/\\\/braindegeek.shop\\\/#website\",\"url\":\"https:\\\/\\\/braindegeek.shop\\\/\",\"name\":\"Braindegeek, votre guide d'achat pour les produits high-tech\",\"description\":\"Votre guide d&#039;achat pour vos produits high-tech : robots aspirateurs, tondeuse, piscine et autres nouvelles technologies\",\"publisher\":{\"@id\":\"https:\\\/\\\/braindegeek.shop\\\/#organization\"},\"potentialAction\":[{\"@type\":\"SearchAction\",\"target\":{\"@type\":\"EntryPoint\",\"urlTemplate\":\"https:\\\/\\\/braindegeek.shop\\\/?s={search_term_string}\"},\"query-input\":{\"@type\":\"PropertyValueSpecification\",\"valueRequired\":true,\"valueName\":\"search_term_string\"}}],\"inLanguage\":\"fr-FR\"},{\"@type\":\"Organization\",\"@id\":\"https:\\\/\\\/braindegeek.shop\\\/#organization\",\"name\":\"Braindegeek, votre guide d'achat pour les produits high-tech\",\"url\":\"https:\\\/\\\/braindegeek.shop\\\/\",\"logo\":{\"@type\":\"ImageObject\",\"inLanguage\":\"fr-FR\",\"@id\":\"https:\\\/\\\/braindegeek.shop\\\/#\\\/schema\\\/logo\\\/image\\\/\",\"url\":\"https:\\\/\\\/braindegeek.shop\\\/wp-content\\\/uploads\\\/2024\\\/05\\\/bdg-1.png\",\"contentUrl\":\"https:\\\/\\\/braindegeek.shop\\\/wp-content\\\/uploads\\\/2024\\\/05\\\/bdg-1.png\",\"width\":150,\"height\":150,\"caption\":\"Braindegeek, votre guide d'achat pour les produits high-tech\"},\"image\":{\"@id\":\"https:\\\/\\\/braindegeek.shop\\\/#\\\/schema\\\/logo\\\/image\\\/\"},\"sameAs\":[\"https:\\\/\\\/www.facebook.com\\\/BrainDeGeek\\\/\",\"https:\\\/\\\/x.com\\\/braindegeek\",\"https:\\\/\\\/www.tiktok.com\\\/@braindegeek\",\"https:\\\/\\\/www.youtube.com\\\/braindegeek\"]}]}<\/script>\n<!-- \/ Yoast SEO plugin. -->","yoast_head_json":{"title":"Reolink 4K 4G LTE test, avis - Braindegeek","description":"Premi\u00e8re cam\u00e9ra 4K 4G LTE pour animaux sauvages avec vue panoramique \u00e0 360\u00b0","robots":{"index":"index","follow":"follow","max-snippet":"max-snippet:-1","max-image-preview":"max-image-preview:large","max-video-preview":"max-video-preview:-1"},"canonical":"https:\/\/braindegeek.shop\/index.php\/produit\/reolink-4k-4g-lte\/","og_locale":"fr_FR","og_type":"article","og_title":"Reolink 4K 4G LTE test, avis - Braindegeek","og_description":"Premi\u00e8re cam\u00e9ra 4K 4G LTE pour animaux sauvages avec vue panoramique \u00e0 360\u00b0","og_url":"https:\/\/braindegeek.shop\/index.php\/produit\/reolink-4k-4g-lte\/","og_site_name":"Braindegeek","article_publisher":"https:\/\/www.facebook.com\/BrainDeGeek\/","article_modified_time":"2025-05-25T18:45:34+00:00","og_image":[{"width":500,"height":500,"url":"https:\/\/braindegeek.shop\/wp-content\/uploads\/2024\/06\/Reolink-4K-Camera-Surveillance-4G-LTE-Exterieure.png","type":"image\/png"}],"twitter_card":"summary_large_image","twitter_site":"@braindegeek","twitter_misc":{"Dur\u00e9e de lecture estim\u00e9e":"3 minutes"},"schema":{"@context":"https:\/\/schema.org","@graph":[{"@type":"WebPage","@id":"https:\/\/braindegeek.shop\/index.php\/produit\/reolink-4k-4g-lte\/","url":"https:\/\/braindegeek.shop\/index.php\/produit\/reolink-4k-4g-lte\/","name":"Reolink 4K 4G LTE test, avis - Braindegeek","isPartOf":{"@id":"https:\/\/braindegeek.shop\/#website"},"primaryImageOfPage":{"@id":"https:\/\/braindegeek.shop\/index.php\/produit\/reolink-4k-4g-lte\/#primaryimage"},"image":{"@id":"https:\/\/braindegeek.shop\/index.php\/produit\/reolink-4k-4g-lte\/#primaryimage"},"thumbnailUrl":"https:\/\/braindegeek.shop\/wp-content\/uploads\/2024\/06\/Reolink-4K-Camera-Surveillance-4G-LTE-Exterieure.png","datePublished":"2024-06-11T14:16:15+00:00","dateModified":"2025-05-25T18:45:34+00:00","description":"Premi\u00e8re cam\u00e9ra 4K 4G LTE pour animaux sauvages avec vue panoramique \u00e0 360\u00b0","breadcrumb":{"@id":"https:\/\/braindegeek.shop\/index.php\/produit\/reolink-4k-4g-lte\/#breadcrumb"},"inLanguage":"fr-FR","potentialAction":[{"@type":"ReadAction","target":["https:\/\/braindegeek.shop\/index.php\/produit\/reolink-4k-4g-lte\/"]}]},{"@type":"ImageObject","inLanguage":"fr-FR","@id":"https:\/\/braindegeek.shop\/index.php\/produit\/reolink-4k-4g-lte\/#primaryimage","url":"https:\/\/braindegeek.shop\/wp-content\/uploads\/2024\/06\/Reolink-4K-Camera-Surveillance-4G-LTE-Exterieure.png","contentUrl":"https:\/\/braindegeek.shop\/wp-content\/uploads\/2024\/06\/Reolink-4K-Camera-Surveillance-4G-LTE-Exterieure.png","width":500,"height":500,"caption":"Reolink 4K Cam\u00e9ra Surveillance 4G LTE Ext\u00e9rieure"},{"@type":"BreadcrumbList","@id":"https:\/\/braindegeek.shop\/index.php\/produit\/reolink-4k-4g-lte\/#breadcrumb","itemListElement":[{"@type":"ListItem","position":1,"name":"Accueil","item":"https:\/\/braindegeek.shop\/"},{"@type":"ListItem","position":2,"name":"Boutique","item":"https:\/\/braindegeek.shop\/index.php\/boutique\/"},{"@type":"ListItem","position":3,"name":"Reolink 4K 4G LTE test, avis"}]},{"@type":"WebSite","@id":"https:\/\/braindegeek.shop\/#website","url":"https:\/\/braindegeek.shop\/","name":"Braindegeek, votre guide d'achat pour les produits high-tech","description":"Votre guide d&#039;achat pour vos produits high-tech : robots aspirateurs, tondeuse, piscine et autres nouvelles technologies","publisher":{"@id":"https:\/\/braindegeek.shop\/#organization"},"potentialAction":[{"@type":"SearchAction","target":{"@type":"EntryPoint","urlTemplate":"https:\/\/braindegeek.shop\/?s={search_term_string}"},"query-input":{"@type":"PropertyValueSpecification","valueRequired":true,"valueName":"search_term_string"}}],"inLanguage":"fr-FR"},{"@type":"Organization","@id":"https:\/\/braindegeek.shop\/#organization","name":"Braindegeek, votre guide d'achat pour les produits high-tech","url":"https:\/\/braindegeek.shop\/","logo":{"@type":"ImageObject","inLanguage":"fr-FR","@id":"https:\/\/braindegeek.shop\/#\/schema\/logo\/image\/","url":"https:\/\/braindegeek.shop\/wp-content\/uploads\/2024\/05\/bdg-1.png","contentUrl":"https:\/\/braindegeek.shop\/wp-content\/uploads\/2024\/05\/bdg-1.png","width":150,"height":150,"caption":"Braindegeek, votre guide d'achat pour les produits high-tech"},"image":{"@id":"https:\/\/braindegeek.shop\/#\/schema\/logo\/image\/"},"sameAs":["https:\/\/www.facebook.com\/BrainDeGeek\/","https:\/\/x.com\/braindegeek","https:\/\/www.tiktok.com\/@braindegeek","https:\/\/www.youtube.com\/braindegeek"]}]}},"jetpack_sharing_enabled":true,"_links":{"self":[{"href":"https:\/\/braindegeek.shop\/index.php\/wp-json\/wp\/v2\/product\/2051","targetHints":{"allow":["GET"]}}],"collection":[{"href":"https:\/\/braindegeek.shop\/index.php\/wp-json\/wp\/v2\/product"}],"about":[{"href":"https:\/\/braindegeek.shop\/index.php\/wp-json\/wp\/v2\/types\/product"}],"replies":[{"embeddable":true,"href":"https:\/\/braindegeek.shop\/index.php\/wp-json\/wp\/v2\/comments?post=2051"}],"wp:featuredmedia":[{"embeddable":true,"href":"https:\/\/braindegeek.shop\/index.php\/wp-json\/wp\/v2\/media\/2053"}],"wp:attachment":[{"href":"https:\/\/braindegeek.shop\/index.php\/wp-json\/wp\/v2\/media?parent=2051"}],"wp:term":[{"taxonomy":"store","embeddable":true,"href":"https:\/\/braindegeek.shop\/index.php\/wp-json\/wp\/v2\/store?post=2051"},{"taxonomy":"product_brand","embeddable":true,"href":"https:\/\/braindegeek.shop\/index.php\/wp-json\/wp\/v2\/product_brand?post=2051"},{"taxonomy":"product_cat","embeddable":true,"href":"https:\/\/braindegeek.shop\/index.php\/wp-json\/wp\/v2\/product_cat?post=2051"},{"taxonomy":"product_tag","embeddable":true,"href":"https:\/\/braindegeek.shop\/index.php\/wp-json\/wp\/v2\/product_tag?post=2051"}],"curies":[{"name":"wp","href":"https:\/\/api.w.org\/{rel}","templated":true}]}}