{"id":2031,"date":"2024-06-05T11:13:39","date_gmt":"2024-06-05T09:13:39","guid":{"rendered":"https:\/\/braindegeek.shop\/?post_type=product&#038;p=2031"},"modified":"2024-11-19T08:45:10","modified_gmt":"2024-11-19T07:45:10","slug":"kieslect-ks2","status":"publish","type":"product","link":"https:\/\/braindegeek.shop\/index.php\/produit\/kieslect-ks2\/","title":{"rendered":"Kieslect KS2"},"content":{"rendered":"<h3>Fiche Produit : Montre Connect\u00e9e Kieslect KS2<\/h3>\n<h4>Caract\u00e9ristiques Principales :<\/h4>\n<ul>\n<li><strong>\u00c9cran AMOLED FHD de 2,01 pouces<\/strong><\/li>\n<li><strong>Double c\u0153ur, triple vitesse<\/strong><\/li>\n<li><strong>Affichage super dynamique GPU 2.5D<\/strong><\/li>\n<li><strong>Capteurs biom\u00e9triques avanc\u00e9s<\/strong><\/li>\n<li><strong>Gestion de la sant\u00e9 24\/7<\/strong><\/li>\n<li><strong>Test de 3 indicateurs de sant\u00e9 en un clic<\/strong><\/li>\n<li><strong>Plus de 100 modes sportifs<\/strong><\/li>\n<li><strong>Reconnaissance intelligente des mouvements<\/strong><\/li>\n<li><strong>\u00c9tanch\u00e9it\u00e9 3ATM<\/strong><\/li>\n<li><strong>Lecture et contr\u00f4le de la musique<\/strong><\/li>\n<li><strong>Affichage toujours allum\u00e9<\/strong><\/li>\n<li><strong>Cadran de montre dynamique et \u00e9ditable<\/strong><\/li>\n<\/ul>\n<h4>Aper\u00e7u de la Montre Connect\u00e9e Kieslect KS2 :<\/h4>\n<h5>Double C\u0153ur, Triple Vitesse<\/h5>\n<p>La plupart des smartwatches utilisent un seul processeur, ce qui entra\u00eene des op\u00e9rations lentes et une consommation \u00e9lev\u00e9e d&rsquo;\u00e9nergie. La Kieslect KS2, gr\u00e2ce \u00e0 sa technologie \u00ab\u00a0double c\u0153ur\u00a0\u00bb, offre un taux de rafra\u00eechissement de 60 FPS et r\u00e9duit la consommation d&rsquo;\u00e9nergie de 30%, garantissant une utilisation fluide et une batterie longue dur\u00e9e.<\/p>\n<h5>Affichage Super Dynamique GPU 2.5D<\/h5>\n<p>\u00c9quip\u00e9e d&rsquo;un acc\u00e9l\u00e9rateur de traitement d&rsquo;image 2.5D GPU, la KS2 propose une interface utilisateur aux effets visuels r\u00e9alistes et dynamiques. Les animations et effets 3D sont plus vivants et captivants.<\/p>\n<p><img fetchpriority=\"high\" decoding=\"async\" class=\"alignnone wp-image-2035 size-full\" src=\"http:\/\/braindegeek.shop\/wp-content\/uploads\/2024\/06\/Kieslect-Smart-Calling-Watch-Ks2-scaled.jpg\" alt=\"Kieslect Smart Calling Watch Ks2\" width=\"2560\" height=\"1920\" srcset=\"https:\/\/braindegeek.shop\/wp-content\/uploads\/2024\/06\/Kieslect-Smart-Calling-Watch-Ks2-scaled.jpg 2560w, https:\/\/braindegeek.shop\/wp-content\/uploads\/2024\/06\/Kieslect-Smart-Calling-Watch-Ks2-300x225.jpg 300w, https:\/\/braindegeek.shop\/wp-content\/uploads\/2024\/06\/Kieslect-Smart-Calling-Watch-Ks2-1024x768.jpg 1024w, https:\/\/braindegeek.shop\/wp-content\/uploads\/2024\/06\/Kieslect-Smart-Calling-Watch-Ks2-768x576.jpg 768w, https:\/\/braindegeek.shop\/wp-content\/uploads\/2024\/06\/Kieslect-Smart-Calling-Watch-Ks2-1536x1152.jpg 1536w, https:\/\/braindegeek.shop\/wp-content\/uploads\/2024\/06\/Kieslect-Smart-Calling-Watch-Ks2-2048x1536.jpg 2048w, https:\/\/braindegeek.shop\/wp-content\/uploads\/2024\/06\/Kieslect-Smart-Calling-Watch-Ks2-200x150.jpg 200w, https:\/\/braindegeek.shop\/wp-content\/uploads\/2024\/06\/Kieslect-Smart-Calling-Watch-Ks2-100x75.jpg 100w, https:\/\/braindegeek.shop\/wp-content\/uploads\/2024\/06\/Kieslect-Smart-Calling-Watch-Ks2-467x350.jpg 467w, https:\/\/braindegeek.shop\/wp-content\/uploads\/2024\/06\/Kieslect-Smart-Calling-Watch-Ks2-788x591.jpg 788w, https:\/\/braindegeek.shop\/wp-content\/uploads\/2024\/06\/Kieslect-Smart-Calling-Watch-Ks2-600x450.jpg 600w\" sizes=\"(max-width: 2560px) 100vw, 2560px\" \/><\/p>\n<h5>Capteurs Biom\u00e9triques Avanc\u00e9s<\/h5>\n<p>Avec ses 4 LEDs ultra-lumineuses et son grand PD s\u00e9par\u00e9, la KS2 collecte 35% de donn\u00e9es en plus par rapport \u00e0 la g\u00e9n\u00e9ration pr\u00e9c\u00e9dente. Combin\u00e9 \u00e0 un algorithme avanc\u00e9 de surveillance cardiaque, la pr\u00e9cision du suivi de la fr\u00e9quence cardiaque est am\u00e9lior\u00e9e de 37%.<\/p>\n<h5>Surveillance de l&rsquo;\u00c9nergie Corporelle<\/h5>\n<p>La fonction Body Energy surveille vos ressources \u00e9nerg\u00e9tiques toutes les 30 minutes en collectant des donn\u00e9es sur votre activit\u00e9 physique, stress, fr\u00e9quence cardiaque et sommeil r\u00e9parateur. Ces donn\u00e9es vous aident \u00e0 prendre des d\u00e9cisions \u00e9clair\u00e9es pour votre sant\u00e9.<\/p>\n<h5>Test de 3 Indicateurs de Sant\u00e9 en un Clic<\/h5>\n<p>Gr\u00e2ce \u00e0 un algorithme de sant\u00e9 avanc\u00e9, la KS2 permet de tester rapidement et afficher votre fr\u00e9quence cardiaque, niveau d&rsquo;oxyg\u00e8ne dans le sang et niveau de stress en 30 secondes, o\u00f9 que vous soyez.<\/p>\n<h5>Plus de 100 Modes Sportifs<\/h5>\n<p>Avec plus de 100 modes sportifs programm\u00e9s, la KS2 vous inspire \u00e0 relever des d\u00e9fis tant \u00e0 l&rsquo;int\u00e9rieur qu&rsquo;\u00e0 l&rsquo;ext\u00e9rieur. Que vous couriez, fassiez du v\u00e9lo, de l&rsquo;entra\u00eenement en force, du golf ou de la natation, cette montre est con\u00e7ue pour vous accompagner.<\/p>\n<h5>Reconnaissance Intelligente des Mouvements<\/h5>\n<p>La KS2 d\u00e9tecte automatiquement lorsque vous commencez l&rsquo;une des 6 activit\u00e9s et vous sugg\u00e8re d&rsquo;activer le mode sportif correspondant, incluant la course en ext\u00e9rieur, la course en int\u00e9rieur, la marche en ext\u00e9rieur, la marche en int\u00e9rieur, l&rsquo;elliptique et l&rsquo;aviron.<\/p>\n<h5>\u00c9tanch\u00e9it\u00e9 3ATM<\/h5>\n<p>Avec une \u00e9tanch\u00e9it\u00e9 3ATM et des bracelets r\u00e9sistants \u00e0 l&rsquo;eau, la KS2 peut \u00eatre port\u00e9e partout, m\u00eame dans l&rsquo;eau. Que vous vous laviez les mains, fassiez la vaisselle ou nagiez, la KS2 fonctionne sans probl\u00e8me.<\/p>\n<h5>Cours de Course et Entra\u00eenement<\/h5>\n<p>La KS2 est votre entra\u00eeneur personnel avec 6 cours de course pr\u00e9programm\u00e9s : course facile de 6 minutes, course facile de 10 minutes, course facile de 15 minutes, premi\u00e8re course, course avanc\u00e9e et course intensive, ainsi que des sessions d&rsquo;\u00e9tirement post-course.<\/p>\n<h5>Appairage et Appels en un Seul Clic<\/h5>\n<p>Contrairement \u00e0 d&rsquo;autres smartwatches avec des processus d&rsquo;appairage complexes, le chipset d&rsquo;appel 2-en-1 et le Bluetooth 5.3 de la KS2 simplifient la connexion, offrant des connexions rapides et sans tracas pour un mode de vie actif.<\/p>\n<h5>Fonctionnalit\u00e9s Suppl\u00e9mentaires<\/h5>\n<ul>\n<li><strong>Gestion de la musique<\/strong> : Contr\u00f4lez et lisez votre musique directement depuis votre montre.<\/li>\n<li><strong>Affichage toujours allum\u00e9<\/strong> : Consultez l&rsquo;heure et les notifications sans allumer votre \u00e9cran.<\/li>\n<li><strong>Cadran de montre dynamique et \u00e9ditable<\/strong> : Personnalisez votre \u00e9cran selon vos pr\u00e9f\u00e9rences.<\/li>\n<\/ul>\n<p>La Kieslect KS2 est la montre parfaite pour les amateurs de technologie cherchant \u00e0 am\u00e9liorer leur quotidien gr\u00e2ce \u00e0 une gestion avanc\u00e9e de la sant\u00e9 et des performances sportives.<\/p>\n","protected":false},"excerpt":{"rendered":"<div class=\"flex flex-grow flex-col max-w-full\">\n<div class=\"min-h-[20px] text-message flex flex-col items-start whitespace-pre-wrap break-words [.text-message+&amp;]:mt-5 juice:w-full juice:items-end overflow-x-auto gap-3\" dir=\"auto\" data-message-author-role=\"assistant\" data-message-id=\"22f10cb3-b171-40b6-a097-73b3595e6698\">\n<div class=\"markdown prose w-full break-words dark:prose-invert light\">\n<p>La <strong>Kieslect KS2<\/strong> est une montre connect\u00e9e haut de gamme \u00e9quip\u00e9e d&rsquo;un \u00e9cran AMOLED FHD de 2,01 pouces et de la technologie double c\u0153ur pour une performance fluide avec une consommation d&rsquo;\u00e9nergie r\u00e9duite. Elle offre un affichage dynamique gr\u00e2ce \u00e0 son GPU 2.5D et des capteurs biom\u00e9triques avanc\u00e9s pour un suivi pr\u00e9cis de la sant\u00e9.<\/p>\n<p>Les fonctionnalit\u00e9s de la KS2 incluent la gestion de la sant\u00e9 24\/7, la possibilit\u00e9 de tester trois indicateurs de sant\u00e9 (fr\u00e9quence cardiaque, oxyg\u00e8ne dans le sang et niveau de stress) en un clic, et plus de 100 modes sportifs avec reconnaissance intelligente des mouvements. Elle est \u00e9tanche jusqu&rsquo;\u00e0 3ATM et permet de contr\u00f4ler la musique, d&rsquo;afficher les notifications en continu et de personnaliser le cadran de la montre.<\/p>\n<p>La KS2 simplifie \u00e9galement les connexions avec son appairage facile et ses capacit\u00e9s d&rsquo;appel gr\u00e2ce au Bluetooth 5.3. Cette montre est con\u00e7ue pour accompagner les utilisateurs actifs dans leur quotidien, en offrant des cours de course et un suivi d\u00e9taill\u00e9 de leur \u00e9nergie corporelle.<\/p>\n<\/div>\n<\/div>\n<\/div>\n","protected":false},"featured_media":2032,"comment_status":"open","ping_status":"closed","template":"","meta":{"_gspb_post_css":""},"store":[263],"product_brand":[],"product_cat":[218],"product_tag":[],"class_list":{"0":"post-2031","1":"product","2":"type-product","3":"status-publish","4":"has-post-thumbnail","6":"store-kieslect","7":"product_cat-montre","9":"first","10":"instock","11":"shipping-taxable","12":"product-type-external"},"yoast_head":"<!-- This site is optimized with the Yoast SEO plugin v27.4 - https:\/\/yoast.com\/product\/yoast-seo-wordpress\/ -->\n<title>Kieslect KS2 - Braindegeek<\/title>\n<meta name=\"description\" content=\"La Kieslect KS2 est une montre connect\u00e9e haut de gamme \u00e9quip\u00e9e d&#039;un \u00e9cran AMOLED FHD de 2,01 pouces et de la technologie double c\u0153ur\" \/>\n<meta name=\"robots\" content=\"index, follow, max-snippet:-1, max-image-preview:large, max-video-preview:-1\" \/>\n<link rel=\"canonical\" href=\"https:\/\/braindegeek.shop\/index.php\/produit\/kieslect-ks2\/\" \/>\n<meta property=\"og:locale\" content=\"fr_FR\" \/>\n<meta property=\"og:type\" content=\"article\" \/>\n<meta property=\"og:title\" content=\"Kieslect KS2 - Braindegeek\" \/>\n<meta property=\"og:description\" content=\"La Kieslect KS2 est une montre connect\u00e9e haut de gamme \u00e9quip\u00e9e d&#039;un \u00e9cran AMOLED FHD de 2,01 pouces et de la technologie double c\u0153ur\" \/>\n<meta property=\"og:url\" content=\"https:\/\/braindegeek.shop\/index.php\/produit\/kieslect-ks2\/\" \/>\n<meta property=\"og:site_name\" content=\"Braindegeek\" \/>\n<meta property=\"article:publisher\" content=\"https:\/\/www.facebook.com\/BrainDeGeek\/\" \/>\n<meta property=\"article:modified_time\" content=\"2024-11-19T07:45:10+00:00\" \/>\n<meta property=\"og:image\" content=\"https:\/\/braindegeek.shop\/wp-content\/uploads\/2024\/06\/Kiesleck-KS2.png\" \/>\n\t<meta property=\"og:image:width\" content=\"500\" \/>\n\t<meta property=\"og:image:height\" content=\"500\" \/>\n\t<meta property=\"og:image:type\" content=\"image\/png\" \/>\n<meta name=\"twitter:card\" content=\"summary_large_image\" \/>\n<meta name=\"twitter:site\" content=\"@braindegeek\" \/>\n<meta name=\"twitter:label1\" content=\"Dur\u00e9e de lecture estim\u00e9e\" \/>\n\t<meta name=\"twitter:data1\" content=\"4 minutes\" \/>\n<script type=\"application\/ld+json\" class=\"yoast-schema-graph\">{\"@context\":\"https:\\\/\\\/schema.org\",\"@graph\":[{\"@type\":\"WebPage\",\"@id\":\"https:\\\/\\\/braindegeek.shop\\\/index.php\\\/produit\\\/kieslect-ks2\\\/\",\"url\":\"https:\\\/\\\/braindegeek.shop\\\/index.php\\\/produit\\\/kieslect-ks2\\\/\",\"name\":\"Kieslect KS2 - Braindegeek\",\"isPartOf\":{\"@id\":\"http:\\\/\\\/braindegeek.shop\\\/#website\"},\"primaryImageOfPage\":{\"@id\":\"https:\\\/\\\/braindegeek.shop\\\/index.php\\\/produit\\\/kieslect-ks2\\\/#primaryimage\"},\"image\":{\"@id\":\"https:\\\/\\\/braindegeek.shop\\\/index.php\\\/produit\\\/kieslect-ks2\\\/#primaryimage\"},\"thumbnailUrl\":\"https:\\\/\\\/braindegeek.shop\\\/wp-content\\\/uploads\\\/2024\\\/06\\\/Kiesleck-KS2.png\",\"datePublished\":\"2024-06-05T09:13:39+00:00\",\"dateModified\":\"2024-11-19T07:45:10+00:00\",\"description\":\"La Kieslect KS2 est une montre connect\u00e9e haut de gamme \u00e9quip\u00e9e d'un \u00e9cran AMOLED FHD de 2,01 pouces et de la technologie double c\u0153ur\",\"breadcrumb\":{\"@id\":\"https:\\\/\\\/braindegeek.shop\\\/index.php\\\/produit\\\/kieslect-ks2\\\/#breadcrumb\"},\"inLanguage\":\"fr-FR\",\"potentialAction\":[{\"@type\":\"ReadAction\",\"target\":[\"https:\\\/\\\/braindegeek.shop\\\/index.php\\\/produit\\\/kieslect-ks2\\\/\"]}]},{\"@type\":\"ImageObject\",\"inLanguage\":\"fr-FR\",\"@id\":\"https:\\\/\\\/braindegeek.shop\\\/index.php\\\/produit\\\/kieslect-ks2\\\/#primaryimage\",\"url\":\"https:\\\/\\\/braindegeek.shop\\\/wp-content\\\/uploads\\\/2024\\\/06\\\/Kiesleck-KS2.png\",\"contentUrl\":\"https:\\\/\\\/braindegeek.shop\\\/wp-content\\\/uploads\\\/2024\\\/06\\\/Kiesleck-KS2.png\",\"width\":500,\"height\":500,\"caption\":\"Kiesleck KS2\"},{\"@type\":\"BreadcrumbList\",\"@id\":\"https:\\\/\\\/braindegeek.shop\\\/index.php\\\/produit\\\/kieslect-ks2\\\/#breadcrumb\",\"itemListElement\":[{\"@type\":\"ListItem\",\"position\":1,\"name\":\"Accueil\",\"item\":\"https:\\\/\\\/braindegeek.shop\\\/\"},{\"@type\":\"ListItem\",\"position\":2,\"name\":\"Boutique\",\"item\":\"https:\\\/\\\/braindegeek.shop\\\/index.php\\\/boutique\\\/\"},{\"@type\":\"ListItem\",\"position\":3,\"name\":\"Kieslect KS2\"}]},{\"@type\":\"WebSite\",\"@id\":\"http:\\\/\\\/braindegeek.shop\\\/#website\",\"url\":\"http:\\\/\\\/braindegeek.shop\\\/\",\"name\":\"Braindegeek, votre guide d'achat pour les produits high-tech\",\"description\":\"Votre guide d&#039;achat pour vos produits high-tech : robots aspirateurs, tondeuse, piscine et autres nouvelles technologies\",\"publisher\":{\"@id\":\"http:\\\/\\\/braindegeek.shop\\\/#organization\"},\"potentialAction\":[{\"@type\":\"SearchAction\",\"target\":{\"@type\":\"EntryPoint\",\"urlTemplate\":\"http:\\\/\\\/braindegeek.shop\\\/?s={search_term_string}\"},\"query-input\":{\"@type\":\"PropertyValueSpecification\",\"valueRequired\":true,\"valueName\":\"search_term_string\"}}],\"inLanguage\":\"fr-FR\"},{\"@type\":\"Organization\",\"@id\":\"http:\\\/\\\/braindegeek.shop\\\/#organization\",\"name\":\"Braindegeek, votre guide d'achat pour les produits high-tech\",\"url\":\"http:\\\/\\\/braindegeek.shop\\\/\",\"logo\":{\"@type\":\"ImageObject\",\"inLanguage\":\"fr-FR\",\"@id\":\"http:\\\/\\\/braindegeek.shop\\\/#\\\/schema\\\/logo\\\/image\\\/\",\"url\":\"https:\\\/\\\/braindegeek.shop\\\/wp-content\\\/uploads\\\/2024\\\/05\\\/bdg-1.png\",\"contentUrl\":\"https:\\\/\\\/braindegeek.shop\\\/wp-content\\\/uploads\\\/2024\\\/05\\\/bdg-1.png\",\"width\":150,\"height\":150,\"caption\":\"Braindegeek, votre guide d'achat pour les produits high-tech\"},\"image\":{\"@id\":\"http:\\\/\\\/braindegeek.shop\\\/#\\\/schema\\\/logo\\\/image\\\/\"},\"sameAs\":[\"https:\\\/\\\/www.facebook.com\\\/BrainDeGeek\\\/\",\"https:\\\/\\\/x.com\\\/braindegeek\",\"https:\\\/\\\/www.tiktok.com\\\/@braindegeek\",\"https:\\\/\\\/www.youtube.com\\\/braindegeek\"]}]}<\/script>\n<!-- \/ Yoast SEO plugin. -->","yoast_head_json":{"title":"Kieslect KS2 - Braindegeek","description":"La Kieslect KS2 est une montre connect\u00e9e haut de gamme \u00e9quip\u00e9e d'un \u00e9cran AMOLED FHD de 2,01 pouces et de la technologie double c\u0153ur","robots":{"index":"index","follow":"follow","max-snippet":"max-snippet:-1","max-image-preview":"max-image-preview:large","max-video-preview":"max-video-preview:-1"},"canonical":"https:\/\/braindegeek.shop\/index.php\/produit\/kieslect-ks2\/","og_locale":"fr_FR","og_type":"article","og_title":"Kieslect KS2 - Braindegeek","og_description":"La Kieslect KS2 est une montre connect\u00e9e haut de gamme \u00e9quip\u00e9e d'un \u00e9cran AMOLED FHD de 2,01 pouces et de la technologie double c\u0153ur","og_url":"https:\/\/braindegeek.shop\/index.php\/produit\/kieslect-ks2\/","og_site_name":"Braindegeek","article_publisher":"https:\/\/www.facebook.com\/BrainDeGeek\/","article_modified_time":"2024-11-19T07:45:10+00:00","og_image":[{"width":500,"height":500,"url":"https:\/\/braindegeek.shop\/wp-content\/uploads\/2024\/06\/Kiesleck-KS2.png","type":"image\/png"}],"twitter_card":"summary_large_image","twitter_site":"@braindegeek","twitter_misc":{"Dur\u00e9e de lecture estim\u00e9e":"4 minutes"},"schema":{"@context":"https:\/\/schema.org","@graph":[{"@type":"WebPage","@id":"https:\/\/braindegeek.shop\/index.php\/produit\/kieslect-ks2\/","url":"https:\/\/braindegeek.shop\/index.php\/produit\/kieslect-ks2\/","name":"Kieslect KS2 - Braindegeek","isPartOf":{"@id":"http:\/\/braindegeek.shop\/#website"},"primaryImageOfPage":{"@id":"https:\/\/braindegeek.shop\/index.php\/produit\/kieslect-ks2\/#primaryimage"},"image":{"@id":"https:\/\/braindegeek.shop\/index.php\/produit\/kieslect-ks2\/#primaryimage"},"thumbnailUrl":"https:\/\/braindegeek.shop\/wp-content\/uploads\/2024\/06\/Kiesleck-KS2.png","datePublished":"2024-06-05T09:13:39+00:00","dateModified":"2024-11-19T07:45:10+00:00","description":"La Kieslect KS2 est une montre connect\u00e9e haut de gamme \u00e9quip\u00e9e d'un \u00e9cran AMOLED FHD de 2,01 pouces et de la technologie double c\u0153ur","breadcrumb":{"@id":"https:\/\/braindegeek.shop\/index.php\/produit\/kieslect-ks2\/#breadcrumb"},"inLanguage":"fr-FR","potentialAction":[{"@type":"ReadAction","target":["https:\/\/braindegeek.shop\/index.php\/produit\/kieslect-ks2\/"]}]},{"@type":"ImageObject","inLanguage":"fr-FR","@id":"https:\/\/braindegeek.shop\/index.php\/produit\/kieslect-ks2\/#primaryimage","url":"https:\/\/braindegeek.shop\/wp-content\/uploads\/2024\/06\/Kiesleck-KS2.png","contentUrl":"https:\/\/braindegeek.shop\/wp-content\/uploads\/2024\/06\/Kiesleck-KS2.png","width":500,"height":500,"caption":"Kiesleck KS2"},{"@type":"BreadcrumbList","@id":"https:\/\/braindegeek.shop\/index.php\/produit\/kieslect-ks2\/#breadcrumb","itemListElement":[{"@type":"ListItem","position":1,"name":"Accueil","item":"https:\/\/braindegeek.shop\/"},{"@type":"ListItem","position":2,"name":"Boutique","item":"https:\/\/braindegeek.shop\/index.php\/boutique\/"},{"@type":"ListItem","position":3,"name":"Kieslect KS2"}]},{"@type":"WebSite","@id":"http:\/\/braindegeek.shop\/#website","url":"http:\/\/braindegeek.shop\/","name":"Braindegeek, votre guide d'achat pour les produits high-tech","description":"Votre guide d&#039;achat pour vos produits high-tech : robots aspirateurs, tondeuse, piscine et autres nouvelles technologies","publisher":{"@id":"http:\/\/braindegeek.shop\/#organization"},"potentialAction":[{"@type":"SearchAction","target":{"@type":"EntryPoint","urlTemplate":"http:\/\/braindegeek.shop\/?s={search_term_string}"},"query-input":{"@type":"PropertyValueSpecification","valueRequired":true,"valueName":"search_term_string"}}],"inLanguage":"fr-FR"},{"@type":"Organization","@id":"http:\/\/braindegeek.shop\/#organization","name":"Braindegeek, votre guide d'achat pour les produits high-tech","url":"http:\/\/braindegeek.shop\/","logo":{"@type":"ImageObject","inLanguage":"fr-FR","@id":"http:\/\/braindegeek.shop\/#\/schema\/logo\/image\/","url":"https:\/\/braindegeek.shop\/wp-content\/uploads\/2024\/05\/bdg-1.png","contentUrl":"https:\/\/braindegeek.shop\/wp-content\/uploads\/2024\/05\/bdg-1.png","width":150,"height":150,"caption":"Braindegeek, votre guide d'achat pour les produits high-tech"},"image":{"@id":"http:\/\/braindegeek.shop\/#\/schema\/logo\/image\/"},"sameAs":["https:\/\/www.facebook.com\/BrainDeGeek\/","https:\/\/x.com\/braindegeek","https:\/\/www.tiktok.com\/@braindegeek","https:\/\/www.youtube.com\/braindegeek"]}]}},"jetpack_sharing_enabled":true,"_links":{"self":[{"href":"https:\/\/braindegeek.shop\/index.php\/wp-json\/wp\/v2\/product\/2031","targetHints":{"allow":["GET"]}}],"collection":[{"href":"https:\/\/braindegeek.shop\/index.php\/wp-json\/wp\/v2\/product"}],"about":[{"href":"https:\/\/braindegeek.shop\/index.php\/wp-json\/wp\/v2\/types\/product"}],"replies":[{"embeddable":true,"href":"https:\/\/braindegeek.shop\/index.php\/wp-json\/wp\/v2\/comments?post=2031"}],"wp:featuredmedia":[{"embeddable":true,"href":"https:\/\/braindegeek.shop\/index.php\/wp-json\/wp\/v2\/media\/2032"}],"wp:attachment":[{"href":"https:\/\/braindegeek.shop\/index.php\/wp-json\/wp\/v2\/media?parent=2031"}],"wp:term":[{"taxonomy":"store","embeddable":true,"href":"https:\/\/braindegeek.shop\/index.php\/wp-json\/wp\/v2\/store?post=2031"},{"taxonomy":"product_brand","embeddable":true,"href":"https:\/\/braindegeek.shop\/index.php\/wp-json\/wp\/v2\/product_brand?post=2031"},{"taxonomy":"product_cat","embeddable":true,"href":"https:\/\/braindegeek.shop\/index.php\/wp-json\/wp\/v2\/product_cat?post=2031"},{"taxonomy":"product_tag","embeddable":true,"href":"https:\/\/braindegeek.shop\/index.php\/wp-json\/wp\/v2\/product_tag?post=2031"}],"curies":[{"name":"wp","href":"https:\/\/api.w.org\/{rel}","templated":true}]}}