{"id":2009,"date":"2024-05-27T15:07:22","date_gmt":"2024-05-27T13:07:22","guid":{"rendered":"https:\/\/braindegeek.shop\/?page_id=2009"},"modified":"2024-05-27T15:07:22","modified_gmt":"2024-05-27T13:07:22","slug":"mentions-legales","status":"publish","type":"page","link":"https:\/\/braindegeek.shop\/index.php\/mentions-legales\/","title":{"rendered":"Mentions L\u00e9gales"},"content":{"rendered":"\n<h2 class=\"wp-block-heading\" id=\"informations-legales\">Informations l\u00e9gales<\/h2>\n\n\n\n<h1 class=\"wp-block-heading\" id=\"1-presentation-du-site\">1. Pr\u00e9sentation du site.<\/h1>\n\n\n\n<p>En vertu de l\u2019article 6 de la loi n\u00b0 2004-575 du 21 juin 2004 pour la confiance dans l\u2019\u00e9conomie num\u00e9rique, il est pr\u00e9cis\u00e9 aux utilisateurs du site\u00a0https:\/\/braindegeek.shop\/\u00a0l\u2019identit\u00e9 des diff\u00e9rents intervenants dans le cadre de sa r\u00e9alisation et de son suivi :<\/p>\n\n\n\n<p><strong>Propri\u00e9taire<\/strong>\u00a0: Plantard Cyril | 11 000 Carcassonne<br><strong>Cr\u00e9ateur<\/strong>\u00a0:\u00a0<a href=\"https:\/\/presence-verte-aude-po.fr\/\">Cyril Plantard<\/a><br><strong>Responsable publication<\/strong>\u00a0: Plantard Cyril \u2013 braindegeek@gmail.com<br>Le responsable publication est une personne physique ou une personne morale.<br><strong>Webmaster<\/strong>\u00a0: Plantard Cyril \u2013 braindegeek@gmail.com<br><strong>H\u00e9bergeur<\/strong>\u00a0: OVH \u2013 2 rue Kellermann \u2013 59100 Roubaix \u2013 France<br>Cr\u00e9dits : Plantard Cyril<\/p>\n\n\n\n<h2 class=\"wp-block-heading\" id=\"2-conditions-generales-d-utilisation-du-site-et-des-services-proposes\">2. Conditions g\u00e9n\u00e9rales d\u2019utilisation du site et des services propos\u00e9s.<\/h2>\n\n\n\n<p>L\u2019utilisation du site\u00a0https:\/\/braindegeek.shop\/ implique l\u2019acceptation pleine et enti\u00e8re des conditions g\u00e9n\u00e9rales d\u2019utilisation ci-apr\u00e8s d\u00e9crites. Ces conditions d\u2019utilisation sont susceptibles d\u2019\u00eatre modifi\u00e9es ou compl\u00e9t\u00e9es \u00e0 tout moment, les utilisateurs du site https:\/\/braindegeek.shop\/\u00a0sont donc invit\u00e9s \u00e0 les consulter de mani\u00e8re r\u00e9guli\u00e8re.<\/p>\n\n\n\n<p>Ce site est normalement accessible \u00e0 tout moment aux utilisateurs. Une interruption pour raison de maintenance technique peut \u00eatre toutefois d\u00e9cid\u00e9e par Braindegeek, qui s\u2019efforcera alors de communiquer pr\u00e9alablement aux utilisateurs les dates et heures de l\u2019intervention.<\/p>\n\n\n\n<p>Le site\u00a0https:\/\/braindegeek.shop\/ est mis \u00e0 jour r\u00e9guli\u00e8rement par Plantard Cyril. De la m\u00eame fa\u00e7on, les mentions l\u00e9gales peuvent \u00eatre modifi\u00e9es \u00e0 tout moment : elles s\u2019imposent n\u00e9anmoins \u00e0 l\u2019utilisateur qui est invit\u00e9 \u00e0 s\u2019y r\u00e9f\u00e9rer le plus souvent possible afin d\u2019en prendre connaissance. Derni\u00e8re mise \u00e0 jour de ces mentions l\u00e9gales : 05\/12\/2022<\/p>\n\n\n\n<h3 class=\"wp-block-heading\" id=\"3-description-des-services-fournis\">3. Description des services fournis.<\/h3>\n\n\n\n<p>Le site\u00a0https:\/\/braindegeek.shop\/ a pour objet de fournir une information concernant l\u2019ensemble des activit\u00e9s de la soci\u00e9t\u00e9.<\/p>\n\n\n\n<p>Braindegeek s\u2019efforce de fournir sur le site\u00a0https:\/\/braindegeek.shop\/ des informations aussi pr\u00e9cises que possible. Toutefois, il ne pourra \u00eatre tenue responsable des omissions, des inexactitudes et des carences dans la mise \u00e0 jour, qu\u2019elles soient de son fait ou du fait des tiers partenaires qui lui fournissent ces informations.<\/p>\n\n\n\n<p>Toutes les informations indiqu\u00e9es sur le site\u00a0https:\/\/braindegeek.shop\/ sont donn\u00e9es \u00e0 titre indicatif, et sont susceptibles d\u2019\u00e9voluer. Par ailleurs, les renseignements figurant sur le site\u00a0https:\/\/braindegeek.shop\/ ne sont pas exhaustifs. Ils sont donn\u00e9s sous r\u00e9serve de modifications ayant \u00e9t\u00e9 apport\u00e9es depuis leur mise en ligne.<\/p>\n\n\n\n<h3 class=\"wp-block-heading\" id=\"4-limitations-contractuelles-sur-les-donnees-techniques\">4. Limitations contractuelles sur les donn\u00e9es techniques.<\/h3>\n\n\n\n<p>Le site utilise la technologie JavaScript.<\/p>\n\n\n\n<p>Le site Internet ne pourra \u00eatre tenu responsable de dommages mat\u00e9riels li\u00e9s \u00e0 l\u2019utilisation du site. De plus, l\u2019utilisateur du site s\u2019engage \u00e0 acc\u00e9der au site en utilisant un mat\u00e9riel r\u00e9cent, ne contenant pas de virus et avec un navigateur de derni\u00e8re g\u00e9n\u00e9ration mis-\u00e0-jour<\/p>\n\n\n\n<h3 class=\"wp-block-heading\" id=\"5-propriete-intellectuelle-et-contrefacons\">5. Propri\u00e9t\u00e9 intellectuelle et contrefa\u00e7ons.<\/h3>\n\n\n\n<p>Braindegeek est propri\u00e9taire des droits de propri\u00e9t\u00e9 intellectuelle ou d\u00e9tient les droits d\u2019usage sur tous les \u00e9l\u00e9ments accessibles sur le site, notamment les textes, images, graphismes, logo, ic\u00f4nes, sons, logiciels.<\/p>\n\n\n\n<p>Toute reproduction, repr\u00e9sentation, modification, publication, adaptation de tout ou partie des \u00e9l\u00e9ments du site, quel que soit le moyen ou le proc\u00e9d\u00e9 utilis\u00e9, est interdite, sauf autorisation \u00e9crite pr\u00e9alable de : Braindegeek.<\/p>\n\n\n\n<p>Toute exploitation non autoris\u00e9e du site ou de l\u2019un quelconque des \u00e9l\u00e9ments qu\u2019il contient sera consid\u00e9r\u00e9e comme constitutive d\u2019une contrefa\u00e7on et poursuivie conform\u00e9ment aux dispositions des articles L.335-2 et suivants du Code de Propri\u00e9t\u00e9 Intellectuelle.<\/p>\n\n\n\n<h3 class=\"wp-block-heading\" id=\"6-limitations-de-responsabilite\">6. Limitations de responsabilit\u00e9.<\/h3>\n\n\n\n<p>Braindegeek ne pourra \u00eatre tenue responsable des dommages directs et indirects caus\u00e9s au mat\u00e9riel de l\u2019utilisateur, lors de l\u2019acc\u00e8s au site https:\/\/braindegeek.shop\/, et r\u00e9sultant soit de l\u2019utilisation d\u2019un mat\u00e9riel ne r\u00e9pondant pas aux sp\u00e9cifications indiqu\u00e9es au point 4, soit de l\u2019apparition d\u2019un bug ou d\u2019une incompatibilit\u00e9.<\/p>\n\n\n\n<p>Braindegeek ne pourra \u00e9galement \u00eatre tenue responsable des dommages indirects (tels par exemple qu\u2019une perte de march\u00e9 ou perte d\u2019une chance) cons\u00e9cutifs \u00e0 l\u2019utilisation du site\u00a0https:\/\/braindegeek.shop\/.<\/p>\n\n\n\n<p>Des espaces interactifs (possibilit\u00e9 de poser des questions dans l\u2019espace contact) sont \u00e0 la disposition des utilisateurs. Braindegeek se r\u00e9serve le droit de supprimer, sans mise en demeure pr\u00e9alable, tout contenu d\u00e9pos\u00e9 dans cet espace qui contreviendrait \u00e0 la l\u00e9gislation applicable en France, en particulier aux dispositions relatives \u00e0 la protection des donn\u00e9es. Le cas \u00e9ch\u00e9ant, Braindegeek se r\u00e9serve \u00e9galement la possibilit\u00e9 de mettre en cause la responsabilit\u00e9 civile et\/ou p\u00e9nale de l\u2019utilisateur, notamment en cas de message \u00e0 caract\u00e8re raciste, injurieux, diffamant, ou pornographique, quel que soit le support utilis\u00e9 (texte, photographie\u2026).<\/p>\n\n\n\n<p>7. Gestion des donn\u00e9es personnelles.<\/p>\n\n\n\n<p>Conform\u00e9ment \u00e0 la Loi n\u00b078-17 du 6 janvier 1978 relative \u00e0 l\u2019informatique, aux fichiers et aux libert\u00e9s ainsi qu\u2019au R\u00e8glement Europ\u00e9en sur la Protection des Donn\u00e9es (R\u00e8glement UE 2016\/679 du 27 avril 2016 \u2013 ci-apr\u00e8s \u00ab RGPD \u00bb applicable depuis le 25 mai 2018, les traitements de donn\u00e9es personnelles par Braindegeek sont soumis \u00e0 la\u00a0<a href=\"https:\/\/presence-verte-aude-po.fr\/politique-de-confidentialite\/\">Politique de protection des donn\u00e9es<\/a>,\u00a0consultable sur le site internet.<\/p>\n\n\n\n<h3 class=\"wp-block-heading\" id=\"8-liens-hypertextes\">8. Liens hypertextes<\/h3>\n\n\n\n<p>Le site\u00a0https:\/\/braindegeek.shop\/\u00a0contient un certain nombre de liens hypertextes vers d\u2019autres sites, mis en place avec l\u2019autorisation de Braindegeek. Cependant, Braindegeek n\u2019a pas la possibilit\u00e9 de v\u00e9rifier le contenu des sites ainsi visit\u00e9s, et n\u2019assumera en cons\u00e9quence aucune responsabilit\u00e9 de ce fait.<\/p>\n\n\n\n<p>9. Gestion des cookies<\/p>\n\n\n\n<p>Un cookie est un petit fichier informatique, un traceur. Il permet d\u2019analyser le comportement des usagers lors de la visite d\u2019un site internet, de l\u2019installation ou utilisation d\u2019un logiciel. Comme la plupart des sites internet, notre site internet utilise des cookies.<\/p>\n\n\n\n<p>Tous nos cookies ont une dur\u00e9e de vie de treize (13) mois maximum.<\/p>\n\n\n\n<p>Afin d\u2019en savoir plus sur les cookies, vous pouvez consulter la\u00a0<a href=\"https:\/\/presence-verte-aude-po.fr\/politique-des-cookies\/\">politique des cookies\u00a0<\/a>que nous avons mis en place au sein de Braindegeek.<\/p>\n\n\n\n<h3 class=\"wp-block-heading\" id=\"10-droit-applicable-et-attribution-de-juridiction\">10. Droit applicable et attribution de juridiction.<\/h3>\n\n\n\n<p>Tout litige en relation avec l\u2019utilisation du site\u00a0https:\/\/braindegeek.shop\/\u00a0est soumis au droit fran\u00e7ais. Il est fait attribution exclusive de juridiction aux tribunaux comp\u00e9tents de Paris.<\/p>\n\n\n\n<h3 class=\"wp-block-heading\"><\/h3>\n\n\n\n<p>Mentions d\u2019information pour les formulaires de collecte de donn\u00e9es personnelles<\/p>\n\n\n\n<p>Concernant le formulaire de contact\u00a0:\u00a0<a href=\"https:\/\/presence-verte-aude-po.fr\/contactez-nous\/\">https:\/\/braindegeek.shop\/<\/a><\/p>\n\n\n\n<p><em>\u00ab\u00a0Les informations recueillies par\u00a0le biais de ce formulaire sont enregistr\u00e9es et transmises aux services concern\u00e9s de Braindegeek et\u00a0nous permettent de vous envoyer toute r\u00e9ponse \u00e0 une demande via le formulaire de contact. La base l\u00e9gale\u00a0du traitement est le consentement. Les donn\u00e9es collect\u00e9es sont conserv\u00e9es 3 ans sous format informatique.\u00a0Vous disposez d\u2019un droit d\u2019acc\u00e8s, de rectification, d\u2019opposition, de limitation au traitement et d\u2019effacement. Pour en savoir plus sur l\u2019utilisation de vos donn\u00e9es et sur vos droits issus de la Loi Informatique et Libert\u00e9s modifi\u00e9e ainsi que du RGPD, veuillez consulter notre politique de\u00a0<a href=\"https:\/\/presence-verte-aude-po.fr\/politique-de-confidentialite\/\">protection des donn\u00e9es<\/a> ou nous contacter \u00e0<a href=\"mailto:rgpd@msa-services-grand-sud.fr\"> braindegeek@gmail.com<\/a>\u00a0\u00bb.<\/em><\/p>\n\n\n\n<p>Concernant l\u2019inscription \u00e0 la Newsletter (accessible dans le pied de page du site)&nbsp;:<\/p>\n\n\n\n<p><em>\u00ab\u00a0Les informations recueillies par le biais de ce formulaire sont enregistr\u00e9es et transmises aux services\u00a0concern\u00e9s de Braindegeek et nous\u00a0permettent de vous envoyer notre lettre d\u2019information concernant les services que nous proposons. La base l\u00e9gale du traitement est le consentement.\u00a0Les donn\u00e9es collect\u00e9es sont conserv\u00e9es tant que vous ne vous d\u00e9sinscrivez pas \u00e0 notre newsletter via le lien de d\u00e9sabonnement pr\u00e9sent sous nos newsletters sous format informatique. Vous\u00a0disposez d\u2019un droit d\u2019acc\u00e8s, de rectification, d\u2019opposition, de limitation au traitement et d\u2019effacement. Pour en savoir plus sur l\u2019utilisation de vos donn\u00e9es et sur vos droits issus de la Loi Informatique et Libert\u00e9s modifi\u00e9e ainsi que du RGPD, veuillez consulter notre politique de\u00a0\u00a0ou nous contacter \u00e0\u00a0braindegeek@gmail.com\u00a0\u00bb.<\/em><\/p>\n","protected":false},"excerpt":{"rendered":"<p>Informations l\u00e9gales 1. Pr\u00e9sentation du site. En vertu de l\u2019article 6 de la loi n\u00b0 2004-575 du 21 juin 2004 pour la confiance dans l\u2019\u00e9conomie num\u00e9rique, il est pr\u00e9cis\u00e9 aux utilisateurs du site\u00a0https:\/\/braindegeek.shop\/\u00a0l\u2019identit\u00e9 des diff\u00e9rents intervenants dans le cadre de sa r\u00e9alisation et de son suivi : Propri\u00e9taire\u00a0: Plantard Cyril | 11 000 CarcassonneCr\u00e9ateur\u00a0:\u00a0Cyril PlantardResponsable [&hellip;]<\/p>\n","protected":false},"author":1,"featured_media":0,"parent":0,"menu_order":0,"comment_status":"closed","ping_status":"closed","template":"","meta":{"_gspb_post_css":"","footnotes":""},"class_list":["post-2009","page","type-page","status-publish","hentry"],"yoast_head":"<!-- This site is optimized with the Yoast SEO plugin v27.3 - https:\/\/yoast.com\/product\/yoast-seo-wordpress\/ -->\n<title>Mentions L\u00e9gales - Braindegeek<\/title>\n<meta name=\"robots\" content=\"index, follow, max-snippet:-1, max-image-preview:large, max-video-preview:-1\" \/>\n<link rel=\"canonical\" href=\"https:\/\/braindegeek.shop\/index.php\/mentions-legales\/\" \/>\n<meta property=\"og:locale\" content=\"fr_FR\" \/>\n<meta property=\"og:type\" content=\"article\" \/>\n<meta property=\"og:title\" content=\"Mentions L\u00e9gales - Braindegeek\" \/>\n<meta property=\"og:description\" content=\"Informations l\u00e9gales 1. Pr\u00e9sentation du site. En vertu de l\u2019article 6 de la loi n\u00b0 2004-575 du 21 juin 2004 pour la confiance dans l\u2019\u00e9conomie num\u00e9rique, il est pr\u00e9cis\u00e9 aux utilisateurs du site\u00a0https:\/\/braindegeek.shop\/\u00a0l\u2019identit\u00e9 des diff\u00e9rents intervenants dans le cadre de sa r\u00e9alisation et de son suivi : Propri\u00e9taire\u00a0: Plantard Cyril | 11 000 CarcassonneCr\u00e9ateur\u00a0:\u00a0Cyril PlantardResponsable [&hellip;]\" \/>\n<meta property=\"og:url\" content=\"https:\/\/braindegeek.shop\/index.php\/mentions-legales\/\" \/>\n<meta property=\"og:site_name\" content=\"Braindegeek\" \/>\n<meta property=\"article:publisher\" content=\"https:\/\/www.facebook.com\/BrainDeGeek\/\" \/>\n<meta name=\"twitter:card\" content=\"summary_large_image\" \/>\n<meta name=\"twitter:site\" content=\"@braindegeek\" \/>\n<meta name=\"twitter:label1\" content=\"Dur\u00e9e de lecture estim\u00e9e\" \/>\n\t<meta name=\"twitter:data1\" content=\"6 minutes\" \/>\n<script type=\"application\/ld+json\" class=\"yoast-schema-graph\">{\"@context\":\"https:\\\/\\\/schema.org\",\"@graph\":[{\"@type\":\"WebPage\",\"@id\":\"https:\\\/\\\/braindegeek.shop\\\/index.php\\\/mentions-legales\\\/\",\"url\":\"https:\\\/\\\/braindegeek.shop\\\/index.php\\\/mentions-legales\\\/\",\"name\":\"Mentions L\u00e9gales - Braindegeek\",\"isPartOf\":{\"@id\":\"https:\\\/\\\/braindegeek.shop\\\/#website\"},\"datePublished\":\"2024-05-27T13:07:22+00:00\",\"breadcrumb\":{\"@id\":\"https:\\\/\\\/braindegeek.shop\\\/index.php\\\/mentions-legales\\\/#breadcrumb\"},\"inLanguage\":\"fr-FR\",\"potentialAction\":[{\"@type\":\"ReadAction\",\"target\":[\"https:\\\/\\\/braindegeek.shop\\\/index.php\\\/mentions-legales\\\/\"]}]},{\"@type\":\"BreadcrumbList\",\"@id\":\"https:\\\/\\\/braindegeek.shop\\\/index.php\\\/mentions-legales\\\/#breadcrumb\",\"itemListElement\":[{\"@type\":\"ListItem\",\"position\":1,\"name\":\"Accueil\",\"item\":\"https:\\\/\\\/braindegeek.shop\\\/\"},{\"@type\":\"ListItem\",\"position\":2,\"name\":\"Mentions L\u00e9gales\"}]},{\"@type\":\"WebSite\",\"@id\":\"https:\\\/\\\/braindegeek.shop\\\/#website\",\"url\":\"https:\\\/\\\/braindegeek.shop\\\/\",\"name\":\"Braindegeek, votre guide d'achat pour les produits high-tech\",\"description\":\"Votre guide d&#039;achat pour vos produits high-tech : robots aspirateurs, tondeuse, piscine et autres nouvelles technologies\",\"publisher\":{\"@id\":\"https:\\\/\\\/braindegeek.shop\\\/#organization\"},\"potentialAction\":[{\"@type\":\"SearchAction\",\"target\":{\"@type\":\"EntryPoint\",\"urlTemplate\":\"https:\\\/\\\/braindegeek.shop\\\/?s={search_term_string}\"},\"query-input\":{\"@type\":\"PropertyValueSpecification\",\"valueRequired\":true,\"valueName\":\"search_term_string\"}}],\"inLanguage\":\"fr-FR\"},{\"@type\":\"Organization\",\"@id\":\"https:\\\/\\\/braindegeek.shop\\\/#organization\",\"name\":\"Braindegeek, votre guide d'achat pour les produits high-tech\",\"url\":\"https:\\\/\\\/braindegeek.shop\\\/\",\"logo\":{\"@type\":\"ImageObject\",\"inLanguage\":\"fr-FR\",\"@id\":\"https:\\\/\\\/braindegeek.shop\\\/#\\\/schema\\\/logo\\\/image\\\/\",\"url\":\"https:\\\/\\\/braindegeek.shop\\\/wp-content\\\/uploads\\\/2024\\\/05\\\/bdg-1.png\",\"contentUrl\":\"https:\\\/\\\/braindegeek.shop\\\/wp-content\\\/uploads\\\/2024\\\/05\\\/bdg-1.png\",\"width\":150,\"height\":150,\"caption\":\"Braindegeek, votre guide d'achat pour les produits high-tech\"},\"image\":{\"@id\":\"https:\\\/\\\/braindegeek.shop\\\/#\\\/schema\\\/logo\\\/image\\\/\"},\"sameAs\":[\"https:\\\/\\\/www.facebook.com\\\/BrainDeGeek\\\/\",\"https:\\\/\\\/x.com\\\/braindegeek\",\"https:\\\/\\\/www.tiktok.com\\\/@braindegeek\",\"https:\\\/\\\/www.youtube.com\\\/braindegeek\"]}]}<\/script>\n<!-- \/ Yoast SEO plugin. -->","yoast_head_json":{"title":"Mentions L\u00e9gales - Braindegeek","robots":{"index":"index","follow":"follow","max-snippet":"max-snippet:-1","max-image-preview":"max-image-preview:large","max-video-preview":"max-video-preview:-1"},"canonical":"https:\/\/braindegeek.shop\/index.php\/mentions-legales\/","og_locale":"fr_FR","og_type":"article","og_title":"Mentions L\u00e9gales - Braindegeek","og_description":"Informations l\u00e9gales 1. Pr\u00e9sentation du site. En vertu de l\u2019article 6 de la loi n\u00b0 2004-575 du 21 juin 2004 pour la confiance dans l\u2019\u00e9conomie num\u00e9rique, il est pr\u00e9cis\u00e9 aux utilisateurs du site\u00a0https:\/\/braindegeek.shop\/\u00a0l\u2019identit\u00e9 des diff\u00e9rents intervenants dans le cadre de sa r\u00e9alisation et de son suivi : Propri\u00e9taire\u00a0: Plantard Cyril | 11 000 CarcassonneCr\u00e9ateur\u00a0:\u00a0Cyril PlantardResponsable [&hellip;]","og_url":"https:\/\/braindegeek.shop\/index.php\/mentions-legales\/","og_site_name":"Braindegeek","article_publisher":"https:\/\/www.facebook.com\/BrainDeGeek\/","twitter_card":"summary_large_image","twitter_site":"@braindegeek","twitter_misc":{"Dur\u00e9e de lecture estim\u00e9e":"6 minutes"},"schema":{"@context":"https:\/\/schema.org","@graph":[{"@type":"WebPage","@id":"https:\/\/braindegeek.shop\/index.php\/mentions-legales\/","url":"https:\/\/braindegeek.shop\/index.php\/mentions-legales\/","name":"Mentions L\u00e9gales - Braindegeek","isPartOf":{"@id":"https:\/\/braindegeek.shop\/#website"},"datePublished":"2024-05-27T13:07:22+00:00","breadcrumb":{"@id":"https:\/\/braindegeek.shop\/index.php\/mentions-legales\/#breadcrumb"},"inLanguage":"fr-FR","potentialAction":[{"@type":"ReadAction","target":["https:\/\/braindegeek.shop\/index.php\/mentions-legales\/"]}]},{"@type":"BreadcrumbList","@id":"https:\/\/braindegeek.shop\/index.php\/mentions-legales\/#breadcrumb","itemListElement":[{"@type":"ListItem","position":1,"name":"Accueil","item":"https:\/\/braindegeek.shop\/"},{"@type":"ListItem","position":2,"name":"Mentions L\u00e9gales"}]},{"@type":"WebSite","@id":"https:\/\/braindegeek.shop\/#website","url":"https:\/\/braindegeek.shop\/","name":"Braindegeek, votre guide d'achat pour les produits high-tech","description":"Votre guide d&#039;achat pour vos produits high-tech : robots aspirateurs, tondeuse, piscine et autres nouvelles technologies","publisher":{"@id":"https:\/\/braindegeek.shop\/#organization"},"potentialAction":[{"@type":"SearchAction","target":{"@type":"EntryPoint","urlTemplate":"https:\/\/braindegeek.shop\/?s={search_term_string}"},"query-input":{"@type":"PropertyValueSpecification","valueRequired":true,"valueName":"search_term_string"}}],"inLanguage":"fr-FR"},{"@type":"Organization","@id":"https:\/\/braindegeek.shop\/#organization","name":"Braindegeek, votre guide d'achat pour les produits high-tech","url":"https:\/\/braindegeek.shop\/","logo":{"@type":"ImageObject","inLanguage":"fr-FR","@id":"https:\/\/braindegeek.shop\/#\/schema\/logo\/image\/","url":"https:\/\/braindegeek.shop\/wp-content\/uploads\/2024\/05\/bdg-1.png","contentUrl":"https:\/\/braindegeek.shop\/wp-content\/uploads\/2024\/05\/bdg-1.png","width":150,"height":150,"caption":"Braindegeek, votre guide d'achat pour les produits high-tech"},"image":{"@id":"https:\/\/braindegeek.shop\/#\/schema\/logo\/image\/"},"sameAs":["https:\/\/www.facebook.com\/BrainDeGeek\/","https:\/\/x.com\/braindegeek","https:\/\/www.tiktok.com\/@braindegeek","https:\/\/www.youtube.com\/braindegeek"]}]}},"jetpack_sharing_enabled":true,"_links":{"self":[{"href":"https:\/\/braindegeek.shop\/index.php\/wp-json\/wp\/v2\/pages\/2009","targetHints":{"allow":["GET"]}}],"collection":[{"href":"https:\/\/braindegeek.shop\/index.php\/wp-json\/wp\/v2\/pages"}],"about":[{"href":"https:\/\/braindegeek.shop\/index.php\/wp-json\/wp\/v2\/types\/page"}],"author":[{"embeddable":true,"href":"https:\/\/braindegeek.shop\/index.php\/wp-json\/wp\/v2\/users\/1"}],"replies":[{"embeddable":true,"href":"https:\/\/braindegeek.shop\/index.php\/wp-json\/wp\/v2\/comments?post=2009"}],"version-history":[{"count":1,"href":"https:\/\/braindegeek.shop\/index.php\/wp-json\/wp\/v2\/pages\/2009\/revisions"}],"predecessor-version":[{"id":2010,"href":"https:\/\/braindegeek.shop\/index.php\/wp-json\/wp\/v2\/pages\/2009\/revisions\/2010"}],"wp:attachment":[{"href":"https:\/\/braindegeek.shop\/index.php\/wp-json\/wp\/v2\/media?parent=2009"}],"curies":[{"name":"wp","href":"https:\/\/api.w.org\/{rel}","templated":true}]}}