{"id":2141,"date":"2024-07-10T15:23:55","date_gmt":"2024-07-10T13:23:55","guid":{"rendered":"https:\/\/braindegeek.shop\/?post_type=product&#038;p=2141"},"modified":"2024-12-02T11:36:03","modified_gmt":"2024-12-02T10:36:03","slug":"samsung-galaxy-z-flip6-test-avis","status":"publish","type":"product","link":"http:\/\/braindegeek.shop\/index.php\/produit\/samsung-galaxy-z-flip6-test-avis\/","title":{"rendered":"Samsung Galaxy Z Flip6 test, avis"},"content":{"rendered":"<h3>Fiche Produit : Samsung Galaxy Z Flip6<\/h3>\n<p><strong>Nom du Produit<\/strong>: Samsung Galaxy Z Flip6<\/p>\n<p><strong>Date de Lancement<\/strong>: 24 juillet 2024<\/p>\n<p><strong>Prix<\/strong>: \u00c0 d\u00e9terminer<\/p>\n<p><strong>Couleurs Disponibles<\/strong>:<\/p>\n<ul>\n<li>Gris<\/li>\n<li>Bleu<\/li>\n<li>Vert d\u2019eau<\/li>\n<li>Jaune<\/li>\n<li>Coloris exclusifs (disponibles sur Samsung.com) : Noir Carbone, Blanc, P\u00e8che (uniquement sur Galaxy Z Flip6)<\/li>\n<\/ul>\n<p><strong>Caract\u00e9ristiques Techniques<\/strong>:<\/p>\n<ul>\n<li><strong>\u00c9cran Externe<\/strong>: Super AMOLED de 3,4 pouces<\/li>\n<li><strong>Processeur<\/strong>: Snapdragon\u00ae 8 Gen 3 for Galaxy<\/li>\n<li><strong>Cam\u00e9ras<\/strong>: Capteurs grand angle de 50 MP et ultra grand angle de 12 MP<\/li>\n<li><strong>Autonomie<\/strong>: Optimis\u00e9e pour une utilisation tout au long de la journ\u00e9e<\/li>\n<\/ul>\n<p><strong>Fonctionnalit\u00e9s Cl\u00e9s<\/strong>:<\/p>\n<ul>\n<li><strong>Personnalisation Avanc\u00e9e<\/strong>: Photo avec m\u00e9t\u00e9o adaptative, fond d\u2019\u00e9cran \u00e9volutif, couleurs de bordure adapt\u00e9es<\/li>\n<li><strong>Photographie et Vid\u00e9o<\/strong>: Zoom optique 2x, zoom IA 10x, video HDR, mode Nuit int\u00e9gr\u00e9 aux stories Instagram<\/li>\n<li><strong>\u00c9cran Externe<\/strong>: Acc\u00e8s aux fonctionnalit\u00e9s d\u2019IA, Samsung Health, et widgets multiples sans ouvrir l\u2019appareil<\/li>\n<li><strong>Communication Am\u00e9lior\u00e9e<\/strong>: R\u00e9ponses Sugg\u00e9r\u00e9es adapt\u00e9es au contexte<\/li>\n<li><strong>Cr\u00e9ativit\u00e9<\/strong>: Fonctionnalit\u00e9s IA pour des photos et vid\u00e9os de haute qualit\u00e9<\/li>\n<\/ul>\n<p><strong>S\u00e9curit\u00e9 et Confidentialit\u00e9<\/strong>:<\/p>\n<ul>\n<li><strong>Samsung Knox<\/strong>: Plate-forme de s\u00e9curit\u00e9 multicouche<\/li>\n<li><strong>Contr\u00f4le des Donn\u00e9es<\/strong>: Param\u00e8tres Galaxy AI pour contr\u00f4ler l\u2019utilisation des donn\u00e9es<\/li>\n<li><strong>Protection des Donn\u00e9es<\/strong>: Enhanced Data Protection pour un cryptage complet des donn\u00e9es<\/li>\n<\/ul>\n<p><strong>Innovations \u00c9cologiques<\/strong>:<\/p>\n<ul>\n<li><strong>Mat\u00e9riaux Recycl\u00e9s<\/strong>: Utilisation de mat\u00e9riaux recycl\u00e9s (or, cuivre, cobalt, terres rares, acier, verre, aluminium, plastique)<\/li>\n<li><strong>Emballage \u00c9cologique<\/strong>: Papier 100 % recycl\u00e9<\/li>\n<li><strong>Long\u00e9vit\u00e9<\/strong>: 7 g\u00e9n\u00e9rations de mises \u00e0 niveau du syst\u00e8me d\u2019exploitation et de mises \u00e0 jour de s\u00e9curit\u00e9<\/li>\n<\/ul>\n<p><strong>Disponibilit\u00e9<\/strong>:<\/p>\n<ul>\n<li><strong>Date<\/strong>: 24 juillet 2024<\/li>\n<li><strong>Offre de Pr\u00e9commande<\/strong>: Jusqu\u2019au 23 juillet, bonus de 100\u20ac sur la reprise de l\u2019ancien appareil<\/li>\n<\/ul>\n","protected":false},"excerpt":{"rendered":"<p>Le Samsung Galaxy Z Flip6 incarne l&rsquo;\u00e9l\u00e9gance et la compacit\u00e9 tout en repoussant les limites de la personnalisation et de la cr\u00e9ativit\u00e9. Dot\u00e9 d&rsquo;un \u00e9cran externe Super AMOLED de 3,4 pouces, ce smartphone pliable permet un acc\u00e8s rapide \u00e0 diverses fonctionnalit\u00e9s sans avoir besoin de l&rsquo;ouvrir, facilitant la communication et le suivi du bien-\u00eatre avec Samsung Health.<\/p>\n<p>Gr\u00e2ce \u00e0 ses nouveaux capteurs de 50 MP et 12 MP, le Galaxy Z Flip6 offre des performances photographiques de haute qualit\u00e9. Le capteur de 50 MP permet un zoom optique 2x et, avec l&rsquo;aide de l&rsquo;IA, atteint un zoom 10x pour des d\u00e9tails pr\u00e9cis. Les vid\u00e9os en basse luminosit\u00e9 sont optimis\u00e9es avec le support de la vid\u00e9o HDR et le mode Nuit int\u00e9gr\u00e9 aux stories Instagram, offrant des clich\u00e9s nocturnes \u00e9poustouflants.<\/p>\n<p>La personnalisation est au c\u0153ur du Galaxy Z Flip6. Avec la fonctionnalit\u00e9 Photo avec m\u00e9t\u00e9o adaptative, l&rsquo;\u00e9cran d&rsquo;accueil \u00e9volue en temps r\u00e9el selon les conditions m\u00e9t\u00e9orologiques et l\u2019heure de la journ\u00e9e. L\u2019appareil ajuste automatiquement les couleurs de bordure et d\u00e9place l&rsquo;horloge pour ne pas masquer les \u00e9l\u00e9ments importants du fond d&rsquo;\u00e9cran.<\/p>\n<p>Sous le capot, le processeur Snapdragon\u00ae 8 Gen 3 for Galaxy assure des performances rapides et fluides, tandis que l&rsquo;autonomie optimis\u00e9e permet de profiter du Galaxy Z Flip6 toute la journ\u00e9e.<\/p>\n<p>En termes de s\u00e9curit\u00e9, Samsung Knox offre une protection multicouche pour les donn\u00e9es sensibles et permet un contr\u00f4le total des param\u00e8tres de confidentialit\u00e9 gr\u00e2ce \u00e0 Galaxy AI. De plus, l&rsquo;utilisation de mat\u00e9riaux recycl\u00e9s et un emballage respectueux de l&rsquo;environnement d\u00e9montrent l&rsquo;engagement de Samsung envers la durabilit\u00e9.<\/p>\n<p>En r\u00e9sum\u00e9, le Samsung Galaxy Z Flip6 est le choix parfait pour ceux qui recherchent un smartphone compact, styl\u00e9 et performant, avec des fonctionnalit\u00e9s avanc\u00e9es d&rsquo;IA et une personnalisation pouss\u00e9e.<\/p>\n","protected":false},"featured_media":2142,"comment_status":"open","ping_status":"closed","template":"","meta":{"_gspb_post_css":""},"store":[123],"product_brand":[],"product_cat":[350],"product_tag":[],"class_list":{"0":"post-2141","1":"product","2":"type-product","3":"status-publish","4":"has-post-thumbnail","6":"store-samsung","7":"product_cat-non-teste","9":"first","10":"instock","11":"shipping-taxable","12":"product-type-external"},"yoast_head":"<!-- This site is optimized with the Yoast SEO plugin v27.5 - https:\/\/yoast.com\/product\/yoast-seo-wordpress\/ -->\n<title>Samsung Galaxy Z Flip6 test, avis - Braindegeek<\/title>\n<meta name=\"description\" content=\"Le Samsung Galaxy Z Flip6 incarne l&#039;\u00e9l\u00e9gance et la compacit\u00e9 tout en repoussant les limites de la personnalisation et de la cr\u00e9ativit\u00e9.\" \/>\n<meta name=\"robots\" content=\"index, follow, max-snippet:-1, max-image-preview:large, max-video-preview:-1\" \/>\n<link rel=\"canonical\" href=\"https:\/\/braindegeek.shop\/index.php\/produit\/samsung-galaxy-z-flip6-test-avis\/\" \/>\n<meta property=\"og:locale\" content=\"fr_FR\" \/>\n<meta property=\"og:type\" content=\"article\" \/>\n<meta property=\"og:title\" content=\"Samsung Galaxy Z Flip6 test, avis - Braindegeek\" \/>\n<meta property=\"og:description\" content=\"Le Samsung Galaxy Z Flip6 incarne l&#039;\u00e9l\u00e9gance et la compacit\u00e9 tout en repoussant les limites de la personnalisation et de la cr\u00e9ativit\u00e9.\" \/>\n<meta property=\"og:url\" content=\"https:\/\/braindegeek.shop\/index.php\/produit\/samsung-galaxy-z-flip6-test-avis\/\" \/>\n<meta property=\"og:site_name\" content=\"Braindegeek\" \/>\n<meta property=\"article:publisher\" content=\"https:\/\/www.facebook.com\/BrainDeGeek\/\" \/>\n<meta property=\"article:modified_time\" content=\"2024-12-02T10:36:03+00:00\" \/>\n<meta property=\"og:image\" content=\"https:\/\/braindegeek.shop\/wp-content\/uploads\/2024\/07\/Samsung-Galaxy-Z-Flip6-test-avis.png\" \/>\n\t<meta property=\"og:image:width\" content=\"500\" \/>\n\t<meta property=\"og:image:height\" content=\"500\" \/>\n\t<meta property=\"og:image:type\" content=\"image\/png\" \/>\n<meta name=\"twitter:card\" content=\"summary_large_image\" \/>\n<meta name=\"twitter:site\" content=\"@braindegeek\" \/>\n<meta name=\"twitter:label1\" content=\"Dur\u00e9e de lecture estim\u00e9e\" \/>\n\t<meta name=\"twitter:data1\" content=\"2 minutes\" \/>\n<script type=\"application\/ld+json\" class=\"yoast-schema-graph\">{\"@context\":\"https:\\\/\\\/schema.org\",\"@graph\":[{\"@type\":\"WebPage\",\"@id\":\"https:\\\/\\\/braindegeek.shop\\\/index.php\\\/produit\\\/samsung-galaxy-z-flip6-test-avis\\\/\",\"url\":\"https:\\\/\\\/braindegeek.shop\\\/index.php\\\/produit\\\/samsung-galaxy-z-flip6-test-avis\\\/\",\"name\":\"Samsung Galaxy Z Flip6 test, avis - Braindegeek\",\"isPartOf\":{\"@id\":\"https:\\\/\\\/braindegeek.shop\\\/#website\"},\"primaryImageOfPage\":{\"@id\":\"https:\\\/\\\/braindegeek.shop\\\/index.php\\\/produit\\\/samsung-galaxy-z-flip6-test-avis\\\/#primaryimage\"},\"image\":{\"@id\":\"https:\\\/\\\/braindegeek.shop\\\/index.php\\\/produit\\\/samsung-galaxy-z-flip6-test-avis\\\/#primaryimage\"},\"thumbnailUrl\":\"http:\\\/\\\/braindegeek.shop\\\/wp-content\\\/uploads\\\/2024\\\/07\\\/Samsung-Galaxy-Z-Flip6-test-avis.png\",\"datePublished\":\"2024-07-10T13:23:55+00:00\",\"dateModified\":\"2024-12-02T10:36:03+00:00\",\"description\":\"Le Samsung Galaxy Z Flip6 incarne l'\u00e9l\u00e9gance et la compacit\u00e9 tout en repoussant les limites de la personnalisation et de la cr\u00e9ativit\u00e9.\",\"breadcrumb\":{\"@id\":\"https:\\\/\\\/braindegeek.shop\\\/index.php\\\/produit\\\/samsung-galaxy-z-flip6-test-avis\\\/#breadcrumb\"},\"inLanguage\":\"fr-FR\",\"potentialAction\":[{\"@type\":\"ReadAction\",\"target\":[\"https:\\\/\\\/braindegeek.shop\\\/index.php\\\/produit\\\/samsung-galaxy-z-flip6-test-avis\\\/\"]}]},{\"@type\":\"ImageObject\",\"inLanguage\":\"fr-FR\",\"@id\":\"https:\\\/\\\/braindegeek.shop\\\/index.php\\\/produit\\\/samsung-galaxy-z-flip6-test-avis\\\/#primaryimage\",\"url\":\"http:\\\/\\\/braindegeek.shop\\\/wp-content\\\/uploads\\\/2024\\\/07\\\/Samsung-Galaxy-Z-Flip6-test-avis.png\",\"contentUrl\":\"http:\\\/\\\/braindegeek.shop\\\/wp-content\\\/uploads\\\/2024\\\/07\\\/Samsung-Galaxy-Z-Flip6-test-avis.png\",\"width\":500,\"height\":500,\"caption\":\"Samsung Galaxy Z Flip6 test, avis\"},{\"@type\":\"BreadcrumbList\",\"@id\":\"https:\\\/\\\/braindegeek.shop\\\/index.php\\\/produit\\\/samsung-galaxy-z-flip6-test-avis\\\/#breadcrumb\",\"itemListElement\":[{\"@type\":\"ListItem\",\"position\":1,\"name\":\"Accueil\",\"item\":\"https:\\\/\\\/braindegeek.shop\\\/\"},{\"@type\":\"ListItem\",\"position\":2,\"name\":\"Boutique\",\"item\":\"http:\\\/\\\/braindegeek.shop\\\/index.php\\\/boutique\\\/\"},{\"@type\":\"ListItem\",\"position\":3,\"name\":\"Samsung Galaxy Z Flip6 test, avis\"}]},{\"@type\":\"WebSite\",\"@id\":\"https:\\\/\\\/braindegeek.shop\\\/#website\",\"url\":\"https:\\\/\\\/braindegeek.shop\\\/\",\"name\":\"Braindegeek, votre guide d'achat pour les produits high-tech\",\"description\":\"Votre guide d&#039;achat pour vos produits high-tech : robots aspirateurs, tondeuse, piscine et autres nouvelles technologies\",\"publisher\":{\"@id\":\"https:\\\/\\\/braindegeek.shop\\\/#organization\"},\"potentialAction\":[{\"@type\":\"SearchAction\",\"target\":{\"@type\":\"EntryPoint\",\"urlTemplate\":\"https:\\\/\\\/braindegeek.shop\\\/?s={search_term_string}\"},\"query-input\":{\"@type\":\"PropertyValueSpecification\",\"valueRequired\":true,\"valueName\":\"search_term_string\"}}],\"inLanguage\":\"fr-FR\"},{\"@type\":\"Organization\",\"@id\":\"https:\\\/\\\/braindegeek.shop\\\/#organization\",\"name\":\"Braindegeek, votre guide d'achat pour les produits high-tech\",\"url\":\"https:\\\/\\\/braindegeek.shop\\\/\",\"logo\":{\"@type\":\"ImageObject\",\"inLanguage\":\"fr-FR\",\"@id\":\"https:\\\/\\\/braindegeek.shop\\\/#\\\/schema\\\/logo\\\/image\\\/\",\"url\":\"http:\\\/\\\/braindegeek.shop\\\/wp-content\\\/uploads\\\/2024\\\/05\\\/bdg-1.png\",\"contentUrl\":\"http:\\\/\\\/braindegeek.shop\\\/wp-content\\\/uploads\\\/2024\\\/05\\\/bdg-1.png\",\"width\":150,\"height\":150,\"caption\":\"Braindegeek, votre guide d'achat pour les produits high-tech\"},\"image\":{\"@id\":\"https:\\\/\\\/braindegeek.shop\\\/#\\\/schema\\\/logo\\\/image\\\/\"},\"sameAs\":[\"https:\\\/\\\/www.facebook.com\\\/BrainDeGeek\\\/\",\"https:\\\/\\\/x.com\\\/braindegeek\",\"https:\\\/\\\/www.tiktok.com\\\/@braindegeek\",\"https:\\\/\\\/www.youtube.com\\\/braindegeek\"]}]}<\/script>\n<!-- \/ Yoast SEO plugin. -->","yoast_head_json":{"title":"Samsung Galaxy Z Flip6 test, avis - Braindegeek","description":"Le Samsung Galaxy Z Flip6 incarne l'\u00e9l\u00e9gance et la compacit\u00e9 tout en repoussant les limites de la personnalisation et de la cr\u00e9ativit\u00e9.","robots":{"index":"index","follow":"follow","max-snippet":"max-snippet:-1","max-image-preview":"max-image-preview:large","max-video-preview":"max-video-preview:-1"},"canonical":"https:\/\/braindegeek.shop\/index.php\/produit\/samsung-galaxy-z-flip6-test-avis\/","og_locale":"fr_FR","og_type":"article","og_title":"Samsung Galaxy Z Flip6 test, avis - Braindegeek","og_description":"Le Samsung Galaxy Z Flip6 incarne l'\u00e9l\u00e9gance et la compacit\u00e9 tout en repoussant les limites de la personnalisation et de la cr\u00e9ativit\u00e9.","og_url":"https:\/\/braindegeek.shop\/index.php\/produit\/samsung-galaxy-z-flip6-test-avis\/","og_site_name":"Braindegeek","article_publisher":"https:\/\/www.facebook.com\/BrainDeGeek\/","article_modified_time":"2024-12-02T10:36:03+00:00","og_image":[{"width":500,"height":500,"url":"https:\/\/braindegeek.shop\/wp-content\/uploads\/2024\/07\/Samsung-Galaxy-Z-Flip6-test-avis.png","type":"image\/png"}],"twitter_card":"summary_large_image","twitter_site":"@braindegeek","twitter_misc":{"Dur\u00e9e de lecture estim\u00e9e":"2 minutes"},"schema":{"@context":"https:\/\/schema.org","@graph":[{"@type":"WebPage","@id":"https:\/\/braindegeek.shop\/index.php\/produit\/samsung-galaxy-z-flip6-test-avis\/","url":"https:\/\/braindegeek.shop\/index.php\/produit\/samsung-galaxy-z-flip6-test-avis\/","name":"Samsung Galaxy Z Flip6 test, avis - Braindegeek","isPartOf":{"@id":"https:\/\/braindegeek.shop\/#website"},"primaryImageOfPage":{"@id":"https:\/\/braindegeek.shop\/index.php\/produit\/samsung-galaxy-z-flip6-test-avis\/#primaryimage"},"image":{"@id":"https:\/\/braindegeek.shop\/index.php\/produit\/samsung-galaxy-z-flip6-test-avis\/#primaryimage"},"thumbnailUrl":"http:\/\/braindegeek.shop\/wp-content\/uploads\/2024\/07\/Samsung-Galaxy-Z-Flip6-test-avis.png","datePublished":"2024-07-10T13:23:55+00:00","dateModified":"2024-12-02T10:36:03+00:00","description":"Le Samsung Galaxy Z Flip6 incarne l'\u00e9l\u00e9gance et la compacit\u00e9 tout en repoussant les limites de la personnalisation et de la cr\u00e9ativit\u00e9.","breadcrumb":{"@id":"https:\/\/braindegeek.shop\/index.php\/produit\/samsung-galaxy-z-flip6-test-avis\/#breadcrumb"},"inLanguage":"fr-FR","potentialAction":[{"@type":"ReadAction","target":["https:\/\/braindegeek.shop\/index.php\/produit\/samsung-galaxy-z-flip6-test-avis\/"]}]},{"@type":"ImageObject","inLanguage":"fr-FR","@id":"https:\/\/braindegeek.shop\/index.php\/produit\/samsung-galaxy-z-flip6-test-avis\/#primaryimage","url":"http:\/\/braindegeek.shop\/wp-content\/uploads\/2024\/07\/Samsung-Galaxy-Z-Flip6-test-avis.png","contentUrl":"http:\/\/braindegeek.shop\/wp-content\/uploads\/2024\/07\/Samsung-Galaxy-Z-Flip6-test-avis.png","width":500,"height":500,"caption":"Samsung Galaxy Z Flip6 test, avis"},{"@type":"BreadcrumbList","@id":"https:\/\/braindegeek.shop\/index.php\/produit\/samsung-galaxy-z-flip6-test-avis\/#breadcrumb","itemListElement":[{"@type":"ListItem","position":1,"name":"Accueil","item":"https:\/\/braindegeek.shop\/"},{"@type":"ListItem","position":2,"name":"Boutique","item":"http:\/\/braindegeek.shop\/index.php\/boutique\/"},{"@type":"ListItem","position":3,"name":"Samsung Galaxy Z Flip6 test, avis"}]},{"@type":"WebSite","@id":"https:\/\/braindegeek.shop\/#website","url":"https:\/\/braindegeek.shop\/","name":"Braindegeek, votre guide d'achat pour les produits high-tech","description":"Votre guide d&#039;achat pour vos produits high-tech : robots aspirateurs, tondeuse, piscine et autres nouvelles technologies","publisher":{"@id":"https:\/\/braindegeek.shop\/#organization"},"potentialAction":[{"@type":"SearchAction","target":{"@type":"EntryPoint","urlTemplate":"https:\/\/braindegeek.shop\/?s={search_term_string}"},"query-input":{"@type":"PropertyValueSpecification","valueRequired":true,"valueName":"search_term_string"}}],"inLanguage":"fr-FR"},{"@type":"Organization","@id":"https:\/\/braindegeek.shop\/#organization","name":"Braindegeek, votre guide d'achat pour les produits high-tech","url":"https:\/\/braindegeek.shop\/","logo":{"@type":"ImageObject","inLanguage":"fr-FR","@id":"https:\/\/braindegeek.shop\/#\/schema\/logo\/image\/","url":"http:\/\/braindegeek.shop\/wp-content\/uploads\/2024\/05\/bdg-1.png","contentUrl":"http:\/\/braindegeek.shop\/wp-content\/uploads\/2024\/05\/bdg-1.png","width":150,"height":150,"caption":"Braindegeek, votre guide d'achat pour les produits high-tech"},"image":{"@id":"https:\/\/braindegeek.shop\/#\/schema\/logo\/image\/"},"sameAs":["https:\/\/www.facebook.com\/BrainDeGeek\/","https:\/\/x.com\/braindegeek","https:\/\/www.tiktok.com\/@braindegeek","https:\/\/www.youtube.com\/braindegeek"]}]}},"jetpack_sharing_enabled":true,"_links":{"self":[{"href":"http:\/\/braindegeek.shop\/index.php\/wp-json\/wp\/v2\/product\/2141","targetHints":{"allow":["GET"]}}],"collection":[{"href":"http:\/\/braindegeek.shop\/index.php\/wp-json\/wp\/v2\/product"}],"about":[{"href":"http:\/\/braindegeek.shop\/index.php\/wp-json\/wp\/v2\/types\/product"}],"replies":[{"embeddable":true,"href":"http:\/\/braindegeek.shop\/index.php\/wp-json\/wp\/v2\/comments?post=2141"}],"wp:featuredmedia":[{"embeddable":true,"href":"http:\/\/braindegeek.shop\/index.php\/wp-json\/wp\/v2\/media\/2142"}],"wp:attachment":[{"href":"http:\/\/braindegeek.shop\/index.php\/wp-json\/wp\/v2\/media?parent=2141"}],"wp:term":[{"taxonomy":"store","embeddable":true,"href":"http:\/\/braindegeek.shop\/index.php\/wp-json\/wp\/v2\/store?post=2141"},{"taxonomy":"product_brand","embeddable":true,"href":"http:\/\/braindegeek.shop\/index.php\/wp-json\/wp\/v2\/product_brand?post=2141"},{"taxonomy":"product_cat","embeddable":true,"href":"http:\/\/braindegeek.shop\/index.php\/wp-json\/wp\/v2\/product_cat?post=2141"},{"taxonomy":"product_tag","embeddable":true,"href":"http:\/\/braindegeek.shop\/index.php\/wp-json\/wp\/v2\/product_tag?post=2141"}],"curies":[{"name":"wp","href":"https:\/\/api.w.org\/{rel}","templated":true}]}}