{"id":2139,"date":"2024-07-10T15:20:28","date_gmt":"2024-07-10T13:20:28","guid":{"rendered":"https:\/\/braindegeek.shop\/?post_type=product&#038;p=2139"},"modified":"2024-11-22T09:52:20","modified_gmt":"2024-11-22T08:52:20","slug":"samsung-galaxy-z-fold6-test-avis","status":"publish","type":"product","link":"http:\/\/braindegeek.shop\/index.php\/produit\/samsung-galaxy-z-fold6-test-avis\/","title":{"rendered":"Samsung Galaxy Z Fold6 test, avis"},"content":{"rendered":"<h3>Fiche Produit : Samsung Galaxy Z Fold6<\/h3>\n<p><strong>Nom du Produit<\/strong>: Samsung Galaxy Z Fold6<\/p>\n<p><strong>Date de Lancement<\/strong>: 24 juillet 2024<\/p>\n<p><strong>Prix<\/strong>: \u00c0 d\u00e9terminer<\/p>\n<p><strong>Couleurs Disponibles<\/strong>:<\/p>\n<ul>\n<li>Gris<\/li>\n<li>Bleu nuit<\/li>\n<li>Rose<\/li>\n<li>Coloris exclusifs (disponibles sur Samsung.com) : Noir Carbone, Blanc<\/li>\n<\/ul>\n<p><strong>Caract\u00e9ristiques Techniques<\/strong>:<\/p>\n<ul>\n<li><strong>\u00c9cran Interne<\/strong>: 7.6 pouces, avec une luminosit\u00e9 maximale de 2600 nits<\/li>\n<li><strong>\u00c9cran Externe<\/strong>: Nouveau ratio pour une exp\u00e9rience proche d\u2019un smartphone traditionnel<\/li>\n<li><strong>Processeur<\/strong>: Snapdragon\u00ae 8 Gen 3 for Galaxy<\/li>\n<li><strong>Syst\u00e8me d&rsquo;Exploitation<\/strong>: Derni\u00e8re version de Google Gemini int\u00e9gr\u00e9e pour un assistant IA avanc\u00e9<\/li>\n<li><strong>Cam\u00e9ras<\/strong>: Syst\u00e8me ProVisual pour des photos et vid\u00e9os optimis\u00e9es par IA<\/li>\n<li><strong>R\u00e9sistance<\/strong>: Aluminium Armor, verre Corning\u00ae Gorilla\u00ae Glass Victus\u00ae 2<\/li>\n<li><strong>Dimensions et Poids<\/strong>: Plus fin et plus l\u00e9ger avec des tranches plates \u00e9l\u00e9gantes<\/li>\n<li><strong>Autonomie<\/strong>: Optimis\u00e9e par une chambre \u00e0 vapeur 1,6x plus grande<\/li>\n<\/ul>\n<p><strong>Fonctionnalit\u00e9s Cl\u00e9s<\/strong>:<\/p>\n<ul>\n<li><strong>Productivit\u00e9 Boost\u00e9e par l\u2019IA<\/strong>: Samsung Notes avec Assistant Notes pour traduction, r\u00e9sum\u00e9s, mise en forme automatique, transcription vocale, et g\u00e9n\u00e9ration de texte<\/li>\n<li><strong>Divertissement<\/strong>: Performances de jeu exceptionnelles avec Ray Tracing, \u00e9cran lumineux, et son optimal<\/li>\n<li><strong>Multit\u00e2che<\/strong>: \u00c9cran partag\u00e9 avec Google Gemini pour une assistance IA en temps r\u00e9el<\/li>\n<li><strong>Traduction en Direct<\/strong>: Interpr\u00e8te affiche les traductions de chaque c\u00f4t\u00e9 de l\u2019\u00e9cran pour une interaction fluide<\/li>\n<li><strong>S\u00e9curit\u00e9 et Confidentialit\u00e9<\/strong>: Samsung Knox, protection des donn\u00e9es renforc\u00e9e, et contr\u00f4le des param\u00e8tres Galaxy AI<\/li>\n<\/ul>\n<p><strong>Innovations \u00c9cologiques<\/strong>:<\/p>\n<ul>\n<li><strong>Mat\u00e9riaux Recycl\u00e9s<\/strong>: Utilisation de mat\u00e9riaux recycl\u00e9s (or, cuivre, cobalt, terres rares, acier, verre, aluminium, plastique)<\/li>\n<li><strong>Emballage \u00c9cologique<\/strong>: Papier 100 % recycl\u00e9<\/li>\n<li><strong>Long\u00e9vit\u00e9<\/strong>: 7 g\u00e9n\u00e9rations de mises \u00e0 niveau du syst\u00e8me d\u2019exploitation et de mises \u00e0 jour de s\u00e9curit\u00e9<\/li>\n<\/ul>\n<p><strong>Disponibilit\u00e9<\/strong>:<\/p>\n<ul>\n<li><strong>Date de sortie <\/strong>: 24 juillet 2024<\/li>\n<li><strong>Offre de Pr\u00e9commande<\/strong>: Jusqu\u2019au 23 juillet, bonus de 100\u20ac sur la reprise de l\u2019ancien appareil<\/li>\n<\/ul>\n","protected":false},"excerpt":{"rendered":"<p>Le Samsung Galaxy Z Fold6 est le dernier-n\u00e9 de la gamme de smartphones pliables de Samsung, offrant une combinaison in\u00e9gal\u00e9e de puissance, de flexibilit\u00e9 et d&rsquo;innovation. Dot\u00e9 d&rsquo;un immense \u00e9cran interne de 7,6 pouces avec une luminosit\u00e9 maximale de 2600 nits, il transforme la mani\u00e8re de travailler, de jouer et de rester connect\u00e9. Gr\u00e2ce \u00e0 son nouveau ratio d&rsquo;\u00e9cran externe, l&rsquo;utilisation en mode smartphone est plus intuitive que jamais.<\/p>\n<p>Propuls\u00e9 par le processeur Snapdragon\u00ae 8 Gen 3 for Galaxy, le Galaxy Z Fold6 garantit des performances exceptionnelles pour toutes les t\u00e2ches, qu&rsquo;il s&rsquo;agisse de productivit\u00e9, de divertissement ou de multit\u00e2che. Le syst\u00e8me Google Gemini int\u00e9gr\u00e9 apporte une assistance IA en temps r\u00e9el, facilitant l&rsquo;organisation et l&rsquo;acc\u00e8s \u00e0 l&rsquo;information.<\/p>\n<p>En mati\u00e8re de s\u00e9curit\u00e9 et de confidentialit\u00e9, le Galaxy Z Fold6 est \u00e9quip\u00e9 de Samsung Knox, offrant une protection multicouche et un contr\u00f4le total des param\u00e8tres de confidentialit\u00e9 gr\u00e2ce \u00e0 Galaxy AI.<\/p>\n<p>Le design \u00e9l\u00e9gant et raffin\u00e9 du Galaxy Z Fold6, plus fin et plus l\u00e9ger que ses pr\u00e9d\u00e9cesseurs, est renforc\u00e9 par des mat\u00e9riaux ultra-r\u00e9sistants tels que l&rsquo;Aluminium Armor et le verre Corning\u00ae Gorilla\u00ae Glass Victus\u00ae 2. Con\u00e7u pour durer, il int\u00e8gre des composants recycl\u00e9s et un emballage \u00e9cologique, soulignant l&rsquo;engagement de Samsung envers la durabilit\u00e9.<\/p>\n<p>En r\u00e9sum\u00e9, le Samsung Galaxy Z Fold6 n&rsquo;est pas seulement un smartphone, mais un compagnon polyvalent et puissant qui r\u00e9volutionne l&rsquo;exp\u00e9rience mobile avec des fonctionnalit\u00e9s IA avanc\u00e9es et un design innovant.<\/p>\n","protected":false},"featured_media":2140,"comment_status":"open","ping_status":"closed","template":"","meta":{"_gspb_post_css":""},"store":[123],"product_brand":[],"product_cat":[350],"product_tag":[],"class_list":{"0":"post-2139","1":"product","2":"type-product","3":"status-publish","4":"has-post-thumbnail","6":"store-samsung","7":"product_cat-non-teste","9":"first","10":"instock","11":"shipping-taxable","12":"product-type-external"},"yoast_head":"<!-- This site is optimized with the Yoast SEO plugin v27.5 - https:\/\/yoast.com\/product\/yoast-seo-wordpress\/ -->\n<title>Samsung Galaxy Z Fold6 test, avis - Braindegeek<\/title>\n<meta name=\"description\" content=\"Le Samsung Galaxy Z Fold6 est le dernier-n\u00e9 de la gamme de smartphones pliables de Samsung, offrant une combinaison in\u00e9gal\u00e9e de puissance #GalaxyUnpacked\" \/>\n<meta name=\"robots\" content=\"index, follow, max-snippet:-1, max-image-preview:large, max-video-preview:-1\" \/>\n<link rel=\"canonical\" href=\"http:\/\/braindegeek.shop\/index.php\/produit\/samsung-galaxy-z-fold6-test-avis\/\" \/>\n<meta property=\"og:locale\" content=\"fr_FR\" \/>\n<meta property=\"og:type\" content=\"article\" \/>\n<meta property=\"og:title\" content=\"Samsung Galaxy Z Fold6 test, avis - Braindegeek\" \/>\n<meta property=\"og:description\" content=\"Le Samsung Galaxy Z Fold6 est le dernier-n\u00e9 de la gamme de smartphones pliables de Samsung, offrant une combinaison in\u00e9gal\u00e9e de puissance #GalaxyUnpacked\" \/>\n<meta property=\"og:url\" content=\"http:\/\/braindegeek.shop\/index.php\/produit\/samsung-galaxy-z-fold6-test-avis\/\" \/>\n<meta property=\"og:site_name\" content=\"Braindegeek\" \/>\n<meta property=\"article:publisher\" content=\"https:\/\/www.facebook.com\/BrainDeGeek\/\" \/>\n<meta property=\"article:modified_time\" content=\"2024-11-22T08:52:20+00:00\" \/>\n<meta property=\"og:image\" content=\"http:\/\/braindegeek.shop\/wp-content\/uploads\/2024\/07\/Samsung-Galaxy-Z-Fold6-test-avis.png\" \/>\n\t<meta property=\"og:image:width\" content=\"500\" \/>\n\t<meta property=\"og:image:height\" content=\"500\" \/>\n\t<meta property=\"og:image:type\" content=\"image\/png\" \/>\n<meta name=\"twitter:card\" content=\"summary_large_image\" \/>\n<meta name=\"twitter:site\" content=\"@braindegeek\" \/>\n<meta name=\"twitter:label1\" content=\"Dur\u00e9e de lecture estim\u00e9e\" \/>\n\t<meta name=\"twitter:data1\" content=\"2 minutes\" \/>\n<script type=\"application\/ld+json\" class=\"yoast-schema-graph\">{\"@context\":\"https:\\\/\\\/schema.org\",\"@graph\":[{\"@type\":\"WebPage\",\"@id\":\"http:\\\/\\\/braindegeek.shop\\\/index.php\\\/produit\\\/samsung-galaxy-z-fold6-test-avis\\\/\",\"url\":\"http:\\\/\\\/braindegeek.shop\\\/index.php\\\/produit\\\/samsung-galaxy-z-fold6-test-avis\\\/\",\"name\":\"Samsung Galaxy Z Fold6 test, avis - Braindegeek\",\"isPartOf\":{\"@id\":\"https:\\\/\\\/braindegeek.shop\\\/#website\"},\"primaryImageOfPage\":{\"@id\":\"http:\\\/\\\/braindegeek.shop\\\/index.php\\\/produit\\\/samsung-galaxy-z-fold6-test-avis\\\/#primaryimage\"},\"image\":{\"@id\":\"http:\\\/\\\/braindegeek.shop\\\/index.php\\\/produit\\\/samsung-galaxy-z-fold6-test-avis\\\/#primaryimage\"},\"thumbnailUrl\":\"http:\\\/\\\/braindegeek.shop\\\/wp-content\\\/uploads\\\/2024\\\/07\\\/Samsung-Galaxy-Z-Fold6-test-avis.png\",\"datePublished\":\"2024-07-10T13:20:28+00:00\",\"dateModified\":\"2024-11-22T08:52:20+00:00\",\"description\":\"Le Samsung Galaxy Z Fold6 est le dernier-n\u00e9 de la gamme de smartphones pliables de Samsung, offrant une combinaison in\u00e9gal\u00e9e de puissance #GalaxyUnpacked\",\"breadcrumb\":{\"@id\":\"http:\\\/\\\/braindegeek.shop\\\/index.php\\\/produit\\\/samsung-galaxy-z-fold6-test-avis\\\/#breadcrumb\"},\"inLanguage\":\"fr-FR\",\"potentialAction\":[{\"@type\":\"ReadAction\",\"target\":[\"http:\\\/\\\/braindegeek.shop\\\/index.php\\\/produit\\\/samsung-galaxy-z-fold6-test-avis\\\/\"]}]},{\"@type\":\"ImageObject\",\"inLanguage\":\"fr-FR\",\"@id\":\"http:\\\/\\\/braindegeek.shop\\\/index.php\\\/produit\\\/samsung-galaxy-z-fold6-test-avis\\\/#primaryimage\",\"url\":\"http:\\\/\\\/braindegeek.shop\\\/wp-content\\\/uploads\\\/2024\\\/07\\\/Samsung-Galaxy-Z-Fold6-test-avis.png\",\"contentUrl\":\"http:\\\/\\\/braindegeek.shop\\\/wp-content\\\/uploads\\\/2024\\\/07\\\/Samsung-Galaxy-Z-Fold6-test-avis.png\",\"width\":500,\"height\":500,\"caption\":\"Samsung Galaxy Z Fold6 test, avis\"},{\"@type\":\"BreadcrumbList\",\"@id\":\"http:\\\/\\\/braindegeek.shop\\\/index.php\\\/produit\\\/samsung-galaxy-z-fold6-test-avis\\\/#breadcrumb\",\"itemListElement\":[{\"@type\":\"ListItem\",\"position\":1,\"name\":\"Accueil\",\"item\":\"https:\\\/\\\/braindegeek.shop\\\/\"},{\"@type\":\"ListItem\",\"position\":2,\"name\":\"Boutique\",\"item\":\"http:\\\/\\\/braindegeek.shop\\\/index.php\\\/boutique\\\/\"},{\"@type\":\"ListItem\",\"position\":3,\"name\":\"Samsung Galaxy Z Fold6 test, avis\"}]},{\"@type\":\"WebSite\",\"@id\":\"https:\\\/\\\/braindegeek.shop\\\/#website\",\"url\":\"https:\\\/\\\/braindegeek.shop\\\/\",\"name\":\"Braindegeek, votre guide d'achat pour les produits high-tech\",\"description\":\"Votre guide d&#039;achat pour vos produits high-tech : robots aspirateurs, tondeuse, piscine et autres nouvelles technologies\",\"publisher\":{\"@id\":\"https:\\\/\\\/braindegeek.shop\\\/#organization\"},\"potentialAction\":[{\"@type\":\"SearchAction\",\"target\":{\"@type\":\"EntryPoint\",\"urlTemplate\":\"https:\\\/\\\/braindegeek.shop\\\/?s={search_term_string}\"},\"query-input\":{\"@type\":\"PropertyValueSpecification\",\"valueRequired\":true,\"valueName\":\"search_term_string\"}}],\"inLanguage\":\"fr-FR\"},{\"@type\":\"Organization\",\"@id\":\"https:\\\/\\\/braindegeek.shop\\\/#organization\",\"name\":\"Braindegeek, votre guide d'achat pour les produits high-tech\",\"url\":\"https:\\\/\\\/braindegeek.shop\\\/\",\"logo\":{\"@type\":\"ImageObject\",\"inLanguage\":\"fr-FR\",\"@id\":\"https:\\\/\\\/braindegeek.shop\\\/#\\\/schema\\\/logo\\\/image\\\/\",\"url\":\"http:\\\/\\\/braindegeek.shop\\\/wp-content\\\/uploads\\\/2024\\\/05\\\/bdg-1.png\",\"contentUrl\":\"http:\\\/\\\/braindegeek.shop\\\/wp-content\\\/uploads\\\/2024\\\/05\\\/bdg-1.png\",\"width\":150,\"height\":150,\"caption\":\"Braindegeek, votre guide d'achat pour les produits high-tech\"},\"image\":{\"@id\":\"https:\\\/\\\/braindegeek.shop\\\/#\\\/schema\\\/logo\\\/image\\\/\"},\"sameAs\":[\"https:\\\/\\\/www.facebook.com\\\/BrainDeGeek\\\/\",\"https:\\\/\\\/x.com\\\/braindegeek\",\"https:\\\/\\\/www.tiktok.com\\\/@braindegeek\",\"https:\\\/\\\/www.youtube.com\\\/braindegeek\"]}]}<\/script>\n<!-- \/ Yoast SEO plugin. -->","yoast_head_json":{"title":"Samsung Galaxy Z Fold6 test, avis - Braindegeek","description":"Le Samsung Galaxy Z Fold6 est le dernier-n\u00e9 de la gamme de smartphones pliables de Samsung, offrant une combinaison in\u00e9gal\u00e9e de puissance #GalaxyUnpacked","robots":{"index":"index","follow":"follow","max-snippet":"max-snippet:-1","max-image-preview":"max-image-preview:large","max-video-preview":"max-video-preview:-1"},"canonical":"http:\/\/braindegeek.shop\/index.php\/produit\/samsung-galaxy-z-fold6-test-avis\/","og_locale":"fr_FR","og_type":"article","og_title":"Samsung Galaxy Z Fold6 test, avis - Braindegeek","og_description":"Le Samsung Galaxy Z Fold6 est le dernier-n\u00e9 de la gamme de smartphones pliables de Samsung, offrant une combinaison in\u00e9gal\u00e9e de puissance #GalaxyUnpacked","og_url":"http:\/\/braindegeek.shop\/index.php\/produit\/samsung-galaxy-z-fold6-test-avis\/","og_site_name":"Braindegeek","article_publisher":"https:\/\/www.facebook.com\/BrainDeGeek\/","article_modified_time":"2024-11-22T08:52:20+00:00","og_image":[{"width":500,"height":500,"url":"http:\/\/braindegeek.shop\/wp-content\/uploads\/2024\/07\/Samsung-Galaxy-Z-Fold6-test-avis.png","type":"image\/png"}],"twitter_card":"summary_large_image","twitter_site":"@braindegeek","twitter_misc":{"Dur\u00e9e de lecture estim\u00e9e":"2 minutes"},"schema":{"@context":"https:\/\/schema.org","@graph":[{"@type":"WebPage","@id":"http:\/\/braindegeek.shop\/index.php\/produit\/samsung-galaxy-z-fold6-test-avis\/","url":"http:\/\/braindegeek.shop\/index.php\/produit\/samsung-galaxy-z-fold6-test-avis\/","name":"Samsung Galaxy Z Fold6 test, avis - Braindegeek","isPartOf":{"@id":"https:\/\/braindegeek.shop\/#website"},"primaryImageOfPage":{"@id":"http:\/\/braindegeek.shop\/index.php\/produit\/samsung-galaxy-z-fold6-test-avis\/#primaryimage"},"image":{"@id":"http:\/\/braindegeek.shop\/index.php\/produit\/samsung-galaxy-z-fold6-test-avis\/#primaryimage"},"thumbnailUrl":"http:\/\/braindegeek.shop\/wp-content\/uploads\/2024\/07\/Samsung-Galaxy-Z-Fold6-test-avis.png","datePublished":"2024-07-10T13:20:28+00:00","dateModified":"2024-11-22T08:52:20+00:00","description":"Le Samsung Galaxy Z Fold6 est le dernier-n\u00e9 de la gamme de smartphones pliables de Samsung, offrant une combinaison in\u00e9gal\u00e9e de puissance #GalaxyUnpacked","breadcrumb":{"@id":"http:\/\/braindegeek.shop\/index.php\/produit\/samsung-galaxy-z-fold6-test-avis\/#breadcrumb"},"inLanguage":"fr-FR","potentialAction":[{"@type":"ReadAction","target":["http:\/\/braindegeek.shop\/index.php\/produit\/samsung-galaxy-z-fold6-test-avis\/"]}]},{"@type":"ImageObject","inLanguage":"fr-FR","@id":"http:\/\/braindegeek.shop\/index.php\/produit\/samsung-galaxy-z-fold6-test-avis\/#primaryimage","url":"http:\/\/braindegeek.shop\/wp-content\/uploads\/2024\/07\/Samsung-Galaxy-Z-Fold6-test-avis.png","contentUrl":"http:\/\/braindegeek.shop\/wp-content\/uploads\/2024\/07\/Samsung-Galaxy-Z-Fold6-test-avis.png","width":500,"height":500,"caption":"Samsung Galaxy Z Fold6 test, avis"},{"@type":"BreadcrumbList","@id":"http:\/\/braindegeek.shop\/index.php\/produit\/samsung-galaxy-z-fold6-test-avis\/#breadcrumb","itemListElement":[{"@type":"ListItem","position":1,"name":"Accueil","item":"https:\/\/braindegeek.shop\/"},{"@type":"ListItem","position":2,"name":"Boutique","item":"http:\/\/braindegeek.shop\/index.php\/boutique\/"},{"@type":"ListItem","position":3,"name":"Samsung Galaxy Z Fold6 test, avis"}]},{"@type":"WebSite","@id":"https:\/\/braindegeek.shop\/#website","url":"https:\/\/braindegeek.shop\/","name":"Braindegeek, votre guide d'achat pour les produits high-tech","description":"Votre guide d&#039;achat pour vos produits high-tech : robots aspirateurs, tondeuse, piscine et autres nouvelles technologies","publisher":{"@id":"https:\/\/braindegeek.shop\/#organization"},"potentialAction":[{"@type":"SearchAction","target":{"@type":"EntryPoint","urlTemplate":"https:\/\/braindegeek.shop\/?s={search_term_string}"},"query-input":{"@type":"PropertyValueSpecification","valueRequired":true,"valueName":"search_term_string"}}],"inLanguage":"fr-FR"},{"@type":"Organization","@id":"https:\/\/braindegeek.shop\/#organization","name":"Braindegeek, votre guide d'achat pour les produits high-tech","url":"https:\/\/braindegeek.shop\/","logo":{"@type":"ImageObject","inLanguage":"fr-FR","@id":"https:\/\/braindegeek.shop\/#\/schema\/logo\/image\/","url":"http:\/\/braindegeek.shop\/wp-content\/uploads\/2024\/05\/bdg-1.png","contentUrl":"http:\/\/braindegeek.shop\/wp-content\/uploads\/2024\/05\/bdg-1.png","width":150,"height":150,"caption":"Braindegeek, votre guide d'achat pour les produits high-tech"},"image":{"@id":"https:\/\/braindegeek.shop\/#\/schema\/logo\/image\/"},"sameAs":["https:\/\/www.facebook.com\/BrainDeGeek\/","https:\/\/x.com\/braindegeek","https:\/\/www.tiktok.com\/@braindegeek","https:\/\/www.youtube.com\/braindegeek"]}]}},"jetpack_sharing_enabled":true,"_links":{"self":[{"href":"http:\/\/braindegeek.shop\/index.php\/wp-json\/wp\/v2\/product\/2139","targetHints":{"allow":["GET"]}}],"collection":[{"href":"http:\/\/braindegeek.shop\/index.php\/wp-json\/wp\/v2\/product"}],"about":[{"href":"http:\/\/braindegeek.shop\/index.php\/wp-json\/wp\/v2\/types\/product"}],"replies":[{"embeddable":true,"href":"http:\/\/braindegeek.shop\/index.php\/wp-json\/wp\/v2\/comments?post=2139"}],"wp:featuredmedia":[{"embeddable":true,"href":"http:\/\/braindegeek.shop\/index.php\/wp-json\/wp\/v2\/media\/2140"}],"wp:attachment":[{"href":"http:\/\/braindegeek.shop\/index.php\/wp-json\/wp\/v2\/media?parent=2139"}],"wp:term":[{"taxonomy":"store","embeddable":true,"href":"http:\/\/braindegeek.shop\/index.php\/wp-json\/wp\/v2\/store?post=2139"},{"taxonomy":"product_brand","embeddable":true,"href":"http:\/\/braindegeek.shop\/index.php\/wp-json\/wp\/v2\/product_brand?post=2139"},{"taxonomy":"product_cat","embeddable":true,"href":"http:\/\/braindegeek.shop\/index.php\/wp-json\/wp\/v2\/product_cat?post=2139"},{"taxonomy":"product_tag","embeddable":true,"href":"http:\/\/braindegeek.shop\/index.php\/wp-json\/wp\/v2\/product_tag?post=2139"}],"curies":[{"name":"wp","href":"https:\/\/api.w.org\/{rel}","templated":true}]}}