{"id":2094,"date":"2024-07-02T11:49:29","date_gmt":"2024-07-02T09:49:29","guid":{"rendered":"https:\/\/braindegeek.shop\/?post_type=product&#038;p=2094"},"modified":"2024-12-02T11:36:03","modified_gmt":"2024-12-02T10:36:03","slug":"panneaux-solaires-kit-duo-kitsolaire-fr-test-et-avis","status":"publish","type":"product","link":"http:\/\/braindegeek.shop\/index.php\/produit\/panneaux-solaires-kit-duo-kitsolaire-fr-test-et-avis\/","title":{"rendered":"Panneaux solaires Kit DUO kitsolaire.fr test et avis"},"content":{"rendered":"<h4>Profitez d&rsquo;une production d&rsquo;\u00e9nergie doubl\u00e9e avec votre Station Solaire Personnelle<\/h4>\n<blockquote><p><strong>Si vous souhaitez mettre ce kit sur le toit je vous d\u00e9conseille les attaches du site, sur <a href=\"https:\/\/amzn.to\/3XsjXUk\">Amazon<\/a> pour 99\u20ac vous avez plus facile niveau installation.\u00a0<\/strong><\/p><\/blockquote>\n<p><strong>Kit Solaire Plug and Play DUO<\/strong> : Transformez votre domicile avec une solution solaire efficace et rapide \u00e0 installer, \u00e9quip\u00e9e de deux panneaux Sharp et d&rsquo;un micro-onduleur APS System. Une r\u00e9volution dans l&rsquo;autoconsommation solaire \u00e0 port\u00e9e de main !<\/p>\n<h4>Caract\u00e9ristiques Principales<\/h4>\n<ul>\n<li><strong>Installation en 10 minutes<\/strong> : Dites adieu aux installations complexes et aux d\u00e9marches administratives. Le kit solaire Plug and Play DUO se branche simplement sur une prise \u00e9lectrique standard.<\/li>\n<li><strong>\u00c9conomies sur les factures<\/strong> : R\u00e9duisez votre facture d&rsquo;\u00e9lectricit\u00e9 d\u00e8s maintenant gr\u00e2ce \u00e0 une production d&rsquo;\u00e9nergie propre et renouvelable.<\/li>\n<li><strong>Rentabilit\u00e9 assur\u00e9e<\/strong> : Avec des composants de haute performance, ce kit assure un retour sur investissement rapide.<\/li>\n<li><strong>Panneaux Solaires Haute Performance<\/strong> : \u00c9quip\u00e9s de panneaux Sharp, leader du photovolta\u00efque, pour un rendement \u00e9nerg\u00e9tique exceptionnel et une fiabilit\u00e9 durable.<\/li>\n<\/ul>\n<h4>Pourquoi choisir le Kit DUO ?<\/h4>\n<p><strong>Pour les d\u00e9butants et les passionn\u00e9s de technologie<\/strong> :<\/p>\n<ul>\n<li>Parfait pour ceux qui souhaitent se lancer facilement dans l&rsquo;autoconsommation sans connaissances techniques particuli\u00e8res.<\/li>\n<li>Une solution cl\u00e9 en main qui ne n\u00e9cessite aucune comp\u00e9tence en bricolage.<\/li>\n<\/ul>\n<p><strong>Pour une installation simplifi\u00e9e<\/strong> :<\/p>\n<ol>\n<li><b>Montez\u00a0<\/b>la fixation choisie<\/li>\n<li><strong>Branchez<\/strong> les panneaux solaires sur une prise.<\/li>\n<li><strong>Connectez<\/strong> le micro-onduleur aux panneaux.<\/li>\n<li><strong>T\u00e9l\u00e9chargez l&rsquo;application<\/strong> et suivez les instructions pour surveiller votre production.<\/li>\n<li><strong>Profitez<\/strong> d&rsquo;une \u00e9nergie propre et \u00e9conomique.<\/li>\n<\/ol>\n<h4>Composition du Kit DUO<\/h4>\n<ul>\n<li><strong>2 x Panneau Sharp NU-JC425b 425 W Full Black<\/strong>\n<ul>\n<li>Dimensions : 1722 x 1134 x 30 mm<\/li>\n<li>Poids : 20,7 kg<\/li>\n<li>Puissance : 425 W<\/li>\n<li>Technologie : Demi-cellules<\/li>\n<li>Voc : 38,86 V<\/li>\n<li>Isc : 13,93 A<\/li>\n<li>Vmp : 32,52 V<\/li>\n<li>Imp : 13,07 A<\/li>\n<li>Garantie : 25 ans<\/li>\n<li><strong>Avantages des demi-cellules<\/strong> : meilleure production par faible luminosit\u00e9, r\u00e9sistance aux fissures, gain de performance.<\/li>\n<\/ul>\n<\/li>\n<li><strong>1 x Micro-onduleur APS System EZ1 500VA<\/strong>\n<ul>\n<li>Garantie : 12 ans<\/li>\n<li>Rendement : 96,7%<\/li>\n<li>Tension d&rsquo;entr\u00e9e : 18-60 V<\/li>\n<li>Puissance de sortie : 800 VA<\/li>\n<li>Sortie : 230 V<\/li>\n<li>Poids : 1,1 kg<\/li>\n<li><strong>Surveillance en temps r\u00e9el<\/strong> : gr\u00e2ce \u00e0 l&rsquo;application EMEA Apsystems via Wifi ou Bluetooth int\u00e9gr\u00e9s.<\/li>\n<\/ul>\n<\/li>\n<li><strong>1 x Rallonge de 5m<\/strong><\/li>\n<\/ul>\n<h4>La Performance au c\u0153ur de votre foyer<\/h4>\n<p>Le panneau Sharp 425W associ\u00e9 au micro-onduleur APS System EZ1 constitue l&rsquo;alliance parfaite pour une installation solaire performante, durable et \u00e9conomique. En surveillant votre production en temps r\u00e9el, vous maximisez l&rsquo;efficacit\u00e9 de votre syst\u00e8me solaire.<\/p>\n<p><strong>Note Importante<\/strong> : Un compte utilisateur ne peut associer que deux micro-onduleurs EZ1.<\/p>\n<h4>Conclusion<\/h4>\n<p>Avec le kit solaire Plug and Play DUO de KitSolaire.fr, acc\u00e9dez \u00e0 une \u00e9nergie propre, renouvelable et \u00e9conomique sans effort. Parfaitement adapt\u00e9 aux d\u00e9butants comme aux experts, ce kit tout-en-un vous garantit une installation facile et une production d&rsquo;\u00e9nergie optimale, m\u00eame par temps d\u00e9favorable.<\/p>\n<p><strong>Passez \u00e0 l&rsquo;action d\u00e8s maintenant et rejoignez la r\u00e9volution solaire avec KitSolaire.fr !<\/strong><\/p>\n","protected":false},"excerpt":{"rendered":"<p>Le Kit Solaire DUO de KitSolaire.fr est une solution compl\u00e8te pour l&rsquo;autoconsommation d&rsquo;\u00e9nergie solaire. Ce kit inclut deux panneaux solaires Sharp de 425W chacun et un micro-onduleur APS System EZ1, garantissant une production d&rsquo;\u00e9nergie efficace et fiable. Facile \u00e0 installer en seulement 10 minutes, ce syst\u00e8me Plug and Play se branche directement sur une prise \u00e9lectrique standard. Id\u00e9al pour les d\u00e9butants comme pour les passionn\u00e9s de technologie, il permet de r\u00e9duire les factures d&rsquo;\u00e9lectricit\u00e9 et de gagner en ind\u00e9pendance \u00e9nerg\u00e9tique. Gr\u00e2ce \u00e0 l&rsquo;application EMEA Apsystems, surveillez votre production d&rsquo;\u00e9nergie en temps r\u00e9el via Wifi ou Bluetooth. Avec une garantie de 25 ans sur les panneaux et de 12 ans sur le micro-onduleur, ce kit est une solution durable pour une \u00e9nergie propre et renouvelable.<\/p>\n","protected":false},"featured_media":2095,"comment_status":"open","ping_status":"closed","template":"","meta":{"_gspb_post_css":""},"store":[275],"product_brand":[],"product_cat":[252],"product_tag":[],"class_list":{"0":"post-2094","1":"product","2":"type-product","3":"status-publish","4":"has-post-thumbnail","6":"store-kitsolaire-fr","7":"product_cat-panneau-solaire","9":"first","10":"instock","11":"sale","12":"shipping-taxable","13":"product-type-external"},"yoast_head":"<!-- This site is optimized with the Yoast SEO plugin v27.4 - https:\/\/yoast.com\/product\/yoast-seo-wordpress\/ -->\n<title>Panneaux solaires Kit DUO kitsolaire.fr test et avis - Braindegeek<\/title>\n<meta name=\"description\" content=\"Le Kit Solaire DUO de KitSolaire.fr est une solution compl\u00e8te pour l&#039;autoconsommation d&#039;\u00e9nergie solaire. Ce kit inclut deux panneaux solaires\" \/>\n<meta name=\"robots\" content=\"index, follow, max-snippet:-1, max-image-preview:large, max-video-preview:-1\" \/>\n<link rel=\"canonical\" href=\"http:\/\/braindegeek.shop\/index.php\/produit\/panneaux-solaires-kit-duo-kitsolaire-fr-test-et-avis\/\" \/>\n<meta property=\"og:locale\" content=\"fr_FR\" \/>\n<meta property=\"og:type\" content=\"article\" \/>\n<meta property=\"og:title\" content=\"Panneaux solaires Kit DUO kitsolaire.fr test et avis - Braindegeek\" \/>\n<meta property=\"og:description\" content=\"Le Kit Solaire DUO de KitSolaire.fr est une solution compl\u00e8te pour l&#039;autoconsommation d&#039;\u00e9nergie solaire. Ce kit inclut deux panneaux solaires\" \/>\n<meta property=\"og:url\" content=\"http:\/\/braindegeek.shop\/index.php\/produit\/panneaux-solaires-kit-duo-kitsolaire-fr-test-et-avis\/\" \/>\n<meta property=\"og:site_name\" content=\"Braindegeek\" \/>\n<meta property=\"article:publisher\" content=\"https:\/\/www.facebook.com\/BrainDeGeek\/\" \/>\n<meta property=\"article:modified_time\" content=\"2024-12-02T10:36:03+00:00\" \/>\n<meta property=\"og:image\" content=\"http:\/\/braindegeek.shop\/wp-content\/uploads\/2024\/07\/Panneaux-solaires-duo-kitsolaire.fr_.png\" \/>\n\t<meta property=\"og:image:width\" content=\"500\" \/>\n\t<meta property=\"og:image:height\" content=\"500\" \/>\n\t<meta property=\"og:image:type\" content=\"image\/png\" \/>\n<meta name=\"twitter:card\" content=\"summary_large_image\" \/>\n<meta name=\"twitter:site\" content=\"@braindegeek\" \/>\n<meta name=\"twitter:label1\" content=\"Dur\u00e9e de lecture estim\u00e9e\" \/>\n\t<meta name=\"twitter:data1\" content=\"3 minutes\" \/>\n<script type=\"application\/ld+json\" class=\"yoast-schema-graph\">{\"@context\":\"https:\\\/\\\/schema.org\",\"@graph\":[{\"@type\":\"WebPage\",\"@id\":\"http:\\\/\\\/braindegeek.shop\\\/index.php\\\/produit\\\/panneaux-solaires-kit-duo-kitsolaire-fr-test-et-avis\\\/\",\"url\":\"http:\\\/\\\/braindegeek.shop\\\/index.php\\\/produit\\\/panneaux-solaires-kit-duo-kitsolaire-fr-test-et-avis\\\/\",\"name\":\"Panneaux solaires Kit DUO kitsolaire.fr test et avis - Braindegeek\",\"isPartOf\":{\"@id\":\"http:\\\/\\\/braindegeek.shop\\\/#website\"},\"primaryImageOfPage\":{\"@id\":\"http:\\\/\\\/braindegeek.shop\\\/index.php\\\/produit\\\/panneaux-solaires-kit-duo-kitsolaire-fr-test-et-avis\\\/#primaryimage\"},\"image\":{\"@id\":\"http:\\\/\\\/braindegeek.shop\\\/index.php\\\/produit\\\/panneaux-solaires-kit-duo-kitsolaire-fr-test-et-avis\\\/#primaryimage\"},\"thumbnailUrl\":\"http:\\\/\\\/braindegeek.shop\\\/wp-content\\\/uploads\\\/2024\\\/07\\\/Panneaux-solaires-duo-kitsolaire.fr_.png\",\"datePublished\":\"2024-07-02T09:49:29+00:00\",\"dateModified\":\"2024-12-02T10:36:03+00:00\",\"description\":\"Le Kit Solaire DUO de KitSolaire.fr est une solution compl\u00e8te pour l'autoconsommation d'\u00e9nergie solaire. Ce kit inclut deux panneaux solaires\",\"breadcrumb\":{\"@id\":\"http:\\\/\\\/braindegeek.shop\\\/index.php\\\/produit\\\/panneaux-solaires-kit-duo-kitsolaire-fr-test-et-avis\\\/#breadcrumb\"},\"inLanguage\":\"fr-FR\",\"potentialAction\":[{\"@type\":\"ReadAction\",\"target\":[\"http:\\\/\\\/braindegeek.shop\\\/index.php\\\/produit\\\/panneaux-solaires-kit-duo-kitsolaire-fr-test-et-avis\\\/\"]}]},{\"@type\":\"ImageObject\",\"inLanguage\":\"fr-FR\",\"@id\":\"http:\\\/\\\/braindegeek.shop\\\/index.php\\\/produit\\\/panneaux-solaires-kit-duo-kitsolaire-fr-test-et-avis\\\/#primaryimage\",\"url\":\"http:\\\/\\\/braindegeek.shop\\\/wp-content\\\/uploads\\\/2024\\\/07\\\/Panneaux-solaires-duo-kitsolaire.fr_.png\",\"contentUrl\":\"http:\\\/\\\/braindegeek.shop\\\/wp-content\\\/uploads\\\/2024\\\/07\\\/Panneaux-solaires-duo-kitsolaire.fr_.png\",\"width\":500,\"height\":500,\"caption\":\"Panneaux solaires duo kitsolaire.fr\"},{\"@type\":\"BreadcrumbList\",\"@id\":\"http:\\\/\\\/braindegeek.shop\\\/index.php\\\/produit\\\/panneaux-solaires-kit-duo-kitsolaire-fr-test-et-avis\\\/#breadcrumb\",\"itemListElement\":[{\"@type\":\"ListItem\",\"position\":1,\"name\":\"Accueil\",\"item\":\"http:\\\/\\\/braindegeek.shop\\\/\"},{\"@type\":\"ListItem\",\"position\":2,\"name\":\"Boutique\",\"item\":\"http:\\\/\\\/braindegeek.shop\\\/index.php\\\/boutique\\\/\"},{\"@type\":\"ListItem\",\"position\":3,\"name\":\"Panneaux solaires Kit DUO kitsolaire.fr test et avis\"}]},{\"@type\":\"WebSite\",\"@id\":\"http:\\\/\\\/braindegeek.shop\\\/#website\",\"url\":\"http:\\\/\\\/braindegeek.shop\\\/\",\"name\":\"Braindegeek, votre guide d'achat pour les produits high-tech\",\"description\":\"Votre guide d&#039;achat pour vos produits high-tech : robots aspirateurs, tondeuse, piscine et autres nouvelles technologies\",\"publisher\":{\"@id\":\"http:\\\/\\\/braindegeek.shop\\\/#organization\"},\"potentialAction\":[{\"@type\":\"SearchAction\",\"target\":{\"@type\":\"EntryPoint\",\"urlTemplate\":\"http:\\\/\\\/braindegeek.shop\\\/?s={search_term_string}\"},\"query-input\":{\"@type\":\"PropertyValueSpecification\",\"valueRequired\":true,\"valueName\":\"search_term_string\"}}],\"inLanguage\":\"fr-FR\"},{\"@type\":\"Organization\",\"@id\":\"http:\\\/\\\/braindegeek.shop\\\/#organization\",\"name\":\"Braindegeek, votre guide d'achat pour les produits high-tech\",\"url\":\"http:\\\/\\\/braindegeek.shop\\\/\",\"logo\":{\"@type\":\"ImageObject\",\"inLanguage\":\"fr-FR\",\"@id\":\"http:\\\/\\\/braindegeek.shop\\\/#\\\/schema\\\/logo\\\/image\\\/\",\"url\":\"http:\\\/\\\/braindegeek.shop\\\/wp-content\\\/uploads\\\/2024\\\/05\\\/bdg-1.png\",\"contentUrl\":\"http:\\\/\\\/braindegeek.shop\\\/wp-content\\\/uploads\\\/2024\\\/05\\\/bdg-1.png\",\"width\":150,\"height\":150,\"caption\":\"Braindegeek, votre guide d'achat pour les produits high-tech\"},\"image\":{\"@id\":\"http:\\\/\\\/braindegeek.shop\\\/#\\\/schema\\\/logo\\\/image\\\/\"},\"sameAs\":[\"https:\\\/\\\/www.facebook.com\\\/BrainDeGeek\\\/\",\"https:\\\/\\\/x.com\\\/braindegeek\",\"https:\\\/\\\/www.tiktok.com\\\/@braindegeek\",\"https:\\\/\\\/www.youtube.com\\\/braindegeek\"]}]}<\/script>\n<!-- \/ Yoast SEO plugin. -->","yoast_head_json":{"title":"Panneaux solaires Kit DUO kitsolaire.fr test et avis - Braindegeek","description":"Le Kit Solaire DUO de KitSolaire.fr est une solution compl\u00e8te pour l'autoconsommation d'\u00e9nergie solaire. Ce kit inclut deux panneaux solaires","robots":{"index":"index","follow":"follow","max-snippet":"max-snippet:-1","max-image-preview":"max-image-preview:large","max-video-preview":"max-video-preview:-1"},"canonical":"http:\/\/braindegeek.shop\/index.php\/produit\/panneaux-solaires-kit-duo-kitsolaire-fr-test-et-avis\/","og_locale":"fr_FR","og_type":"article","og_title":"Panneaux solaires Kit DUO kitsolaire.fr test et avis - Braindegeek","og_description":"Le Kit Solaire DUO de KitSolaire.fr est une solution compl\u00e8te pour l'autoconsommation d'\u00e9nergie solaire. Ce kit inclut deux panneaux solaires","og_url":"http:\/\/braindegeek.shop\/index.php\/produit\/panneaux-solaires-kit-duo-kitsolaire-fr-test-et-avis\/","og_site_name":"Braindegeek","article_publisher":"https:\/\/www.facebook.com\/BrainDeGeek\/","article_modified_time":"2024-12-02T10:36:03+00:00","og_image":[{"width":500,"height":500,"url":"http:\/\/braindegeek.shop\/wp-content\/uploads\/2024\/07\/Panneaux-solaires-duo-kitsolaire.fr_.png","type":"image\/png"}],"twitter_card":"summary_large_image","twitter_site":"@braindegeek","twitter_misc":{"Dur\u00e9e de lecture estim\u00e9e":"3 minutes"},"schema":{"@context":"https:\/\/schema.org","@graph":[{"@type":"WebPage","@id":"http:\/\/braindegeek.shop\/index.php\/produit\/panneaux-solaires-kit-duo-kitsolaire-fr-test-et-avis\/","url":"http:\/\/braindegeek.shop\/index.php\/produit\/panneaux-solaires-kit-duo-kitsolaire-fr-test-et-avis\/","name":"Panneaux solaires Kit DUO kitsolaire.fr test et avis - Braindegeek","isPartOf":{"@id":"http:\/\/braindegeek.shop\/#website"},"primaryImageOfPage":{"@id":"http:\/\/braindegeek.shop\/index.php\/produit\/panneaux-solaires-kit-duo-kitsolaire-fr-test-et-avis\/#primaryimage"},"image":{"@id":"http:\/\/braindegeek.shop\/index.php\/produit\/panneaux-solaires-kit-duo-kitsolaire-fr-test-et-avis\/#primaryimage"},"thumbnailUrl":"http:\/\/braindegeek.shop\/wp-content\/uploads\/2024\/07\/Panneaux-solaires-duo-kitsolaire.fr_.png","datePublished":"2024-07-02T09:49:29+00:00","dateModified":"2024-12-02T10:36:03+00:00","description":"Le Kit Solaire DUO de KitSolaire.fr est une solution compl\u00e8te pour l'autoconsommation d'\u00e9nergie solaire. Ce kit inclut deux panneaux solaires","breadcrumb":{"@id":"http:\/\/braindegeek.shop\/index.php\/produit\/panneaux-solaires-kit-duo-kitsolaire-fr-test-et-avis\/#breadcrumb"},"inLanguage":"fr-FR","potentialAction":[{"@type":"ReadAction","target":["http:\/\/braindegeek.shop\/index.php\/produit\/panneaux-solaires-kit-duo-kitsolaire-fr-test-et-avis\/"]}]},{"@type":"ImageObject","inLanguage":"fr-FR","@id":"http:\/\/braindegeek.shop\/index.php\/produit\/panneaux-solaires-kit-duo-kitsolaire-fr-test-et-avis\/#primaryimage","url":"http:\/\/braindegeek.shop\/wp-content\/uploads\/2024\/07\/Panneaux-solaires-duo-kitsolaire.fr_.png","contentUrl":"http:\/\/braindegeek.shop\/wp-content\/uploads\/2024\/07\/Panneaux-solaires-duo-kitsolaire.fr_.png","width":500,"height":500,"caption":"Panneaux solaires duo kitsolaire.fr"},{"@type":"BreadcrumbList","@id":"http:\/\/braindegeek.shop\/index.php\/produit\/panneaux-solaires-kit-duo-kitsolaire-fr-test-et-avis\/#breadcrumb","itemListElement":[{"@type":"ListItem","position":1,"name":"Accueil","item":"http:\/\/braindegeek.shop\/"},{"@type":"ListItem","position":2,"name":"Boutique","item":"http:\/\/braindegeek.shop\/index.php\/boutique\/"},{"@type":"ListItem","position":3,"name":"Panneaux solaires Kit DUO kitsolaire.fr test et avis"}]},{"@type":"WebSite","@id":"http:\/\/braindegeek.shop\/#website","url":"http:\/\/braindegeek.shop\/","name":"Braindegeek, votre guide d'achat pour les produits high-tech","description":"Votre guide d&#039;achat pour vos produits high-tech : robots aspirateurs, tondeuse, piscine et autres nouvelles technologies","publisher":{"@id":"http:\/\/braindegeek.shop\/#organization"},"potentialAction":[{"@type":"SearchAction","target":{"@type":"EntryPoint","urlTemplate":"http:\/\/braindegeek.shop\/?s={search_term_string}"},"query-input":{"@type":"PropertyValueSpecification","valueRequired":true,"valueName":"search_term_string"}}],"inLanguage":"fr-FR"},{"@type":"Organization","@id":"http:\/\/braindegeek.shop\/#organization","name":"Braindegeek, votre guide d'achat pour les produits high-tech","url":"http:\/\/braindegeek.shop\/","logo":{"@type":"ImageObject","inLanguage":"fr-FR","@id":"http:\/\/braindegeek.shop\/#\/schema\/logo\/image\/","url":"http:\/\/braindegeek.shop\/wp-content\/uploads\/2024\/05\/bdg-1.png","contentUrl":"http:\/\/braindegeek.shop\/wp-content\/uploads\/2024\/05\/bdg-1.png","width":150,"height":150,"caption":"Braindegeek, votre guide d'achat pour les produits high-tech"},"image":{"@id":"http:\/\/braindegeek.shop\/#\/schema\/logo\/image\/"},"sameAs":["https:\/\/www.facebook.com\/BrainDeGeek\/","https:\/\/x.com\/braindegeek","https:\/\/www.tiktok.com\/@braindegeek","https:\/\/www.youtube.com\/braindegeek"]}]}},"jetpack_sharing_enabled":true,"_links":{"self":[{"href":"http:\/\/braindegeek.shop\/index.php\/wp-json\/wp\/v2\/product\/2094","targetHints":{"allow":["GET"]}}],"collection":[{"href":"http:\/\/braindegeek.shop\/index.php\/wp-json\/wp\/v2\/product"}],"about":[{"href":"http:\/\/braindegeek.shop\/index.php\/wp-json\/wp\/v2\/types\/product"}],"replies":[{"embeddable":true,"href":"http:\/\/braindegeek.shop\/index.php\/wp-json\/wp\/v2\/comments?post=2094"}],"wp:featuredmedia":[{"embeddable":true,"href":"http:\/\/braindegeek.shop\/index.php\/wp-json\/wp\/v2\/media\/2095"}],"wp:attachment":[{"href":"http:\/\/braindegeek.shop\/index.php\/wp-json\/wp\/v2\/media?parent=2094"}],"wp:term":[{"taxonomy":"store","embeddable":true,"href":"http:\/\/braindegeek.shop\/index.php\/wp-json\/wp\/v2\/store?post=2094"},{"taxonomy":"product_brand","embeddable":true,"href":"http:\/\/braindegeek.shop\/index.php\/wp-json\/wp\/v2\/product_brand?post=2094"},{"taxonomy":"product_cat","embeddable":true,"href":"http:\/\/braindegeek.shop\/index.php\/wp-json\/wp\/v2\/product_cat?post=2094"},{"taxonomy":"product_tag","embeddable":true,"href":"http:\/\/braindegeek.shop\/index.php\/wp-json\/wp\/v2\/product_tag?post=2094"}],"curies":[{"name":"wp","href":"https:\/\/api.w.org\/{rel}","templated":true}]}}