{"id":2058,"date":"2024-06-13T15:32:15","date_gmt":"2024-06-13T13:32:15","guid":{"rendered":"https:\/\/braindegeek.shop\/?post_type=product&#038;p=2058"},"modified":"2024-06-24T11:45:42","modified_gmt":"2024-06-24T09:45:42","slug":"insta360-go-3s","status":"publish","type":"product","link":"http:\/\/braindegeek.shop\/index.php\/produit\/insta360-go-3s\/","title":{"rendered":"Insta360 GO 3S"},"content":{"rendered":"<p>La cam\u00e9ra Insta360 GO 3S est une \u00e9volution de la GO 3, compatible avec l&rsquo;Action Pod de cette derni\u00e8re. Con\u00e7ue pour offrir une qualit\u00e9 d&rsquo;image 4K exceptionnelle dans un format compact, la GO 3S est id\u00e9ale pour les utilisateurs souhaitant capturer des moments uniques avec une grande clart\u00e9 et des angles cr\u00e9atifs illimit\u00e9s.<\/p>\n<h3>Caract\u00e9ristiques Principales<\/h3>\n<ul>\n<li><strong>Qualit\u00e9 d&rsquo;image 4K<\/strong> : Capturez des vid\u00e9os en r\u00e9solution 4K (3840&#215;2160) \u00e0 24\/25\/30 ips avec une nettet\u00e9 et une clart\u00e9 exceptionnelles.<\/li>\n<li><strong>POVs 4K mains libres<\/strong> : R\u00e9alisez des plans POV ultra-larges et faciles en superbe 4K.<\/li>\n<li><strong>Montage Magn\u00e9tique<\/strong> : Syst\u00e8me de montage magn\u00e9tique et accessoires inclus pour des angles cr\u00e9atifs illimit\u00e9s.<\/li>\n<li><strong>Action Pod Multifonctionnel<\/strong> : Recharge la GO 3S, offre un contr\u00f4le \u00e0 distance et un aper\u00e7u en direct sur un grand \u00e9cran tactile rabattable.<\/li>\n<li><strong>Stabilisation FlowState<\/strong> : S\u00e9quences stables avec une stabilisation semblable \u00e0 celle d&rsquo;un gimbal et un verrouillage de l&rsquo;horizon.<\/li>\n<li><strong>Robuste et \u00c9tanche<\/strong> : \u00c9tanch\u00e9it\u00e9 jusqu&rsquo;\u00e0 10 m\u00e8tres et Action Pod r\u00e9sistant aux \u00e9claboussures IPX4.<\/li>\n<li><strong>Compatible Apple Find My<\/strong> : Localisez facilement votre GO 3S via Apple Find My.<\/li>\n<li><strong>Vid\u00e9o \u00e0 Intervalles et \u00c9dition IA<\/strong> : Filmez automatiquement des clips tout au long de la journ\u00e9e et laissez l&rsquo;IA assembler les moments forts.<\/li>\n<\/ul>\n<h3>Contenu du Pack Standard<\/h3>\n<ul>\n<li>1x GO 3S (64 Go)<\/li>\n<li>1x Prot\u00e8ge-objectif (pr\u00e9install\u00e9 sur l&rsquo;objectif)<\/li>\n<li>1x Action Pod<\/li>\n<li>1x Pendentif magn\u00e9tique<\/li>\n<li>1x Support pivotant<\/li>\n<li>1x Easy Clip<\/li>\n<\/ul>\n<h3>Remarque<\/h3>\n<p><strong>Attention<\/strong> : Si vous portez un stimulateur cardiaque, veuillez ne pas utiliser le pendentif magn\u00e9tique ni monter la GO 3S sur votre poitrine en raison de leur magn\u00e9tisme.<\/p>\n<h3>Fonctionnalit\u00e9s Avanc\u00e9es<\/h3>\n<ul>\n<li><strong>Vid\u00e9o FreeFrame<\/strong> : Capture en mode FreeFrame pour choisir le ratio d&rsquo;aspect apr\u00e8s l&rsquo;enregistrement.<\/li>\n<li><strong>Modes Vid\u00e9o<\/strong> : Vid\u00e9o, Vid\u00e9o FreeFrame, Timelapse, TimeShift, Ralenti, Pr\u00e9-enregistrement, Enregistrement en boucle, Vid\u00e9o \u00e0 intervalles.<\/li>\n<li><strong>D\u00e9bit Vid\u00e9o Maximal<\/strong> : 120 Mbps<\/li>\n<\/ul>\n<h3>R\u00e9solution Vid\u00e9o<\/h3>\n<ul>\n<li><strong>Vid\u00e9o<\/strong> : 4K, 2,7K, 1080p<\/li>\n<li><strong>Vid\u00e9o FreeFrame<\/strong> : 4K, 2,7K, 1080p<\/li>\n<li><strong>Timelapse<\/strong> : 4K<\/li>\n<li><strong>TimeShift<\/strong> : 4K, 2,7K<\/li>\n<li><strong>Ralenti<\/strong> : 2,7K, 1080p<\/li>\n<li><strong>Pr\u00e9-enregistrement<\/strong> : 4K, 2,7K, 1080p<\/li>\n<li><strong>Enregistrement en Boucle<\/strong> : 4K, 2,7K, 1080p<\/li>\n<\/ul>\n<h3>R\u00e9solution Photo<\/h3>\n<ul>\n<li>4000&#215;2250 (16:9)<\/li>\n<li>2880\u00d72880 (1:1)<\/li>\n<li>3968&#215;1472 (2.7:1)<\/li>\n<li>4000&#215;3000 (4:3)<\/li>\n<\/ul>\n<h3>Autonomie et Temps de Charge<\/h3>\n<ul>\n<li><strong>GO 3S<\/strong> : 310 mAh (38 minutes d&rsquo;autonomie)<\/li>\n<li><strong>Action Pod<\/strong> : 1270 mAh (140 minutes d&rsquo;autonomie avec GO 3S)<\/li>\n<li><strong>Temps de Charge<\/strong> : GO 3S : 23 min \u00e0 80%, 35 min \u00e0 100% ; Action Pod : 47 min \u00e0 80%, 65 min \u00e0 100%<\/li>\n<\/ul>\n<h3>Poids<\/h3>\n<ul>\n<li><strong>GO 3S<\/strong> : 39,1 g<\/li>\n<li><strong>Action Pod<\/strong> : 96,3 g<\/li>\n<\/ul>\n<h3>Conclusion<\/h3>\n<p>La cam\u00e9ra Insta360 GO 3S, avec sa qualit\u00e9 4K, son montage magn\u00e9tique innovant et ses fonctionnalit\u00e9s avanc\u00e9es, offre une polyvalence et une cr\u00e9ativit\u00e9 sans limites. Compacte et l\u00e9g\u00e8re, elle est id\u00e9ale pour les utilisateurs actifs souhaitant capturer et partager leurs aventures avec une qualit\u00e9 exceptionnelle.<\/p>\n","protected":false},"excerpt":{"rendered":"<p>La cam\u00e9ra Insta360 GO 3S est une petite cam\u00e9ra dot\u00e9e d&rsquo;un \u00e9norme potentiel. Compatible avec l&rsquo;Action Pod de la GO 3, elle offre une qualit\u00e9 d&rsquo;image 4K exceptionnelle dans un format compact et l\u00e9ger. Gr\u00e2ce \u00e0 son syst\u00e8me de montage magn\u00e9tique et ses nombreux accessoires, elle peut \u00eatre fix\u00e9e n&rsquo;importe o\u00f9 pour capturer des angles cr\u00e9atifs et des plans POV en mains libres. L&rsquo;Action Pod multifonctionnel permet de recharger la cam\u00e9ra, de la contr\u00f4ler \u00e0 distance et de visualiser les enregistrements en direct sur un grand \u00e9cran tactile rabattable. Robuste et \u00e9tanche jusqu&rsquo;\u00e0 10 m\u00e8tres, la GO 3S est id\u00e9ale pour toutes vos aventures. De plus, elle est compatible avec Apple Find My pour la retrouver facilement. Avec des fonctionnalit\u00e9s avanc\u00e9es comme la stabilisation FlowState et l&rsquo;\u00e9dition automatique par IA, la GO 3S est con\u00e7ue pour capturer et partager vos moments les plus pr\u00e9cieux avec une clart\u00e9 et une nettet\u00e9 exceptionnelles.<\/p>\n","protected":false},"featured_media":2059,"comment_status":"open","ping_status":"closed","template":"","meta":{"_gspb_post_css":""},"store":[240],"product_brand":[],"product_cat":[80],"product_tag":[],"class_list":{"0":"post-2058","1":"product","2":"type-product","3":"status-publish","4":"has-post-thumbnail","6":"store-insta-360","7":"product_cat-camera-photo","9":"first","10":"instock","11":"shipping-taxable","12":"product-type-external"},"yoast_head":"<!-- This site is optimized with the Yoast SEO plugin v27.5 - https:\/\/yoast.com\/product\/yoast-seo-wordpress\/ -->\n<title>Insta360 GO 3S - Braindegeek<\/title>\n<meta name=\"description\" content=\"La cam\u00e9ra Insta360 GO 3S est une petite cam\u00e9ra dot\u00e9e d&#039;un \u00e9norme potentiel. Compatible avec l&#039;Action Pod de la GO 3\" \/>\n<meta name=\"robots\" content=\"index, follow, max-snippet:-1, max-image-preview:large, max-video-preview:-1\" \/>\n<link rel=\"canonical\" href=\"http:\/\/braindegeek.shop\/index.php\/produit\/insta360-go-3s\/\" \/>\n<meta property=\"og:locale\" content=\"fr_FR\" \/>\n<meta property=\"og:type\" content=\"article\" \/>\n<meta property=\"og:title\" content=\"Insta360 GO 3S - Braindegeek\" \/>\n<meta property=\"og:description\" content=\"La cam\u00e9ra Insta360 GO 3S est une petite cam\u00e9ra dot\u00e9e d&#039;un \u00e9norme potentiel. Compatible avec l&#039;Action Pod de la GO 3\" \/>\n<meta property=\"og:url\" content=\"http:\/\/braindegeek.shop\/index.php\/produit\/insta360-go-3s\/\" \/>\n<meta property=\"og:site_name\" content=\"Braindegeek\" \/>\n<meta property=\"article:publisher\" content=\"https:\/\/www.facebook.com\/BrainDeGeek\/\" \/>\n<meta property=\"article:modified_time\" content=\"2024-06-24T09:45:42+00:00\" \/>\n<meta property=\"og:image\" content=\"http:\/\/braindegeek.shop\/wp-content\/uploads\/2024\/06\/Insta360-GO-3S.png\" \/>\n\t<meta property=\"og:image:width\" content=\"500\" \/>\n\t<meta property=\"og:image:height\" content=\"500\" \/>\n\t<meta property=\"og:image:type\" content=\"image\/png\" \/>\n<meta name=\"twitter:card\" content=\"summary_large_image\" \/>\n<meta name=\"twitter:site\" content=\"@braindegeek\" \/>\n<meta name=\"twitter:label1\" content=\"Dur\u00e9e de lecture estim\u00e9e\" \/>\n\t<meta name=\"twitter:data1\" content=\"3 minutes\" \/>\n<script type=\"application\/ld+json\" class=\"yoast-schema-graph\">{\"@context\":\"https:\\\/\\\/schema.org\",\"@graph\":[{\"@type\":\"WebPage\",\"@id\":\"http:\\\/\\\/braindegeek.shop\\\/index.php\\\/produit\\\/insta360-go-3s\\\/\",\"url\":\"http:\\\/\\\/braindegeek.shop\\\/index.php\\\/produit\\\/insta360-go-3s\\\/\",\"name\":\"Insta360 GO 3S - Braindegeek\",\"isPartOf\":{\"@id\":\"https:\\\/\\\/braindegeek.shop\\\/#website\"},\"primaryImageOfPage\":{\"@id\":\"http:\\\/\\\/braindegeek.shop\\\/index.php\\\/produit\\\/insta360-go-3s\\\/#primaryimage\"},\"image\":{\"@id\":\"http:\\\/\\\/braindegeek.shop\\\/index.php\\\/produit\\\/insta360-go-3s\\\/#primaryimage\"},\"thumbnailUrl\":\"http:\\\/\\\/braindegeek.shop\\\/wp-content\\\/uploads\\\/2024\\\/06\\\/Insta360-GO-3S.png\",\"datePublished\":\"2024-06-13T13:32:15+00:00\",\"dateModified\":\"2024-06-24T09:45:42+00:00\",\"description\":\"La cam\u00e9ra Insta360 GO 3S est une petite cam\u00e9ra dot\u00e9e d'un \u00e9norme potentiel. Compatible avec l'Action Pod de la GO 3\",\"breadcrumb\":{\"@id\":\"http:\\\/\\\/braindegeek.shop\\\/index.php\\\/produit\\\/insta360-go-3s\\\/#breadcrumb\"},\"inLanguage\":\"fr-FR\",\"potentialAction\":[{\"@type\":\"ReadAction\",\"target\":[\"http:\\\/\\\/braindegeek.shop\\\/index.php\\\/produit\\\/insta360-go-3s\\\/\"]}]},{\"@type\":\"ImageObject\",\"inLanguage\":\"fr-FR\",\"@id\":\"http:\\\/\\\/braindegeek.shop\\\/index.php\\\/produit\\\/insta360-go-3s\\\/#primaryimage\",\"url\":\"http:\\\/\\\/braindegeek.shop\\\/wp-content\\\/uploads\\\/2024\\\/06\\\/Insta360-GO-3S.png\",\"contentUrl\":\"http:\\\/\\\/braindegeek.shop\\\/wp-content\\\/uploads\\\/2024\\\/06\\\/Insta360-GO-3S.png\",\"width\":500,\"height\":500,\"caption\":\"Insta360 GO 3S\"},{\"@type\":\"BreadcrumbList\",\"@id\":\"http:\\\/\\\/braindegeek.shop\\\/index.php\\\/produit\\\/insta360-go-3s\\\/#breadcrumb\",\"itemListElement\":[{\"@type\":\"ListItem\",\"position\":1,\"name\":\"Accueil\",\"item\":\"https:\\\/\\\/braindegeek.shop\\\/\"},{\"@type\":\"ListItem\",\"position\":2,\"name\":\"Boutique\",\"item\":\"http:\\\/\\\/braindegeek.shop\\\/index.php\\\/boutique\\\/\"},{\"@type\":\"ListItem\",\"position\":3,\"name\":\"Insta360 GO 3S\"}]},{\"@type\":\"WebSite\",\"@id\":\"https:\\\/\\\/braindegeek.shop\\\/#website\",\"url\":\"https:\\\/\\\/braindegeek.shop\\\/\",\"name\":\"Braindegeek, votre guide d'achat pour les produits high-tech\",\"description\":\"Votre guide d&#039;achat pour vos produits high-tech : robots aspirateurs, tondeuse, piscine et autres nouvelles technologies\",\"publisher\":{\"@id\":\"https:\\\/\\\/braindegeek.shop\\\/#organization\"},\"potentialAction\":[{\"@type\":\"SearchAction\",\"target\":{\"@type\":\"EntryPoint\",\"urlTemplate\":\"https:\\\/\\\/braindegeek.shop\\\/?s={search_term_string}\"},\"query-input\":{\"@type\":\"PropertyValueSpecification\",\"valueRequired\":true,\"valueName\":\"search_term_string\"}}],\"inLanguage\":\"fr-FR\"},{\"@type\":\"Organization\",\"@id\":\"https:\\\/\\\/braindegeek.shop\\\/#organization\",\"name\":\"Braindegeek, votre guide d'achat pour les produits high-tech\",\"url\":\"https:\\\/\\\/braindegeek.shop\\\/\",\"logo\":{\"@type\":\"ImageObject\",\"inLanguage\":\"fr-FR\",\"@id\":\"https:\\\/\\\/braindegeek.shop\\\/#\\\/schema\\\/logo\\\/image\\\/\",\"url\":\"http:\\\/\\\/braindegeek.shop\\\/wp-content\\\/uploads\\\/2024\\\/05\\\/bdg-1.png\",\"contentUrl\":\"http:\\\/\\\/braindegeek.shop\\\/wp-content\\\/uploads\\\/2024\\\/05\\\/bdg-1.png\",\"width\":150,\"height\":150,\"caption\":\"Braindegeek, votre guide d'achat pour les produits high-tech\"},\"image\":{\"@id\":\"https:\\\/\\\/braindegeek.shop\\\/#\\\/schema\\\/logo\\\/image\\\/\"},\"sameAs\":[\"https:\\\/\\\/www.facebook.com\\\/BrainDeGeek\\\/\",\"https:\\\/\\\/x.com\\\/braindegeek\",\"https:\\\/\\\/www.tiktok.com\\\/@braindegeek\",\"https:\\\/\\\/www.youtube.com\\\/braindegeek\"]}]}<\/script>\n<!-- \/ Yoast SEO plugin. -->","yoast_head_json":{"title":"Insta360 GO 3S - Braindegeek","description":"La cam\u00e9ra Insta360 GO 3S est une petite cam\u00e9ra dot\u00e9e d'un \u00e9norme potentiel. Compatible avec l'Action Pod de la GO 3","robots":{"index":"index","follow":"follow","max-snippet":"max-snippet:-1","max-image-preview":"max-image-preview:large","max-video-preview":"max-video-preview:-1"},"canonical":"http:\/\/braindegeek.shop\/index.php\/produit\/insta360-go-3s\/","og_locale":"fr_FR","og_type":"article","og_title":"Insta360 GO 3S - Braindegeek","og_description":"La cam\u00e9ra Insta360 GO 3S est une petite cam\u00e9ra dot\u00e9e d'un \u00e9norme potentiel. Compatible avec l'Action Pod de la GO 3","og_url":"http:\/\/braindegeek.shop\/index.php\/produit\/insta360-go-3s\/","og_site_name":"Braindegeek","article_publisher":"https:\/\/www.facebook.com\/BrainDeGeek\/","article_modified_time":"2024-06-24T09:45:42+00:00","og_image":[{"width":500,"height":500,"url":"http:\/\/braindegeek.shop\/wp-content\/uploads\/2024\/06\/Insta360-GO-3S.png","type":"image\/png"}],"twitter_card":"summary_large_image","twitter_site":"@braindegeek","twitter_misc":{"Dur\u00e9e de lecture estim\u00e9e":"3 minutes"},"schema":{"@context":"https:\/\/schema.org","@graph":[{"@type":"WebPage","@id":"http:\/\/braindegeek.shop\/index.php\/produit\/insta360-go-3s\/","url":"http:\/\/braindegeek.shop\/index.php\/produit\/insta360-go-3s\/","name":"Insta360 GO 3S - Braindegeek","isPartOf":{"@id":"https:\/\/braindegeek.shop\/#website"},"primaryImageOfPage":{"@id":"http:\/\/braindegeek.shop\/index.php\/produit\/insta360-go-3s\/#primaryimage"},"image":{"@id":"http:\/\/braindegeek.shop\/index.php\/produit\/insta360-go-3s\/#primaryimage"},"thumbnailUrl":"http:\/\/braindegeek.shop\/wp-content\/uploads\/2024\/06\/Insta360-GO-3S.png","datePublished":"2024-06-13T13:32:15+00:00","dateModified":"2024-06-24T09:45:42+00:00","description":"La cam\u00e9ra Insta360 GO 3S est une petite cam\u00e9ra dot\u00e9e d'un \u00e9norme potentiel. Compatible avec l'Action Pod de la GO 3","breadcrumb":{"@id":"http:\/\/braindegeek.shop\/index.php\/produit\/insta360-go-3s\/#breadcrumb"},"inLanguage":"fr-FR","potentialAction":[{"@type":"ReadAction","target":["http:\/\/braindegeek.shop\/index.php\/produit\/insta360-go-3s\/"]}]},{"@type":"ImageObject","inLanguage":"fr-FR","@id":"http:\/\/braindegeek.shop\/index.php\/produit\/insta360-go-3s\/#primaryimage","url":"http:\/\/braindegeek.shop\/wp-content\/uploads\/2024\/06\/Insta360-GO-3S.png","contentUrl":"http:\/\/braindegeek.shop\/wp-content\/uploads\/2024\/06\/Insta360-GO-3S.png","width":500,"height":500,"caption":"Insta360 GO 3S"},{"@type":"BreadcrumbList","@id":"http:\/\/braindegeek.shop\/index.php\/produit\/insta360-go-3s\/#breadcrumb","itemListElement":[{"@type":"ListItem","position":1,"name":"Accueil","item":"https:\/\/braindegeek.shop\/"},{"@type":"ListItem","position":2,"name":"Boutique","item":"http:\/\/braindegeek.shop\/index.php\/boutique\/"},{"@type":"ListItem","position":3,"name":"Insta360 GO 3S"}]},{"@type":"WebSite","@id":"https:\/\/braindegeek.shop\/#website","url":"https:\/\/braindegeek.shop\/","name":"Braindegeek, votre guide d'achat pour les produits high-tech","description":"Votre guide d&#039;achat pour vos produits high-tech : robots aspirateurs, tondeuse, piscine et autres nouvelles technologies","publisher":{"@id":"https:\/\/braindegeek.shop\/#organization"},"potentialAction":[{"@type":"SearchAction","target":{"@type":"EntryPoint","urlTemplate":"https:\/\/braindegeek.shop\/?s={search_term_string}"},"query-input":{"@type":"PropertyValueSpecification","valueRequired":true,"valueName":"search_term_string"}}],"inLanguage":"fr-FR"},{"@type":"Organization","@id":"https:\/\/braindegeek.shop\/#organization","name":"Braindegeek, votre guide d'achat pour les produits high-tech","url":"https:\/\/braindegeek.shop\/","logo":{"@type":"ImageObject","inLanguage":"fr-FR","@id":"https:\/\/braindegeek.shop\/#\/schema\/logo\/image\/","url":"http:\/\/braindegeek.shop\/wp-content\/uploads\/2024\/05\/bdg-1.png","contentUrl":"http:\/\/braindegeek.shop\/wp-content\/uploads\/2024\/05\/bdg-1.png","width":150,"height":150,"caption":"Braindegeek, votre guide d'achat pour les produits high-tech"},"image":{"@id":"https:\/\/braindegeek.shop\/#\/schema\/logo\/image\/"},"sameAs":["https:\/\/www.facebook.com\/BrainDeGeek\/","https:\/\/x.com\/braindegeek","https:\/\/www.tiktok.com\/@braindegeek","https:\/\/www.youtube.com\/braindegeek"]}]}},"jetpack_sharing_enabled":true,"_links":{"self":[{"href":"http:\/\/braindegeek.shop\/index.php\/wp-json\/wp\/v2\/product\/2058","targetHints":{"allow":["GET"]}}],"collection":[{"href":"http:\/\/braindegeek.shop\/index.php\/wp-json\/wp\/v2\/product"}],"about":[{"href":"http:\/\/braindegeek.shop\/index.php\/wp-json\/wp\/v2\/types\/product"}],"replies":[{"embeddable":true,"href":"http:\/\/braindegeek.shop\/index.php\/wp-json\/wp\/v2\/comments?post=2058"}],"wp:featuredmedia":[{"embeddable":true,"href":"http:\/\/braindegeek.shop\/index.php\/wp-json\/wp\/v2\/media\/2059"}],"wp:attachment":[{"href":"http:\/\/braindegeek.shop\/index.php\/wp-json\/wp\/v2\/media?parent=2058"}],"wp:term":[{"taxonomy":"store","embeddable":true,"href":"http:\/\/braindegeek.shop\/index.php\/wp-json\/wp\/v2\/store?post=2058"},{"taxonomy":"product_brand","embeddable":true,"href":"http:\/\/braindegeek.shop\/index.php\/wp-json\/wp\/v2\/product_brand?post=2058"},{"taxonomy":"product_cat","embeddable":true,"href":"http:\/\/braindegeek.shop\/index.php\/wp-json\/wp\/v2\/product_cat?post=2058"},{"taxonomy":"product_tag","embeddable":true,"href":"http:\/\/braindegeek.shop\/index.php\/wp-json\/wp\/v2\/product_tag?post=2058"}],"curies":[{"name":"wp","href":"https:\/\/api.w.org\/{rel}","templated":true}]}}