{"id":2056,"date":"2024-06-13T14:11:08","date_gmt":"2024-06-13T12:11:08","guid":{"rendered":"https:\/\/braindegeek.shop\/?post_type=product&#038;p=2056"},"modified":"2025-01-30T10:03:10","modified_gmt":"2025-01-30T09:03:10","slug":"aiper-scuba-s1-pro-robot-piscine","status":"publish","type":"product","link":"http:\/\/braindegeek.shop\/index.php\/produit\/aiper-scuba-s1-pro-robot-piscine\/","title":{"rendered":"AIPER Scuba S1 Pro Robot Piscine"},"content":{"rendered":"<h3>Performance de nettoyage haut de gamme<\/h3>\n<p>Con\u00e7u pour les t\u00e2ches de nettoyage les plus difficiles, l\u2019Aiper Scuba S1 Pro est le pack de nettoyage complet et haut de gamme qu\u2019il vous faut. Le syst\u00e8me de filtration \u00e0 deux couches, combin\u00e9 aux quatre moteurs sans balais, offre une puissance accrue pour le brossage et l\u2019aspiration, capable de ramasser et entreposer des d\u00e9bris jusqu\u2019\u00e0 3 microns dans le grand panier \u00e0 d\u00e9bris de 5 litres.<\/p>\n<p><iframe title=\"Aiper Scuba S1 Pro : Transformez votre exp\u00e9rience de nettoyage de piscine !\" width=\"840\" height=\"473\" src=\"https:\/\/www.youtube.com\/embed\/hcrtrXQhiro?feature=oembed\" frameborder=\"0\" allow=\"accelerometer; autoplay; clipboard-write; encrypted-media; gyroscope; picture-in-picture; web-share\" referrerpolicy=\"strict-origin-when-cross-origin\" allowfullscreen><\/iframe><\/p>\n<h3>Caract\u00e9ristiques Techniques<\/h3>\n<ul>\n<li><strong>Puissance d\u2019aspiration<\/strong>: 100GPM (379LPM)<\/li>\n<li><strong>Filtre principal<\/strong>: 180\u00b5m<\/li>\n<li><strong>Filtre secondaire<\/strong>: 3\u00b5m<\/li>\n<li><strong>Capacit\u00e9 du panier filtrant<\/strong>: 5 litres<\/li>\n<li><strong>Technologie de nettoyage horizontal de la ligne d\u2019eau<\/strong>: Assure une propret\u00e9 optimale de chaque centim\u00e8tre de votre piscine.<\/li>\n<li><strong>Capacit\u00e9 de nettoyage<\/strong>: Jusqu\u2019\u00e0 2150 pieds carr\u00e9s (200 m\u00b2)<\/li>\n<li><strong>Longueur maximale de piscine<\/strong>: 66 pieds (20 m)<\/li>\n<\/ul>\n<h3>Technologie et Design<\/h3>\n<ul>\n<li><strong>Moteurs<\/strong>: 2 x Entra\u00eenement (Sans Balai), 2 x Pompe (Sans Balai)<\/li>\n<li><strong>Type de brossage<\/strong>: Aspiration et Rouleaux PVC Avant &amp; Arri\u00e8re Actifs<\/li>\n<li><strong>Mobilit\u00e9<\/strong>: Caterpillar Tread pour une mobilit\u00e9 sup\u00e9rieure, capable de grimper des pentes de 90\u00b0\u00b115\u00b0<\/li>\n<li><strong>\u00c9vitement infrarouge des obstacles<\/strong>: Quatre capteurs infrarouges pour une navigation optimis\u00e9e et un nettoyage efficace.<\/li>\n<\/ul>\n<h3>Modes de Nettoyage<\/h3>\n<ol>\n<li><strong>Nettoyage du sol<\/strong><\/li>\n<li><strong>Nettoyage de la paroi<\/strong><\/li>\n<li><strong>Sol + Paroi<\/strong><\/li>\n<li><strong>Nettoyage p\u00e9riodique<\/strong><\/li>\n<li><strong>Nettoyage de la ligne d&rsquo;eau<\/strong><\/li>\n<\/ol>\n<h3>Fonctionnalit\u00e9s Avanc\u00e9es<\/h3>\n<ul>\n<li><strong>Technologie WaveLine<\/strong>: \u00c9limine jusqu&rsquo;\u00e0 99% des huiles, du calcaire et des algues.<\/li>\n<li><strong>Modes de nettoyage sp\u00e9cifiques<\/strong>: Auto, \u00c9co (nettoie pendant 45 min toutes les 48h), Ligne d&rsquo;eau, Sol uniquement, et Mur uniquement.<\/li>\n<li><strong>Capteurs infrarouges<\/strong>: Pour l\u2019\u00e9vitement des obstacles et l\u2019ajustement en temps r\u00e9el du sch\u00e9ma de nettoyage.<\/li>\n<\/ul>\n<h3>Avantages<\/h3>\n<ul>\n<li><strong>Grande capacit\u00e9 de filtration<\/strong>: Avec un panier filtrant de 5 litres, le Scuba S1 Pro n\u00e9cessite moins d&rsquo;entretien, offrant une exp\u00e9rience de nettoyage sans souci.<\/li>\n<li><strong>Performance de brossage et d&rsquo;aspiration<\/strong>: Quatre moteurs sans balais pour une puissance optimale.<\/li>\n<li><strong>Technologie de pointe<\/strong>: Capteurs infrarouges et contr\u00f4le de flux pour un nettoyage impeccable.<\/li>\n<\/ul>\n<h3>Id\u00e9al pour<\/h3>\n<ul>\n<li><strong>Types de piscines<\/strong>: Grandes piscines enterr\u00e9es<\/li>\n<li><strong>Surface maximale de nettoyage<\/strong>: 2150 sq.ft (200 m\u00b2)<\/li>\n<li><strong>Longueur maximale de piscine<\/strong>: 66 pieds (20 m)<\/li>\n<\/ul>\n<p>L&rsquo;Aiper Scuba S1 Pro est con\u00e7u pour offrir une exp\u00e9rience de nettoyage compl\u00e8te et sans effort, garantissant une piscine impeccable gr\u00e2ce \u00e0 sa technologie avanc\u00e9e et \u00e0 sa grande capacit\u00e9 de filtration.<\/p>\n","protected":false},"excerpt":{"rendered":"<p>L&rsquo;Aiper Scuba S1 Pro est un nettoyeur de piscine haut de gamme con\u00e7u pour les t\u00e2ches de nettoyage les plus exigeantes. Dot\u00e9 d&rsquo;un syst\u00e8me de filtration \u00e0 deux couches et de quatre moteurs sans balais, il offre une puissance exceptionnelle pour le brossage et l\u2019aspiration, capturant des d\u00e9bris jusqu\u2019\u00e0 3 microns dans un grand panier de 5 litres. Il convient parfaitement aux grandes piscines enterr\u00e9es, avec une capacit\u00e9 de nettoyage de 2150 sq.ft (200 m\u00b2) et une longueur maximale de 66 pieds (20 m). Ses fonctionnalit\u00e9s avanc\u00e9es incluent des capteurs infrarouges pour l&rsquo;\u00e9vitement des obstacles, une technologie de nettoyage horizontal de la ligne d&rsquo;eau, et cinq modes de nettoyage pour une flexibilit\u00e9 optimale. Le Scuba S1 Pro assure un nettoyage complet, de haut en bas, avec une mobilit\u00e9 sup\u00e9rieure et un entretien r\u00e9duit.<\/p>\n","protected":false},"featured_media":2070,"comment_status":"open","ping_status":"closed","template":"","meta":{"_gspb_post_css":""},"store":[269],"product_brand":[],"product_cat":[247],"product_tag":[],"class_list":{"0":"post-2056","1":"product","2":"type-product","3":"status-publish","4":"has-post-thumbnail","6":"store-aiper","7":"product_cat-robot-piscine","9":"first","10":"instock","11":"sale","12":"shipping-taxable","13":"product-type-external"},"yoast_head":"<!-- This site is optimized with the Yoast SEO plugin v27.5 - https:\/\/yoast.com\/product\/yoast-seo-wordpress\/ -->\n<title>AIPER Scuba S1 Pro Robot Piscine - Braindegeek<\/title>\n<meta name=\"description\" content=\"L&#039;Aiper Scuba S1 Pro est un nettoyeur de piscine haut de gamme con\u00e7u pour les t\u00e2ches de nettoyage les plus exigeantes. Dot\u00e9 d&#039;un syst\u00e8me de filtration \u00e0 deux couches\" \/>\n<meta name=\"robots\" content=\"index, follow, max-snippet:-1, max-image-preview:large, max-video-preview:-1\" \/>\n<link rel=\"canonical\" href=\"http:\/\/braindegeek.shop\/index.php\/produit\/aiper-scuba-s1-pro-robot-piscine\/\" \/>\n<meta property=\"og:locale\" content=\"fr_FR\" \/>\n<meta property=\"og:type\" content=\"article\" \/>\n<meta property=\"og:title\" content=\"AIPER Scuba S1 Pro Robot Piscine - Braindegeek\" \/>\n<meta property=\"og:description\" content=\"L&#039;Aiper Scuba S1 Pro est un nettoyeur de piscine haut de gamme con\u00e7u pour les t\u00e2ches de nettoyage les plus exigeantes. Dot\u00e9 d&#039;un syst\u00e8me de filtration \u00e0 deux couches\" \/>\n<meta property=\"og:url\" content=\"http:\/\/braindegeek.shop\/index.php\/produit\/aiper-scuba-s1-pro-robot-piscine\/\" \/>\n<meta property=\"og:site_name\" content=\"Braindegeek\" \/>\n<meta property=\"article:publisher\" content=\"https:\/\/www.facebook.com\/BrainDeGeek\/\" \/>\n<meta property=\"article:modified_time\" content=\"2025-01-30T09:03:10+00:00\" \/>\n<meta property=\"og:image\" content=\"http:\/\/braindegeek.shop\/wp-content\/uploads\/2024\/06\/Aiper-Scuba-S1-Pro.png\" \/>\n\t<meta property=\"og:image:width\" content=\"500\" \/>\n\t<meta property=\"og:image:height\" content=\"500\" \/>\n\t<meta property=\"og:image:type\" content=\"image\/png\" \/>\n<meta name=\"twitter:card\" content=\"summary_large_image\" \/>\n<meta name=\"twitter:site\" content=\"@braindegeek\" \/>\n<meta name=\"twitter:label1\" content=\"Dur\u00e9e de lecture estim\u00e9e\" \/>\n\t<meta name=\"twitter:data1\" content=\"3 minutes\" \/>\n<script type=\"application\/ld+json\" class=\"yoast-schema-graph\">{\"@context\":\"https:\\\/\\\/schema.org\",\"@graph\":[{\"@type\":\"WebPage\",\"@id\":\"http:\\\/\\\/braindegeek.shop\\\/index.php\\\/produit\\\/aiper-scuba-s1-pro-robot-piscine\\\/\",\"url\":\"http:\\\/\\\/braindegeek.shop\\\/index.php\\\/produit\\\/aiper-scuba-s1-pro-robot-piscine\\\/\",\"name\":\"AIPER Scuba S1 Pro Robot Piscine - Braindegeek\",\"isPartOf\":{\"@id\":\"https:\\\/\\\/braindegeek.shop\\\/#website\"},\"primaryImageOfPage\":{\"@id\":\"http:\\\/\\\/braindegeek.shop\\\/index.php\\\/produit\\\/aiper-scuba-s1-pro-robot-piscine\\\/#primaryimage\"},\"image\":{\"@id\":\"http:\\\/\\\/braindegeek.shop\\\/index.php\\\/produit\\\/aiper-scuba-s1-pro-robot-piscine\\\/#primaryimage\"},\"thumbnailUrl\":\"http:\\\/\\\/braindegeek.shop\\\/wp-content\\\/uploads\\\/2024\\\/06\\\/Aiper-Scuba-S1-Pro.png\",\"datePublished\":\"2024-06-13T12:11:08+00:00\",\"dateModified\":\"2025-01-30T09:03:10+00:00\",\"description\":\"L'Aiper Scuba S1 Pro est un nettoyeur de piscine haut de gamme con\u00e7u pour les t\u00e2ches de nettoyage les plus exigeantes. Dot\u00e9 d'un syst\u00e8me de filtration \u00e0 deux couches\",\"breadcrumb\":{\"@id\":\"http:\\\/\\\/braindegeek.shop\\\/index.php\\\/produit\\\/aiper-scuba-s1-pro-robot-piscine\\\/#breadcrumb\"},\"inLanguage\":\"fr-FR\",\"potentialAction\":[{\"@type\":\"ReadAction\",\"target\":[\"http:\\\/\\\/braindegeek.shop\\\/index.php\\\/produit\\\/aiper-scuba-s1-pro-robot-piscine\\\/\"]}]},{\"@type\":\"ImageObject\",\"inLanguage\":\"fr-FR\",\"@id\":\"http:\\\/\\\/braindegeek.shop\\\/index.php\\\/produit\\\/aiper-scuba-s1-pro-robot-piscine\\\/#primaryimage\",\"url\":\"http:\\\/\\\/braindegeek.shop\\\/wp-content\\\/uploads\\\/2024\\\/06\\\/Aiper-Scuba-S1-Pro.png\",\"contentUrl\":\"http:\\\/\\\/braindegeek.shop\\\/wp-content\\\/uploads\\\/2024\\\/06\\\/Aiper-Scuba-S1-Pro.png\",\"width\":500,\"height\":500,\"caption\":\"Aiper Scuba S1 Pro\"},{\"@type\":\"BreadcrumbList\",\"@id\":\"http:\\\/\\\/braindegeek.shop\\\/index.php\\\/produit\\\/aiper-scuba-s1-pro-robot-piscine\\\/#breadcrumb\",\"itemListElement\":[{\"@type\":\"ListItem\",\"position\":1,\"name\":\"Accueil\",\"item\":\"https:\\\/\\\/braindegeek.shop\\\/\"},{\"@type\":\"ListItem\",\"position\":2,\"name\":\"Boutique\",\"item\":\"http:\\\/\\\/braindegeek.shop\\\/index.php\\\/boutique\\\/\"},{\"@type\":\"ListItem\",\"position\":3,\"name\":\"AIPER Scuba S1 Pro Robot Piscine\"}]},{\"@type\":\"WebSite\",\"@id\":\"https:\\\/\\\/braindegeek.shop\\\/#website\",\"url\":\"https:\\\/\\\/braindegeek.shop\\\/\",\"name\":\"Braindegeek, votre guide d'achat pour les produits high-tech\",\"description\":\"Votre guide d&#039;achat pour vos produits high-tech : robots aspirateurs, tondeuse, piscine et autres nouvelles technologies\",\"publisher\":{\"@id\":\"https:\\\/\\\/braindegeek.shop\\\/#organization\"},\"potentialAction\":[{\"@type\":\"SearchAction\",\"target\":{\"@type\":\"EntryPoint\",\"urlTemplate\":\"https:\\\/\\\/braindegeek.shop\\\/?s={search_term_string}\"},\"query-input\":{\"@type\":\"PropertyValueSpecification\",\"valueRequired\":true,\"valueName\":\"search_term_string\"}}],\"inLanguage\":\"fr-FR\"},{\"@type\":\"Organization\",\"@id\":\"https:\\\/\\\/braindegeek.shop\\\/#organization\",\"name\":\"Braindegeek, votre guide d'achat pour les produits high-tech\",\"url\":\"https:\\\/\\\/braindegeek.shop\\\/\",\"logo\":{\"@type\":\"ImageObject\",\"inLanguage\":\"fr-FR\",\"@id\":\"https:\\\/\\\/braindegeek.shop\\\/#\\\/schema\\\/logo\\\/image\\\/\",\"url\":\"http:\\\/\\\/braindegeek.shop\\\/wp-content\\\/uploads\\\/2024\\\/05\\\/bdg-1.png\",\"contentUrl\":\"http:\\\/\\\/braindegeek.shop\\\/wp-content\\\/uploads\\\/2024\\\/05\\\/bdg-1.png\",\"width\":150,\"height\":150,\"caption\":\"Braindegeek, votre guide d'achat pour les produits high-tech\"},\"image\":{\"@id\":\"https:\\\/\\\/braindegeek.shop\\\/#\\\/schema\\\/logo\\\/image\\\/\"},\"sameAs\":[\"https:\\\/\\\/www.facebook.com\\\/BrainDeGeek\\\/\",\"https:\\\/\\\/x.com\\\/braindegeek\",\"https:\\\/\\\/www.tiktok.com\\\/@braindegeek\",\"https:\\\/\\\/www.youtube.com\\\/braindegeek\"]}]}<\/script>\n<!-- \/ Yoast SEO plugin. -->","yoast_head_json":{"title":"AIPER Scuba S1 Pro Robot Piscine - Braindegeek","description":"L'Aiper Scuba S1 Pro est un nettoyeur de piscine haut de gamme con\u00e7u pour les t\u00e2ches de nettoyage les plus exigeantes. Dot\u00e9 d'un syst\u00e8me de filtration \u00e0 deux couches","robots":{"index":"index","follow":"follow","max-snippet":"max-snippet:-1","max-image-preview":"max-image-preview:large","max-video-preview":"max-video-preview:-1"},"canonical":"http:\/\/braindegeek.shop\/index.php\/produit\/aiper-scuba-s1-pro-robot-piscine\/","og_locale":"fr_FR","og_type":"article","og_title":"AIPER Scuba S1 Pro Robot Piscine - Braindegeek","og_description":"L'Aiper Scuba S1 Pro est un nettoyeur de piscine haut de gamme con\u00e7u pour les t\u00e2ches de nettoyage les plus exigeantes. Dot\u00e9 d'un syst\u00e8me de filtration \u00e0 deux couches","og_url":"http:\/\/braindegeek.shop\/index.php\/produit\/aiper-scuba-s1-pro-robot-piscine\/","og_site_name":"Braindegeek","article_publisher":"https:\/\/www.facebook.com\/BrainDeGeek\/","article_modified_time":"2025-01-30T09:03:10+00:00","og_image":[{"width":500,"height":500,"url":"http:\/\/braindegeek.shop\/wp-content\/uploads\/2024\/06\/Aiper-Scuba-S1-Pro.png","type":"image\/png"}],"twitter_card":"summary_large_image","twitter_site":"@braindegeek","twitter_misc":{"Dur\u00e9e de lecture estim\u00e9e":"3 minutes"},"schema":{"@context":"https:\/\/schema.org","@graph":[{"@type":"WebPage","@id":"http:\/\/braindegeek.shop\/index.php\/produit\/aiper-scuba-s1-pro-robot-piscine\/","url":"http:\/\/braindegeek.shop\/index.php\/produit\/aiper-scuba-s1-pro-robot-piscine\/","name":"AIPER Scuba S1 Pro Robot Piscine - Braindegeek","isPartOf":{"@id":"https:\/\/braindegeek.shop\/#website"},"primaryImageOfPage":{"@id":"http:\/\/braindegeek.shop\/index.php\/produit\/aiper-scuba-s1-pro-robot-piscine\/#primaryimage"},"image":{"@id":"http:\/\/braindegeek.shop\/index.php\/produit\/aiper-scuba-s1-pro-robot-piscine\/#primaryimage"},"thumbnailUrl":"http:\/\/braindegeek.shop\/wp-content\/uploads\/2024\/06\/Aiper-Scuba-S1-Pro.png","datePublished":"2024-06-13T12:11:08+00:00","dateModified":"2025-01-30T09:03:10+00:00","description":"L'Aiper Scuba S1 Pro est un nettoyeur de piscine haut de gamme con\u00e7u pour les t\u00e2ches de nettoyage les plus exigeantes. Dot\u00e9 d'un syst\u00e8me de filtration \u00e0 deux couches","breadcrumb":{"@id":"http:\/\/braindegeek.shop\/index.php\/produit\/aiper-scuba-s1-pro-robot-piscine\/#breadcrumb"},"inLanguage":"fr-FR","potentialAction":[{"@type":"ReadAction","target":["http:\/\/braindegeek.shop\/index.php\/produit\/aiper-scuba-s1-pro-robot-piscine\/"]}]},{"@type":"ImageObject","inLanguage":"fr-FR","@id":"http:\/\/braindegeek.shop\/index.php\/produit\/aiper-scuba-s1-pro-robot-piscine\/#primaryimage","url":"http:\/\/braindegeek.shop\/wp-content\/uploads\/2024\/06\/Aiper-Scuba-S1-Pro.png","contentUrl":"http:\/\/braindegeek.shop\/wp-content\/uploads\/2024\/06\/Aiper-Scuba-S1-Pro.png","width":500,"height":500,"caption":"Aiper Scuba S1 Pro"},{"@type":"BreadcrumbList","@id":"http:\/\/braindegeek.shop\/index.php\/produit\/aiper-scuba-s1-pro-robot-piscine\/#breadcrumb","itemListElement":[{"@type":"ListItem","position":1,"name":"Accueil","item":"https:\/\/braindegeek.shop\/"},{"@type":"ListItem","position":2,"name":"Boutique","item":"http:\/\/braindegeek.shop\/index.php\/boutique\/"},{"@type":"ListItem","position":3,"name":"AIPER Scuba S1 Pro Robot Piscine"}]},{"@type":"WebSite","@id":"https:\/\/braindegeek.shop\/#website","url":"https:\/\/braindegeek.shop\/","name":"Braindegeek, votre guide d'achat pour les produits high-tech","description":"Votre guide d&#039;achat pour vos produits high-tech : robots aspirateurs, tondeuse, piscine et autres nouvelles technologies","publisher":{"@id":"https:\/\/braindegeek.shop\/#organization"},"potentialAction":[{"@type":"SearchAction","target":{"@type":"EntryPoint","urlTemplate":"https:\/\/braindegeek.shop\/?s={search_term_string}"},"query-input":{"@type":"PropertyValueSpecification","valueRequired":true,"valueName":"search_term_string"}}],"inLanguage":"fr-FR"},{"@type":"Organization","@id":"https:\/\/braindegeek.shop\/#organization","name":"Braindegeek, votre guide d'achat pour les produits high-tech","url":"https:\/\/braindegeek.shop\/","logo":{"@type":"ImageObject","inLanguage":"fr-FR","@id":"https:\/\/braindegeek.shop\/#\/schema\/logo\/image\/","url":"http:\/\/braindegeek.shop\/wp-content\/uploads\/2024\/05\/bdg-1.png","contentUrl":"http:\/\/braindegeek.shop\/wp-content\/uploads\/2024\/05\/bdg-1.png","width":150,"height":150,"caption":"Braindegeek, votre guide d'achat pour les produits high-tech"},"image":{"@id":"https:\/\/braindegeek.shop\/#\/schema\/logo\/image\/"},"sameAs":["https:\/\/www.facebook.com\/BrainDeGeek\/","https:\/\/x.com\/braindegeek","https:\/\/www.tiktok.com\/@braindegeek","https:\/\/www.youtube.com\/braindegeek"]}]}},"jetpack_sharing_enabled":true,"_links":{"self":[{"href":"http:\/\/braindegeek.shop\/index.php\/wp-json\/wp\/v2\/product\/2056","targetHints":{"allow":["GET"]}}],"collection":[{"href":"http:\/\/braindegeek.shop\/index.php\/wp-json\/wp\/v2\/product"}],"about":[{"href":"http:\/\/braindegeek.shop\/index.php\/wp-json\/wp\/v2\/types\/product"}],"replies":[{"embeddable":true,"href":"http:\/\/braindegeek.shop\/index.php\/wp-json\/wp\/v2\/comments?post=2056"}],"wp:featuredmedia":[{"embeddable":true,"href":"http:\/\/braindegeek.shop\/index.php\/wp-json\/wp\/v2\/media\/2070"}],"wp:attachment":[{"href":"http:\/\/braindegeek.shop\/index.php\/wp-json\/wp\/v2\/media?parent=2056"}],"wp:term":[{"taxonomy":"store","embeddable":true,"href":"http:\/\/braindegeek.shop\/index.php\/wp-json\/wp\/v2\/store?post=2056"},{"taxonomy":"product_brand","embeddable":true,"href":"http:\/\/braindegeek.shop\/index.php\/wp-json\/wp\/v2\/product_brand?post=2056"},{"taxonomy":"product_cat","embeddable":true,"href":"http:\/\/braindegeek.shop\/index.php\/wp-json\/wp\/v2\/product_cat?post=2056"},{"taxonomy":"product_tag","embeddable":true,"href":"http:\/\/braindegeek.shop\/index.php\/wp-json\/wp\/v2\/product_tag?post=2056"}],"curies":[{"name":"wp","href":"https:\/\/api.w.org\/{rel}","templated":true}]}}