{"id":2023,"date":"2024-05-28T10:37:31","date_gmt":"2024-05-28T08:37:31","guid":{"rendered":"https:\/\/braindegeek.shop\/?post_type=product&#038;p=2023"},"modified":"2025-01-30T09:51:14","modified_gmt":"2025-01-30T08:51:14","slug":"beatbot-aquasense-pro","status":"publish","type":"product","link":"http:\/\/braindegeek.shop\/index.php\/produit\/beatbot-aquasense-pro\/","title":{"rendered":"Beatbot AquaSense Pro"},"content":{"rendered":"<p>Le Premier Robot Intelligent de Nettoyage de Piscine Tout-en-Un au Monde. AquaSense Pro red\u00e9finit l&rsquo;entretien intelligent des piscines avec des technologies de pointe et une conception prim\u00e9e, offrant une efficacit\u00e9 et une commodit\u00e9 in\u00e9gal\u00e9es.<\/p>\n<hr \/>\n<h4><strong>Caract\u00e9ristiques Principales<\/strong><\/h4>\n<ul>\n<li><strong>1er nettoyage 5-en-1 au monde<\/strong> : Clarification, Surface, Ligne d&rsquo;eau, Sol, Murs, aliment\u00e9 par 9 moteurs.<\/li>\n<li><strong>Meilleure optimisation intelligente des trajets<\/strong> : Processeur quad-core de 1,8 GHz.<\/li>\n<li><strong>Retour intelligent exclusif<\/strong> : Retour au point de d\u00e9part et stationnement de surface.<\/li>\n<li><strong>Nettoyage puissant des murs<\/strong> : Moteur principal sans balais avec aspiration de 5500 GPH.<\/li>\n<li><strong>Contr\u00f4le de nettoyage sans effort<\/strong> : Application Beatbot et mises \u00e0 jour logicielles OTA.<\/li>\n<li><strong>Conception \u00e9cologique<\/strong> : Propulsion sous-marine sans fil prim\u00e9e.<\/li>\n<li><strong>Efficacit\u00e9 de nettoyage sup\u00e9rieure<\/strong> : Brosses \u00e0 rouleaux ind\u00e9pendantes 2&#215;2.<\/li>\n<li><strong>S\u00e9curit\u00e9 et fiabilit\u00e9 extr\u00eames<\/strong> : 15 certifications, y compris ETL, CEC et IP68.<\/li>\n<li><strong>Commodit\u00e9 ultime<\/strong> : Station de charge sans fil pour des op\u00e9rations sans prise.<\/li>\n<li><strong>Longue autonomie<\/strong> : 9,5 heures de nettoyage de surface et 5 heures de nettoyage du sol avec une batterie de 10400mAh.<\/li>\n<\/ul>\n<hr \/>\n<h4><strong>Technologie Beatbot OS<\/strong><\/h4>\n<ul>\n<li><strong>IntelliSense, Thinking, Action AI System<\/strong> : Syst\u00e8me AI auto-d\u00e9velopp\u00e9 pour la perception, la prise de d\u00e9cision et l&rsquo;action.<\/li>\n<li><strong>Mat\u00e9riel haute performance<\/strong> : CPU 4 c\u0153urs 1,8 GHz, 4 Go de m\u00e9moire DDR.<\/li>\n<li><strong>Perception haute pr\u00e9cision<\/strong> : Radars ultrasoniques doubles, IMU haute pr\u00e9cision et autres capteurs.<\/li>\n<\/ul>\n<hr \/>\n<h4><strong>Fonctionnalit\u00e9s Suppl\u00e9mentaires<\/strong><\/h4>\n<ul>\n<li><strong>Syst\u00e8me de Contr\u00f4le Intelligent de la Flottabilit\u00e9 Unique<\/strong> : Couverture de tous les sc\u00e9narios de nettoyage, y compris la surface de l&rsquo;eau, le fond de la piscine, les parois et la ligne d&rsquo;eau.<\/li>\n<li><strong>Nettoyage de la Surface de l&rsquo;Eau<\/strong> : Grande ouverture d&rsquo;aspiration avant de 190 mm et conception \u00e0 double h\u00e9lice arri\u00e8re.<\/li>\n<li><strong>Distributeur Automatique de Clarifiant<\/strong> : Clarifiant de 300 ml (vendu s\u00e9par\u00e9ment) et mises \u00e0 niveau progressives pour d&rsquo;autres produits de gestion de la qualit\u00e9 de l&rsquo;eau.<\/li>\n<li><strong>Boutons de Mode de Nettoyage<\/strong> : Activation en une touche des 4 principaux modes de nettoyage, avec 5 boutons (Rapide \/ Standard \/ Puissance \/ PRO \/ \u00c9CO) et bande LED intelligente.<\/li>\n<li><strong>Planification, Cartographie et Navigation Autonomes<\/strong> : Algorithmes auto-d\u00e9velopp\u00e9s pour une couverture de 100 % et une carte de nettoyage visuelle via l&rsquo;application mobile.<\/li>\n<li><strong>Docking Intelligent<\/strong> : Le robot remonte automatiquement \u00e0 la surface, trouve le bord pour s&rsquo;amarrer et flotte pour une r\u00e9cup\u00e9ration facile.<\/li>\n<li><strong>Moteur-Pompe BLDC Auto-D\u00e9velopp\u00e9<\/strong> : Moteur-pompe sans balais de 200W max, efficacit\u00e9 de fluidit\u00e9 de 88 %, poids et taille r\u00e9duits d&rsquo;un tiers.<\/li>\n<li><strong>Nettoyage et Mobilit\u00e9 Sup\u00e9rieurs<\/strong> : Brosses de nettoyage avant et arri\u00e8re surdimensionn\u00e9es, syst\u00e8me de traction \u00e0 chenilles, adapt\u00e9 \u00e0 divers mat\u00e9riaux de piscine.<\/li>\n<li><strong>Paniers Filtrants \u00e0 Double Couche<\/strong> : Filtre double couche (ext\u00e9rieur 150\u03bcm + int\u00e9rieur 250\u03bcm) pour une efficacit\u00e9 de filtration am\u00e9lior\u00e9e.<\/li>\n<li><strong>Application Intelligente et Mises \u00e0 Jour Logicielles OTA<\/strong> : Contr\u00f4le via le cloud, visualisation de l&rsquo;\u00e9tat du robot et mises \u00e0 jour continues.<\/li>\n<li><strong>Station de Chargement et de Stockage de 88W<\/strong> : Station ergonomique verticale, charge rapide en 3,5 heures.<\/li>\n<\/ul>\n<hr \/>\n<p><strong>Lien<\/strong> : <a href=\"http:\/\/www.beatbot.com\/\" target=\"_new\" rel=\"noreferrer noopener\">www.beatbot.com<\/a><\/p>\n<p><strong>Disponibilit\u00e9<\/strong> : Application Beatbot disponible sur l&rsquo;App Store et Google Play<\/p>\n","protected":false},"excerpt":{"rendered":"<p>Le robot de piscine intelligent AquaSense Pro est le premier robot tout-en-un au monde, red\u00e9finissant l&rsquo;entretien des piscines avec des technologies de pointe. Gr\u00e2ce \u00e0 son syst\u00e8me AI auto-d\u00e9velopp\u00e9, il offre un nettoyage 5-en-1 efficace pour la surface, le sol, les parois, la ligne d&rsquo;eau et la clarification de l&rsquo;eau. Avec ses 9 moteurs, son syst\u00e8me de traction \u00e0 chenilles, et sa station de charge sans fil rapide, AquaSense Pro garantit une couverture compl\u00e8te, une autonomie prolong\u00e9e et une simplicit\u00e9 d&rsquo;utilisation in\u00e9gal\u00e9e. Contr\u00f4lable via une application mobile avec mises \u00e0 jour OTA, c&rsquo;est l&rsquo;outil id\u00e9al pour un entretien de piscine sans effort.<\/p>\n","protected":false},"featured_media":2025,"comment_status":"open","ping_status":"closed","template":"","meta":{"_gspb_post_css":""},"store":[261],"product_brand":[],"product_cat":[247],"product_tag":[],"class_list":{"0":"post-2023","1":"product","2":"type-product","3":"status-publish","4":"has-post-thumbnail","6":"store-beatbot","7":"product_cat-robot-piscine","9":"first","10":"instock","11":"sale","12":"shipping-taxable","13":"product-type-external"},"yoast_head":"<!-- This site is optimized with the Yoast SEO plugin v27.5 - https:\/\/yoast.com\/product\/yoast-seo-wordpress\/ -->\n<title>Beatbot AquaSense Pro - Braindegeek<\/title>\n<meta name=\"description\" content=\"Le robot de piscine intelligent AquaSense Pro est le premier robot tout-en-un au monde, red\u00e9finissant l&#039;entretien des piscines avec des technologies de pointe.\" \/>\n<meta name=\"robots\" content=\"index, follow, max-snippet:-1, max-image-preview:large, max-video-preview:-1\" \/>\n<link rel=\"canonical\" href=\"https:\/\/braindegeek.shop\/index.php\/produit\/beatbot-aquasense-pro\/\" \/>\n<meta property=\"og:locale\" content=\"fr_FR\" \/>\n<meta property=\"og:type\" content=\"article\" \/>\n<meta property=\"og:title\" content=\"Beatbot AquaSense Pro - Braindegeek\" \/>\n<meta property=\"og:description\" content=\"Le robot de piscine intelligent AquaSense Pro est le premier robot tout-en-un au monde, red\u00e9finissant l&#039;entretien des piscines avec des technologies de pointe.\" \/>\n<meta property=\"og:url\" content=\"https:\/\/braindegeek.shop\/index.php\/produit\/beatbot-aquasense-pro\/\" \/>\n<meta property=\"og:site_name\" content=\"Braindegeek\" \/>\n<meta property=\"article:publisher\" content=\"https:\/\/www.facebook.com\/BrainDeGeek\/\" \/>\n<meta property=\"article:modified_time\" content=\"2025-01-30T08:51:14+00:00\" \/>\n<meta property=\"og:image\" content=\"https:\/\/braindegeek.shop\/wp-content\/uploads\/2024\/05\/Beatbot-AquaSense-Pro-1.png\" \/>\n\t<meta property=\"og:image:width\" content=\"500\" \/>\n\t<meta property=\"og:image:height\" content=\"500\" \/>\n\t<meta property=\"og:image:type\" content=\"image\/png\" \/>\n<meta name=\"twitter:card\" content=\"summary_large_image\" \/>\n<meta name=\"twitter:site\" content=\"@braindegeek\" \/>\n<meta name=\"twitter:label1\" content=\"Dur\u00e9e de lecture estim\u00e9e\" \/>\n\t<meta name=\"twitter:data1\" content=\"3 minutes\" \/>\n<script type=\"application\/ld+json\" class=\"yoast-schema-graph\">{\"@context\":\"https:\\\/\\\/schema.org\",\"@graph\":[{\"@type\":\"WebPage\",\"@id\":\"https:\\\/\\\/braindegeek.shop\\\/index.php\\\/produit\\\/beatbot-aquasense-pro\\\/\",\"url\":\"https:\\\/\\\/braindegeek.shop\\\/index.php\\\/produit\\\/beatbot-aquasense-pro\\\/\",\"name\":\"Beatbot AquaSense Pro - Braindegeek\",\"isPartOf\":{\"@id\":\"http:\\\/\\\/braindegeek.shop\\\/#website\"},\"primaryImageOfPage\":{\"@id\":\"https:\\\/\\\/braindegeek.shop\\\/index.php\\\/produit\\\/beatbot-aquasense-pro\\\/#primaryimage\"},\"image\":{\"@id\":\"https:\\\/\\\/braindegeek.shop\\\/index.php\\\/produit\\\/beatbot-aquasense-pro\\\/#primaryimage\"},\"thumbnailUrl\":\"http:\\\/\\\/braindegeek.shop\\\/wp-content\\\/uploads\\\/2024\\\/05\\\/Beatbot-AquaSense-Pro-1.png\",\"datePublished\":\"2024-05-28T08:37:31+00:00\",\"dateModified\":\"2025-01-30T08:51:14+00:00\",\"description\":\"Le robot de piscine intelligent AquaSense Pro est le premier robot tout-en-un au monde, red\u00e9finissant l'entretien des piscines avec des technologies de pointe.\",\"breadcrumb\":{\"@id\":\"https:\\\/\\\/braindegeek.shop\\\/index.php\\\/produit\\\/beatbot-aquasense-pro\\\/#breadcrumb\"},\"inLanguage\":\"fr-FR\",\"potentialAction\":[{\"@type\":\"ReadAction\",\"target\":[\"https:\\\/\\\/braindegeek.shop\\\/index.php\\\/produit\\\/beatbot-aquasense-pro\\\/\"]}]},{\"@type\":\"ImageObject\",\"inLanguage\":\"fr-FR\",\"@id\":\"https:\\\/\\\/braindegeek.shop\\\/index.php\\\/produit\\\/beatbot-aquasense-pro\\\/#primaryimage\",\"url\":\"http:\\\/\\\/braindegeek.shop\\\/wp-content\\\/uploads\\\/2024\\\/05\\\/Beatbot-AquaSense-Pro-1.png\",\"contentUrl\":\"http:\\\/\\\/braindegeek.shop\\\/wp-content\\\/uploads\\\/2024\\\/05\\\/Beatbot-AquaSense-Pro-1.png\",\"width\":500,\"height\":500,\"caption\":\"Beatbot AquaSense Pro\"},{\"@type\":\"BreadcrumbList\",\"@id\":\"https:\\\/\\\/braindegeek.shop\\\/index.php\\\/produit\\\/beatbot-aquasense-pro\\\/#breadcrumb\",\"itemListElement\":[{\"@type\":\"ListItem\",\"position\":1,\"name\":\"Accueil\",\"item\":\"http:\\\/\\\/braindegeek.shop\\\/\"},{\"@type\":\"ListItem\",\"position\":2,\"name\":\"Boutique\",\"item\":\"http:\\\/\\\/braindegeek.shop\\\/index.php\\\/boutique\\\/\"},{\"@type\":\"ListItem\",\"position\":3,\"name\":\"Beatbot AquaSense Pro\"}]},{\"@type\":\"WebSite\",\"@id\":\"http:\\\/\\\/braindegeek.shop\\\/#website\",\"url\":\"http:\\\/\\\/braindegeek.shop\\\/\",\"name\":\"Braindegeek, votre guide d'achat pour les produits high-tech\",\"description\":\"Votre guide d&#039;achat pour vos produits high-tech : robots aspirateurs, tondeuse, piscine et autres nouvelles technologies\",\"publisher\":{\"@id\":\"http:\\\/\\\/braindegeek.shop\\\/#organization\"},\"potentialAction\":[{\"@type\":\"SearchAction\",\"target\":{\"@type\":\"EntryPoint\",\"urlTemplate\":\"http:\\\/\\\/braindegeek.shop\\\/?s={search_term_string}\"},\"query-input\":{\"@type\":\"PropertyValueSpecification\",\"valueRequired\":true,\"valueName\":\"search_term_string\"}}],\"inLanguage\":\"fr-FR\"},{\"@type\":\"Organization\",\"@id\":\"http:\\\/\\\/braindegeek.shop\\\/#organization\",\"name\":\"Braindegeek, votre guide d'achat pour les produits high-tech\",\"url\":\"http:\\\/\\\/braindegeek.shop\\\/\",\"logo\":{\"@type\":\"ImageObject\",\"inLanguage\":\"fr-FR\",\"@id\":\"http:\\\/\\\/braindegeek.shop\\\/#\\\/schema\\\/logo\\\/image\\\/\",\"url\":\"http:\\\/\\\/braindegeek.shop\\\/wp-content\\\/uploads\\\/2024\\\/05\\\/bdg-1.png\",\"contentUrl\":\"http:\\\/\\\/braindegeek.shop\\\/wp-content\\\/uploads\\\/2024\\\/05\\\/bdg-1.png\",\"width\":150,\"height\":150,\"caption\":\"Braindegeek, votre guide d'achat pour les produits high-tech\"},\"image\":{\"@id\":\"http:\\\/\\\/braindegeek.shop\\\/#\\\/schema\\\/logo\\\/image\\\/\"},\"sameAs\":[\"https:\\\/\\\/www.facebook.com\\\/BrainDeGeek\\\/\",\"https:\\\/\\\/x.com\\\/braindegeek\",\"https:\\\/\\\/www.tiktok.com\\\/@braindegeek\",\"https:\\\/\\\/www.youtube.com\\\/braindegeek\"]}]}<\/script>\n<!-- \/ Yoast SEO plugin. -->","yoast_head_json":{"title":"Beatbot AquaSense Pro - Braindegeek","description":"Le robot de piscine intelligent AquaSense Pro est le premier robot tout-en-un au monde, red\u00e9finissant l'entretien des piscines avec des technologies de pointe.","robots":{"index":"index","follow":"follow","max-snippet":"max-snippet:-1","max-image-preview":"max-image-preview:large","max-video-preview":"max-video-preview:-1"},"canonical":"https:\/\/braindegeek.shop\/index.php\/produit\/beatbot-aquasense-pro\/","og_locale":"fr_FR","og_type":"article","og_title":"Beatbot AquaSense Pro - Braindegeek","og_description":"Le robot de piscine intelligent AquaSense Pro est le premier robot tout-en-un au monde, red\u00e9finissant l'entretien des piscines avec des technologies de pointe.","og_url":"https:\/\/braindegeek.shop\/index.php\/produit\/beatbot-aquasense-pro\/","og_site_name":"Braindegeek","article_publisher":"https:\/\/www.facebook.com\/BrainDeGeek\/","article_modified_time":"2025-01-30T08:51:14+00:00","og_image":[{"width":500,"height":500,"url":"https:\/\/braindegeek.shop\/wp-content\/uploads\/2024\/05\/Beatbot-AquaSense-Pro-1.png","type":"image\/png"}],"twitter_card":"summary_large_image","twitter_site":"@braindegeek","twitter_misc":{"Dur\u00e9e de lecture estim\u00e9e":"3 minutes"},"schema":{"@context":"https:\/\/schema.org","@graph":[{"@type":"WebPage","@id":"https:\/\/braindegeek.shop\/index.php\/produit\/beatbot-aquasense-pro\/","url":"https:\/\/braindegeek.shop\/index.php\/produit\/beatbot-aquasense-pro\/","name":"Beatbot AquaSense Pro - Braindegeek","isPartOf":{"@id":"http:\/\/braindegeek.shop\/#website"},"primaryImageOfPage":{"@id":"https:\/\/braindegeek.shop\/index.php\/produit\/beatbot-aquasense-pro\/#primaryimage"},"image":{"@id":"https:\/\/braindegeek.shop\/index.php\/produit\/beatbot-aquasense-pro\/#primaryimage"},"thumbnailUrl":"http:\/\/braindegeek.shop\/wp-content\/uploads\/2024\/05\/Beatbot-AquaSense-Pro-1.png","datePublished":"2024-05-28T08:37:31+00:00","dateModified":"2025-01-30T08:51:14+00:00","description":"Le robot de piscine intelligent AquaSense Pro est le premier robot tout-en-un au monde, red\u00e9finissant l'entretien des piscines avec des technologies de pointe.","breadcrumb":{"@id":"https:\/\/braindegeek.shop\/index.php\/produit\/beatbot-aquasense-pro\/#breadcrumb"},"inLanguage":"fr-FR","potentialAction":[{"@type":"ReadAction","target":["https:\/\/braindegeek.shop\/index.php\/produit\/beatbot-aquasense-pro\/"]}]},{"@type":"ImageObject","inLanguage":"fr-FR","@id":"https:\/\/braindegeek.shop\/index.php\/produit\/beatbot-aquasense-pro\/#primaryimage","url":"http:\/\/braindegeek.shop\/wp-content\/uploads\/2024\/05\/Beatbot-AquaSense-Pro-1.png","contentUrl":"http:\/\/braindegeek.shop\/wp-content\/uploads\/2024\/05\/Beatbot-AquaSense-Pro-1.png","width":500,"height":500,"caption":"Beatbot AquaSense Pro"},{"@type":"BreadcrumbList","@id":"https:\/\/braindegeek.shop\/index.php\/produit\/beatbot-aquasense-pro\/#breadcrumb","itemListElement":[{"@type":"ListItem","position":1,"name":"Accueil","item":"http:\/\/braindegeek.shop\/"},{"@type":"ListItem","position":2,"name":"Boutique","item":"http:\/\/braindegeek.shop\/index.php\/boutique\/"},{"@type":"ListItem","position":3,"name":"Beatbot AquaSense Pro"}]},{"@type":"WebSite","@id":"http:\/\/braindegeek.shop\/#website","url":"http:\/\/braindegeek.shop\/","name":"Braindegeek, votre guide d'achat pour les produits high-tech","description":"Votre guide d&#039;achat pour vos produits high-tech : robots aspirateurs, tondeuse, piscine et autres nouvelles technologies","publisher":{"@id":"http:\/\/braindegeek.shop\/#organization"},"potentialAction":[{"@type":"SearchAction","target":{"@type":"EntryPoint","urlTemplate":"http:\/\/braindegeek.shop\/?s={search_term_string}"},"query-input":{"@type":"PropertyValueSpecification","valueRequired":true,"valueName":"search_term_string"}}],"inLanguage":"fr-FR"},{"@type":"Organization","@id":"http:\/\/braindegeek.shop\/#organization","name":"Braindegeek, votre guide d'achat pour les produits high-tech","url":"http:\/\/braindegeek.shop\/","logo":{"@type":"ImageObject","inLanguage":"fr-FR","@id":"http:\/\/braindegeek.shop\/#\/schema\/logo\/image\/","url":"http:\/\/braindegeek.shop\/wp-content\/uploads\/2024\/05\/bdg-1.png","contentUrl":"http:\/\/braindegeek.shop\/wp-content\/uploads\/2024\/05\/bdg-1.png","width":150,"height":150,"caption":"Braindegeek, votre guide d'achat pour les produits high-tech"},"image":{"@id":"http:\/\/braindegeek.shop\/#\/schema\/logo\/image\/"},"sameAs":["https:\/\/www.facebook.com\/BrainDeGeek\/","https:\/\/x.com\/braindegeek","https:\/\/www.tiktok.com\/@braindegeek","https:\/\/www.youtube.com\/braindegeek"]}]}},"jetpack_sharing_enabled":true,"_links":{"self":[{"href":"http:\/\/braindegeek.shop\/index.php\/wp-json\/wp\/v2\/product\/2023","targetHints":{"allow":["GET"]}}],"collection":[{"href":"http:\/\/braindegeek.shop\/index.php\/wp-json\/wp\/v2\/product"}],"about":[{"href":"http:\/\/braindegeek.shop\/index.php\/wp-json\/wp\/v2\/types\/product"}],"replies":[{"embeddable":true,"href":"http:\/\/braindegeek.shop\/index.php\/wp-json\/wp\/v2\/comments?post=2023"}],"wp:featuredmedia":[{"embeddable":true,"href":"http:\/\/braindegeek.shop\/index.php\/wp-json\/wp\/v2\/media\/2025"}],"wp:attachment":[{"href":"http:\/\/braindegeek.shop\/index.php\/wp-json\/wp\/v2\/media?parent=2023"}],"wp:term":[{"taxonomy":"store","embeddable":true,"href":"http:\/\/braindegeek.shop\/index.php\/wp-json\/wp\/v2\/store?post=2023"},{"taxonomy":"product_brand","embeddable":true,"href":"http:\/\/braindegeek.shop\/index.php\/wp-json\/wp\/v2\/product_brand?post=2023"},{"taxonomy":"product_cat","embeddable":true,"href":"http:\/\/braindegeek.shop\/index.php\/wp-json\/wp\/v2\/product_cat?post=2023"},{"taxonomy":"product_tag","embeddable":true,"href":"http:\/\/braindegeek.shop\/index.php\/wp-json\/wp\/v2\/product_tag?post=2023"}],"curies":[{"name":"wp","href":"https:\/\/api.w.org\/{rel}","templated":true}]}}