{"id":1962,"date":"2024-05-13T12:08:44","date_gmt":"2024-05-13T10:08:44","guid":{"rendered":"https:\/\/braindegeek.shop\/?post_type=product&#038;p=1962"},"modified":"2024-12-03T15:48:19","modified_gmt":"2024-12-03T14:48:19","slug":"mokwheel-mesa-lite-2-0","status":"publish","type":"product","link":"http:\/\/braindegeek.shop\/index.php\/produit\/mokwheel-mesa-lite-2-0\/","title":{"rendered":"Mokwheel Mesa Lite 2.0 test, avis et code promo"},"content":{"rendered":"<div class=\"flex-1 overflow-hidden\">\n<div class=\"react-scroll-to-bottom--css-goyej-79elbk h-full\">\n<div class=\"react-scroll-to-bottom--css-goyej-1n7m0yu\">\n<div class=\"flex flex-col text-sm pb-9\">\n<div class=\"w-full text-token-text-primary\" dir=\"auto\" data-testid=\"conversation-turn-3\" data-scroll-anchor=\"true\">\n<div class=\"py-2 px-3 text-base md:px-4 m-auto md:px-5 lg:px-1 xl:px-5\">\n<div class=\"mx-auto flex flex-1 gap-3 text-base juice:gap-4 juice:md:gap-6 md:max-w-3xl lg:max-w-[40rem] xl:max-w-[48rem]\">\n<div class=\"relative flex w-full min-w-0 flex-col agent-turn\">\n<div class=\"flex-col gap-1 md:gap-3\">\n<div class=\"flex flex-grow flex-col max-w-full\">\n<div class=\"min-h-[20px] text-message flex flex-col items-start whitespace-pre-wrap break-words [.text-message+&amp;]:mt-5 juice:w-full juice:items-end overflow-x-auto gap-3\" dir=\"auto\" data-message-author-role=\"assistant\" data-message-id=\"e2772e4d-8fd8-4b42-b1d6-da0891e7b184\">\n<div class=\"markdown prose w-full break-words dark:prose-invert light\">\n<p><strong>Description g\u00e9n\u00e9rale :<\/strong> Le <strong>Mesa Lite 2.0<\/strong> est un v\u00e9lo \u00e9lectrique de nouvelle g\u00e9n\u00e9ration con\u00e7u pour faciliter et am\u00e9liorer la mobilit\u00e9 urbaine. Ce mod\u00e8le, plus performant que son pr\u00e9d\u00e9cesseur, int\u00e8gre un capteur de couple avanc\u00e9 qui assure une assistance \u00e9lectrique ajust\u00e9e de mani\u00e8re plus intelligente et pr\u00e9cise, procurant une exp\u00e9rience de conduite plus naturelle et adapt\u00e9e \u00e0 divers environnements, des centres urbains aux trajets inter-villages.<\/p>\n<div id='gallery-1' class='gallery galleryid-1962 gallery-columns-2 gallery-size-large'><dl class='gallery-item'>\n\t\t\t<dt class='gallery-icon landscape'>\n\t\t\t\t<a href='http:\/\/braindegeek.shop\/wp-content\/uploads\/2024\/05\/Mokwheel-Mesa-Lite-2.0-Velo-Electrique-scaled.jpg'><img fetchpriority=\"high\" decoding=\"async\" width=\"840\" height=\"630\" src=\"http:\/\/braindegeek.shop\/wp-content\/uploads\/2024\/05\/Mokwheel-Mesa-Lite-2.0-Velo-Electrique-1024x768.jpg\" class=\"attachment-large size-large\" alt=\"Mokwheel Mesa Lite 2.0 V\u00e9lo Electrique\" srcset=\"http:\/\/braindegeek.shop\/wp-content\/uploads\/2024\/05\/Mokwheel-Mesa-Lite-2.0-Velo-Electrique-1024x768.jpg 1024w, http:\/\/braindegeek.shop\/wp-content\/uploads\/2024\/05\/Mokwheel-Mesa-Lite-2.0-Velo-Electrique-300x225.jpg 300w, http:\/\/braindegeek.shop\/wp-content\/uploads\/2024\/05\/Mokwheel-Mesa-Lite-2.0-Velo-Electrique-768x576.jpg 768w, http:\/\/braindegeek.shop\/wp-content\/uploads\/2024\/05\/Mokwheel-Mesa-Lite-2.0-Velo-Electrique-1536x1152.jpg 1536w, http:\/\/braindegeek.shop\/wp-content\/uploads\/2024\/05\/Mokwheel-Mesa-Lite-2.0-Velo-Electrique-2048x1536.jpg 2048w, http:\/\/braindegeek.shop\/wp-content\/uploads\/2024\/05\/Mokwheel-Mesa-Lite-2.0-Velo-Electrique-200x150.jpg 200w, http:\/\/braindegeek.shop\/wp-content\/uploads\/2024\/05\/Mokwheel-Mesa-Lite-2.0-Velo-Electrique-100x75.jpg 100w, http:\/\/braindegeek.shop\/wp-content\/uploads\/2024\/05\/Mokwheel-Mesa-Lite-2.0-Velo-Electrique-467x350.jpg 467w, http:\/\/braindegeek.shop\/wp-content\/uploads\/2024\/05\/Mokwheel-Mesa-Lite-2.0-Velo-Electrique-788x591.jpg 788w, http:\/\/braindegeek.shop\/wp-content\/uploads\/2024\/05\/Mokwheel-Mesa-Lite-2.0-Velo-Electrique-600x450.jpg 600w\" sizes=\"(max-width: 840px) 100vw, 840px\" \/><\/a>\n\t\t\t<\/dt><\/dl><dl class='gallery-item'>\n\t\t\t<dt class='gallery-icon landscape'>\n\t\t\t\t<a href='http:\/\/braindegeek.shop\/wp-content\/uploads\/2024\/05\/Mokwheel-Mesa-Lite-2.0-Velo-scaled.jpg'><img decoding=\"async\" width=\"840\" height=\"630\" src=\"http:\/\/braindegeek.shop\/wp-content\/uploads\/2024\/05\/Mokwheel-Mesa-Lite-2.0-Velo-1024x768.jpg\" class=\"attachment-large size-large\" alt=\"Mokwheel Mesa Lite 2.0 V\u00e9lo\" srcset=\"http:\/\/braindegeek.shop\/wp-content\/uploads\/2024\/05\/Mokwheel-Mesa-Lite-2.0-Velo-1024x768.jpg 1024w, http:\/\/braindegeek.shop\/wp-content\/uploads\/2024\/05\/Mokwheel-Mesa-Lite-2.0-Velo-300x225.jpg 300w, http:\/\/braindegeek.shop\/wp-content\/uploads\/2024\/05\/Mokwheel-Mesa-Lite-2.0-Velo-768x576.jpg 768w, http:\/\/braindegeek.shop\/wp-content\/uploads\/2024\/05\/Mokwheel-Mesa-Lite-2.0-Velo-1536x1152.jpg 1536w, http:\/\/braindegeek.shop\/wp-content\/uploads\/2024\/05\/Mokwheel-Mesa-Lite-2.0-Velo-2048x1536.jpg 2048w, http:\/\/braindegeek.shop\/wp-content\/uploads\/2024\/05\/Mokwheel-Mesa-Lite-2.0-Velo-200x150.jpg 200w, http:\/\/braindegeek.shop\/wp-content\/uploads\/2024\/05\/Mokwheel-Mesa-Lite-2.0-Velo-100x75.jpg 100w, http:\/\/braindegeek.shop\/wp-content\/uploads\/2024\/05\/Mokwheel-Mesa-Lite-2.0-Velo-467x350.jpg 467w, http:\/\/braindegeek.shop\/wp-content\/uploads\/2024\/05\/Mokwheel-Mesa-Lite-2.0-Velo-788x591.jpg 788w, http:\/\/braindegeek.shop\/wp-content\/uploads\/2024\/05\/Mokwheel-Mesa-Lite-2.0-Velo-600x450.jpg 600w\" sizes=\"(max-width: 840px) 100vw, 840px\" \/><\/a>\n\t\t\t<\/dt><\/dl><br style=\"clear: both\" \/><dl class='gallery-item'>\n\t\t\t<dt class='gallery-icon landscape'>\n\t\t\t\t<a href='http:\/\/braindegeek.shop\/wp-content\/uploads\/2024\/05\/Velo-Mokwheel-Mesa-Lite-2.0-scaled.jpg'><img decoding=\"async\" width=\"840\" height=\"630\" src=\"http:\/\/braindegeek.shop\/wp-content\/uploads\/2024\/05\/Velo-Mokwheel-Mesa-Lite-2.0-1024x768.jpg\" class=\"attachment-large size-large\" alt=\"V\u00e9lo Mokwheel Mesa Lite 2.0\" srcset=\"http:\/\/braindegeek.shop\/wp-content\/uploads\/2024\/05\/Velo-Mokwheel-Mesa-Lite-2.0-1024x768.jpg 1024w, http:\/\/braindegeek.shop\/wp-content\/uploads\/2024\/05\/Velo-Mokwheel-Mesa-Lite-2.0-300x225.jpg 300w, http:\/\/braindegeek.shop\/wp-content\/uploads\/2024\/05\/Velo-Mokwheel-Mesa-Lite-2.0-768x576.jpg 768w, http:\/\/braindegeek.shop\/wp-content\/uploads\/2024\/05\/Velo-Mokwheel-Mesa-Lite-2.0-1536x1152.jpg 1536w, http:\/\/braindegeek.shop\/wp-content\/uploads\/2024\/05\/Velo-Mokwheel-Mesa-Lite-2.0-2048x1536.jpg 2048w, http:\/\/braindegeek.shop\/wp-content\/uploads\/2024\/05\/Velo-Mokwheel-Mesa-Lite-2.0-200x150.jpg 200w, http:\/\/braindegeek.shop\/wp-content\/uploads\/2024\/05\/Velo-Mokwheel-Mesa-Lite-2.0-100x75.jpg 100w, http:\/\/braindegeek.shop\/wp-content\/uploads\/2024\/05\/Velo-Mokwheel-Mesa-Lite-2.0-467x350.jpg 467w, http:\/\/braindegeek.shop\/wp-content\/uploads\/2024\/05\/Velo-Mokwheel-Mesa-Lite-2.0-788x591.jpg 788w, http:\/\/braindegeek.shop\/wp-content\/uploads\/2024\/05\/Velo-Mokwheel-Mesa-Lite-2.0-600x450.jpg 600w\" sizes=\"(max-width: 840px) 100vw, 840px\" \/><\/a>\n\t\t\t<\/dt><\/dl><dl class='gallery-item'>\n\t\t\t<dt class='gallery-icon landscape'>\n\t\t\t\t<a href='http:\/\/braindegeek.shop\/wp-content\/uploads\/2024\/05\/Mokwheel-Mesa-Lite-2.0-scaled.jpg'><img loading=\"lazy\" decoding=\"async\" width=\"840\" height=\"630\" src=\"http:\/\/braindegeek.shop\/wp-content\/uploads\/2024\/05\/Mokwheel-Mesa-Lite-2.0-1024x768.jpg\" class=\"attachment-large size-large\" alt=\"Mokwheel Mesa Lite 2.0\" srcset=\"http:\/\/braindegeek.shop\/wp-content\/uploads\/2024\/05\/Mokwheel-Mesa-Lite-2.0-1024x768.jpg 1024w, http:\/\/braindegeek.shop\/wp-content\/uploads\/2024\/05\/Mokwheel-Mesa-Lite-2.0-300x225.jpg 300w, http:\/\/braindegeek.shop\/wp-content\/uploads\/2024\/05\/Mokwheel-Mesa-Lite-2.0-768x576.jpg 768w, http:\/\/braindegeek.shop\/wp-content\/uploads\/2024\/05\/Mokwheel-Mesa-Lite-2.0-1536x1152.jpg 1536w, http:\/\/braindegeek.shop\/wp-content\/uploads\/2024\/05\/Mokwheel-Mesa-Lite-2.0-2048x1536.jpg 2048w, http:\/\/braindegeek.shop\/wp-content\/uploads\/2024\/05\/Mokwheel-Mesa-Lite-2.0-200x150.jpg 200w, http:\/\/braindegeek.shop\/wp-content\/uploads\/2024\/05\/Mokwheel-Mesa-Lite-2.0-100x75.jpg 100w, http:\/\/braindegeek.shop\/wp-content\/uploads\/2024\/05\/Mokwheel-Mesa-Lite-2.0-467x350.jpg 467w, http:\/\/braindegeek.shop\/wp-content\/uploads\/2024\/05\/Mokwheel-Mesa-Lite-2.0-788x591.jpg 788w, http:\/\/braindegeek.shop\/wp-content\/uploads\/2024\/05\/Mokwheel-Mesa-Lite-2.0-600x450.jpg 600w\" sizes=\"(max-width: 840px) 100vw, 840px\" \/><\/a>\n\t\t\t<\/dt><\/dl><br style=\"clear: both\" \/>\n\t\t<\/div>\n\n<p><strong>Caract\u00e9ristiques techniques :<\/strong><\/p>\n<ul>\n<li><strong>Moteur :<\/strong> 250W avec un couple de 45Nm pour une acc\u00e9l\u00e9ration douce et efficace.<\/li>\n<li><strong>Batterie :<\/strong> 36V 14.7A LG, haute densit\u00e9 lithium-ion, permettant une autonomie de 40-60 km par charge. Temps de charge de 5 \u00e0 6 heures avec un chargeur 2.0 A.<\/li>\n<li><strong>Poids total :<\/strong> 27 kg.<\/li>\n<li><strong>Charge utile maximale :<\/strong> 160 kg.<\/li>\n<li><strong>Capacit\u00e9 du capteur de couple :<\/strong> Ajustement intelligent de l&rsquo;assistance selon la force exerc\u00e9e par le cycliste.<\/li>\n<li><strong>Affichage :<\/strong> \u00c9cran couleur LED r\u00e9tro\u00e9clair\u00e9 avec interface \u00e0 trois boutons pour naviguer facilement dans les menus et les r\u00e9glages.<\/li>\n<li><strong>Dimensions :<\/strong>\n<ul>\n<li>Hauteur recommand\u00e9e du cycliste : 165-200 cm<\/li>\n<li>Longueur totale du v\u00e9lo : 181.7 cm<\/li>\n<li>Hauteur du guidon : 112 cm<\/li>\n<\/ul>\n<\/li>\n<\/ul>\n<p><strong>Composants et \u00e9quipement :<\/strong><\/p>\n<ul>\n<li><strong>Cadre :<\/strong> Alliage d&rsquo;aluminium 6061 avec batterie int\u00e9gr\u00e9e pour une meilleure protection et durabilit\u00e9.<\/li>\n<li><strong>D\u00e9railleur :<\/strong> Shimano \u00e0 7 vitesses, assurant des transitions fluides et pr\u00e9cises entre les rapports.<\/li>\n<li><strong>Pneus :<\/strong> CHAOYANG 27.5&#215;2.4&Prime; Fat Tire, increvables pour une conduite s\u00e9curis\u00e9e et confortable sur tous types de surfaces.<\/li>\n<li><strong>Freins :<\/strong> TEKTRO HD-M275 \u00e0 huile pour un freinage efficace et fiable.<\/li>\n<li><strong>Selle :<\/strong> Confortable, en cuir, con\u00e7ue sur mesure pour une assise optimale.<\/li>\n<\/ul>\n<p><img loading=\"lazy\" decoding=\"async\" class=\"aligncenter wp-image-1969 size-large\" src=\"http:\/\/braindegeek.shop\/wp-content\/uploads\/2024\/05\/Velo-Electrique-Mokwheel-Mesa-Lite-2.0-768x1024.jpg\" alt=\"V\u00e9lo Electrique Mokwheel Mesa Lite 2.0\" width=\"768\" height=\"1024\" srcset=\"http:\/\/braindegeek.shop\/wp-content\/uploads\/2024\/05\/Velo-Electrique-Mokwheel-Mesa-Lite-2.0-768x1024.jpg 768w, http:\/\/braindegeek.shop\/wp-content\/uploads\/2024\/05\/Velo-Electrique-Mokwheel-Mesa-Lite-2.0-225x300.jpg 225w, http:\/\/braindegeek.shop\/wp-content\/uploads\/2024\/05\/Velo-Electrique-Mokwheel-Mesa-Lite-2.0-1152x1536.jpg 1152w, http:\/\/braindegeek.shop\/wp-content\/uploads\/2024\/05\/Velo-Electrique-Mokwheel-Mesa-Lite-2.0-1536x2048.jpg 1536w, http:\/\/braindegeek.shop\/wp-content\/uploads\/2024\/05\/Velo-Electrique-Mokwheel-Mesa-Lite-2.0-113x150.jpg 113w, http:\/\/braindegeek.shop\/wp-content\/uploads\/2024\/05\/Velo-Electrique-Mokwheel-Mesa-Lite-2.0-100x133.jpg 100w, http:\/\/braindegeek.shop\/wp-content\/uploads\/2024\/05\/Velo-Electrique-Mokwheel-Mesa-Lite-2.0-263x350.jpg 263w, http:\/\/braindegeek.shop\/wp-content\/uploads\/2024\/05\/Velo-Electrique-Mokwheel-Mesa-Lite-2.0-788x1050.jpg 788w, http:\/\/braindegeek.shop\/wp-content\/uploads\/2024\/05\/Velo-Electrique-Mokwheel-Mesa-Lite-2.0-600x800.jpg 600w, http:\/\/braindegeek.shop\/wp-content\/uploads\/2024\/05\/Velo-Electrique-Mokwheel-Mesa-Lite-2.0-scaled.jpg 1920w\" sizes=\"(max-width: 768px) 100vw, 768px\" \/><\/p>\n<p><strong>Avantages sp\u00e9cifiques :<\/strong><\/p>\n<ul>\n<li><strong>Ergonomie et design :<\/strong> Le design du cadre, cr\u00e9\u00e9 par Mokwheel, allie esth\u00e9tique et fonctionnalit\u00e9. Le levier de vitesses semi-cach\u00e9 et le d\u00e9railleur en alliage d&rsquo;aluminium contribuent \u00e0 une exp\u00e9rience de conduite am\u00e9lior\u00e9e.<\/li>\n<li><strong>S\u00e9curit\u00e9 :<\/strong> \u00c9quip\u00e9 d&rsquo;une lumi\u00e8re LED int\u00e9gr\u00e9e pour une meilleure visibilit\u00e9 de nuit. Les tests de performance rigoureux garantissent la fiabilit\u00e9 du v\u00e9lo dans toutes les conditions.<\/li>\n<\/ul>\n<p><strong>Utilisation recommand\u00e9e :<\/strong> Id\u00e9al pour les trajets quotidiens en ville ou pour des d\u00e9placements entre des localit\u00e9s rurales. Le syst\u00e8me de capteur de couple adaptatif rend ce v\u00e9lo particuli\u00e8rement apte \u00e0 s&rsquo;ajuster \u00e0 diverses conditions de route et de charge.<\/p>\n<p>Le <strong>Mesa Lite 2.0<\/strong> est donc un choix judicieux pour quiconque recherche un v\u00e9lo \u00e9lectrique alliant performance, confort et fiabilit\u00e9 pour une utilisation quotidienne en milieu urbain et p\u00e9riurbain.<\/p>\n<\/div>\n<\/div>\n<\/div>\n<div class=\"mt-1 flex gap-3 empty:hidden juice:-ml-3\">\n<div class=\"-ml-1 mt-0 flex h-7 items-center justify-center gap-[2px] self-end text-gray-400 lg:justify-start lg:self-center visible\"><button class=\"rounded-md p-1 text-token-text-tertiary hover:text-token-text-primary\"><\/button><button class=\"rounded-md p-1 text-token-text-tertiary hover:text-token-text-primary\"><br \/>\n<\/button><\/div>\n<\/div>\n<\/div>\n<\/div>\n<\/div>\n<\/div>\n<\/div>\n<\/div>\n<\/div>\n<\/div>\n<\/div>\n","protected":false},"excerpt":{"rendered":"<p>Le Mesa Lite 2.0 est un v\u00e9lo \u00e9lectrique urbain avanc\u00e9, \u00e9quip\u00e9 d&rsquo;un moteur de 250W et d&rsquo;une batterie LG de 36V 14.7A, offrant une autonomie de 40-60 km par charge. Il est con\u00e7u pour transporter jusqu&rsquo;\u00e0 160 kg avec une assistance \u00e9lectrique ajust\u00e9e par un capteur de couple sup\u00e9rieur pour une conduite plus naturelle et adapt\u00e9e \u00e0 diff\u00e9rents environnements. Le v\u00e9lo poss\u00e8de un cadre en alliage d&rsquo;aluminium, des pneus increvables CHAOYANG 27.5&#215;2.4&Prime;, et un d\u00e9railleur Shimano \u00e0 7 vitesses. Le Mesa Lite 2.0 combine durabilit\u00e9, confort et performance, id\u00e9al pour les d\u00e9placements quotidiens en ville ou entre villages.<\/p>\n","protected":false},"featured_media":1963,"comment_status":"open","ping_status":"closed","template":"","meta":{"_gspb_post_css":""},"store":[248],"product_brand":[],"product_cat":[110],"product_tag":[],"class_list":{"0":"post-1962","1":"product","2":"type-product","3":"status-publish","4":"has-post-thumbnail","6":"store-mokwheel","7":"product_cat-velo-trottinette","9":"first","10":"instock","11":"sale","12":"shipping-taxable","13":"product-type-external"},"yoast_head":"<!-- This site is optimized with the Yoast SEO plugin v27.4 - https:\/\/yoast.com\/product\/yoast-seo-wordpress\/ -->\n<title>Mokwheel Mesa Lite 2.0 test, avis et code promo - Braindegeek<\/title>\n<meta name=\"robots\" content=\"index, follow, max-snippet:-1, max-image-preview:large, max-video-preview:-1\" \/>\n<link rel=\"canonical\" href=\"http:\/\/braindegeek.shop\/index.php\/produit\/mokwheel-mesa-lite-2-0\/\" \/>\n<meta property=\"og:locale\" content=\"fr_FR\" \/>\n<meta property=\"og:type\" content=\"article\" \/>\n<meta property=\"og:title\" content=\"Mokwheel Mesa Lite 2.0 test, avis et code promo - Braindegeek\" \/>\n<meta property=\"og:description\" content=\"Le Mesa Lite 2.0 est un v\u00e9lo \u00e9lectrique urbain avanc\u00e9, \u00e9quip\u00e9 d&#039;un moteur de 250W et d&#039;une batterie LG de 36V 14.7A, offrant une autonomie de 40-60 km par charge. Il est con\u00e7u pour transporter jusqu&#039;\u00e0 160 kg avec une assistance \u00e9lectrique ajust\u00e9e par un capteur de couple sup\u00e9rieur pour une conduite plus naturelle et adapt\u00e9e \u00e0 diff\u00e9rents environnements. Le v\u00e9lo poss\u00e8de un cadre en alliage d&#039;aluminium, des pneus increvables CHAOYANG 27.5x2.4&quot;, et un d\u00e9railleur Shimano \u00e0 7 vitesses. Le Mesa Lite 2.0 combine durabilit\u00e9, confort et performance, id\u00e9al pour les d\u00e9placements quotidiens en ville ou entre villages.\" \/>\n<meta property=\"og:url\" content=\"http:\/\/braindegeek.shop\/index.php\/produit\/mokwheel-mesa-lite-2-0\/\" \/>\n<meta property=\"og:site_name\" content=\"Braindegeek\" \/>\n<meta property=\"article:publisher\" content=\"https:\/\/www.facebook.com\/BrainDeGeek\/\" \/>\n<meta property=\"article:modified_time\" content=\"2024-12-03T14:48:19+00:00\" \/>\n<meta property=\"og:image\" content=\"http:\/\/braindegeek.shop\/wp-content\/uploads\/2024\/05\/Mokwheel-Mesa-Lite-2.0.png\" \/>\n\t<meta property=\"og:image:width\" content=\"500\" \/>\n\t<meta property=\"og:image:height\" content=\"500\" \/>\n\t<meta property=\"og:image:type\" content=\"image\/png\" \/>\n<meta name=\"twitter:card\" content=\"summary_large_image\" \/>\n<meta name=\"twitter:site\" content=\"@braindegeek\" \/>\n<meta name=\"twitter:label1\" content=\"Dur\u00e9e de lecture estim\u00e9e\" \/>\n\t<meta name=\"twitter:data1\" content=\"3 minutes\" \/>\n<script type=\"application\/ld+json\" class=\"yoast-schema-graph\">{\"@context\":\"https:\\\/\\\/schema.org\",\"@graph\":[{\"@type\":\"WebPage\",\"@id\":\"http:\\\/\\\/braindegeek.shop\\\/index.php\\\/produit\\\/mokwheel-mesa-lite-2-0\\\/\",\"url\":\"http:\\\/\\\/braindegeek.shop\\\/index.php\\\/produit\\\/mokwheel-mesa-lite-2-0\\\/\",\"name\":\"Mokwheel Mesa Lite 2.0 test, avis et code promo - Braindegeek\",\"isPartOf\":{\"@id\":\"https:\\\/\\\/braindegeek.shop\\\/#website\"},\"primaryImageOfPage\":{\"@id\":\"http:\\\/\\\/braindegeek.shop\\\/index.php\\\/produit\\\/mokwheel-mesa-lite-2-0\\\/#primaryimage\"},\"image\":{\"@id\":\"http:\\\/\\\/braindegeek.shop\\\/index.php\\\/produit\\\/mokwheel-mesa-lite-2-0\\\/#primaryimage\"},\"thumbnailUrl\":\"http:\\\/\\\/braindegeek.shop\\\/wp-content\\\/uploads\\\/2024\\\/05\\\/Mokwheel-Mesa-Lite-2.0.png\",\"datePublished\":\"2024-05-13T10:08:44+00:00\",\"dateModified\":\"2024-12-03T14:48:19+00:00\",\"breadcrumb\":{\"@id\":\"http:\\\/\\\/braindegeek.shop\\\/index.php\\\/produit\\\/mokwheel-mesa-lite-2-0\\\/#breadcrumb\"},\"inLanguage\":\"fr-FR\",\"potentialAction\":[{\"@type\":\"ReadAction\",\"target\":[\"http:\\\/\\\/braindegeek.shop\\\/index.php\\\/produit\\\/mokwheel-mesa-lite-2-0\\\/\"]}]},{\"@type\":\"ImageObject\",\"inLanguage\":\"fr-FR\",\"@id\":\"http:\\\/\\\/braindegeek.shop\\\/index.php\\\/produit\\\/mokwheel-mesa-lite-2-0\\\/#primaryimage\",\"url\":\"http:\\\/\\\/braindegeek.shop\\\/wp-content\\\/uploads\\\/2024\\\/05\\\/Mokwheel-Mesa-Lite-2.0.png\",\"contentUrl\":\"http:\\\/\\\/braindegeek.shop\\\/wp-content\\\/uploads\\\/2024\\\/05\\\/Mokwheel-Mesa-Lite-2.0.png\",\"width\":500,\"height\":500,\"caption\":\"Mokwheel Mesa Lite 2.0\"},{\"@type\":\"BreadcrumbList\",\"@id\":\"http:\\\/\\\/braindegeek.shop\\\/index.php\\\/produit\\\/mokwheel-mesa-lite-2-0\\\/#breadcrumb\",\"itemListElement\":[{\"@type\":\"ListItem\",\"position\":1,\"name\":\"Accueil\",\"item\":\"https:\\\/\\\/braindegeek.shop\\\/\"},{\"@type\":\"ListItem\",\"position\":2,\"name\":\"Boutique\",\"item\":\"https:\\\/\\\/braindegeek.shop\\\/index.php\\\/boutique\\\/\"},{\"@type\":\"ListItem\",\"position\":3,\"name\":\"Mokwheel Mesa Lite 2.0 test, avis et code promo\"}]},{\"@type\":\"WebSite\",\"@id\":\"https:\\\/\\\/braindegeek.shop\\\/#website\",\"url\":\"https:\\\/\\\/braindegeek.shop\\\/\",\"name\":\"Braindegeek, votre guide d'achat pour les produits high-tech\",\"description\":\"Votre guide d&#039;achat pour vos produits high-tech : robots aspirateurs, tondeuse, piscine et autres nouvelles technologies\",\"publisher\":{\"@id\":\"https:\\\/\\\/braindegeek.shop\\\/#organization\"},\"potentialAction\":[{\"@type\":\"SearchAction\",\"target\":{\"@type\":\"EntryPoint\",\"urlTemplate\":\"https:\\\/\\\/braindegeek.shop\\\/?s={search_term_string}\"},\"query-input\":{\"@type\":\"PropertyValueSpecification\",\"valueRequired\":true,\"valueName\":\"search_term_string\"}}],\"inLanguage\":\"fr-FR\"},{\"@type\":\"Organization\",\"@id\":\"https:\\\/\\\/braindegeek.shop\\\/#organization\",\"name\":\"Braindegeek, votre guide d'achat pour les produits high-tech\",\"url\":\"https:\\\/\\\/braindegeek.shop\\\/\",\"logo\":{\"@type\":\"ImageObject\",\"inLanguage\":\"fr-FR\",\"@id\":\"https:\\\/\\\/braindegeek.shop\\\/#\\\/schema\\\/logo\\\/image\\\/\",\"url\":\"http:\\\/\\\/braindegeek.shop\\\/wp-content\\\/uploads\\\/2024\\\/05\\\/bdg-1.png\",\"contentUrl\":\"http:\\\/\\\/braindegeek.shop\\\/wp-content\\\/uploads\\\/2024\\\/05\\\/bdg-1.png\",\"width\":150,\"height\":150,\"caption\":\"Braindegeek, votre guide d'achat pour les produits high-tech\"},\"image\":{\"@id\":\"https:\\\/\\\/braindegeek.shop\\\/#\\\/schema\\\/logo\\\/image\\\/\"},\"sameAs\":[\"https:\\\/\\\/www.facebook.com\\\/BrainDeGeek\\\/\",\"https:\\\/\\\/x.com\\\/braindegeek\",\"https:\\\/\\\/www.tiktok.com\\\/@braindegeek\",\"https:\\\/\\\/www.youtube.com\\\/braindegeek\"]}]}<\/script>\n<!-- \/ Yoast SEO plugin. -->","yoast_head_json":{"title":"Mokwheel Mesa Lite 2.0 test, avis et code promo - Braindegeek","robots":{"index":"index","follow":"follow","max-snippet":"max-snippet:-1","max-image-preview":"max-image-preview:large","max-video-preview":"max-video-preview:-1"},"canonical":"http:\/\/braindegeek.shop\/index.php\/produit\/mokwheel-mesa-lite-2-0\/","og_locale":"fr_FR","og_type":"article","og_title":"Mokwheel Mesa Lite 2.0 test, avis et code promo - Braindegeek","og_description":"Le Mesa Lite 2.0 est un v\u00e9lo \u00e9lectrique urbain avanc\u00e9, \u00e9quip\u00e9 d'un moteur de 250W et d'une batterie LG de 36V 14.7A, offrant une autonomie de 40-60 km par charge. Il est con\u00e7u pour transporter jusqu'\u00e0 160 kg avec une assistance \u00e9lectrique ajust\u00e9e par un capteur de couple sup\u00e9rieur pour une conduite plus naturelle et adapt\u00e9e \u00e0 diff\u00e9rents environnements. Le v\u00e9lo poss\u00e8de un cadre en alliage d'aluminium, des pneus increvables CHAOYANG 27.5x2.4\", et un d\u00e9railleur Shimano \u00e0 7 vitesses. Le Mesa Lite 2.0 combine durabilit\u00e9, confort et performance, id\u00e9al pour les d\u00e9placements quotidiens en ville ou entre villages.","og_url":"http:\/\/braindegeek.shop\/index.php\/produit\/mokwheel-mesa-lite-2-0\/","og_site_name":"Braindegeek","article_publisher":"https:\/\/www.facebook.com\/BrainDeGeek\/","article_modified_time":"2024-12-03T14:48:19+00:00","og_image":[{"width":500,"height":500,"url":"http:\/\/braindegeek.shop\/wp-content\/uploads\/2024\/05\/Mokwheel-Mesa-Lite-2.0.png","type":"image\/png"}],"twitter_card":"summary_large_image","twitter_site":"@braindegeek","twitter_misc":{"Dur\u00e9e de lecture estim\u00e9e":"3 minutes"},"schema":{"@context":"https:\/\/schema.org","@graph":[{"@type":"WebPage","@id":"http:\/\/braindegeek.shop\/index.php\/produit\/mokwheel-mesa-lite-2-0\/","url":"http:\/\/braindegeek.shop\/index.php\/produit\/mokwheel-mesa-lite-2-0\/","name":"Mokwheel Mesa Lite 2.0 test, avis et code promo - Braindegeek","isPartOf":{"@id":"https:\/\/braindegeek.shop\/#website"},"primaryImageOfPage":{"@id":"http:\/\/braindegeek.shop\/index.php\/produit\/mokwheel-mesa-lite-2-0\/#primaryimage"},"image":{"@id":"http:\/\/braindegeek.shop\/index.php\/produit\/mokwheel-mesa-lite-2-0\/#primaryimage"},"thumbnailUrl":"http:\/\/braindegeek.shop\/wp-content\/uploads\/2024\/05\/Mokwheel-Mesa-Lite-2.0.png","datePublished":"2024-05-13T10:08:44+00:00","dateModified":"2024-12-03T14:48:19+00:00","breadcrumb":{"@id":"http:\/\/braindegeek.shop\/index.php\/produit\/mokwheel-mesa-lite-2-0\/#breadcrumb"},"inLanguage":"fr-FR","potentialAction":[{"@type":"ReadAction","target":["http:\/\/braindegeek.shop\/index.php\/produit\/mokwheel-mesa-lite-2-0\/"]}]},{"@type":"ImageObject","inLanguage":"fr-FR","@id":"http:\/\/braindegeek.shop\/index.php\/produit\/mokwheel-mesa-lite-2-0\/#primaryimage","url":"http:\/\/braindegeek.shop\/wp-content\/uploads\/2024\/05\/Mokwheel-Mesa-Lite-2.0.png","contentUrl":"http:\/\/braindegeek.shop\/wp-content\/uploads\/2024\/05\/Mokwheel-Mesa-Lite-2.0.png","width":500,"height":500,"caption":"Mokwheel Mesa Lite 2.0"},{"@type":"BreadcrumbList","@id":"http:\/\/braindegeek.shop\/index.php\/produit\/mokwheel-mesa-lite-2-0\/#breadcrumb","itemListElement":[{"@type":"ListItem","position":1,"name":"Accueil","item":"https:\/\/braindegeek.shop\/"},{"@type":"ListItem","position":2,"name":"Boutique","item":"https:\/\/braindegeek.shop\/index.php\/boutique\/"},{"@type":"ListItem","position":3,"name":"Mokwheel Mesa Lite 2.0 test, avis et code promo"}]},{"@type":"WebSite","@id":"https:\/\/braindegeek.shop\/#website","url":"https:\/\/braindegeek.shop\/","name":"Braindegeek, votre guide d'achat pour les produits high-tech","description":"Votre guide d&#039;achat pour vos produits high-tech : robots aspirateurs, tondeuse, piscine et autres nouvelles technologies","publisher":{"@id":"https:\/\/braindegeek.shop\/#organization"},"potentialAction":[{"@type":"SearchAction","target":{"@type":"EntryPoint","urlTemplate":"https:\/\/braindegeek.shop\/?s={search_term_string}"},"query-input":{"@type":"PropertyValueSpecification","valueRequired":true,"valueName":"search_term_string"}}],"inLanguage":"fr-FR"},{"@type":"Organization","@id":"https:\/\/braindegeek.shop\/#organization","name":"Braindegeek, votre guide d'achat pour les produits high-tech","url":"https:\/\/braindegeek.shop\/","logo":{"@type":"ImageObject","inLanguage":"fr-FR","@id":"https:\/\/braindegeek.shop\/#\/schema\/logo\/image\/","url":"http:\/\/braindegeek.shop\/wp-content\/uploads\/2024\/05\/bdg-1.png","contentUrl":"http:\/\/braindegeek.shop\/wp-content\/uploads\/2024\/05\/bdg-1.png","width":150,"height":150,"caption":"Braindegeek, votre guide d'achat pour les produits high-tech"},"image":{"@id":"https:\/\/braindegeek.shop\/#\/schema\/logo\/image\/"},"sameAs":["https:\/\/www.facebook.com\/BrainDeGeek\/","https:\/\/x.com\/braindegeek","https:\/\/www.tiktok.com\/@braindegeek","https:\/\/www.youtube.com\/braindegeek"]}]}},"jetpack_sharing_enabled":true,"_links":{"self":[{"href":"http:\/\/braindegeek.shop\/index.php\/wp-json\/wp\/v2\/product\/1962","targetHints":{"allow":["GET"]}}],"collection":[{"href":"http:\/\/braindegeek.shop\/index.php\/wp-json\/wp\/v2\/product"}],"about":[{"href":"http:\/\/braindegeek.shop\/index.php\/wp-json\/wp\/v2\/types\/product"}],"replies":[{"embeddable":true,"href":"http:\/\/braindegeek.shop\/index.php\/wp-json\/wp\/v2\/comments?post=1962"}],"wp:featuredmedia":[{"embeddable":true,"href":"http:\/\/braindegeek.shop\/index.php\/wp-json\/wp\/v2\/media\/1963"}],"wp:attachment":[{"href":"http:\/\/braindegeek.shop\/index.php\/wp-json\/wp\/v2\/media?parent=1962"}],"wp:term":[{"taxonomy":"store","embeddable":true,"href":"http:\/\/braindegeek.shop\/index.php\/wp-json\/wp\/v2\/store?post=1962"},{"taxonomy":"product_brand","embeddable":true,"href":"http:\/\/braindegeek.shop\/index.php\/wp-json\/wp\/v2\/product_brand?post=1962"},{"taxonomy":"product_cat","embeddable":true,"href":"http:\/\/braindegeek.shop\/index.php\/wp-json\/wp\/v2\/product_cat?post=1962"},{"taxonomy":"product_tag","embeddable":true,"href":"http:\/\/braindegeek.shop\/index.php\/wp-json\/wp\/v2\/product_tag?post=1962"}],"curies":[{"name":"wp","href":"https:\/\/api.w.org\/{rel}","templated":true}]}}